{"id":1996,"date":"2019-12-19T12:47:41","date_gmt":"2019-12-19T11:47:41","guid":{"rendered":"http:\/\/www.fox-foodprocessinginabox.eu\/?page_id=1996"},"modified":"2020-01-21T15:21:04","modified_gmt":"2020-01-21T14:21:04","slug":"credits","status":"publish","type":"page","link":"https:\/\/www.fox-foodprocessinginabox.eu\/cs\/credits\/","title":{"rendered":"Pod\u011bkov\u00e1n\u00ed"},"content":{"rendered":"<p><div class=\"fusion-fullwidth fullwidth-box fusion-builder-row-1 nonhundred-percent-fullwidth non-hundred-percent-height-scrolling\" style=\"background-color: rgba(255,255,255,0);background-position: center center;background-repeat: no-repeat;padding-top:0px;padding-right:0px;padding-bottom:0px;padding-left:0px;margin-bottom: 0px;margin-top: 0px;border-width: 0px 0px 0px 0px;border-color:#eae9e9;border-style:solid;\" ><div class=\"fusion-builder-row fusion-row\"><div class=\"fusion-layout-column fusion_builder_column fusion-builder-column-0 fusion_builder_column_1_2 1_2 fusion-one-half fusion-column-first\" style=\"width:50%;width:calc(50% - ( ( 4% ) * 0.5 ) );margin-right: 4%;margin-top:0px;margin-bottom:20px;\"><div class=\"fusion-column-wrapper fusion-flex-column-wrapper-legacy\" style=\"background-position:left top;background-repeat:no-repeat;-webkit-background-size:cover;-moz-background-size:cover;-o-background-size:cover;background-size:cover;padding: 0px 0px 0px 0px;\"><div class=\"fusion-text fusion-text-1\"><h2><em>Chceme pod\u011bkovat n\u00e1sleduj\u00edc\u00edm spole\u010dnostem, kter\u00e9 tento projekt podpo\u0159ily tak, \u017ee laskav\u011b souhlasily s pou\u017e\u00edv\u00e1n\u00edm sv\u00fdch video materi\u00e1l\u016f a obr\u00e1zk\u016f na tomto webu.<\/em><\/h2>\n<\/div><div class=\"fusion-clearfix\"><\/div><\/div><\/div><\/div><\/div><div class=\"fusion-fullwidth fullwidth-box fusion-builder-row-2 fusion-parallax-none nonhundred-percent-fullwidth non-hundred-percent-height-scrolling lazyload\" style=\"background-color: rgba(255,255,255,0);background-position: center center;background-repeat: no-repeat;padding-top:0px;padding-right:0px;padding-bottom:0px;padding-left:0px;margin-bottom: 0px;margin-top: 0px;border-width: 0px 0px 0px 0px;border-color:#eae9e9;border-style:solid;-webkit-background-size:cover;-moz-background-size:cover;-o-background-size:cover;background-size:cover;\" data-bg=\"http:\/\/www.fox-foodprocessinginabox.eu\/wp-content\/uploads\/2019\/09\/01-mch-use.jpg\" ><div class=\"fusion-builder-row fusion-row\"><div class=\"fusion-layout-column fusion_builder_column fusion-builder-column-1 fusion_builder_column_1_3 1_3 fusion-one-third fusion-column-first\" style=\"width:33.333333333333%;width:calc(33.333333333333% - ( ( 4% + 4% ) * 0.33333333333333 ) );margin-right: 4%;margin-top:0px;margin-bottom:20px;\"><div class=\"fusion-column-wrapper fusion-flex-column-wrapper-legacy\" style=\"background-position:left top;background-repeat:no-repeat;-webkit-background-size:cover;-moz-background-size:cover;-o-background-size:cover;background-size:cover;background-color:rgba(255,255,255,0.75);padding: 0px 0px 0px 0px;\"><div class=\"fusion-text fusion-text-2\"><h1>Alvan Blanch<\/h1>\n<\/div><div class=\"imageframe-align-center\"><span class=\" fusion-imageframe imageframe-none imageframe-1 hover-type-zoomin\"><img decoding=\"async\" width=\"400\" height=\"180\" title=\"ab\" src=\"data:image\/svg+xml,%3Csvg%20xmlns%3D%27http%3A%2F%2Fwww.w3.org%2F2000%2Fsvg%27%20width%3D%27400%27%20height%3D%27180%27%20viewBox%3D%270%200%20400%20180%27%3E%3Crect%20width%3D%27400%27%20height%3D%27180%27%20fill-opacity%3D%220%22%2F%3E%3C%2Fsvg%3E\" data-orig-src=\"http:\/\/www.fox-foodprocessinginabox.eu\/wp-content\/uploads\/2019\/09\/ab.png\" alt class=\"lazyload img-responsive wp-image-1104\"\/><\/span><\/div><div class=\"fusion-sep-clear\"><\/div><div class=\"fusion-separator fusion-full-width-sep\" style=\"margin-left: auto;margin-right: auto;margin-bottom:20px;width:100%;\"><div class=\"fusion-separator-border sep-double sep-solid\" style=\"border-color:#e0dede;border-top-width:1px;border-bottom-width:1px;\"><\/div><\/div><div class=\"fusion-sep-clear\"><\/div><div class=\"fusion-text fusion-text-3\"><p><em><strong>Alvan Blanch<\/strong><\/em> je britsk\u00e1 spole\u010dnost, zab\u00fdvaj\u00edc\u00ed se in\u017een\u00fdrskou v\u00fdrobou a projektov\u00e1n\u00edm s glob\u00e1ln\u00edm v\u00fdhledem. Specializuje se na design, v\u00fdrobu a dod\u00e1v\u00e1n\u00ed kvalitn\u00edch stroj\u016f a integrovan\u00fdch syst\u00e9m\u016f pro prim\u00e1rn\u00ed a sekund\u00e1rn\u00ed zpracov\u00e1n\u00ed zem\u011bd\u011blsk\u00fdch produkt\u016f a odpadov\u00fdch materi\u00e1l\u016f.<\/p>\n<\/div><div class=\"fusion-button-wrapper\"><style>.fusion-body .fusion-button.button-1{border-radius:0px 0px 0px 0px;}<\/style><a class=\"fusion-button button-flat fusion-button-default-size button-default button-1 fusion-button-default-span fusion-button-default-type\" target=\"_blank\" rel=\"noopener noreferrer\" href=\"https:\/\/www.alvanblanchgroup.com\/\"><span class=\"fusion-button-text\">More<\/span><\/a><\/div><div class=\"fusion-clearfix\"><\/div><\/div><\/div><div class=\"fusion-layout-column fusion_builder_column fusion-builder-column-2 fusion_builder_column_1_3 1_3 fusion-one-third\" style=\"width:33.333333333333%;width:calc(33.333333333333% - ( ( 4% + 4% ) * 0.33333333333333 ) );margin-right: 4%;margin-top:0px;margin-bottom:20px;\"><div class=\"fusion-column-wrapper fusion-flex-column-wrapper-legacy\" style=\"background-position:left top;background-repeat:no-repeat;-webkit-background-size:cover;-moz-background-size:cover;-o-background-size:cover;background-size:cover;padding: 0px 0px 0px 0px;\"><div class=\"fusion-text fusion-text-4\"><h1>Pressi Mobile<\/h1>\n<\/div><div class=\"imageframe-align-center\"><span class=\" fusion-imageframe imageframe-none imageframe-2 hover-type-zoomin\"><img decoding=\"async\" width=\"810\" height=\"450\" title=\"pm\" src=\"data:image\/svg+xml,%3Csvg%20xmlns%3D%27http%3A%2F%2Fwww.w3.org%2F2000%2Fsvg%27%20width%3D%27810%27%20height%3D%27450%27%20viewBox%3D%270%200%20810%20450%27%3E%3Crect%20width%3D%27810%27%20height%3D%27450%27%20fill-opacity%3D%220%22%2F%3E%3C%2Fsvg%3E\" data-orig-src=\"http:\/\/www.fox-foodprocessinginabox.eu\/wp-content\/uploads\/2019\/10\/pm.png\" alt class=\"lazyload img-responsive wp-image-1452\"\/><\/span><\/div><div class=\"fusion-sep-clear\"><\/div><div class=\"fusion-separator fusion-full-width-sep\" style=\"margin-left: auto;margin-right: auto;margin-bottom:20px;width:100%;\"><div class=\"fusion-separator-border sep-double sep-solid\" style=\"border-color:#e0dede;border-top-width:1px;border-bottom-width:1px;\"><\/div><\/div><div class=\"fusion-sep-clear\"><\/div><div class=\"fusion-text fusion-text-5\"><p><em><strong>Pressi Mobile<\/strong><\/em> je p\u0159enosn\u00fd a sd\u00edlen\u00fd lis na ovoce, kter\u00fd lze vyu\u017e\u00edt doma nebo na farm\u011b. O v\u00edkendu na Press-Mobile m\u016f\u017eete narazit v Gamm&#8217;Vert, v Super U, v Biocoop, v breta\u0148sk\u00fdch obc\u00edch, v komunit\u00e1ch v Bretani a v Centre Ouest ve Francii.<\/p>\n<\/div><div class=\"fusion-button-wrapper\"><style>.fusion-body .fusion-button.button-2{border-radius:0px 0px 0px 0px;}<\/style><a class=\"fusion-button button-flat fusion-button-default-size button-default button-2 fusion-button-default-span fusion-button-default-type\" target=\"_blank\" rel=\"noopener noreferrer\" href=\"https:\/\/www.pressi-mobile.fr\/\"><span class=\"fusion-button-text\">More<\/span><\/a><\/div><div class=\"fusion-clearfix\"><\/div><\/div><\/div><div class=\"fusion-layout-column fusion_builder_column fusion-builder-column-3 fusion_builder_column_1_3 1_3 fusion-one-third fusion-column-last\" style=\"width:33.333333333333%;width:calc(33.333333333333% - ( ( 4% + 4% ) * 0.33333333333333 ) );margin-top:0px;margin-bottom:20px;\"><div class=\"fusion-column-wrapper fusion-flex-column-wrapper-legacy\" style=\"background-position:left top;background-repeat:no-repeat;-webkit-background-size:cover;-moz-background-size:cover;-o-background-size:cover;background-size:cover;background-color:rgba(255,255,255,0.75);padding: 0px 0px 0px 0px;\"><div class=\"fusion-text fusion-text-6\"><h1>Kreuzmayr<\/h1>\n<\/div><div class=\"imageframe-align-center\"><span class=\" fusion-imageframe imageframe-none imageframe-3 hover-type-zoomin\"><img decoding=\"async\" width=\"400\" height=\"180\" title=\"kr\" src=\"data:image\/svg+xml,%3Csvg%20xmlns%3D%27http%3A%2F%2Fwww.w3.org%2F2000%2Fsvg%27%20width%3D%27400%27%20height%3D%27180%27%20viewBox%3D%270%200%20400%20180%27%3E%3Crect%20width%3D%27400%27%20height%3D%27180%27%20fill-opacity%3D%220%22%2F%3E%3C%2Fsvg%3E\" data-orig-src=\"http:\/\/www.fox-foodprocessinginabox.eu\/wp-content\/uploads\/2019\/09\/kr.png\" alt class=\"lazyload img-responsive wp-image-1110\"\/><\/span><\/div><div class=\"fusion-sep-clear\"><\/div><div class=\"fusion-separator fusion-full-width-sep\" style=\"margin-left: auto;margin-right: auto;margin-bottom:20px;width:100%;\"><div class=\"fusion-separator-border sep-double sep-solid\" style=\"border-color:#e0dede;border-top-width:1px;border-bottom-width:1px;\"><\/div><\/div><div class=\"fusion-sep-clear\"><\/div><div class=\"fusion-text fusion-text-7\"><p><em><strong>Kreuzmayr<\/strong><\/em> p\u0159edstavuje efektivn\u00ed v\u00fdrobu stroj\u016f a za\u0159\u00edzen\u00ed pro optim\u00e1ln\u00ed v\u00fdrobu ovocn\u00fdch \u0161\u0165\u00e1v. Prost\u0159ednictv\u00edm inova\u010dn\u00edho v\u00fdvoje a individu\u00e1ln\u00edch \u0159e\u0161en\u00ed vytv\u00e1\u0159\u00edme z\u00e1klad pro spokojen\u00e9 z\u00e1kazn\u00edky.<\/p>\n<\/div><div class=\"fusion-button-wrapper\"><style>.fusion-body .fusion-button.button-3{border-radius:0px 0px 0px 0px;}<\/style><a class=\"fusion-button button-flat fusion-button-default-size button-default button-3 fusion-button-default-span fusion-button-default-type\" target=\"_blank\" rel=\"noopener noreferrer\" href=\"https:\/\/www.kreuzmayr.com\/en\/\"><span class=\"fusion-button-text\">More<\/span><\/a><\/div><div class=\"fusion-clearfix\"><\/div><\/div><\/div><div class=\"fusion-layout-column fusion_builder_column fusion-builder-column-4 fusion_builder_column_1_1 1_1 fusion-one-full fusion-column-first fusion-column-last\" style=\"margin-top:0px;margin-bottom:20px;\"><div class=\"fusion-column-wrapper fusion-flex-column-wrapper-legacy\" style=\"background-position:left top;background-repeat:no-repeat;-webkit-background-size:cover;-moz-background-size:cover;-o-background-size:cover;background-size:cover;padding: 0px 0px 0px 0px;\"><div class=\"fusion-clearfix\"><\/div><\/div><\/div><\/div><\/div><\/p>\n","protected":false},"excerpt":{"rendered":"","protected":false},"author":1,"featured_media":0,"parent":0,"menu_order":0,"comment_status":"closed","ping_status":"closed","template":"","meta":{"footnotes":""},"class_list":["post-1996","page","type-page","status-publish","hentry"],"yoast_head":"<!-- This site is optimized with the Yoast SEO plugin v26.4 - https:\/\/yoast.com\/wordpress\/plugins\/seo\/ -->\n<title>Pod\u011bkov\u00e1n\u00ed - FOX<\/title>\n<meta name=\"robots\" content=\"index, follow, max-snippet:-1, max-image-preview:large, max-video-preview:-1\" \/>\n<link rel=\"canonical\" href=\"https:\/\/www.fox-foodprocessinginabox.eu\/cs\/credits\/\" \/>\n<meta property=\"og:locale\" content=\"cs_CZ\" \/>\n<meta property=\"og:type\" content=\"article\" \/>\n<meta property=\"og:title\" content=\"Pod\u011bkov\u00e1n\u00ed - FOX\" \/>\n<meta property=\"og:url\" content=\"https:\/\/www.fox-foodprocessinginabox.eu\/cs\/credits\/\" \/>\n<meta property=\"og:site_name\" content=\"FOX\" \/>\n<meta property=\"article:modified_time\" content=\"2020-01-21T14:21:04+00:00\" \/>\n<meta name=\"twitter:card\" content=\"summary_large_image\" \/>\n<meta name=\"twitter:label1\" content=\"Odhadovan\u00e1 doba \u010dten\u00ed\" \/>\n\t<meta name=\"twitter:data1\" content=\"8 minut\" \/>\n<script type=\"application\/ld+json\" class=\"yoast-schema-graph\">{\"@context\":\"https:\/\/schema.org\",\"@graph\":[{\"@type\":\"WebPage\",\"@id\":\"https:\/\/www.fox-foodprocessinginabox.eu\/cs\/credits\/\",\"url\":\"https:\/\/www.fox-foodprocessinginabox.eu\/cs\/credits\/\",\"name\":\"Pod\u011bkov\u00e1n\u00ed - FOX\",\"isPartOf\":{\"@id\":\"https:\/\/www.fox-foodprocessinginabox.eu\/cs\/#website\"},\"datePublished\":\"2019-12-19T11:47:41+00:00\",\"dateModified\":\"2020-01-21T14:21:04+00:00\",\"breadcrumb\":{\"@id\":\"https:\/\/www.fox-foodprocessinginabox.eu\/cs\/credits\/#breadcrumb\"},\"inLanguage\":\"cs\",\"potentialAction\":[{\"@type\":\"ReadAction\",\"target\":[\"https:\/\/www.fox-foodprocessinginabox.eu\/cs\/credits\/\"]}]},{\"@type\":\"BreadcrumbList\",\"@id\":\"https:\/\/www.fox-foodprocessinginabox.eu\/cs\/credits\/#breadcrumb\",\"itemListElement\":[{\"@type\":\"ListItem\",\"position\":1,\"name\":\"Home\",\"item\":\"https:\/\/www.fox-foodprocessinginabox.eu\/cs\/\"},{\"@type\":\"ListItem\",\"position\":2,\"name\":\"Pod\u011bkov\u00e1n\u00ed\"}]},{\"@type\":\"WebSite\",\"@id\":\"https:\/\/www.fox-foodprocessinginabox.eu\/cs\/#website\",\"url\":\"https:\/\/www.fox-foodprocessinginabox.eu\/cs\/\",\"name\":\"FOX\",\"description\":\"Food processing in a Box\",\"potentialAction\":[{\"@type\":\"SearchAction\",\"target\":{\"@type\":\"EntryPoint\",\"urlTemplate\":\"https:\/\/www.fox-foodprocessinginabox.eu\/cs\/?s={search_term_string}\"},\"query-input\":{\"@type\":\"PropertyValueSpecification\",\"valueRequired\":true,\"valueName\":\"search_term_string\"}}],\"inLanguage\":\"cs\"}]}<\/script>\n<!-- \/ Yoast SEO plugin. -->","yoast_head_json":{"title":"Pod\u011bkov\u00e1n\u00ed - FOX","robots":{"index":"index","follow":"follow","max-snippet":"max-snippet:-1","max-image-preview":"max-image-preview:large","max-video-preview":"max-video-preview:-1"},"canonical":"https:\/\/www.fox-foodprocessinginabox.eu\/cs\/credits\/","og_locale":"cs_CZ","og_type":"article","og_title":"Pod\u011bkov\u00e1n\u00ed - FOX","og_url":"https:\/\/www.fox-foodprocessinginabox.eu\/cs\/credits\/","og_site_name":"FOX","article_modified_time":"2020-01-21T14:21:04+00:00","twitter_card":"summary_large_image","twitter_misc":{"Odhadovan\u00e1 doba \u010dten\u00ed":"8 minut"},"schema":{"@context":"https:\/\/schema.org","@graph":[{"@type":"WebPage","@id":"https:\/\/www.fox-foodprocessinginabox.eu\/cs\/credits\/","url":"https:\/\/www.fox-foodprocessinginabox.eu\/cs\/credits\/","name":"Pod\u011bkov\u00e1n\u00ed - FOX","isPartOf":{"@id":"https:\/\/www.fox-foodprocessinginabox.eu\/cs\/#website"},"datePublished":"2019-12-19T11:47:41+00:00","dateModified":"2020-01-21T14:21:04+00:00","breadcrumb":{"@id":"https:\/\/www.fox-foodprocessinginabox.eu\/cs\/credits\/#breadcrumb"},"inLanguage":"cs","potentialAction":[{"@type":"ReadAction","target":["https:\/\/www.fox-foodprocessinginabox.eu\/cs\/credits\/"]}]},{"@type":"BreadcrumbList","@id":"https:\/\/www.fox-foodprocessinginabox.eu\/cs\/credits\/#breadcrumb","itemListElement":[{"@type":"ListItem","position":1,"name":"Home","item":"https:\/\/www.fox-foodprocessinginabox.eu\/cs\/"},{"@type":"ListItem","position":2,"name":"Pod\u011bkov\u00e1n\u00ed"}]},{"@type":"WebSite","@id":"https:\/\/www.fox-foodprocessinginabox.eu\/cs\/#website","url":"https:\/\/www.fox-foodprocessinginabox.eu\/cs\/","name":"FOX","description":"Food processing in a Box","potentialAction":[{"@type":"SearchAction","target":{"@type":"EntryPoint","urlTemplate":"https:\/\/www.fox-foodprocessinginabox.eu\/cs\/?s={search_term_string}"},"query-input":{"@type":"PropertyValueSpecification","valueRequired":true,"valueName":"search_term_string"}}],"inLanguage":"cs"}]}},"_links":{"self":[{"href":"https:\/\/www.fox-foodprocessinginabox.eu\/cs\/wp-json\/wp\/v2\/pages\/1996","targetHints":{"allow":["GET"]}}],"collection":[{"href":"https:\/\/www.fox-foodprocessinginabox.eu\/cs\/wp-json\/wp\/v2\/pages"}],"about":[{"href":"https:\/\/www.fox-foodprocessinginabox.eu\/cs\/wp-json\/wp\/v2\/types\/page"}],"author":[{"embeddable":true,"href":"https:\/\/www.fox-foodprocessinginabox.eu\/cs\/wp-json\/wp\/v2\/users\/1"}],"replies":[{"embeddable":true,"href":"https:\/\/www.fox-foodprocessinginabox.eu\/cs\/wp-json\/wp\/v2\/comments?post=1996"}],"version-history":[{"count":4,"href":"https:\/\/www.fox-foodprocessinginabox.eu\/cs\/wp-json\/wp\/v2\/pages\/1996\/revisions"}],"predecessor-version":[{"id":2890,"href":"https:\/\/www.fox-foodprocessinginabox.eu\/cs\/wp-json\/wp\/v2\/pages\/1996\/revisions\/2890"}],"wp:attachment":[{"href":"https:\/\/www.fox-foodprocessinginabox.eu\/cs\/wp-json\/wp\/v2\/media?parent=1996"}],"curies":[{"name":"wp","href":"https:\/\/api.w.org\/{rel}","templated":true}]}}