{"id":2052,"date":"2019-12-19T12:59:58","date_gmt":"2019-12-19T11:59:58","guid":{"rendered":"http:\/\/www.fox-foodprocessinginabox.eu\/?page_id=2052"},"modified":"2021-03-30T20:23:36","modified_gmt":"2021-03-30T18:23:36","slug":"faq","status":"publish","type":"page","link":"https:\/\/www.fox-foodprocessinginabox.eu\/cs\/faq\/","title":{"rendered":"FOX \u2013 \u010dasto kladen\u00e9 ot\u00e1zky (FAQ)"},"content":{"rendered":"<div class=\"fusion-fullwidth fullwidth-box fusion-builder-row-1 nonhundred-percent-fullwidth non-hundred-percent-height-scrolling\" style=\"background-color: rgba(255,255,255,0);background-position: center center;background-repeat: no-repeat;padding-top:0px;padding-right:0px;padding-bottom:0px;padding-left:0px;margin-bottom: 0px;margin-top: 0px;border-width: 0px 0px 0px 0px;border-color:#eae9e9;border-style:solid;\" ><div class=\"fusion-builder-row fusion-row\"><div class=\"fusion-layout-column fusion_builder_column fusion-builder-column-0 fusion_builder_column_1_1 1_1 fusion-one-full fusion-column-first fusion-column-last\" style=\"margin-top:0px;margin-bottom:20px;\"><div class=\"fusion-column-wrapper fusion-flex-column-wrapper-legacy\" style=\"background-position:left top;background-repeat:no-repeat;-webkit-background-size:cover;-moz-background-size:cover;-o-background-size:cover;background-size:cover;padding: 0px 0px 0px 0px;\"><style type=\"text\/css\">#accordion-2052-1 .fusion-panel:hover{ border-color: #e0dede } #accordion-2052-1 .fusion-panel { border-color:#e0dede; }.fusion-accordian  #accordion-2052-1 .panel-title a .fa-fusion-box{ color: #ffffff;}.fusion-accordian  #accordion-2052-1 .panel-title a .fa-fusion-box:before{ font-size: 13px; width: 13px;}.fusion-accordian  #accordion-2052-1 .panel-title a{line-height:1.5;color:#333333;font-family:\"Antic Slab\";font-weight:400;}.fusion-accordian  #accordion-2052-1 .toggle-content{font-size:15px;color:#000000;font-family:\"PT Sans\";font-weight:400;}.fusion-accordian  #accordion-2052-1 .fa-fusion-box { background-color: #333333;border-color: #333333;}.fusion-accordian  #accordion-2052-1 .panel-title a:not(.active):hover, #accordion-2052-1 .fusion-toggle-boxed-mode:hover .panel-title a { color: #a0ce4e;}.fusion-accordian  #accordion-2052-1 .panel-title .active .fa-fusion-box,.fusion-accordian  #accordion-2052-1 .panel-title a:not(.active):hover .fa-fusion-box { background-color: #a0ce4e!important;border-color: #a0ce4e!important;}<\/style><div class=\"accordian fusion-accordian\"><div class=\"panel-group\" id=\"accordion-2052-1\"><style type=\"text\/css\">.fusion-accordian  #accordion-2052-1 .panel-2c5187d0a26c7b5b0 .panel-title a{}.fusion-accordian  #accordion-2052-1 .panel-2c5187d0a26c7b5b0 .toggle-content{}<\/style><div class=\"fusion-panel panel-default panel-2c5187d0a26c7b5b0\"><div class=\"panel-heading\"><h4 class=\"panel-title toggle\" id=\"toggle_2c5187d0a26c7b5b0\"><a aria-expanded=\"false\" aria-controls=\"2c5187d0a26c7b5b0\" role=\"button\" data-toggle=\"collapse\" data-parent=\"#accordion-2052-1\" data-target=\"#2c5187d0a26c7b5b0\" href=\"#2c5187d0a26c7b5b0\"><span class=\"fusion-toggle-icon-wrapper\" aria-hidden=\"true\"><i class=\"fa-fusion-box active-icon awb-icon-minus\" aria-hidden=\"true\"><\/i><i class=\"fa-fusion-box inactive-icon awb-icon-plus\" aria-hidden=\"true\"><\/i><\/span><span class=\"fusion-toggle-heading\">Pro\u010d v \u201ekrabici\u201c?<\/span><\/a><\/h4><\/div><div id=\"2c5187d0a26c7b5b0\" class=\"panel-collapse collapse \" araia-labelledby=\"toggle_2c5187d0a26c7b5b0\"><div class=\"panel-body toggle-content fusion-clearfix\">\n<p>Term\u00edn \u201ekrabice\u201c zde znamen\u00e1 mobiln\u00ed kontejnerovou jednotku. Ta obsahuje ve\u0161ker\u00e9 pot\u0159ebn\u00e9 za\u0159\u00edzen\u00ed k m\u00edrn\u00e9mu zpracov\u00e1n\u00ed ovoce a zeleniny pobl\u00ed\u017e statku. Projekt FOX m\u00e1 za c\u00edl naj\u00edt inovativn\u00ed zpracovatelsk\u00e1 \u0159e\u0161en\u00ed, kter\u00e1 budou kompaktn\u00ed, mobiln\u00ed a flexibiln\u00ed, co\u017e znamen\u00e1, \u017ee ve\u0161ker\u00e9 za\u0159\u00edzen\u00ed se d\u00e1 ulo\u017eit do kontejneru, p\u0159em\u00eds\u0165ovat v r\u00e1mci regionu od jednoho statku ke druh\u00e9mu a pou\u017e\u00edvat pro r\u016fzn\u00e9 typy sklizen\u00e9ho ovoce a zeleniny. V projektu budou vyvinuty 3 typy mobiln\u00edch kontejner\u016f. Pod\u00edvejte se, jak vypad\u00e1 <a href=\"https:\/\/www.fox-foodprocessinginabox.eu\/cs\/blog-year-1-of-food-circle-1\/\" target=\"_blank\" rel=\"noopener noreferrer\">mobiln\u00ed kontejner pro zpracov\u00e1n\u00ed d\u017eusu<\/a> zevnit\u0159.<\/p>\n<\/div><\/div><\/div><style type=\"text\/css\">.fusion-accordian  #accordion-2052-1 .panel-a05cafa92723ea475 .panel-title a{}.fusion-accordian  #accordion-2052-1 .panel-a05cafa92723ea475 .toggle-content{}<\/style><div class=\"fusion-panel panel-default panel-a05cafa92723ea475\"><div class=\"panel-heading\"><h4 class=\"panel-title toggle\" id=\"toggle_a05cafa92723ea475\"><a aria-expanded=\"false\" aria-controls=\"a05cafa92723ea475\" role=\"button\" data-toggle=\"collapse\" data-parent=\"#accordion-2052-1\" data-target=\"#a05cafa92723ea475\" href=\"#a05cafa92723ea475\"><span class=\"fusion-toggle-icon-wrapper\" aria-hidden=\"true\"><i class=\"fa-fusion-box active-icon awb-icon-minus\" aria-hidden=\"true\"><\/i><i class=\"fa-fusion-box inactive-icon awb-icon-plus\" aria-hidden=\"true\"><\/i><\/span><span class=\"fusion-toggle-heading\">Jak\u00e1 je role partner\u016f?<\/span><\/a><\/h4><\/div><div id=\"a05cafa92723ea475\" class=\"panel-collapse collapse \" araia-labelledby=\"toggle_a05cafa92723ea475\"><div class=\"panel-body toggle-content fusion-clearfix\">\n<p>Na v\u00fdvoji projektu FOX spolupracuje celkem 25 partner\u016f. Jedn\u00e1 se o univerzity, v\u00fdzkumn\u00e9 instituce, mal\u00e9 a st\u0159edn\u00ed podniky (MPS), pr\u016fmysl a asociace se s\u00eddlem v r\u016fzn\u00fdch evropsk\u00fdch zem\u00edch. Ka\u017ed\u00fd partner pracuje na jin\u00e9 \u010d\u00e1sti projektu (pracovn\u00ed oblasti). Partne\u0159i z r\u016fzn\u00fdch pracovn\u00edch oblast\u00ed se pravideln\u011b navz\u00e1jem informuj\u00ed o sv\u00fdch v\u00fdsledc\u00edch a z\u00e1v\u011brech. <a href=\"https:\/\/www.fox-foodprocessinginabox.eu\/cs\/partners\/\" target=\"_blank\" rel=\"noopener noreferrer\">Zde<\/a> najdete p\u0159ehled v\u0161ech partner\u016f.<\/p>\n<\/div><\/div><\/div><style type=\"text\/css\">.fusion-accordian  #accordion-2052-1 .panel-89c709a11fe25336f .panel-title a{}.fusion-accordian  #accordion-2052-1 .panel-89c709a11fe25336f .toggle-content{}<\/style><div class=\"fusion-panel panel-default panel-89c709a11fe25336f\"><div class=\"panel-heading\"><h4 class=\"panel-title toggle\" id=\"toggle_89c709a11fe25336f\"><a aria-expanded=\"false\" aria-controls=\"89c709a11fe25336f\" role=\"button\" data-toggle=\"collapse\" data-parent=\"#accordion-2052-1\" data-target=\"#89c709a11fe25336f\" href=\"#89c709a11fe25336f\"><span class=\"fusion-toggle-icon-wrapper\" aria-hidden=\"true\"><i class=\"fa-fusion-box active-icon awb-icon-minus\" aria-hidden=\"true\"><\/i><i class=\"fa-fusion-box inactive-icon awb-icon-plus\" aria-hidden=\"true\"><\/i><\/span><span class=\"fusion-toggle-heading\">Kdy budou kontejnery k dispozici? <\/span><\/a><\/h4><\/div><div id=\"89c709a11fe25336f\" class=\"panel-collapse collapse \" araia-labelledby=\"toggle_89c709a11fe25336f\"><div class=\"panel-body toggle-content fusion-clearfix\">\n<p>Projekt FOX je ve v\u00fdzkumn\u00e9 f\u00e1zi a prozat\u00edm byl jen vyvinut koncept. Ji\u017e byly navr\u017eeny 3 kontejnery a moment\u00e1ln\u011b se pracuje na v\u00fdvoji prototyp\u016f. V roce 2023 budou v\u0161echny prototypy k dispozici a budou p\u0159edvedeny v r\u016fzn\u00fdch regionech Evropy (tzv. Food Circles &#8211; potravinov\u00e9 okruhy).<\/p>\n<\/div><\/div><\/div><style type=\"text\/css\">.fusion-accordian  #accordion-2052-1 .panel-181ecebfdf4d4c753 .panel-title a{}.fusion-accordian  #accordion-2052-1 .panel-181ecebfdf4d4c753 .toggle-content{}<\/style><div class=\"fusion-panel panel-default panel-181ecebfdf4d4c753\"><div class=\"panel-heading\"><h4 class=\"panel-title toggle\" id=\"toggle_181ecebfdf4d4c753\"><a aria-expanded=\"false\" aria-controls=\"181ecebfdf4d4c753\" role=\"button\" data-toggle=\"collapse\" data-parent=\"#accordion-2052-1\" data-target=\"#181ecebfdf4d4c753\" href=\"#181ecebfdf4d4c753\"><span class=\"fusion-toggle-icon-wrapper\" aria-hidden=\"true\"><i class=\"fa-fusion-box active-icon awb-icon-minus\" aria-hidden=\"true\"><\/i><i class=\"fa-fusion-box inactive-icon awb-icon-plus\" aria-hidden=\"true\"><\/i><\/span><span class=\"fusion-toggle-heading\">Jak se budou li\u0161it od st\u00e1vaj\u00edc\u00edch kontejnerov\u00fdch jednotek? <\/span><\/a><\/h4><\/div><div id=\"181ecebfdf4d4c753\" class=\"panel-collapse collapse \" araia-labelledby=\"toggle_181ecebfdf4d4c753\"><div class=\"panel-body toggle-content fusion-clearfix\">\n<p>V Evrop\u011b ji\u017e existuje n\u011bkolik kontejner\u016f na zpracov\u00e1n\u00ed potravin. Kontejnery, kter\u00e9 budou vyvinuty v projektu FOX, jsou v\u0161ak jin\u00e9, jeliko\u017e pou\u017e\u00edvaj\u00ed inovativn\u00ed technologie pro m\u00edrn\u00e9 zpracov\u00e1n\u00ed potravin, nap\u0159\u00edklad <a href=\"https:\/\/www.fox-foodprocessinginabox.eu\/cs\/mild-food-processing-technology-the-example-of-pef\/\" target=\"_blank\" rel=\"noopener noreferrer\">vakuov\u00fd lis se spir\u00e1ln\u00edmi filtry, pulzn\u00ed elektrick\u00e9 pole (PEF)<\/a>, ultrazvuk a dal\u0161\u00ed. Zpracovan\u00e9 ovoce a zelenina tak budou m\u00edt vy\u0161\u0161\u00ed kvalitu a cel\u00fd proces bude ekologicky p\u0159\u00edzniv\u011bj\u0161\u00ed, jeliko\u017e tyto technologie pot\u0159ebuj\u00ed m\u00e9n\u011b energie.<br \/>\nN\u011bkte\u0159\u00ed partne\u0159i nav\u00edc vyv\u00edjej\u00ed udr\u017eiteln\u00e9 obaly kone\u010dn\u00fdch v\u00fdrobk\u016f a rovn\u011b\u017e p\u0159em\u00fd\u0161lej\u00ed o zp\u016fsobech, jak zu\u017eitkovat vedlej\u0161\u00ed produkty zpracov\u00e1n\u00ed ovoce a zeleniny, kup\u0159\u00edkladu dr\u0165 z hr\u00e1\u0161ku a mrkve. V z\u00e1jmu co nejdel\u0161\u00edho zapojen\u00ed zem\u011bd\u011blc\u016f i spot\u0159ebitel\u016f do potravinov\u00fdch okruh\u016f prob\u00edh\u00e1 v\u00fdzkum zam\u011b\u0159en\u00fd na <a href=\"https:\/\/www.fox-foodprocessinginabox.eu\/cs\/vyzkum\/predvidavost-a-obchodni-modely\/\" target=\"_blank\" rel=\"noopener noreferrer\">obchodn\u00ed modely<\/a> a <a href=\"https:\/\/www.fox-foodprocessinginabox.eu\/cs\/vyzkum\/angazovanost-spotrebitelu\/\" target=\"_blank\" rel=\"noopener noreferrer\">spot\u0159ebitelsk\u00e9 studie<\/a>. Nav\u00edc bude vyhodnocov\u00e1n dopad na zdrav\u00ed, \u017eivotn\u00ed prost\u0159ed\u00ed a socioekonomick\u00e9 faktory, aby bylo mo\u017en\u00e9 potvrdit udr\u017eitelnost konceptu FOX.<br \/>\nProjekt FOX je jedine\u010dn\u00fd t\u00edm, \u017ee se \u0159\u00edd\u00ed p\u0159\u00edstupem zalo\u017een\u00fdm na \u00fa\u010dasti r\u016fzn\u00fdch akt\u00e9r\u016f, kter\u00fd vyvinula Evropsk\u00e1 komise. Tento p\u0159\u00edstup zaji\u0161\u0165uje d\u016fsledn\u00e9 zapojen\u00ed v\u0161ech koncov\u00fdch u\u017eivatel\u016f v cel\u00e9m pr\u016fb\u011bhu projektu. Jedn\u00e1 se kup\u0159\u00edkladu o zem\u011bd\u011blce, spot\u0159ebitele \u010di spole\u010dnosti a podp\u016frn\u00e9 \u00fa\u010dastn\u00edky, jako jsou asociace, dru\u017estva a poradci. FOX je interdisciplin\u00e1rn\u00ed a z\u00e1rove\u0148 transdisciplin\u00e1rn\u00ed projekt, kter\u00fd spojuje odborn\u00edky na v\u011bdeck\u00e9 \u00farovni: potravinov\u00e9 technology, in\u017een\u00fdry, ekonomy, ekology, specialisty na spot\u0159ebn\u00ed chov\u00e1n\u00ed, potravin\u00e1\u0159sk\u00e9 chemiky, bioin\u017een\u00fdry, mana\u017eery inovac\u00ed a mnoh\u00e9 dal\u0161\u00ed.<\/p>\n<\/div><\/div><\/div><style type=\"text\/css\">.fusion-accordian  #accordion-2052-1 .panel-bb8096ce50366775e .panel-title a{}.fusion-accordian  #accordion-2052-1 .panel-bb8096ce50366775e .toggle-content{}<\/style><div class=\"fusion-panel panel-default panel-bb8096ce50366775e\"><div class=\"panel-heading\"><h4 class=\"panel-title toggle\" id=\"toggle_bb8096ce50366775e\"><a aria-expanded=\"false\" aria-controls=\"bb8096ce50366775e\" role=\"button\" data-toggle=\"collapse\" data-parent=\"#accordion-2052-1\" data-target=\"#bb8096ce50366775e\" href=\"#bb8096ce50366775e\"><span class=\"fusion-toggle-icon-wrapper\" aria-hidden=\"true\"><i class=\"fa-fusion-box active-icon awb-icon-minus\" aria-hidden=\"true\"><\/i><i class=\"fa-fusion-box inactive-icon awb-icon-plus\" aria-hidden=\"true\"><\/i><\/span><span class=\"fusion-toggle-heading\">Jak byly zvoleny evropsk\u00e9 regiony \u010di potravinov\u00e9 okruhy?<\/span><\/a><\/h4><\/div><div id=\"bb8096ce50366775e\" class=\"panel-collapse collapse \" araia-labelledby=\"toggle_bb8096ce50366775e\"><div class=\"panel-body toggle-content fusion-clearfix\">\n<p>Potravinov\u00e9 okruhy jsou propojen\u00edm specifick\u00e9 technologie zpracov\u00e1n\u00ed FOX s region\u00e1ln\u00edm (kr\u00e1tk\u00fdm) potravinov\u00fdm z\u00e1sobovac\u00edm \u0159et\u011bzem. Byly zvoleny r\u016fzn\u00e9 evropsk\u00e9 regiony s v\u00fdznamnou produkc\u00ed ovoce a zeleniny, abychom demonstrovali technickou, ekonomickou a soci\u00e1ln\u00ed \u017eivotaschopnost p\u0159\u00edstupu FOX. Nejv\u011bt\u0161\u00ed ovocn\u00e1\u0159sk\u00e9 oblasti v Evrop\u011b jsou ve \u0160pan\u011blsku, It\u00e1lii, Polsku a Francii, p\u0159i\u010dem\u017e ta m\u00e1 siln\u00e9 postaven\u00ed i v p\u011bstov\u00e1n\u00ed zeleniny. Ve zpracov\u00e1n\u00ed ovoce a zeleniny jsou vedle zm\u00edn\u011bn\u00fdch zem\u00ed v \u010dele N\u011bmecko a Nizozemsko.<br \/>\nZvolen\u00e9 potravinov\u00e9 okruhy se nach\u00e1zej\u00ed v \u0161esti modelov\u00fdch regionech Evropy, kter\u00e9 maj\u00ed \u00fazkou vazbu na partnera v\u00fdzkumn\u00e9ho projektu, jen\u017e vyv\u00edj\u00ed p\u0159\u00edslu\u0161nou technologii zpracov\u00e1n\u00ed (tj. technologii FOX). Z\u00e1sadn\u00ed je, \u017ee pro \u00fa\u010dely p\u0159edveden\u00ed v\u00fdsledk\u016f projektu stav\u00edme na robustn\u00ed s\u00edti s region\u00e1ln\u00edmi hr\u00e1\u010di. Modelov\u00e9 regiony jsou tedy geograficky bl\u00edzko k p\u0159\u00edslu\u0161n\u00e9mu v\u00fdzkumn\u00e9mu partnerovi FOX.<br \/>\nKe zv\u00fd\u0161en\u00ed dopadu projektu FOX a k p\u0159eveden\u00ed v\u00fdsledk\u016f v \u0161ir\u0161\u00edm m\u011b\u0159\u00edtku projekt rovn\u011b\u017e zahrnuje p\u0159idru\u017een\u00e9 partnersk\u00e9 regiony, kter\u00e9 se vyzna\u010duj\u00ed podobn\u00fdmi geografick\u00fdmi, p\u011bstitelsk\u00fdmi a\/nebo struktur\u00e1ln\u00edmi parametry, jako jsou modelov\u00e9 regiony. Pokud se v\u00e1\u0161 region chce st\u00e1t p\u0159idru\u017een\u00fdm partnersk\u00fdm regionem, zapojte se <a href=\"https:\/\/www.fox-foodprocessinginabox.eu\/cs\/european-interest-group\/\" target=\"_blank\" rel=\"noopener noreferrer\">zde<\/a> do z\u00e1jmov\u00e9 skupiny FOX.<\/p>\n<\/div><\/div><\/div><style type=\"text\/css\">.fusion-accordian  #accordion-2052-1 .panel-ff7202f034565bb63 .panel-title a{}.fusion-accordian  #accordion-2052-1 .panel-ff7202f034565bb63 .toggle-content{}<\/style><div class=\"fusion-panel panel-default panel-ff7202f034565bb63\"><div class=\"panel-heading\"><h4 class=\"panel-title toggle\" id=\"toggle_ff7202f034565bb63\"><a aria-expanded=\"false\" aria-controls=\"ff7202f034565bb63\" role=\"button\" data-toggle=\"collapse\" data-parent=\"#accordion-2052-1\" data-target=\"#ff7202f034565bb63\" href=\"#ff7202f034565bb63\"><span class=\"fusion-toggle-icon-wrapper\" aria-hidden=\"true\"><i class=\"fa-fusion-box active-icon awb-icon-minus\" aria-hidden=\"true\"><\/i><i class=\"fa-fusion-box inactive-icon awb-icon-plus\" aria-hidden=\"true\"><\/i><\/span><span class=\"fusion-toggle-heading\">Kdy byl projekt spu\u0161t\u011bn a kdy m\u00e1 skon\u010dit?<\/span><\/a><\/h4><\/div><div id=\"ff7202f034565bb63\" class=\"panel-collapse collapse \" araia-labelledby=\"toggle_ff7202f034565bb63\"><div class=\"panel-body toggle-content fusion-clearfix\">\n<p>Tento \u010dty\u0159let\u00fd projekt byl spu\u0161t\u011bn v\u00a0\u010dervnu 2019 a\u00a0pob\u011b\u017e\u00ed do listopadu 2023.<\/p>\n<\/div><\/div><\/div><style type=\"text\/css\">.fusion-accordian  #accordion-2052-1 .panel-e1f93ab0afa32f8ea .panel-title a{}.fusion-accordian  #accordion-2052-1 .panel-e1f93ab0afa32f8ea .toggle-content{}<\/style><div class=\"fusion-panel panel-default panel-e1f93ab0afa32f8ea\"><div class=\"panel-heading\"><h4 class=\"panel-title toggle\" id=\"toggle_e1f93ab0afa32f8ea\"><a aria-expanded=\"false\" aria-controls=\"e1f93ab0afa32f8ea\" role=\"button\" data-toggle=\"collapse\" data-parent=\"#accordion-2052-1\" data-target=\"#e1f93ab0afa32f8ea\" href=\"#e1f93ab0afa32f8ea\"><span class=\"fusion-toggle-icon-wrapper\" aria-hidden=\"true\"><i class=\"fa-fusion-box active-icon awb-icon-minus\" aria-hidden=\"true\"><\/i><i class=\"fa-fusion-box inactive-icon awb-icon-plus\" aria-hidden=\"true\"><\/i><\/span><span class=\"fusion-toggle-heading\">Co znamen\u00e1 FOX? <\/span><\/a><\/h4><\/div><div id=\"e1f93ab0afa32f8ea\" class=\"panel-collapse collapse \" araia-labelledby=\"toggle_e1f93ab0afa32f8ea\"><div class=\"panel-body toggle-content fusion-clearfix\">\n<p>Je to akronym v\u00fdrazu Food Processing in a\u00a0Box (zpracov\u00e1n\u00ed potravin v\u00a0krabici). Nikterak to nesouvis\u00ed s\u00a0li\u0161kou, kter\u00e1 se anglicky \u0159ekne \u201efox\u201c.<\/p>\n<\/div><\/div><\/div><style type=\"text\/css\">.fusion-accordian  #accordion-2052-1 .panel-57a9660ee6a7ab20b .panel-title a{}.fusion-accordian  #accordion-2052-1 .panel-57a9660ee6a7ab20b .toggle-content{}<\/style><div class=\"fusion-panel panel-default panel-57a9660ee6a7ab20b\"><div class=\"panel-heading\"><h4 class=\"panel-title toggle\" id=\"toggle_57a9660ee6a7ab20b\"><a aria-expanded=\"false\" aria-controls=\"57a9660ee6a7ab20b\" role=\"button\" data-toggle=\"collapse\" data-parent=\"#accordion-2052-1\" data-target=\"#57a9660ee6a7ab20b\" href=\"#57a9660ee6a7ab20b\"><span class=\"fusion-toggle-icon-wrapper\" aria-hidden=\"true\"><i class=\"fa-fusion-box active-icon awb-icon-minus\" aria-hidden=\"true\"><\/i><i class=\"fa-fusion-box inactive-icon awb-icon-plus\" aria-hidden=\"true\"><\/i><\/span><span class=\"fusion-toggle-heading\">Zaj\u00edm\u00e1 m\u011b zpracov\u00e1n\u00ed potravin v mal\u00e9m m\u011b\u0159\u00edtku a m\u00e1m z\u00e1jem o diskusi na toto t\u00e9ma. Jak se mohu do projektu FOX zapojit?<\/span><\/a><\/h4><\/div><div id=\"57a9660ee6a7ab20b\" class=\"panel-collapse collapse \" araia-labelledby=\"toggle_57a9660ee6a7ab20b\"><div class=\"panel-body toggle-content fusion-clearfix\">\n<p>Zaj\u00edm\u00e1 v\u00e1s zpracov\u00e1n\u00ed potravin v mal\u00e9m m\u011b\u0159\u00edtku? Zapojte se do <a href=\"https:\/\/www.fox-foodprocessinginabox.eu\/cs\/european-interest-group\/\" target=\"_blank\" rel=\"noopener noreferrer\">z\u00e1jmov\u00e9 skupiny FOX pro mal\u00e9 zpracovatele potravin<\/a>, kde budete moci spolupracovat a sd\u00edlet sv\u00e9 zku\u0161enosti a d\u00edky p\u0159edv\u00e1d\u011bn\u00ed a workshop\u016fm budete mezi prvn\u00edmi, kdo si budou moci vyzkou\u0161et nov\u00fd zp\u016fsob v\u00fdroby potravin. M\u016f\u017eete se p\u0159idat i ke <a href=\"https:\/\/www.linkedin.com\/groups\/13794216\/\" target=\"_blank\" rel=\"noopener noreferrer\">skupin\u011b FOX na LinkedIn<\/a>, kde m\u016f\u017eete sd\u00edlet sv\u00e9 zku\u0161enosti a seznamovat se s projektov\u00fdmi novinkami, trendy a ud\u00e1lostmi v sektoru.<\/p>\n<\/div><\/div><\/div><style type=\"text\/css\">.fusion-accordian  #accordion-2052-1 .panel-7e491a8c8f095da5f .panel-title a{}.fusion-accordian  #accordion-2052-1 .panel-7e491a8c8f095da5f .toggle-content{}<\/style><div class=\"fusion-panel panel-default panel-7e491a8c8f095da5f\"><div class=\"panel-heading\"><h4 class=\"panel-title toggle\" id=\"toggle_7e491a8c8f095da5f\"><a aria-expanded=\"false\" aria-controls=\"7e491a8c8f095da5f\" role=\"button\" data-toggle=\"collapse\" data-parent=\"#accordion-2052-1\" data-target=\"#7e491a8c8f095da5f\" href=\"#7e491a8c8f095da5f\"><span class=\"fusion-toggle-icon-wrapper\" aria-hidden=\"true\"><i class=\"fa-fusion-box active-icon awb-icon-minus\" aria-hidden=\"true\"><\/i><i class=\"fa-fusion-box inactive-icon awb-icon-plus\" aria-hidden=\"true\"><\/i><\/span><span class=\"fusion-toggle-heading\">M\u016fj dotaz nen\u00ed v sekci \u010dasto kladen\u00fdch ot\u00e1zek uveden. Na koho se mohu obr\u00e1tit? <\/span><\/a><\/h4><\/div><div id=\"7e491a8c8f095da5f\" class=\"panel-collapse collapse \" araia-labelledby=\"toggle_7e491a8c8f095da5f\"><div class=\"panel-body toggle-content fusion-clearfix\">\n<p>M\u00e1te-li libovoln\u00fd dotaz ohledn\u011b projektu FOX, pod\u00edvejte se na <a href=\"https:\/\/www.fox-foodprocessinginabox.eu\/cs\/contact-us\/\" target=\"_blank\" rel=\"noopener noreferrer\">kontaktn\u00ed \u00fadaje<\/a>.<\/p>\n<\/div><\/div><\/div><\/div><\/div><div class=\"fusion-clearfix\"><\/div><\/div><\/div><\/div><\/div>\n","protected":false},"excerpt":{"rendered":"","protected":false},"author":1,"featured_media":0,"parent":0,"menu_order":0,"comment_status":"closed","ping_status":"closed","template":"","meta":{"footnotes":""},"class_list":["post-2052","page","type-page","status-publish","hentry"],"yoast_head":"<!-- This site is optimized with the Yoast SEO plugin v26.4 - https:\/\/yoast.com\/wordpress\/plugins\/seo\/ -->\n<title>FOX \u2013 \u010dasto kladen\u00e9 ot\u00e1zky (FAQ) - FOX<\/title>\n<meta name=\"robots\" content=\"index, follow, max-snippet:-1, max-image-preview:large, max-video-preview:-1\" \/>\n<link rel=\"canonical\" href=\"https:\/\/www.fox-foodprocessinginabox.eu\/cs\/faq\/\" \/>\n<meta property=\"og:locale\" content=\"cs_CZ\" \/>\n<meta property=\"og:type\" content=\"article\" \/>\n<meta property=\"og:title\" content=\"FOX \u2013 \u010dasto kladen\u00e9 ot\u00e1zky (FAQ) - FOX\" \/>\n<meta property=\"og:url\" content=\"https:\/\/www.fox-foodprocessinginabox.eu\/cs\/faq\/\" \/>\n<meta property=\"og:site_name\" content=\"FOX\" \/>\n<meta property=\"article:modified_time\" content=\"2021-03-30T18:23:36+00:00\" \/>\n<meta name=\"twitter:card\" content=\"summary_large_image\" \/>\n<meta name=\"twitter:label1\" content=\"Odhadovan\u00e1 doba \u010dten\u00ed\" \/>\n\t<meta name=\"twitter:data1\" content=\"7 minut\" \/>\n<script type=\"application\/ld+json\" class=\"yoast-schema-graph\">{\"@context\":\"https:\/\/schema.org\",\"@graph\":[{\"@type\":\"WebPage\",\"@id\":\"https:\/\/www.fox-foodprocessinginabox.eu\/cs\/faq\/\",\"url\":\"https:\/\/www.fox-foodprocessinginabox.eu\/cs\/faq\/\",\"name\":\"FOX \u2013 \u010dasto kladen\u00e9 ot\u00e1zky (FAQ) - FOX\",\"isPartOf\":{\"@id\":\"https:\/\/www.fox-foodprocessinginabox.eu\/cs\/#website\"},\"datePublished\":\"2019-12-19T11:59:58+00:00\",\"dateModified\":\"2021-03-30T18:23:36+00:00\",\"breadcrumb\":{\"@id\":\"https:\/\/www.fox-foodprocessinginabox.eu\/cs\/faq\/#breadcrumb\"},\"inLanguage\":\"cs\",\"potentialAction\":[{\"@type\":\"ReadAction\",\"target\":[\"https:\/\/www.fox-foodprocessinginabox.eu\/cs\/faq\/\"]}]},{\"@type\":\"BreadcrumbList\",\"@id\":\"https:\/\/www.fox-foodprocessinginabox.eu\/cs\/faq\/#breadcrumb\",\"itemListElement\":[{\"@type\":\"ListItem\",\"position\":1,\"name\":\"Home\",\"item\":\"https:\/\/www.fox-foodprocessinginabox.eu\/cs\/\"},{\"@type\":\"ListItem\",\"position\":2,\"name\":\"FOX \u2013 \u010dasto kladen\u00e9 ot\u00e1zky (FAQ)\"}]},{\"@type\":\"WebSite\",\"@id\":\"https:\/\/www.fox-foodprocessinginabox.eu\/cs\/#website\",\"url\":\"https:\/\/www.fox-foodprocessinginabox.eu\/cs\/\",\"name\":\"FOX\",\"description\":\"Food processing in a Box\",\"potentialAction\":[{\"@type\":\"SearchAction\",\"target\":{\"@type\":\"EntryPoint\",\"urlTemplate\":\"https:\/\/www.fox-foodprocessinginabox.eu\/cs\/?s={search_term_string}\"},\"query-input\":{\"@type\":\"PropertyValueSpecification\",\"valueRequired\":true,\"valueName\":\"search_term_string\"}}],\"inLanguage\":\"cs\"}]}<\/script>\n<!-- \/ Yoast SEO plugin. -->","yoast_head_json":{"title":"FOX \u2013 \u010dasto kladen\u00e9 ot\u00e1zky (FAQ) - FOX","robots":{"index":"index","follow":"follow","max-snippet":"max-snippet:-1","max-image-preview":"max-image-preview:large","max-video-preview":"max-video-preview:-1"},"canonical":"https:\/\/www.fox-foodprocessinginabox.eu\/cs\/faq\/","og_locale":"cs_CZ","og_type":"article","og_title":"FOX \u2013 \u010dasto kladen\u00e9 ot\u00e1zky (FAQ) - FOX","og_url":"https:\/\/www.fox-foodprocessinginabox.eu\/cs\/faq\/","og_site_name":"FOX","article_modified_time":"2021-03-30T18:23:36+00:00","twitter_card":"summary_large_image","twitter_misc":{"Odhadovan\u00e1 doba \u010dten\u00ed":"7 minut"},"schema":{"@context":"https:\/\/schema.org","@graph":[{"@type":"WebPage","@id":"https:\/\/www.fox-foodprocessinginabox.eu\/cs\/faq\/","url":"https:\/\/www.fox-foodprocessinginabox.eu\/cs\/faq\/","name":"FOX \u2013 \u010dasto kladen\u00e9 ot\u00e1zky (FAQ) - FOX","isPartOf":{"@id":"https:\/\/www.fox-foodprocessinginabox.eu\/cs\/#website"},"datePublished":"2019-12-19T11:59:58+00:00","dateModified":"2021-03-30T18:23:36+00:00","breadcrumb":{"@id":"https:\/\/www.fox-foodprocessinginabox.eu\/cs\/faq\/#breadcrumb"},"inLanguage":"cs","potentialAction":[{"@type":"ReadAction","target":["https:\/\/www.fox-foodprocessinginabox.eu\/cs\/faq\/"]}]},{"@type":"BreadcrumbList","@id":"https:\/\/www.fox-foodprocessinginabox.eu\/cs\/faq\/#breadcrumb","itemListElement":[{"@type":"ListItem","position":1,"name":"Home","item":"https:\/\/www.fox-foodprocessinginabox.eu\/cs\/"},{"@type":"ListItem","position":2,"name":"FOX \u2013 \u010dasto kladen\u00e9 ot\u00e1zky (FAQ)"}]},{"@type":"WebSite","@id":"https:\/\/www.fox-foodprocessinginabox.eu\/cs\/#website","url":"https:\/\/www.fox-foodprocessinginabox.eu\/cs\/","name":"FOX","description":"Food processing in a Box","potentialAction":[{"@type":"SearchAction","target":{"@type":"EntryPoint","urlTemplate":"https:\/\/www.fox-foodprocessinginabox.eu\/cs\/?s={search_term_string}"},"query-input":{"@type":"PropertyValueSpecification","valueRequired":true,"valueName":"search_term_string"}}],"inLanguage":"cs"}]}},"_links":{"self":[{"href":"https:\/\/www.fox-foodprocessinginabox.eu\/cs\/wp-json\/wp\/v2\/pages\/2052","targetHints":{"allow":["GET"]}}],"collection":[{"href":"https:\/\/www.fox-foodprocessinginabox.eu\/cs\/wp-json\/wp\/v2\/pages"}],"about":[{"href":"https:\/\/www.fox-foodprocessinginabox.eu\/cs\/wp-json\/wp\/v2\/types\/page"}],"author":[{"embeddable":true,"href":"https:\/\/www.fox-foodprocessinginabox.eu\/cs\/wp-json\/wp\/v2\/users\/1"}],"replies":[{"embeddable":true,"href":"https:\/\/www.fox-foodprocessinginabox.eu\/cs\/wp-json\/wp\/v2\/comments?post=2052"}],"version-history":[{"count":4,"href":"https:\/\/www.fox-foodprocessinginabox.eu\/cs\/wp-json\/wp\/v2\/pages\/2052\/revisions"}],"predecessor-version":[{"id":6914,"href":"https:\/\/www.fox-foodprocessinginabox.eu\/cs\/wp-json\/wp\/v2\/pages\/2052\/revisions\/6914"}],"wp:attachment":[{"href":"https:\/\/www.fox-foodprocessinginabox.eu\/cs\/wp-json\/wp\/v2\/media?parent=2052"}],"curies":[{"name":"wp","href":"https:\/\/api.w.org\/{rel}","templated":true}]}}