{"id":2870,"date":"2020-01-21T14:42:34","date_gmt":"2020-01-21T13:42:34","guid":{"rendered":"http:\/\/www.fox-foodprocessinginabox.eu\/?page_id=2870"},"modified":"2020-04-07T14:50:19","modified_gmt":"2020-04-07T12:50:19","slug":"predvidavost-a-obchodni-modely","status":"publish","type":"page","link":"https:\/\/www.fox-foodprocessinginabox.eu\/cs\/vyzkum\/predvidavost-a-obchodni-modely\/","title":{"rendered":"P\u0159edv\u00eddavost a obchodn\u00ed modely"},"content":{"rendered":"<div class=\"fusion-fullwidth fullwidth-box fusion-builder-row-1 nonhundred-percent-fullwidth non-hundred-percent-height-scrolling\" style=\"background-color: rgba(255,255,255,0);background-position: center center;background-repeat: no-repeat;padding-top:0px;padding-right:0px;padding-bottom:0px;padding-left:0px;margin-bottom: 0px;margin-top: 0px;border-width: 0px 0px 0px 0px;border-color:#eae9e9;border-style:solid;\" ><div class=\"fusion-builder-row fusion-row\"><div class=\"fusion-layout-column fusion_builder_column fusion-builder-column-0 fusion_builder_column_1_1 1_1 fusion-one-full fusion-column-first fusion-column-last\" style=\"margin-top:0px;margin-bottom:20px;\"><div class=\"fusion-column-wrapper fusion-flex-column-wrapper-legacy\" style=\"background-position:left top;background-repeat:no-repeat;-webkit-background-size:cover;-moz-background-size:cover;-o-background-size:cover;background-size:cover;padding: 0px 0px 0px 0px;\"><div class=\"fusion-text fusion-text-1\"><p><strong>C\u00edl<\/strong><\/p>\n<p>V\u00fdvoj p\u0159edv\u00eddavosti a obchodn\u00edho modelu v r\u00e1mci projektu FOX se zam\u011b\u0159uje na<\/p>\n<ul>\n<li>Ur\u010den\u00ed a anal\u00fdzu trend\u016f ovliv\u0148uj\u00edc\u00edch inova\u010dn\u00ed potravinov\u00fd syst\u00e9m v budoucnosti<\/li>\n<li>V\u00fdvoj sc\u00e9n\u00e1\u0159\u016f pro r\u00e1mcov\u00e9 podm\u00ednky inova\u010dn\u00edho potravinov\u00e9ho syst\u00e9mu<\/li>\n<li>Vypracov\u00e1n\u00ed konkr\u00e9tn\u00edch budouc\u00edch sc\u00e9n\u00e1\u0159\u016f pro ka\u017ed\u00fd potravinov\u00fd kruh<\/li>\n<li>Ur\u010den\u00ed prvk\u016f obchodn\u00edho modelu u technologi\u00ed zpracov\u00e1n\u00ed potravin men\u0161\u00edho rozsahu, kter\u00e9 jsou kontextualizovan\u00e9 pro r\u016fzn\u00e9 typy technologi\u00ed a soci\u00e1ln\u011b-ekonomick\u00fd kontext<\/li>\n<li>Ov\u011b\u0159en\u00ed obchodn\u00edch model\u016f v kontextu r\u016fzn\u00fdch budouc\u00edch p\u0159edpoklad\u016f<\/li>\n<\/ul>\n<p><strong>Budouc\u00ed sc\u00e9n\u00e1\u0159e pro potravin\u00e1\u0159skou v\u011btev a potravinov\u00e9 kruhy<\/strong><\/p>\n<p>Identifikovan\u00e9 trendy jsou ukazatele zm\u011bn. Budou vyu\u017eity pro vypracov\u00e1n\u00ed budouc\u00edch r\u00e1mcov\u00fdch sc\u00e9n\u00e1\u0159\u016f, popisuj\u00edc\u00ed r\u016fzn\u00e9 mo\u017en\u00e9 v\u00fdsledky pro potravin\u00e1\u0159sk\u00fd pr\u016fmysl v roce 2035. Tyto sc\u00e9n\u00e1\u0159e poslou\u017e\u00ed k se\u0159azen\u00ed dal\u0161\u00edch pracovn\u00edch bal\u00ed\u010dk\u016f k budouc\u00edm po\u017eadavk\u016fm v potravin\u00e1\u0159sk\u00e9m odv\u011btv\u00ed.<\/p>\n<p>Pro ka\u017ed\u00fd ze \u010dty\u0159 kruhu FOX budou vypracov\u00e1ny specifick\u00e9 region\u00e1ln\u00ed sc\u00e9n\u00e1\u0159e ve workshopech s vnit\u0159n\u00edmi a extern\u00edmi odborn\u00edky a p\u0159\u00edslu\u0161n\u00fdmi stakeholdery. Kolem 20 odborn\u00edk\u016f z\u00a0ka\u017ed\u00e9ho potravinov\u00e9ho kruhu, 5-10 intern\u00edch odborn\u00edk\u016f a 10-15 odborn\u00edk\u016f z p\u0159\u00edslu\u0161n\u00fdch region\u016f se daj\u00ed dohromady. Workshopy se budou konat v r\u00e1mci m\u00edstn\u00edch potravin\u00e1\u0159sk\u00fdch akc\u00ed a konferenc\u00ed, kv\u016fli maximalizaci \u00fa\u010dasti m\u00edstn\u00edch odborn\u00edk\u016f.<\/p>\n<p><strong>Obchodn\u00ed modely<\/strong><\/p>\n<p>P\u0159idan\u00e1 hodnota z\u00edsk\u00e1na z technologi\u00ed men\u0161\u00edho rozsahu pro zpracov\u00e1n\u00ed potravin je prosp\u011b\u0161n\u00e1 pro zem\u011bd\u011blce. K maximalizaci dlouhov\u011bkosti potravinov\u00e9ho kruhu pro zem\u011bd\u011blce je t\u0159eba pou\u017e\u00edt nebo vyvinout vhodn\u00e9 obchodn\u00ed modely.<\/p>\n<p>Pevn\u00fd obchodn\u00ed model se zab\u00fdv\u00e1 nejen vytv\u00e1\u0159en\u00edm a distribuc\u00ed p\u0159idan\u00e9 hodnoty, ale tak\u00e9 distribuc\u00ed rizik a \u0159\u00edzen\u00edm souvisej\u00edc\u00edm s r\u016fzn\u00fdmi majetkov\u00fdmi pr\u00e1vy.<\/p>\n<p><strong>Partne\u0159i projektu<\/strong><\/p>\n<p><a href=\"https:\/\/www.fox-foodprocessinginabox.eu\/portfolio-items\/partner022\/?portfolioCats=10%2C7%2C8%2C13%2C9%2C6%2C12%2C11%2C14\">Fraunhofer ISI<\/a> a \u00a0<a href=\"https:\/\/www.fox-foodprocessinginabox.eu\/portfolio-items\/partner023\/?portfolioCats=10%2C7%2C8%2C13%2C9%2C6%2C12%2C11%2C14\">KU Leuven<\/a><\/p>\n<p>V\u0161ichni ostatn\u00ed partne\u0159i projektu jsou zapojeni do tohoto pracovn\u00edho bal\u00ed\u010dku a z\u00fa\u010dastn\u00ed se workshop\u016f.<\/p>\n<\/div><div class=\"fusion-clearfix\"><\/div><\/div><\/div><\/div><\/div>\n","protected":false},"excerpt":{"rendered":"","protected":false},"author":2,"featured_media":0,"parent":2861,"menu_order":0,"comment_status":"closed","ping_status":"closed","template":"","meta":{"footnotes":""},"class_list":["post-2870","page","type-page","status-publish","hentry"],"yoast_head":"<!-- This site is optimized with the Yoast SEO plugin v26.4 - https:\/\/yoast.com\/wordpress\/plugins\/seo\/ -->\n<title>P\u0159edv\u00eddavost a obchodn\u00ed modely - FOX<\/title>\n<meta name=\"robots\" content=\"index, follow, max-snippet:-1, max-image-preview:large, max-video-preview:-1\" \/>\n<link rel=\"canonical\" href=\"https:\/\/www.fox-foodprocessinginabox.eu\/cs\/vyzkum\/predvidavost-a-obchodni-modely\/\" \/>\n<meta property=\"og:locale\" content=\"cs_CZ\" \/>\n<meta property=\"og:type\" content=\"article\" \/>\n<meta property=\"og:title\" content=\"P\u0159edv\u00eddavost a obchodn\u00ed modely - FOX\" \/>\n<meta property=\"og:url\" content=\"https:\/\/www.fox-foodprocessinginabox.eu\/cs\/vyzkum\/predvidavost-a-obchodni-modely\/\" \/>\n<meta property=\"og:site_name\" content=\"FOX\" \/>\n<meta property=\"article:modified_time\" content=\"2020-04-07T12:50:19+00:00\" \/>\n<meta name=\"twitter:card\" content=\"summary_large_image\" \/>\n<meta name=\"twitter:label1\" content=\"Odhadovan\u00e1 doba \u010dten\u00ed\" \/>\n\t<meta name=\"twitter:data1\" content=\"3 minuty\" \/>\n<script type=\"application\/ld+json\" class=\"yoast-schema-graph\">{\"@context\":\"https:\/\/schema.org\",\"@graph\":[{\"@type\":\"WebPage\",\"@id\":\"https:\/\/www.fox-foodprocessinginabox.eu\/cs\/vyzkum\/predvidavost-a-obchodni-modely\/\",\"url\":\"https:\/\/www.fox-foodprocessinginabox.eu\/cs\/vyzkum\/predvidavost-a-obchodni-modely\/\",\"name\":\"P\u0159edv\u00eddavost a obchodn\u00ed modely - FOX\",\"isPartOf\":{\"@id\":\"https:\/\/www.fox-foodprocessinginabox.eu\/cs\/#website\"},\"datePublished\":\"2020-01-21T13:42:34+00:00\",\"dateModified\":\"2020-04-07T12:50:19+00:00\",\"breadcrumb\":{\"@id\":\"https:\/\/www.fox-foodprocessinginabox.eu\/cs\/vyzkum\/predvidavost-a-obchodni-modely\/#breadcrumb\"},\"inLanguage\":\"cs\",\"potentialAction\":[{\"@type\":\"ReadAction\",\"target\":[\"https:\/\/www.fox-foodprocessinginabox.eu\/cs\/vyzkum\/predvidavost-a-obchodni-modely\/\"]}]},{\"@type\":\"BreadcrumbList\",\"@id\":\"https:\/\/www.fox-foodprocessinginabox.eu\/cs\/vyzkum\/predvidavost-a-obchodni-modely\/#breadcrumb\",\"itemListElement\":[{\"@type\":\"ListItem\",\"position\":1,\"name\":\"Home\",\"item\":\"https:\/\/www.fox-foodprocessinginabox.eu\/cs\/\"},{\"@type\":\"ListItem\",\"position\":2,\"name\":\"V\u00fdzkum\",\"item\":\"https:\/\/www.fox-foodprocessinginabox.eu\/cs\/vyzkum\/\"},{\"@type\":\"ListItem\",\"position\":3,\"name\":\"P\u0159edv\u00eddavost a obchodn\u00ed modely\"}]},{\"@type\":\"WebSite\",\"@id\":\"https:\/\/www.fox-foodprocessinginabox.eu\/cs\/#website\",\"url\":\"https:\/\/www.fox-foodprocessinginabox.eu\/cs\/\",\"name\":\"FOX\",\"description\":\"Food processing in a Box\",\"potentialAction\":[{\"@type\":\"SearchAction\",\"target\":{\"@type\":\"EntryPoint\",\"urlTemplate\":\"https:\/\/www.fox-foodprocessinginabox.eu\/cs\/?s={search_term_string}\"},\"query-input\":{\"@type\":\"PropertyValueSpecification\",\"valueRequired\":true,\"valueName\":\"search_term_string\"}}],\"inLanguage\":\"cs\"}]}<\/script>\n<!-- \/ Yoast SEO plugin. -->","yoast_head_json":{"title":"P\u0159edv\u00eddavost a obchodn\u00ed modely - FOX","robots":{"index":"index","follow":"follow","max-snippet":"max-snippet:-1","max-image-preview":"max-image-preview:large","max-video-preview":"max-video-preview:-1"},"canonical":"https:\/\/www.fox-foodprocessinginabox.eu\/cs\/vyzkum\/predvidavost-a-obchodni-modely\/","og_locale":"cs_CZ","og_type":"article","og_title":"P\u0159edv\u00eddavost a obchodn\u00ed modely - FOX","og_url":"https:\/\/www.fox-foodprocessinginabox.eu\/cs\/vyzkum\/predvidavost-a-obchodni-modely\/","og_site_name":"FOX","article_modified_time":"2020-04-07T12:50:19+00:00","twitter_card":"summary_large_image","twitter_misc":{"Odhadovan\u00e1 doba \u010dten\u00ed":"3 minuty"},"schema":{"@context":"https:\/\/schema.org","@graph":[{"@type":"WebPage","@id":"https:\/\/www.fox-foodprocessinginabox.eu\/cs\/vyzkum\/predvidavost-a-obchodni-modely\/","url":"https:\/\/www.fox-foodprocessinginabox.eu\/cs\/vyzkum\/predvidavost-a-obchodni-modely\/","name":"P\u0159edv\u00eddavost a obchodn\u00ed modely - FOX","isPartOf":{"@id":"https:\/\/www.fox-foodprocessinginabox.eu\/cs\/#website"},"datePublished":"2020-01-21T13:42:34+00:00","dateModified":"2020-04-07T12:50:19+00:00","breadcrumb":{"@id":"https:\/\/www.fox-foodprocessinginabox.eu\/cs\/vyzkum\/predvidavost-a-obchodni-modely\/#breadcrumb"},"inLanguage":"cs","potentialAction":[{"@type":"ReadAction","target":["https:\/\/www.fox-foodprocessinginabox.eu\/cs\/vyzkum\/predvidavost-a-obchodni-modely\/"]}]},{"@type":"BreadcrumbList","@id":"https:\/\/www.fox-foodprocessinginabox.eu\/cs\/vyzkum\/predvidavost-a-obchodni-modely\/#breadcrumb","itemListElement":[{"@type":"ListItem","position":1,"name":"Home","item":"https:\/\/www.fox-foodprocessinginabox.eu\/cs\/"},{"@type":"ListItem","position":2,"name":"V\u00fdzkum","item":"https:\/\/www.fox-foodprocessinginabox.eu\/cs\/vyzkum\/"},{"@type":"ListItem","position":3,"name":"P\u0159edv\u00eddavost a obchodn\u00ed modely"}]},{"@type":"WebSite","@id":"https:\/\/www.fox-foodprocessinginabox.eu\/cs\/#website","url":"https:\/\/www.fox-foodprocessinginabox.eu\/cs\/","name":"FOX","description":"Food processing in a Box","potentialAction":[{"@type":"SearchAction","target":{"@type":"EntryPoint","urlTemplate":"https:\/\/www.fox-foodprocessinginabox.eu\/cs\/?s={search_term_string}"},"query-input":{"@type":"PropertyValueSpecification","valueRequired":true,"valueName":"search_term_string"}}],"inLanguage":"cs"}]}},"_links":{"self":[{"href":"https:\/\/www.fox-foodprocessinginabox.eu\/cs\/wp-json\/wp\/v2\/pages\/2870","targetHints":{"allow":["GET"]}}],"collection":[{"href":"https:\/\/www.fox-foodprocessinginabox.eu\/cs\/wp-json\/wp\/v2\/pages"}],"about":[{"href":"https:\/\/www.fox-foodprocessinginabox.eu\/cs\/wp-json\/wp\/v2\/types\/page"}],"author":[{"embeddable":true,"href":"https:\/\/www.fox-foodprocessinginabox.eu\/cs\/wp-json\/wp\/v2\/users\/2"}],"replies":[{"embeddable":true,"href":"https:\/\/www.fox-foodprocessinginabox.eu\/cs\/wp-json\/wp\/v2\/comments?post=2870"}],"version-history":[{"count":2,"href":"https:\/\/www.fox-foodprocessinginabox.eu\/cs\/wp-json\/wp\/v2\/pages\/2870\/revisions"}],"predecessor-version":[{"id":2872,"href":"https:\/\/www.fox-foodprocessinginabox.eu\/cs\/wp-json\/wp\/v2\/pages\/2870\/revisions\/2872"}],"up":[{"embeddable":true,"href":"https:\/\/www.fox-foodprocessinginabox.eu\/cs\/wp-json\/wp\/v2\/pages\/2861"}],"wp:attachment":[{"href":"https:\/\/www.fox-foodprocessinginabox.eu\/cs\/wp-json\/wp\/v2\/media?parent=2870"}],"curies":[{"name":"wp","href":"https:\/\/api.w.org\/{rel}","templated":true}]}}