{"id":2877,"date":"2020-01-21T14:57:00","date_gmt":"2020-01-21T13:57:00","guid":{"rendered":"http:\/\/www.fox-foodprocessinginabox.eu\/?page_id=2877"},"modified":"2020-04-07T14:50:25","modified_gmt":"2020-04-07T12:50:25","slug":"udrzitelnost-a-dopad-na-zdravi","status":"publish","type":"page","link":"https:\/\/www.fox-foodprocessinginabox.eu\/cs\/vyzkum\/udrzitelnost-a-dopad-na-zdravi\/","title":{"rendered":"Udr\u017eitelnost a dopad na zdrav\u00ed"},"content":{"rendered":"<div class=\"fusion-fullwidth fullwidth-box fusion-builder-row-1 nonhundred-percent-fullwidth non-hundred-percent-height-scrolling\" style=\"background-color: rgba(255,255,255,0);background-position: center center;background-repeat: no-repeat;padding-top:0px;padding-right:0px;padding-bottom:0px;padding-left:0px;margin-bottom: 0px;margin-top: 0px;border-width: 0px 0px 0px 0px;border-color:#eae9e9;border-style:solid;\" ><div class=\"fusion-builder-row fusion-row\"><div class=\"fusion-layout-column fusion_builder_column fusion-builder-column-0 fusion_builder_column_1_1 1_1 fusion-one-full fusion-column-first fusion-column-last\" style=\"margin-top:0px;margin-bottom:20px;\"><div class=\"fusion-column-wrapper fusion-flex-column-wrapper-legacy\" style=\"background-position:left top;background-repeat:no-repeat;-webkit-background-size:cover;-moz-background-size:cover;-o-background-size:cover;background-size:cover;padding: 0px 0px 0px 0px;\"><div class=\"fusion-text fusion-text-1\"><p><strong>C\u00edl<\/strong><\/p>\n<p>C\u00edlem tohoto \u00fakolu je posoudit t\u0159\u00ed r\u016fzn\u00e9 dopady \u010dty\u0159 p\u0159\u00edstup\u016f oblastn\u00edch model\u016f FOX:<\/p>\n<ul>\n<li>Dopad na \u017eivotn\u00ed prost\u0159ed\u00ed<\/li>\n<\/ul>\n<p>Anal\u00fdza \u017eivotn\u00edho cyklu (LCA) bude prov\u00e1d\u011bna a p\u0159izp\u016fsobov\u00e1na b\u011bhem cel\u00e9ho projektu. Dopad bude posuzov\u00e1n podle mezin\u00e1rodn\u00edch referen\u010dn\u00edch \u00fadaj\u016f o \u017eivotn\u00edm cyklu, co\u017e je metoda popsan\u00e1 v p\u0159\u00edru\u010dce o environment\u00e1ln\u00ed stop\u011b v\u00fdrobku (PEF), kter\u00e1 slou\u017e\u00ed jako harmonizovan\u00e1 evropsk\u00e1 metoda dopadu na \u017eivotn\u00ed prost\u0159ed\u00ed.<\/p>\n<ul>\n<li>Soci\u00e1ln\u011b-ekonomick\u00fd dopad<\/li>\n<\/ul>\n<p>Budou vygenerov\u00e1na data o mo\u017enostech m\u00edstn\u00edho zam\u011bstn\u00e1v\u00e1n\u00ed a data o n\u00e1kladech \u017eivotn\u00edho cyklu, pak porovn\u00e1na s tradi\u010dn\u00ed rozs\u00e1hlou technologi\u00ed zpracov\u00e1n\u00ed.<\/p>\n<ul>\n<li>Dopad na zdrav\u00ed<\/li>\n<\/ul>\n<p>V\u00fd\u017eivov\u00e1 hodnota zpracovan\u00fdch potravin FOX se bude ur\u010dit vyhodnocen\u00edm Nutriscoru a porovn\u00e1n\u00edm slo\u017een\u00ed v\u00fdrobku s podobn\u00fdmi potravinami vyroben\u00fdmi podle jin\u00fdch technologi\u00ed.<\/p>\n<p><strong>Partne\u0159i projektu<\/strong><\/p>\n<p>Partne\u0159i projektu, zapojeni do v\u00fdzkumu udr\u017eitelnosti a dopadu na zdrav\u00ed p\u0159\u00edstupu FOX, jsou KU LEUVEN, DIL, WR, AU, WULS-SGGW a NUTRIS.<\/p>\n<p><strong>C\u00edl<\/strong><\/p>\n<p>C\u00edlem tohoto \u00fakolu je posoudit t\u0159\u00ed r\u016fzn\u00e9 dopady \u010dty\u0159 p\u0159\u00edstup\u016f oblastn\u00edch model\u016f FOX:<\/p>\n<ul>\n<li>Dopad na \u017eivotn\u00ed prost\u0159ed\u00ed<\/li>\n<\/ul>\n<p>Anal\u00fdza \u017eivotn\u00edho cyklu (LCA) bude prov\u00e1d\u011bna a p\u0159izp\u016fsobov\u00e1na b\u011bhem cel\u00e9ho projektu. Dopad bude posuzov\u00e1n podle mezin\u00e1rodn\u00edch referen\u010dn\u00edch \u00fadaj\u016f o \u017eivotn\u00edm cyklu, co\u017e je metoda popsan\u00e1 v p\u0159\u00edru\u010dce o environment\u00e1ln\u00ed stop\u011b v\u00fdrobku (PEF), kter\u00e1 slou\u017e\u00ed jako harmonizovan\u00e1 evropsk\u00e1 metoda dopadu na \u017eivotn\u00ed prost\u0159ed\u00ed.<\/p>\n<ul>\n<li>Soci\u00e1ln\u011b-ekonomick\u00fd dopad<\/li>\n<\/ul>\n<p>Budou vygenerov\u00e1na data o mo\u017enostech m\u00edstn\u00edho zam\u011bstn\u00e1v\u00e1n\u00ed a data o n\u00e1kladech \u017eivotn\u00edho cyklu, pak porovn\u00e1na s tradi\u010dn\u00ed rozs\u00e1hlou technologi\u00ed zpracov\u00e1n\u00ed.<\/p>\n<ul>\n<li>Dopad na zdrav\u00ed<\/li>\n<\/ul>\n<p>V\u00fd\u017eivov\u00e1 hodnota zpracovan\u00fdch potravin FOX se bude ur\u010dit vyhodnocen\u00edm Nutriscoru a porovn\u00e1n\u00edm slo\u017een\u00ed v\u00fdrobku s podobn\u00fdmi potravinami vyroben\u00fdmi podle jin\u00fdch technologi\u00ed.<\/p>\n<p><strong>Partne\u0159i projektu<\/strong><\/p>\n<p>Partne\u0159i projektu, zapojeni do v\u00fdzkumu udr\u017eitelnosti a dopadu na zdrav\u00ed p\u0159\u00edstupu FOX, jsou KU LEUVEN, DIL, WR, AU, WULS-SGGW a NUTRIS.<\/p>\n<\/div><div class=\"fusion-clearfix\"><\/div><\/div><\/div><\/div><\/div>\n","protected":false},"excerpt":{"rendered":"","protected":false},"author":2,"featured_media":0,"parent":2861,"menu_order":0,"comment_status":"closed","ping_status":"closed","template":"","meta":{"footnotes":""},"class_list":["post-2877","page","type-page","status-publish","hentry"],"yoast_head":"<!-- This site is optimized with the Yoast SEO plugin v26.4 - https:\/\/yoast.com\/wordpress\/plugins\/seo\/ -->\n<title>Udr\u017eitelnost a dopad na zdrav\u00ed - FOX<\/title>\n<meta name=\"robots\" content=\"index, follow, max-snippet:-1, max-image-preview:large, max-video-preview:-1\" \/>\n<link rel=\"canonical\" href=\"https:\/\/www.fox-foodprocessinginabox.eu\/cs\/vyzkum\/udrzitelnost-a-dopad-na-zdravi\/\" \/>\n<meta property=\"og:locale\" content=\"cs_CZ\" \/>\n<meta property=\"og:type\" content=\"article\" \/>\n<meta property=\"og:title\" content=\"Udr\u017eitelnost a dopad na zdrav\u00ed - FOX\" \/>\n<meta property=\"og:url\" content=\"https:\/\/www.fox-foodprocessinginabox.eu\/cs\/vyzkum\/udrzitelnost-a-dopad-na-zdravi\/\" \/>\n<meta property=\"og:site_name\" content=\"FOX\" \/>\n<meta property=\"article:modified_time\" content=\"2020-04-07T12:50:25+00:00\" \/>\n<meta name=\"twitter:card\" content=\"summary_large_image\" \/>\n<meta name=\"twitter:label1\" content=\"Odhadovan\u00e1 doba \u010dten\u00ed\" \/>\n\t<meta name=\"twitter:data1\" content=\"3 minuty\" \/>\n<script type=\"application\/ld+json\" class=\"yoast-schema-graph\">{\"@context\":\"https:\/\/schema.org\",\"@graph\":[{\"@type\":\"WebPage\",\"@id\":\"https:\/\/www.fox-foodprocessinginabox.eu\/cs\/vyzkum\/udrzitelnost-a-dopad-na-zdravi\/\",\"url\":\"https:\/\/www.fox-foodprocessinginabox.eu\/cs\/vyzkum\/udrzitelnost-a-dopad-na-zdravi\/\",\"name\":\"Udr\u017eitelnost a dopad na zdrav\u00ed - FOX\",\"isPartOf\":{\"@id\":\"https:\/\/www.fox-foodprocessinginabox.eu\/cs\/#website\"},\"datePublished\":\"2020-01-21T13:57:00+00:00\",\"dateModified\":\"2020-04-07T12:50:25+00:00\",\"breadcrumb\":{\"@id\":\"https:\/\/www.fox-foodprocessinginabox.eu\/cs\/vyzkum\/udrzitelnost-a-dopad-na-zdravi\/#breadcrumb\"},\"inLanguage\":\"cs\",\"potentialAction\":[{\"@type\":\"ReadAction\",\"target\":[\"https:\/\/www.fox-foodprocessinginabox.eu\/cs\/vyzkum\/udrzitelnost-a-dopad-na-zdravi\/\"]}]},{\"@type\":\"BreadcrumbList\",\"@id\":\"https:\/\/www.fox-foodprocessinginabox.eu\/cs\/vyzkum\/udrzitelnost-a-dopad-na-zdravi\/#breadcrumb\",\"itemListElement\":[{\"@type\":\"ListItem\",\"position\":1,\"name\":\"Home\",\"item\":\"https:\/\/www.fox-foodprocessinginabox.eu\/cs\/\"},{\"@type\":\"ListItem\",\"position\":2,\"name\":\"V\u00fdzkum\",\"item\":\"https:\/\/www.fox-foodprocessinginabox.eu\/cs\/vyzkum\/\"},{\"@type\":\"ListItem\",\"position\":3,\"name\":\"Udr\u017eitelnost a dopad na zdrav\u00ed\"}]},{\"@type\":\"WebSite\",\"@id\":\"https:\/\/www.fox-foodprocessinginabox.eu\/cs\/#website\",\"url\":\"https:\/\/www.fox-foodprocessinginabox.eu\/cs\/\",\"name\":\"FOX\",\"description\":\"Food processing in a Box\",\"potentialAction\":[{\"@type\":\"SearchAction\",\"target\":{\"@type\":\"EntryPoint\",\"urlTemplate\":\"https:\/\/www.fox-foodprocessinginabox.eu\/cs\/?s={search_term_string}\"},\"query-input\":{\"@type\":\"PropertyValueSpecification\",\"valueRequired\":true,\"valueName\":\"search_term_string\"}}],\"inLanguage\":\"cs\"}]}<\/script>\n<!-- \/ Yoast SEO plugin. -->","yoast_head_json":{"title":"Udr\u017eitelnost a dopad na zdrav\u00ed - FOX","robots":{"index":"index","follow":"follow","max-snippet":"max-snippet:-1","max-image-preview":"max-image-preview:large","max-video-preview":"max-video-preview:-1"},"canonical":"https:\/\/www.fox-foodprocessinginabox.eu\/cs\/vyzkum\/udrzitelnost-a-dopad-na-zdravi\/","og_locale":"cs_CZ","og_type":"article","og_title":"Udr\u017eitelnost a dopad na zdrav\u00ed - FOX","og_url":"https:\/\/www.fox-foodprocessinginabox.eu\/cs\/vyzkum\/udrzitelnost-a-dopad-na-zdravi\/","og_site_name":"FOX","article_modified_time":"2020-04-07T12:50:25+00:00","twitter_card":"summary_large_image","twitter_misc":{"Odhadovan\u00e1 doba \u010dten\u00ed":"3 minuty"},"schema":{"@context":"https:\/\/schema.org","@graph":[{"@type":"WebPage","@id":"https:\/\/www.fox-foodprocessinginabox.eu\/cs\/vyzkum\/udrzitelnost-a-dopad-na-zdravi\/","url":"https:\/\/www.fox-foodprocessinginabox.eu\/cs\/vyzkum\/udrzitelnost-a-dopad-na-zdravi\/","name":"Udr\u017eitelnost a dopad na zdrav\u00ed - FOX","isPartOf":{"@id":"https:\/\/www.fox-foodprocessinginabox.eu\/cs\/#website"},"datePublished":"2020-01-21T13:57:00+00:00","dateModified":"2020-04-07T12:50:25+00:00","breadcrumb":{"@id":"https:\/\/www.fox-foodprocessinginabox.eu\/cs\/vyzkum\/udrzitelnost-a-dopad-na-zdravi\/#breadcrumb"},"inLanguage":"cs","potentialAction":[{"@type":"ReadAction","target":["https:\/\/www.fox-foodprocessinginabox.eu\/cs\/vyzkum\/udrzitelnost-a-dopad-na-zdravi\/"]}]},{"@type":"BreadcrumbList","@id":"https:\/\/www.fox-foodprocessinginabox.eu\/cs\/vyzkum\/udrzitelnost-a-dopad-na-zdravi\/#breadcrumb","itemListElement":[{"@type":"ListItem","position":1,"name":"Home","item":"https:\/\/www.fox-foodprocessinginabox.eu\/cs\/"},{"@type":"ListItem","position":2,"name":"V\u00fdzkum","item":"https:\/\/www.fox-foodprocessinginabox.eu\/cs\/vyzkum\/"},{"@type":"ListItem","position":3,"name":"Udr\u017eitelnost a dopad na zdrav\u00ed"}]},{"@type":"WebSite","@id":"https:\/\/www.fox-foodprocessinginabox.eu\/cs\/#website","url":"https:\/\/www.fox-foodprocessinginabox.eu\/cs\/","name":"FOX","description":"Food processing in a Box","potentialAction":[{"@type":"SearchAction","target":{"@type":"EntryPoint","urlTemplate":"https:\/\/www.fox-foodprocessinginabox.eu\/cs\/?s={search_term_string}"},"query-input":{"@type":"PropertyValueSpecification","valueRequired":true,"valueName":"search_term_string"}}],"inLanguage":"cs"}]}},"_links":{"self":[{"href":"https:\/\/www.fox-foodprocessinginabox.eu\/cs\/wp-json\/wp\/v2\/pages\/2877","targetHints":{"allow":["GET"]}}],"collection":[{"href":"https:\/\/www.fox-foodprocessinginabox.eu\/cs\/wp-json\/wp\/v2\/pages"}],"about":[{"href":"https:\/\/www.fox-foodprocessinginabox.eu\/cs\/wp-json\/wp\/v2\/types\/page"}],"author":[{"embeddable":true,"href":"https:\/\/www.fox-foodprocessinginabox.eu\/cs\/wp-json\/wp\/v2\/users\/2"}],"replies":[{"embeddable":true,"href":"https:\/\/www.fox-foodprocessinginabox.eu\/cs\/wp-json\/wp\/v2\/comments?post=2877"}],"version-history":[{"count":2,"href":"https:\/\/www.fox-foodprocessinginabox.eu\/cs\/wp-json\/wp\/v2\/pages\/2877\/revisions"}],"predecessor-version":[{"id":2879,"href":"https:\/\/www.fox-foodprocessinginabox.eu\/cs\/wp-json\/wp\/v2\/pages\/2877\/revisions\/2879"}],"up":[{"embeddable":true,"href":"https:\/\/www.fox-foodprocessinginabox.eu\/cs\/wp-json\/wp\/v2\/pages\/2861"}],"wp:attachment":[{"href":"https:\/\/www.fox-foodprocessinginabox.eu\/cs\/wp-json\/wp\/v2\/media?parent=2877"}],"curies":[{"name":"wp","href":"https:\/\/api.w.org\/{rel}","templated":true}]}}