{"id":2880,"date":"2020-01-21T14:59:15","date_gmt":"2020-01-21T13:59:15","guid":{"rendered":"http:\/\/www.fox-foodprocessinginabox.eu\/?page_id=2880"},"modified":"2022-05-13T14:54:00","modified_gmt":"2022-05-13T12:54:00","slug":"zdroje","status":"publish","type":"page","link":"https:\/\/www.fox-foodprocessinginabox.eu\/cs\/vyzkum\/zdroje\/","title":{"rendered":"Zdroje"},"content":{"rendered":"<div class=\"fusion-fullwidth fullwidth-box fusion-builder-row-1 nonhundred-percent-fullwidth non-hundred-percent-height-scrolling\" style=\"background-color: rgba(255,255,255,0);background-position: center center;background-repeat: no-repeat;padding-top:0px;padding-right:0px;padding-bottom:0px;padding-left:0px;margin-bottom: 0px;margin-top: 0px;border-width: 0px 0px 0px 0px;border-color:#eae9e9;border-style:solid;\" ><div class=\"fusion-builder-row fusion-row\"><div class=\"fusion-layout-column fusion_builder_column fusion-builder-column-0 fusion_builder_column_1_1 1_1 fusion-one-full fusion-column-first fusion-column-last\" style=\"margin-top:0px;margin-bottom:20px;\"><div class=\"fusion-column-wrapper fusion-flex-column-wrapper-legacy\" style=\"background-position:left top;background-repeat:no-repeat;-webkit-background-size:cover;-moz-background-size:cover;-o-background-size:cover;background-size:cover;padding: 0px 0px 0px 0px;\"><style type=\"text\/css\">#accordion-2880-1 .fusion-panel:hover{ border-color: #e0dede } #accordion-2880-1 .fusion-panel { border-color:#e0dede; }.fusion-accordian  #accordion-2880-1 .panel-title a .fa-fusion-box{ color: #ffffff;}.fusion-accordian  #accordion-2880-1 .panel-title a .fa-fusion-box:before{ font-size: 13px; width: 13px;}.fusion-accordian  #accordion-2880-1 .panel-title a{font-size:26px;line-height:1.5;color:#333333;font-family:\"Antic Slab\";font-weight:400;}.fusion-accordian  #accordion-2880-1 .toggle-content{font-size:15px;color:#000000;font-family:\"PT Sans\";font-weight:400;}.fusion-accordian  #accordion-2880-1 .fa-fusion-box { background-color: #333333;border-color: #333333;}.fusion-accordian  #accordion-2880-1 .panel-title a:not(.active):hover, #accordion-2880-1 .fusion-toggle-boxed-mode:hover .panel-title a { color: #a0ce4e;}.fusion-accordian  #accordion-2880-1 .panel-title .active .fa-fusion-box,.fusion-accordian  #accordion-2880-1 .panel-title a:not(.active):hover .fa-fusion-box { background-color: #a0ce4e!important;border-color: #a0ce4e!important;}<\/style><div class=\"accordian fusion-accordian\"><div class=\"panel-group\" id=\"accordion-2880-1\"><style type=\"text\/css\">.fusion-accordian  #accordion-2880-1 .panel-03bad34a9f6e8e0e6 .panel-title a{}.fusion-accordian  #accordion-2880-1 .panel-03bad34a9f6e8e0e6 .toggle-content{}<\/style><div class=\"fusion-panel panel-default panel-03bad34a9f6e8e0e6\"><div class=\"panel-heading\"><h4 class=\"panel-title toggle\" id=\"toggle_03bad34a9f6e8e0e6\"><a aria-expanded=\"false\" aria-controls=\"03bad34a9f6e8e0e6\" role=\"button\" data-toggle=\"collapse\" data-parent=\"#accordion-2880-1\" data-target=\"#03bad34a9f6e8e0e6\" href=\"#03bad34a9f6e8e0e6\"><span class=\"fusion-toggle-icon-wrapper\" aria-hidden=\"true\"><i class=\"fa-fusion-box active-icon awb-icon-minus\" aria-hidden=\"true\"><\/i><i class=\"fa-fusion-box inactive-icon awb-icon-plus\" aria-hidden=\"true\"><\/i><\/span><span class=\"fusion-toggle-heading\">LET\u00c1K<\/span><\/a><\/h4><\/div><div id=\"03bad34a9f6e8e0e6\" class=\"panel-collapse collapse \" araia-labelledby=\"toggle_03bad34a9f6e8e0e6\"><div class=\"panel-body toggle-content fusion-clearfix\">\n<p><img decoding=\"async\" class=\"lazyload alignnone wp-image-5780\" src=\"data:image\/svg+xml,%3Csvg%20xmlns%3D%27http%3A%2F%2Fwww.w3.org%2F2000%2Fsvg%27%20width%3D%27451%27%20height%3D%27251%27%20viewBox%3D%270%200%20451%20251%27%3E%3Crect%20width%3D%27451%27%20height%3D%27251%27%20fill-opacity%3D%220%22%2F%3E%3C%2Fsvg%3E\" data-orig-src=\"http:\/\/www.fox-foodprocessinginabox.eu\/wp-content\/uploads\/2020\/10\/FOX_Flyer_Box_1-Copy.png\" alt=\"\" width=\"451\" height=\"251\" \/><\/p>\n<p><a href=\"https:\/\/www.fox-foodprocessinginabox.eu\/wp-content\/uploads\/2022\/03\/FOX_Leaflet_01032022.pdf\" target=\"_blank\" rel=\"noopener noreferrer\">St\u00e1hn\u011bte si let\u00e1k FOX zde<\/a><\/p>\n<\/div><\/div><\/div><style type=\"text\/css\">.fusion-accordian  #accordion-2880-1 .panel-13f6808c82a140eeb .panel-title a{}.fusion-accordian  #accordion-2880-1 .panel-13f6808c82a140eeb .toggle-content{}<\/style><div class=\"fusion-panel panel-default panel-13f6808c82a140eeb\"><div class=\"panel-heading\"><h4 class=\"panel-title toggle\" id=\"toggle_13f6808c82a140eeb\"><a aria-expanded=\"false\" aria-controls=\"13f6808c82a140eeb\" role=\"button\" data-toggle=\"collapse\" data-parent=\"#accordion-2880-1\" data-target=\"#13f6808c82a140eeb\" href=\"#13f6808c82a140eeb\"><span class=\"fusion-toggle-icon-wrapper\" aria-hidden=\"true\"><i class=\"fa-fusion-box active-icon awb-icon-minus\" aria-hidden=\"true\"><\/i><i class=\"fa-fusion-box inactive-icon awb-icon-plus\" aria-hidden=\"true\"><\/i><\/span><span class=\"fusion-toggle-heading\">BRO\u017dURA<\/span><\/a><\/h4><\/div><div id=\"13f6808c82a140eeb\" class=\"panel-collapse collapse \" araia-labelledby=\"toggle_13f6808c82a140eeb\"><div class=\"panel-body toggle-content fusion-clearfix\">\n<ul>\n<li>\n<p class=\"title-heading-left fusion-responsive-typography-calculated\" data-fontsize=\"34\" data-lineheight=\"47.6px\"><a href=\"https:\/\/www.fox-foodprocessinginabox.eu\/wp-content\/uploads\/2019\/11\/50-trends-influencing-Europes-food-sector.pdf\" target=\"_blank\" rel=\"noopener noreferrer\">50 trends influencing Europe\u2019s food sector by 2035 &#8211; by Fraunhofer<\/a><\/p>\n<\/li>\n<li><a href=\"https:\/\/www.isi.fraunhofer.de\/content\/dam\/isi\/dokumente\/ccv\/2020\/Fox_Scenario_Brochure.pdf\" target=\"_blank\" rel=\"noopener noreferrer\">FOX Scenario Brochure 2020 &#8211; by Fraunhofer<\/a><\/li>\n<\/ul>\n<\/div><\/div><\/div><style type=\"text\/css\">.fusion-accordian  #accordion-2880-1 .panel-5709c8e536f5e7824 .panel-title a{}.fusion-accordian  #accordion-2880-1 .panel-5709c8e536f5e7824 .toggle-content{}<\/style><div class=\"fusion-panel panel-default panel-5709c8e536f5e7824\"><div class=\"panel-heading\"><h4 class=\"panel-title toggle\" id=\"toggle_5709c8e536f5e7824\"><a aria-expanded=\"false\" aria-controls=\"5709c8e536f5e7824\" role=\"button\" data-toggle=\"collapse\" data-parent=\"#accordion-2880-1\" data-target=\"#5709c8e536f5e7824\" href=\"#5709c8e536f5e7824\"><span class=\"fusion-toggle-icon-wrapper\" aria-hidden=\"true\"><i class=\"fa-fusion-box active-icon awb-icon-minus\" aria-hidden=\"true\"><\/i><i class=\"fa-fusion-box inactive-icon awb-icon-plus\" aria-hidden=\"true\"><\/i><\/span><span class=\"fusion-toggle-heading\">INFOGRAPHICS<\/span><\/a><\/h4><\/div><div id=\"5709c8e536f5e7824\" class=\"panel-collapse collapse \" araia-labelledby=\"toggle_5709c8e536f5e7824\"><div class=\"panel-body toggle-content fusion-clearfix\">\n<p><img decoding=\"async\" class=\"lazyload alignnone wp-image-7053 size-full\" src=\"data:image\/svg+xml,%3Csvg%20xmlns%3D%27http%3A%2F%2Fwww.w3.org%2F2000%2Fsvg%27%20width%3D%275000%27%20height%3D%272813%27%20viewBox%3D%270%200%205000%202813%27%3E%3Crect%20width%3D%275000%27%20height%3D%272813%27%20fill-opacity%3D%220%22%2F%3E%3C%2Fsvg%3E\" data-orig-src=\"http:\/\/www.fox-foodprocessinginabox.eu\/wp-content\/uploads\/2021\/04\/1-final-CZ-300dpi.jpg\" alt=\"\" width=\"5000\" height=\"2813\" \/><\/p>\n<h2 style=\"text-align: center;\"><span style=\"text-decoration: underline;\"><a href=\"http:\/\/www.fox-foodprocessinginabox.eu\/wp-content\/uploads\/2021\/04\/1-final-CZ-300dpi.pdf\" target=\"_blank\" rel=\"noopener noreferrer\">St\u00e1hn\u011bte si infografiku o Potravinov\u00fd kruh 1<\/a><\/span><\/h2>\n<h2 style=\"text-align: center;\"><img decoding=\"async\" class=\"lazyload alignnone size-full wp-image-8143\" style=\"font-size: 16px;\" src=\"data:image\/svg+xml,%3Csvg%20xmlns%3D%27http%3A%2F%2Fwww.w3.org%2F2000%2Fsvg%27%20width%3D%275000%27%20height%3D%272708%27%20viewBox%3D%270%200%205000%202708%27%3E%3Crect%20width%3D%275000%27%20height%3D%272708%27%20fill-opacity%3D%220%22%2F%3E%3C%2Fsvg%3E\" data-orig-src=\"http:\/\/www.fox-foodprocessinginabox.eu\/wp-content\/uploads\/2021\/06\/FC2-final-CZ-300dpi-1.jpg\" alt=\"\" width=\"5000\" height=\"2708\" \/><\/h2>\n<h2 style=\"text-align: center;\"><span style=\"text-decoration: underline;\"><a href=\"http:\/\/www.fox-foodprocessinginabox.eu\/wp-content\/uploads\/2021\/06\/FC2-final-CZ-300dpi.pdf\" target=\"_blank\" rel=\"noopener noreferrer\">St\u00e1hn\u011bte si infografiku o Potravinov\u00fd kruh 2<\/a><\/span><\/h2>\n<p><a href=\"http:\/\/www.fox-foodprocessinginabox.eu\/wp-content\/uploads\/2021\/10\/FC3-CZ.jpg\"><img decoding=\"async\" class=\"lazyload alignnone size-full wp-image-9060\" src=\"data:image\/svg+xml,%3Csvg%20xmlns%3D%27http%3A%2F%2Fwww.w3.org%2F2000%2Fsvg%27%20width%3D%275000%27%20height%3D%272708%27%20viewBox%3D%270%200%205000%202708%27%3E%3Crect%20width%3D%275000%27%20height%3D%272708%27%20fill-opacity%3D%220%22%2F%3E%3C%2Fsvg%3E\" data-orig-src=\"http:\/\/www.fox-foodprocessinginabox.eu\/wp-content\/uploads\/2021\/10\/FC3-CZ.jpg\" alt=\"\" width=\"5000\" height=\"2708\" \/><\/a><\/p>\n<h2 style=\"text-align: center;\"><span style=\"text-decoration: underline;\"><a href=\"http:\/\/www.fox-foodprocessinginabox.eu\/wp-content\/uploads\/2021\/10\/FC3-CZ.pdf\" target=\"_blank\" rel=\"noopener noreferrer\">St\u00e1hn\u011bte si infografiku o Potravinov\u00fd kruh 3<\/a><\/span><\/h2>\n<p><img decoding=\"async\" class=\"lazyload alignnone size-full wp-image-8816\" src=\"data:image\/svg+xml,%3Csvg%20xmlns%3D%27http%3A%2F%2Fwww.w3.org%2F2000%2Fsvg%27%20width%3D%275000%27%20height%3D%272708%27%20viewBox%3D%270%200%205000%202708%27%3E%3Crect%20width%3D%275000%27%20height%3D%272708%27%20fill-opacity%3D%220%22%2F%3E%3C%2Fsvg%3E\" data-orig-src=\"http:\/\/www.fox-foodprocessinginabox.eu\/wp-content\/uploads\/2021\/09\/FC4-CZ.jpg\" alt=\"\" width=\"5000\" height=\"2708\" \/><\/p>\n<h2 style=\"text-align: center;\"><span style=\"text-decoration: underline;\"><a href=\"http:\/\/www.fox-foodprocessinginabox.eu\/wp-content\/uploads\/2021\/06\/FC2-final-CZ-300dpi.pdf\" target=\"_blank\" rel=\"noopener noreferrer\">St\u00e1hn\u011bte si infografiku o Potravinov\u00fd kruh 4<\/a><\/span><\/h2>\n<p><img decoding=\"async\" class=\"lazyload size-full wp-image-5017 aligncenter\" src=\"data:image\/svg+xml,%3Csvg%20xmlns%3D%27http%3A%2F%2Fwww.w3.org%2F2000%2Fsvg%27%20width%3D%271200%27%20height%3D%27601%27%20viewBox%3D%270%200%201200%20601%27%3E%3Crect%20width%3D%271200%27%20height%3D%27601%27%20fill-opacity%3D%220%22%2F%3E%3C%2Fsvg%3E\" data-orig-src=\"http:\/\/www.fox-foodprocessinginabox.eu\/wp-content\/uploads\/2020\/07\/FOX_PEF_EUFIC.png\" alt=\"\" width=\"1200\" height=\"601\" \/><\/p>\n<\/div><\/div><\/div><style type=\"text\/css\">.fusion-accordian  #accordion-2880-1 .panel-570025ee7de091cbb .panel-title a{}.fusion-accordian  #accordion-2880-1 .panel-570025ee7de091cbb .toggle-content{}<\/style><div class=\"fusion-panel panel-default panel-570025ee7de091cbb\"><div class=\"panel-heading\"><h4 class=\"panel-title toggle\" id=\"toggle_570025ee7de091cbb\"><a aria-expanded=\"false\" aria-controls=\"570025ee7de091cbb\" role=\"button\" data-toggle=\"collapse\" data-parent=\"#accordion-2880-1\" data-target=\"#570025ee7de091cbb\" href=\"#570025ee7de091cbb\"><span class=\"fusion-toggle-icon-wrapper\" aria-hidden=\"true\"><i class=\"fa-fusion-box active-icon awb-icon-minus\" aria-hidden=\"true\"><\/i><i class=\"fa-fusion-box inactive-icon awb-icon-plus\" aria-hidden=\"true\"><\/i><\/span><span class=\"fusion-toggle-heading\">FOXLINK<\/span><\/a><\/h4><\/div><div id=\"570025ee7de091cbb\" class=\"panel-collapse collapse \" araia-labelledby=\"toggle_570025ee7de091cbb\"><div class=\"panel-body toggle-content fusion-clearfix\">\n<p>Aplikace FOXLINK bude slou\u017eit jako komunika\u010dn\u00ed platforma mezi samotn\u00fdmi spot\u0159ebiteli, a z\u00e1rove\u0148 mezi spot\u0159ebiteli a dodavateli. Aplikace bude vybavena individualizovan\u00fdmi profily a bude poskytovat informace o v\u00fdrobn\u00edch technologi\u00edch, dopadech na zdrav\u00ed, \u017eivotn\u00edmu prost\u0159ed\u00ed a o \u017eivot\u011b na venkov\u011b v souvislosti s potravinov\u00fdm kruhem.<\/p>\n<p>Aplikace bude k dispozici pro chytr\u00e9 telefony a tablety, propojena s dal\u0161\u00edmi komunika\u010dn\u00edmi kan\u00e1ly, jako je facebook nebo twitter. V\u00fdsledn\u00e1 aplikace bude v jazyc\u00edch v\u0161ech \u0161esti oblast\u00ed potravinov\u00e9ho kruhu (\u010desky, nizozemsky, francouzsky, n\u011bmecky, polsky, \u0161pan\u011blsky).<\/p>\n<p><span style=\"text-decoration: underline;\"><a href=\"https:\/\/foxlink.app\/\">St\u00e1hn\u011bte si aplikaci.<\/a><\/span><\/p>\n<\/div><\/div><\/div><style type=\"text\/css\">.fusion-accordian  #accordion-2880-1 .panel-be56d0d9cbf7dd137 .panel-title a{}.fusion-accordian  #accordion-2880-1 .panel-be56d0d9cbf7dd137 .toggle-content{}<\/style><div class=\"fusion-panel panel-default panel-be56d0d9cbf7dd137\"><div class=\"panel-heading\"><h4 class=\"panel-title toggle\" id=\"toggle_be56d0d9cbf7dd137\"><a aria-expanded=\"false\" aria-controls=\"be56d0d9cbf7dd137\" role=\"button\" data-toggle=\"collapse\" data-parent=\"#accordion-2880-1\" data-target=\"#be56d0d9cbf7dd137\" href=\"#be56d0d9cbf7dd137\"><span class=\"fusion-toggle-icon-wrapper\" aria-hidden=\"true\"><i class=\"fa-fusion-box active-icon awb-icon-minus\" aria-hidden=\"true\"><\/i><i class=\"fa-fusion-box inactive-icon awb-icon-plus\" aria-hidden=\"true\"><\/i><\/span><span class=\"fusion-toggle-heading\">Sada n\u00e1stroj\u016f FOXCOMM<\/span><\/a><\/h4><\/div><div id=\"be56d0d9cbf7dd137\" class=\"panel-collapse collapse \" araia-labelledby=\"toggle_be56d0d9cbf7dd137\"><div class=\"panel-body toggle-content fusion-clearfix\">\n<p>Sada n\u00e1stroj\u016f FOXCOMM poskytne ka\u017ed\u00e9mu partnersk\u00e9mu regionu FOX mo\u017enost maxim\u00e1ln\u00ed diseminace v\u00fdsledk\u016f projektu.<br \/>\nDal\u0161\u00ed informace u\u017e brzy.<\/p>\n<\/div><\/div><\/div><style type=\"text\/css\">.fusion-accordian  #accordion-2880-1 .panel-533ea7b7844355ab5 .panel-title a{}.fusion-accordian  #accordion-2880-1 .panel-533ea7b7844355ab5 .toggle-content{}<\/style><div class=\"fusion-panel panel-default panel-533ea7b7844355ab5\"><div class=\"panel-heading\"><h4 class=\"panel-title toggle\" id=\"toggle_533ea7b7844355ab5\"><a aria-expanded=\"false\" aria-controls=\"533ea7b7844355ab5\" role=\"button\" data-toggle=\"collapse\" data-parent=\"#accordion-2880-1\" data-target=\"#533ea7b7844355ab5\" href=\"#533ea7b7844355ab5\"><span class=\"fusion-toggle-icon-wrapper\" aria-hidden=\"true\"><i class=\"fa-fusion-box active-icon awb-icon-minus\" aria-hidden=\"true\"><\/i><i class=\"fa-fusion-box inactive-icon awb-icon-plus\" aria-hidden=\"true\"><\/i><\/span><span class=\"fusion-toggle-heading\">VIDEA<\/span><\/a><\/h4><\/div><div id=\"533ea7b7844355ab5\" class=\"panel-collapse collapse \" araia-labelledby=\"toggle_533ea7b7844355ab5\"><div class=\"panel-body toggle-content fusion-clearfix\">\n<p class=\"title style-scope ytd-video-primary-info-renderer\">Dried fruit and vegetable snacks &#8211; Low-temperature drying methods at SGGW<\/p>\n<p><iframe title=\"YouTube video player\" src=\"https:\/\/www.youtube.com\/embed\/dHb1OgEN1QQ\" width=\"560\" height=\"315\" frameborder=\"0\" allowfullscreen=\"allowfullscreen\"><\/iframe><\/p>\n<p class=\"entry-title fusion-responsive-typography-calculated\" data-fontsize=\"18\" data-lineheight=\"normal\">Food Circle 3 virtual container unit<\/p>\n<p><iframe title=\"YouTube video player\" src=\"https:\/\/www.youtube.com\/embed\/DmgCApXSpHk\" width=\"560\" height=\"315\" frameborder=\"0\" allowfullscreen=\"allowfullscreen\"><\/iframe><\/p>\n<p class=\"title style-scope ytd-video-primary-info-renderer\">Behind the scenes of FOX partner KOB<\/p>\n<p><iframe title=\"YouTube video player\" src=\"https:\/\/www.youtube.com\/embed\/xj6pYt0rCgs\" width=\"560\" height=\"315\" frameborder=\"0\" allowfullscreen=\"allowfullscreen\"><\/iframe><\/p>\n<p class=\"title style-scope ytd-video-primary-info-renderer\">Future scenarios and LCA in the food and agricultural sector &#8211; FOX at the LCA event<\/p>\n<p class=\"title style-scope ytd-video-primary-info-renderer\"><iframe title=\"YouTube video player\" src=\"https:\/\/www.youtube.com\/embed\/dmx3wVUeGP8\" width=\"560\" height=\"315\" frameborder=\"0\" allowfullscreen=\"allowfullscreen\"><\/iframe><\/p>\n<\/div><\/div><\/div><\/div><\/div><div class=\"fusion-clearfix\"><\/div><\/div><\/div><\/div><\/div>\n","protected":false},"excerpt":{"rendered":"","protected":false},"author":2,"featured_media":0,"parent":2861,"menu_order":0,"comment_status":"closed","ping_status":"closed","template":"","meta":{"footnotes":""},"class_list":["post-2880","page","type-page","status-publish","hentry"],"yoast_head":"<!-- This site is optimized with the Yoast SEO plugin v26.4 - https:\/\/yoast.com\/wordpress\/plugins\/seo\/ -->\n<title>Zdroje - FOX<\/title>\n<meta name=\"robots\" content=\"index, follow, max-snippet:-1, max-image-preview:large, max-video-preview:-1\" \/>\n<link rel=\"canonical\" href=\"https:\/\/www.fox-foodprocessinginabox.eu\/cs\/vyzkum\/zdroje\/\" \/>\n<meta property=\"og:locale\" content=\"cs_CZ\" \/>\n<meta property=\"og:type\" content=\"article\" \/>\n<meta property=\"og:title\" content=\"Zdroje - FOX\" \/>\n<meta property=\"og:url\" content=\"https:\/\/www.fox-foodprocessinginabox.eu\/cs\/vyzkum\/zdroje\/\" \/>\n<meta property=\"og:site_name\" content=\"FOX\" \/>\n<meta property=\"article:modified_time\" content=\"2022-05-13T12:54:00+00:00\" \/>\n<meta property=\"og:image\" content=\"http:\/\/www.fox-foodprocessinginabox.eu\/wp-content\/uploads\/2020\/10\/FOX_Flyer_Box_1-Copy.png\" \/>\n<meta name=\"twitter:card\" content=\"summary_large_image\" \/>\n<meta name=\"twitter:label1\" content=\"Odhadovan\u00e1 doba \u010dten\u00ed\" \/>\n\t<meta name=\"twitter:data1\" content=\"3 minuty\" \/>\n<script type=\"application\/ld+json\" class=\"yoast-schema-graph\">{\"@context\":\"https:\/\/schema.org\",\"@graph\":[{\"@type\":\"WebPage\",\"@id\":\"https:\/\/www.fox-foodprocessinginabox.eu\/cs\/vyzkum\/zdroje\/\",\"url\":\"https:\/\/www.fox-foodprocessinginabox.eu\/cs\/vyzkum\/zdroje\/\",\"name\":\"Zdroje - FOX\",\"isPartOf\":{\"@id\":\"https:\/\/www.fox-foodprocessinginabox.eu\/cs\/#website\"},\"primaryImageOfPage\":{\"@id\":\"https:\/\/www.fox-foodprocessinginabox.eu\/cs\/vyzkum\/zdroje\/#primaryimage\"},\"image\":{\"@id\":\"https:\/\/www.fox-foodprocessinginabox.eu\/cs\/vyzkum\/zdroje\/#primaryimage\"},\"thumbnailUrl\":\"http:\/\/www.fox-foodprocessinginabox.eu\/wp-content\/uploads\/2020\/10\/FOX_Flyer_Box_1-Copy.png\",\"datePublished\":\"2020-01-21T13:59:15+00:00\",\"dateModified\":\"2022-05-13T12:54:00+00:00\",\"breadcrumb\":{\"@id\":\"https:\/\/www.fox-foodprocessinginabox.eu\/cs\/vyzkum\/zdroje\/#breadcrumb\"},\"inLanguage\":\"cs\",\"potentialAction\":[{\"@type\":\"ReadAction\",\"target\":[\"https:\/\/www.fox-foodprocessinginabox.eu\/cs\/vyzkum\/zdroje\/\"]}]},{\"@type\":\"ImageObject\",\"inLanguage\":\"cs\",\"@id\":\"https:\/\/www.fox-foodprocessinginabox.eu\/cs\/vyzkum\/zdroje\/#primaryimage\",\"url\":\"http:\/\/www.fox-foodprocessinginabox.eu\/wp-content\/uploads\/2020\/10\/FOX_Flyer_Box_1-Copy.png\",\"contentUrl\":\"http:\/\/www.fox-foodprocessinginabox.eu\/wp-content\/uploads\/2020\/10\/FOX_Flyer_Box_1-Copy.png\"},{\"@type\":\"BreadcrumbList\",\"@id\":\"https:\/\/www.fox-foodprocessinginabox.eu\/cs\/vyzkum\/zdroje\/#breadcrumb\",\"itemListElement\":[{\"@type\":\"ListItem\",\"position\":1,\"name\":\"Home\",\"item\":\"https:\/\/www.fox-foodprocessinginabox.eu\/cs\/\"},{\"@type\":\"ListItem\",\"position\":2,\"name\":\"V\u00fdzkum\",\"item\":\"https:\/\/www.fox-foodprocessinginabox.eu\/cs\/vyzkum\/\"},{\"@type\":\"ListItem\",\"position\":3,\"name\":\"Zdroje\"}]},{\"@type\":\"WebSite\",\"@id\":\"https:\/\/www.fox-foodprocessinginabox.eu\/cs\/#website\",\"url\":\"https:\/\/www.fox-foodprocessinginabox.eu\/cs\/\",\"name\":\"FOX\",\"description\":\"Food processing in a Box\",\"potentialAction\":[{\"@type\":\"SearchAction\",\"target\":{\"@type\":\"EntryPoint\",\"urlTemplate\":\"https:\/\/www.fox-foodprocessinginabox.eu\/cs\/?s={search_term_string}\"},\"query-input\":{\"@type\":\"PropertyValueSpecification\",\"valueRequired\":true,\"valueName\":\"search_term_string\"}}],\"inLanguage\":\"cs\"}]}<\/script>\n<!-- \/ Yoast SEO plugin. -->","yoast_head_json":{"title":"Zdroje - FOX","robots":{"index":"index","follow":"follow","max-snippet":"max-snippet:-1","max-image-preview":"max-image-preview:large","max-video-preview":"max-video-preview:-1"},"canonical":"https:\/\/www.fox-foodprocessinginabox.eu\/cs\/vyzkum\/zdroje\/","og_locale":"cs_CZ","og_type":"article","og_title":"Zdroje - FOX","og_url":"https:\/\/www.fox-foodprocessinginabox.eu\/cs\/vyzkum\/zdroje\/","og_site_name":"FOX","article_modified_time":"2022-05-13T12:54:00+00:00","og_image":[{"url":"http:\/\/www.fox-foodprocessinginabox.eu\/wp-content\/uploads\/2020\/10\/FOX_Flyer_Box_1-Copy.png","type":"","width":"","height":""}],"twitter_card":"summary_large_image","twitter_misc":{"Odhadovan\u00e1 doba \u010dten\u00ed":"3 minuty"},"schema":{"@context":"https:\/\/schema.org","@graph":[{"@type":"WebPage","@id":"https:\/\/www.fox-foodprocessinginabox.eu\/cs\/vyzkum\/zdroje\/","url":"https:\/\/www.fox-foodprocessinginabox.eu\/cs\/vyzkum\/zdroje\/","name":"Zdroje - FOX","isPartOf":{"@id":"https:\/\/www.fox-foodprocessinginabox.eu\/cs\/#website"},"primaryImageOfPage":{"@id":"https:\/\/www.fox-foodprocessinginabox.eu\/cs\/vyzkum\/zdroje\/#primaryimage"},"image":{"@id":"https:\/\/www.fox-foodprocessinginabox.eu\/cs\/vyzkum\/zdroje\/#primaryimage"},"thumbnailUrl":"http:\/\/www.fox-foodprocessinginabox.eu\/wp-content\/uploads\/2020\/10\/FOX_Flyer_Box_1-Copy.png","datePublished":"2020-01-21T13:59:15+00:00","dateModified":"2022-05-13T12:54:00+00:00","breadcrumb":{"@id":"https:\/\/www.fox-foodprocessinginabox.eu\/cs\/vyzkum\/zdroje\/#breadcrumb"},"inLanguage":"cs","potentialAction":[{"@type":"ReadAction","target":["https:\/\/www.fox-foodprocessinginabox.eu\/cs\/vyzkum\/zdroje\/"]}]},{"@type":"ImageObject","inLanguage":"cs","@id":"https:\/\/www.fox-foodprocessinginabox.eu\/cs\/vyzkum\/zdroje\/#primaryimage","url":"http:\/\/www.fox-foodprocessinginabox.eu\/wp-content\/uploads\/2020\/10\/FOX_Flyer_Box_1-Copy.png","contentUrl":"http:\/\/www.fox-foodprocessinginabox.eu\/wp-content\/uploads\/2020\/10\/FOX_Flyer_Box_1-Copy.png"},{"@type":"BreadcrumbList","@id":"https:\/\/www.fox-foodprocessinginabox.eu\/cs\/vyzkum\/zdroje\/#breadcrumb","itemListElement":[{"@type":"ListItem","position":1,"name":"Home","item":"https:\/\/www.fox-foodprocessinginabox.eu\/cs\/"},{"@type":"ListItem","position":2,"name":"V\u00fdzkum","item":"https:\/\/www.fox-foodprocessinginabox.eu\/cs\/vyzkum\/"},{"@type":"ListItem","position":3,"name":"Zdroje"}]},{"@type":"WebSite","@id":"https:\/\/www.fox-foodprocessinginabox.eu\/cs\/#website","url":"https:\/\/www.fox-foodprocessinginabox.eu\/cs\/","name":"FOX","description":"Food processing in a Box","potentialAction":[{"@type":"SearchAction","target":{"@type":"EntryPoint","urlTemplate":"https:\/\/www.fox-foodprocessinginabox.eu\/cs\/?s={search_term_string}"},"query-input":{"@type":"PropertyValueSpecification","valueRequired":true,"valueName":"search_term_string"}}],"inLanguage":"cs"}]}},"_links":{"self":[{"href":"https:\/\/www.fox-foodprocessinginabox.eu\/cs\/wp-json\/wp\/v2\/pages\/2880","targetHints":{"allow":["GET"]}}],"collection":[{"href":"https:\/\/www.fox-foodprocessinginabox.eu\/cs\/wp-json\/wp\/v2\/pages"}],"about":[{"href":"https:\/\/www.fox-foodprocessinginabox.eu\/cs\/wp-json\/wp\/v2\/types\/page"}],"author":[{"embeddable":true,"href":"https:\/\/www.fox-foodprocessinginabox.eu\/cs\/wp-json\/wp\/v2\/users\/2"}],"replies":[{"embeddable":true,"href":"https:\/\/www.fox-foodprocessinginabox.eu\/cs\/wp-json\/wp\/v2\/comments?post=2880"}],"version-history":[{"count":13,"href":"https:\/\/www.fox-foodprocessinginabox.eu\/cs\/wp-json\/wp\/v2\/pages\/2880\/revisions"}],"predecessor-version":[{"id":11585,"href":"https:\/\/www.fox-foodprocessinginabox.eu\/cs\/wp-json\/wp\/v2\/pages\/2880\/revisions\/11585"}],"up":[{"embeddable":true,"href":"https:\/\/www.fox-foodprocessinginabox.eu\/cs\/wp-json\/wp\/v2\/pages\/2861"}],"wp:attachment":[{"href":"https:\/\/www.fox-foodprocessinginabox.eu\/cs\/wp-json\/wp\/v2\/media?parent=2880"}],"curies":[{"name":"wp","href":"https:\/\/api.w.org\/{rel}","templated":true}]}}