{"id":2886,"date":"2020-01-21T15:15:41","date_gmt":"2020-01-21T14:15:41","guid":{"rendered":"http:\/\/www.fox-foodprocessinginabox.eu\/?page_id=2886"},"modified":"2020-01-21T15:15:41","modified_gmt":"2020-01-21T14:15:41","slug":"prohlaseni-o-zasadach-ochrany-osobnich-udaju","status":"publish","type":"page","link":"https:\/\/www.fox-foodprocessinginabox.eu\/cs\/prohlaseni-o-zasadach-ochrany-osobnich-udaju\/","title":{"rendered":"Prohl\u00e1\u0161en\u00ed o z\u00e1sad\u00e1ch ochrany osobn\u00edch \u00fadaj\u016f"},"content":{"rendered":"<div class=\"fusion-fullwidth fullwidth-box fusion-builder-row-1 nonhundred-percent-fullwidth non-hundred-percent-height-scrolling\" style=\"background-color: rgba(255,255,255,0);background-position: center center;background-repeat: no-repeat;padding-top:0px;padding-right:0px;padding-bottom:0px;padding-left:0px;margin-bottom: 0px;margin-top: 0px;border-width: 0px 0px 0px 0px;border-color:#eae9e9;border-style:solid;\" ><div class=\"fusion-builder-row fusion-row\"><div class=\"fusion-layout-column fusion_builder_column fusion-builder-column-0 fusion_builder_column_1_1 1_1 fusion-one-full fusion-column-first fusion-column-last\" style=\"margin-top:0px;margin-bottom:20px;\"><div class=\"fusion-column-wrapper fusion-flex-column-wrapper-legacy\" style=\"background-position:left top;background-repeat:no-repeat;-webkit-background-size:cover;-moz-background-size:cover;-o-background-size:cover;background-size:cover;padding: 0px 0px 0px 0px;\"><div class=\"fusion-text fusion-text-1\"><h1><strong>Prohl\u00e1\u0161en\u00ed o z\u00e1sad\u00e1ch ochrany osobn\u00edch \u00fadaj\u016f<\/strong><\/h1>\n<h2><strong>\u00a0<\/strong><strong>Fox &#8211; Zpracov\u00e1n\u00ed potravin v krabici<\/strong><\/h2>\n<ol>\n<li><strong>Jak\u00e9 (typy) osobn\u00edch \u00fadaj\u016f budou shrom\u00e1\u017ed\u011bny?<\/strong><\/li>\n<\/ol>\n<p>Druhy \u00fadaj\u016f, v\u010detn\u011b osobn\u00edch \u00fadaj\u016f, kter\u00e9 mohou b\u00fdt zpracov\u00e1ny, jsou n\u00e1sleduj\u00edc\u00ed:<\/p>\n<ul>\n<li>jednotliv\u00e9 jm\u00e9no a p\u0159\u00edjmen\u00ed,<\/li>\n<li>n\u00e1zev organizace,<\/li>\n<li>u\u017eivatelsk\u00e9 jm\u00e9no a heslo,<\/li>\n<li>e-mailov\u00e1 adresa,<\/li>\n<li>pohlav\u00ed<\/li>\n<li>Twitter zpr\u00e1vy, n\u00e1zory, koment\u00e1\u0159e, obr\u00e1zky, videa<\/li>\n<li>IP adresa, podrobnosti o prohl\u00ed\u017ee\u010di, informace o za\u0159\u00edzen\u00ed<\/li>\n<\/ul>\n<ol>\n<li><strong>Pro jak\u00e9 \u00fa\u010dely budou osobn\u00ed \u00fadaje pou\u017eity?<\/strong><\/li>\n<\/ol>\n<p>Sb\u011br a n\u00e1sledn\u00e9 zpracov\u00e1n\u00ed osobn\u00edch \u00fadaj\u016f je nezbytn\u00e9 pro tyto \u00fa\u010dely:<\/p>\n<ul>\n<li>k aktualizaci obsahu na webov\u00fdch str\u00e1nk\u00e1ch FOX a\/nebo platform\u00e1ch soci\u00e1ln\u00edch medi\u00edch FOX<\/li>\n<li>k zas\u00edl\u00e1n\u00ed na\u0161ich obecn\u00fdch novinek (newsletteru)<\/li>\n<li>k zas\u00edl\u00e1n\u00ed specifick\u00fdch informac\u00ed t\u00fdkaj\u00edc\u00edch se \u010dlenstv\u00ed v IG-SSFP<\/li>\n<li>k umo\u017en\u011bn\u00ed interakce na webov\u00e9 str\u00e1nce (tj. koment\u00e1\u0159e, funkce sd\u00edlen\u00ed)<\/li>\n<li>ke snadn\u011bj\u0161\u00ed komunikaci s V\u00e1mi<\/li>\n<\/ul>\n<ol start=\"3\">\n<li><strong> Jak\u00fd je pr\u00e1vn\u00ed z\u00e1klad pro zpracov\u00e1n\u00ed?<\/strong><\/li>\n<\/ol>\n<p>Subjekty \u00fadaj\u016f jsou vyzv\u00e1ny k poskytnut\u00ed osobn\u00edch informac\u00ed prost\u0159ednictv\u00edm online formul\u00e1\u0159e.<\/p>\n<p>Pr\u00e1vn\u00edm z\u00e1kladem pro zpracov\u00e1n\u00ed je souhlas.<\/p>\n<p>Sv\u016fj souhlas m\u016f\u017eete kdykoli odvolat zasl\u00e1n\u00edm p\u00edsemn\u00e9 \u017e\u00e1dosti na n\u00e1sleduj\u00edc\u00ed adresu: <a href=\"mailto:info@fox-foodprocessinginabox.eu\">info@fox-foodprocessinginabox.eu<\/a><\/p>\n<ol>\n<li><strong>Kdo je zodpov\u011bdn\u00fd za zpracov\u00e1n\u00ed dat?<\/strong><\/li>\n<\/ol>\n<p>Kontrolu zpracov\u00e1n\u00ed prov\u00e1d\u00ed koordin\u00e1tor projektu FOX, kter\u00fdm je DIL Deutsches Institut f\u00fcr Lebensmitteltechnik e.V.<\/p>\n<ol>\n<li><strong>Kdo je p\u0159\u00edjemcem osobn\u00edch \u00fadaj\u016f?<\/strong><\/li>\n<\/ol>\n<p>Osobn\u00ed \u00fadaje bude zpracov\u00e1vat pouze partner projektu EUFIC, kter\u00fd bude jednat jako zpracovatel \u00fadaj\u016f.<\/p>\n<ol>\n<li><strong>Interakce soci\u00e1ln\u00edch m\u00e9di\u00ed<\/strong><\/li>\n<\/ol>\n<p>Webov\u00e9 str\u00e1nky FOX integruj\u00ed interakce soci\u00e1ln\u00edch medi\u00ed, na jejich\u017e platform\u00e1ch je umo\u017en\u011bno sd\u00edlen\u00ed obsahu FOX, stejn\u011b tak i dal\u0161\u00ed souvisej\u00edc\u00ed akce. Takov\u00fdmto zp\u016fsobem mohou b\u00fdt Va\u0161e osobn\u00ed data sd\u00edlena s \u0161ir\u0161\u00ed c\u00edlovou skupinou, v\u010detn\u011b, v n\u011bkter\u00fdch p\u0159\u00edpadech, t\u011bch, kte\u0159\u00ed nejsou p\u0159ihl\u00e1\u0161eni k vybran\u00fdm soci\u00e1ln\u00edm m\u00e9di\u00edm.<\/p>\n<p>Platn\u00e1 ustanoven\u00ed o ochran\u011b \u00fadaj\u016f v soci\u00e1ln\u00edch m\u00e9di\u00edch, kter\u00e1 jsou integrov\u00e1na na internetov\u00fdch str\u00e1nk\u00e1ch FOX, m\u016f\u017eete naj\u00edt kliknut\u00edm na tyto odkazy:<\/p>\n<ul>\n<li><a href=\"https:\/\/www.facebook.com\/about\/privacy\/;\">Facebook<\/a><\/li>\n<li><a href=\"https:\/\/help.instagram.com\/519522125107875\">Instagram<\/a><\/li>\n<li><a href=\"https:\/\/twitter.com\/privacy?lang=en;\">Twitter<\/a><\/li>\n<li><a href=\"https:\/\/www.linkedin.com\/legal\/privacy-policy;\">LinkedIn<\/a><\/li>\n<li><a href=\"https:\/\/www.reddit.com\/\">Reddit<\/a><\/li>\n<li><a href=\"https:\/\/policies.google.com\/privacy?hl=en\">Google +<\/a><\/li>\n<li><a href=\"https:\/\/www.tumblr.com\/privacy\">Tumblr<\/a><\/li>\n<li>Pinterest<\/li>\n<li>VK<\/li>\n<li><a href=\"https:\/\/www.whatsapp.com\/legal\/\">WhatsApp<\/a><\/li>\n<\/ul>\n<ol>\n<li><strong>Budou osobn\u00ed \u00fadaje p\u0159evedeny do zem\u00ed mimo Evropsk\u00fd hospod\u00e1\u0159sk\u00fd prostor bez odpov\u00eddaj\u00edc\u00ed \u00farovn\u011b v oblasti ochrany \u00fadaj\u016f?<\/strong><\/li>\n<\/ol>\n<p>Shroma\u017e\u010fov\u00e1n\u00ed a \u010d\u00e1st zpracov\u00e1n\u00ed osobn\u00edch \u00fadaj\u016f se prov\u00e1d\u00ed prost\u0159ednictv\u00edm MailChimp platformy, kterou poskytuje americk\u00e1 spole\u010dnost Rocket Science Group LLC. Podle z\u00e1kona jsou p\u0159ijata p\u0159im\u011b\u0159en\u00e1 ochrann\u00e1 opat\u0159en\u00ed (SCCs, Privacy Shield).<\/p>\n<ol>\n<li><strong>Jak dlouho budou osobn\u00ed \u00fadaje ulo\u017eeny?<\/strong><\/li>\n<\/ol>\n<p>V\u0161echny \u00fadaje budou vymaz\u00e1ny na konci projektu FOX (listopad 2023).<\/p>\n<ol>\n<li><strong>Jak budou osobn\u00ed \u00fadaje chr\u00e1n\u011bny?<\/strong><\/li>\n<\/ol>\n<p>Informace jsou ulo\u017eeny na serveru chr\u00e1n\u011bn\u00e9m heslem. K informac\u00edm maj\u00ed p\u0159\u00edstup pouze opr\u00e1vn\u011bn\u00ed u\u017eivatel\u00e9.<\/p>\n<ol>\n<li><strong>Koho mohu kontaktovat v p\u0159\u00edpad\u011b dotazu nebo st\u00ed\u017enosti?<\/strong><\/li>\n<\/ol>\n<h2><strong>Koordin\u00e1tor projektu: DIL Deutsches Institut f\u00fcr Lebensmitteltechnik e. V.<\/strong><\/h2>\n<p><strong>Dr. Kerstin Liklanann:<\/strong> <a href=\"mailto:K.Lienemann@dil-ev.de\">\u00a0K.Lienemann@dil-ev.de<\/a><\/p>\n<h2><strong>Partner projektu:<\/strong> <strong>EUFIC<\/strong><\/h2>\n<p><strong>Raymond Gemen<\/strong><strong>:<\/strong><a href=\"mailto:%20raymond.gemen@eufic.org\"> raymond.gemen@eufic.org<\/a><\/p>\n<\/div><div class=\"fusion-clearfix\"><\/div><\/div><\/div><\/div><\/div>\n","protected":false},"excerpt":{"rendered":"","protected":false},"author":2,"featured_media":0,"parent":0,"menu_order":0,"comment_status":"closed","ping_status":"closed","template":"","meta":{"footnotes":""},"class_list":["post-2886","page","type-page","status-publish","hentry"],"yoast_head":"<!-- This site is optimized with the Yoast SEO plugin v26.4 - https:\/\/yoast.com\/wordpress\/plugins\/seo\/ -->\n<title>Prohl\u00e1\u0161en\u00ed o z\u00e1sad\u00e1ch ochrany osobn\u00edch \u00fadaj\u016f - FOX<\/title>\n<meta name=\"robots\" content=\"index, follow, max-snippet:-1, max-image-preview:large, max-video-preview:-1\" \/>\n<link rel=\"canonical\" href=\"https:\/\/www.fox-foodprocessinginabox.eu\/cs\/prohlaseni-o-zasadach-ochrany-osobnich-udaju\/\" \/>\n<meta property=\"og:locale\" content=\"cs_CZ\" \/>\n<meta property=\"og:type\" content=\"article\" \/>\n<meta property=\"og:title\" content=\"Prohl\u00e1\u0161en\u00ed o z\u00e1sad\u00e1ch ochrany osobn\u00edch \u00fadaj\u016f - FOX\" \/>\n<meta property=\"og:url\" content=\"https:\/\/www.fox-foodprocessinginabox.eu\/cs\/prohlaseni-o-zasadach-ochrany-osobnich-udaju\/\" \/>\n<meta property=\"og:site_name\" content=\"FOX\" \/>\n<meta name=\"twitter:card\" content=\"summary_large_image\" \/>\n<meta name=\"twitter:label1\" content=\"Odhadovan\u00e1 doba \u010dten\u00ed\" \/>\n\t<meta name=\"twitter:data1\" content=\"4 minuty\" \/>\n<script type=\"application\/ld+json\" class=\"yoast-schema-graph\">{\"@context\":\"https:\/\/schema.org\",\"@graph\":[{\"@type\":\"WebPage\",\"@id\":\"https:\/\/www.fox-foodprocessinginabox.eu\/cs\/prohlaseni-o-zasadach-ochrany-osobnich-udaju\/\",\"url\":\"https:\/\/www.fox-foodprocessinginabox.eu\/cs\/prohlaseni-o-zasadach-ochrany-osobnich-udaju\/\",\"name\":\"Prohl\u00e1\u0161en\u00ed o z\u00e1sad\u00e1ch ochrany osobn\u00edch \u00fadaj\u016f - FOX\",\"isPartOf\":{\"@id\":\"https:\/\/www.fox-foodprocessinginabox.eu\/cs\/#website\"},\"datePublished\":\"2020-01-21T14:15:41+00:00\",\"breadcrumb\":{\"@id\":\"https:\/\/www.fox-foodprocessinginabox.eu\/cs\/prohlaseni-o-zasadach-ochrany-osobnich-udaju\/#breadcrumb\"},\"inLanguage\":\"cs\",\"potentialAction\":[{\"@type\":\"ReadAction\",\"target\":[\"https:\/\/www.fox-foodprocessinginabox.eu\/cs\/prohlaseni-o-zasadach-ochrany-osobnich-udaju\/\"]}]},{\"@type\":\"BreadcrumbList\",\"@id\":\"https:\/\/www.fox-foodprocessinginabox.eu\/cs\/prohlaseni-o-zasadach-ochrany-osobnich-udaju\/#breadcrumb\",\"itemListElement\":[{\"@type\":\"ListItem\",\"position\":1,\"name\":\"Home\",\"item\":\"https:\/\/www.fox-foodprocessinginabox.eu\/cs\/\"},{\"@type\":\"ListItem\",\"position\":2,\"name\":\"Prohl\u00e1\u0161en\u00ed o z\u00e1sad\u00e1ch ochrany osobn\u00edch \u00fadaj\u016f\"}]},{\"@type\":\"WebSite\",\"@id\":\"https:\/\/www.fox-foodprocessinginabox.eu\/cs\/#website\",\"url\":\"https:\/\/www.fox-foodprocessinginabox.eu\/cs\/\",\"name\":\"FOX\",\"description\":\"Food processing in a Box\",\"potentialAction\":[{\"@type\":\"SearchAction\",\"target\":{\"@type\":\"EntryPoint\",\"urlTemplate\":\"https:\/\/www.fox-foodprocessinginabox.eu\/cs\/?s={search_term_string}\"},\"query-input\":{\"@type\":\"PropertyValueSpecification\",\"valueRequired\":true,\"valueName\":\"search_term_string\"}}],\"inLanguage\":\"cs\"}]}<\/script>\n<!-- \/ Yoast SEO plugin. -->","yoast_head_json":{"title":"Prohl\u00e1\u0161en\u00ed o z\u00e1sad\u00e1ch ochrany osobn\u00edch \u00fadaj\u016f - FOX","robots":{"index":"index","follow":"follow","max-snippet":"max-snippet:-1","max-image-preview":"max-image-preview:large","max-video-preview":"max-video-preview:-1"},"canonical":"https:\/\/www.fox-foodprocessinginabox.eu\/cs\/prohlaseni-o-zasadach-ochrany-osobnich-udaju\/","og_locale":"cs_CZ","og_type":"article","og_title":"Prohl\u00e1\u0161en\u00ed o z\u00e1sad\u00e1ch ochrany osobn\u00edch \u00fadaj\u016f - FOX","og_url":"https:\/\/www.fox-foodprocessinginabox.eu\/cs\/prohlaseni-o-zasadach-ochrany-osobnich-udaju\/","og_site_name":"FOX","twitter_card":"summary_large_image","twitter_misc":{"Odhadovan\u00e1 doba \u010dten\u00ed":"4 minuty"},"schema":{"@context":"https:\/\/schema.org","@graph":[{"@type":"WebPage","@id":"https:\/\/www.fox-foodprocessinginabox.eu\/cs\/prohlaseni-o-zasadach-ochrany-osobnich-udaju\/","url":"https:\/\/www.fox-foodprocessinginabox.eu\/cs\/prohlaseni-o-zasadach-ochrany-osobnich-udaju\/","name":"Prohl\u00e1\u0161en\u00ed o z\u00e1sad\u00e1ch ochrany osobn\u00edch \u00fadaj\u016f - FOX","isPartOf":{"@id":"https:\/\/www.fox-foodprocessinginabox.eu\/cs\/#website"},"datePublished":"2020-01-21T14:15:41+00:00","breadcrumb":{"@id":"https:\/\/www.fox-foodprocessinginabox.eu\/cs\/prohlaseni-o-zasadach-ochrany-osobnich-udaju\/#breadcrumb"},"inLanguage":"cs","potentialAction":[{"@type":"ReadAction","target":["https:\/\/www.fox-foodprocessinginabox.eu\/cs\/prohlaseni-o-zasadach-ochrany-osobnich-udaju\/"]}]},{"@type":"BreadcrumbList","@id":"https:\/\/www.fox-foodprocessinginabox.eu\/cs\/prohlaseni-o-zasadach-ochrany-osobnich-udaju\/#breadcrumb","itemListElement":[{"@type":"ListItem","position":1,"name":"Home","item":"https:\/\/www.fox-foodprocessinginabox.eu\/cs\/"},{"@type":"ListItem","position":2,"name":"Prohl\u00e1\u0161en\u00ed o z\u00e1sad\u00e1ch ochrany osobn\u00edch \u00fadaj\u016f"}]},{"@type":"WebSite","@id":"https:\/\/www.fox-foodprocessinginabox.eu\/cs\/#website","url":"https:\/\/www.fox-foodprocessinginabox.eu\/cs\/","name":"FOX","description":"Food processing in a Box","potentialAction":[{"@type":"SearchAction","target":{"@type":"EntryPoint","urlTemplate":"https:\/\/www.fox-foodprocessinginabox.eu\/cs\/?s={search_term_string}"},"query-input":{"@type":"PropertyValueSpecification","valueRequired":true,"valueName":"search_term_string"}}],"inLanguage":"cs"}]}},"_links":{"self":[{"href":"https:\/\/www.fox-foodprocessinginabox.eu\/cs\/wp-json\/wp\/v2\/pages\/2886","targetHints":{"allow":["GET"]}}],"collection":[{"href":"https:\/\/www.fox-foodprocessinginabox.eu\/cs\/wp-json\/wp\/v2\/pages"}],"about":[{"href":"https:\/\/www.fox-foodprocessinginabox.eu\/cs\/wp-json\/wp\/v2\/types\/page"}],"author":[{"embeddable":true,"href":"https:\/\/www.fox-foodprocessinginabox.eu\/cs\/wp-json\/wp\/v2\/users\/2"}],"replies":[{"embeddable":true,"href":"https:\/\/www.fox-foodprocessinginabox.eu\/cs\/wp-json\/wp\/v2\/comments?post=2886"}],"version-history":[{"count":2,"href":"https:\/\/www.fox-foodprocessinginabox.eu\/cs\/wp-json\/wp\/v2\/pages\/2886\/revisions"}],"predecessor-version":[{"id":2888,"href":"https:\/\/www.fox-foodprocessinginabox.eu\/cs\/wp-json\/wp\/v2\/pages\/2886\/revisions\/2888"}],"wp:attachment":[{"href":"https:\/\/www.fox-foodprocessinginabox.eu\/cs\/wp-json\/wp\/v2\/media?parent=2886"}],"curies":[{"name":"wp","href":"https:\/\/api.w.org\/{rel}","templated":true}]}}