{"id":2061,"date":"2019-12-19T13:02:57","date_gmt":"2019-12-19T12:02:57","guid":{"rendered":"http:\/\/www.fox-foodprocessinginabox.eu\/?page_id=2061"},"modified":"2021-03-30T22:46:23","modified_gmt":"2021-03-30T20:46:23","slug":"faq","status":"publish","type":"page","link":"https:\/\/www.fox-foodprocessinginabox.eu\/de\/faq\/","title":{"rendered":"FOX H\u00e4ufig gestellte Fragen (FAQ)"},"content":{"rendered":"<div class=\"fusion-fullwidth fullwidth-box fusion-builder-row-1 nonhundred-percent-fullwidth non-hundred-percent-height-scrolling\" style=\"background-color: rgba(255,255,255,0);background-position: center center;background-repeat: no-repeat;padding-top:0px;padding-right:0px;padding-bottom:0px;padding-left:0px;margin-bottom: 0px;margin-top: 0px;border-width: 0px 0px 0px 0px;border-color:#eae9e9;border-style:solid;\" ><div class=\"fusion-builder-row fusion-row\"><div class=\"fusion-layout-column fusion_builder_column fusion-builder-column-0 fusion_builder_column_1_1 1_1 fusion-one-full fusion-column-first fusion-column-last\" style=\"margin-top:0px;margin-bottom:20px;\"><div class=\"fusion-column-wrapper fusion-flex-column-wrapper-legacy\" style=\"background-position:left top;background-repeat:no-repeat;-webkit-background-size:cover;-moz-background-size:cover;-o-background-size:cover;background-size:cover;padding: 0px 0px 0px 0px;\"><style type=\"text\/css\">#accordion-2061-1 .fusion-panel:hover{ border-color: #e0dede } #accordion-2061-1 .fusion-panel { border-color:#e0dede; }.fusion-accordian  #accordion-2061-1 .panel-title a .fa-fusion-box{ color: #ffffff;}.fusion-accordian  #accordion-2061-1 .panel-title a .fa-fusion-box:before{ font-size: 13px; width: 13px;}.fusion-accordian  #accordion-2061-1 .panel-title a{line-height:1.5;color:#333333;font-family:\"Antic Slab\";font-weight:400;}.fusion-accordian  #accordion-2061-1 .toggle-content{font-size:15px;color:#000000;font-family:\"PT Sans\";font-weight:400;}.fusion-accordian  #accordion-2061-1 .fa-fusion-box { background-color: #333333;border-color: #333333;}.fusion-accordian  #accordion-2061-1 .panel-title a:not(.active):hover, #accordion-2061-1 .fusion-toggle-boxed-mode:hover .panel-title a { color: #a0ce4e;}.fusion-accordian  #accordion-2061-1 .panel-title .active .fa-fusion-box,.fusion-accordian  #accordion-2061-1 .panel-title a:not(.active):hover .fa-fusion-box { background-color: #a0ce4e!important;border-color: #a0ce4e!important;}<\/style><div class=\"accordian fusion-accordian\"><div class=\"panel-group\" id=\"accordion-2061-1\"><style type=\"text\/css\">.fusion-accordian  #accordion-2061-1 .panel-6f98f36f9652ac6a2 .panel-title a{}.fusion-accordian  #accordion-2061-1 .panel-6f98f36f9652ac6a2 .toggle-content{}<\/style><div class=\"fusion-panel panel-default panel-6f98f36f9652ac6a2\"><div class=\"panel-heading\"><h4 class=\"panel-title toggle\" id=\"toggle_6f98f36f9652ac6a2\"><a aria-expanded=\"false\" aria-controls=\"6f98f36f9652ac6a2\" role=\"button\" data-toggle=\"collapse\" data-parent=\"#accordion-2061-1\" data-target=\"#6f98f36f9652ac6a2\" href=\"#6f98f36f9652ac6a2\"><span class=\"fusion-toggle-icon-wrapper\" aria-hidden=\"true\"><i class=\"fa-fusion-box active-icon awb-icon-minus\" aria-hidden=\"true\"><\/i><i class=\"fa-fusion-box inactive-icon awb-icon-plus\" aria-hidden=\"true\"><\/i><\/span><span class=\"fusion-toggle-heading\">Warum in einer \u201eBox\u201c?<\/span><\/a><\/h4><\/div><div id=\"6f98f36f9652ac6a2\" class=\"panel-collapse collapse \" araia-labelledby=\"toggle_6f98f36f9652ac6a2\"><div class=\"panel-body toggle-content fusion-clearfix\">\n<p>Der Begriff \u201eBox\u201c steht hier f\u00fcr \u201emobiles Containermodul\u201c. Zu dem Modul geh\u00f6ren alle notwendigen Anlagen f\u00fcr die schonende und betriebsnahe Verarbeitung von Obst und Gem\u00fcse. Ziel des Projekts FOX ist es, innovative Verarbeitungsl\u00f6sungen zu finden, die kompakt, mobil und flexibel sind, sich f\u00fcr unterschiedliche Obst- und Gem\u00fcsesorten eignen und in einem Container untergebracht und innerhalb einer Region von Hof zu Hof weitergegeben werden k\u00f6nnen. Im Rahmen des Projekts werden drei Arten von mobilen Containermodulen entwickelt. Erfahren Sie hier, wie der <a href=\"https:\/\/www.fox-foodprocessinginabox.eu\/de\/blog-year-1-of-food-circle-1\/\" target=\"_blank\" rel=\"noopener noreferrer\">mobile Container zur Saftherstellung<\/a> aufgebaut ist.<\/p>\n<\/div><\/div><\/div><style type=\"text\/css\">.fusion-accordian  #accordion-2061-1 .panel-0b1388ab7ab0d94ca .panel-title a{}.fusion-accordian  #accordion-2061-1 .panel-0b1388ab7ab0d94ca .toggle-content{}<\/style><div class=\"fusion-panel panel-default panel-0b1388ab7ab0d94ca\"><div class=\"panel-heading\"><h4 class=\"panel-title toggle\" id=\"toggle_0b1388ab7ab0d94ca\"><a aria-expanded=\"false\" aria-controls=\"0b1388ab7ab0d94ca\" role=\"button\" data-toggle=\"collapse\" data-parent=\"#accordion-2061-1\" data-target=\"#0b1388ab7ab0d94ca\" href=\"#0b1388ab7ab0d94ca\"><span class=\"fusion-toggle-icon-wrapper\" aria-hidden=\"true\"><i class=\"fa-fusion-box active-icon awb-icon-minus\" aria-hidden=\"true\"><\/i><i class=\"fa-fusion-box inactive-icon awb-icon-plus\" aria-hidden=\"true\"><\/i><\/span><span class=\"fusion-toggle-heading\">Wie arbeiten die Projektpartner?<\/span><\/a><\/h4><\/div><div id=\"0b1388ab7ab0d94ca\" class=\"panel-collapse collapse \" araia-labelledby=\"toggle_0b1388ab7ab0d94ca\"><div class=\"panel-body toggle-content fusion-clearfix\">\n<p>Am Projekt FOX sind insgesamt 25 Partner beteiligt. Dazu geh\u00f6ren Universit\u00e4ten, Forschungseinrichtungen, kleine und mittlere Unternehmen (KMU) und Branchenverb\u00e4nde aus mehreren europ\u00e4ischen L\u00e4ndern. Jeder Partner hat innerhalb des Projekts eine spezielle Aufgabe (Arbeitspaket). Partner mit unterschiedlichen Arbeitspaketen tauschen sich regelm\u00e4\u00dfig \u00fcber ihre Fortschritte und Ergebnisse aus. Unter dem folgenden <a href=\"https:\/\/www.fox-foodprocessinginabox.eu\/de\/partner\/\" target=\"_blank\" rel=\"noopener noreferrer\">Link<\/a> finden Sie einen \u00dcberblick \u00fcber alle Projektpartner.<\/p>\n<\/div><\/div><\/div><style type=\"text\/css\">.fusion-accordian  #accordion-2061-1 .panel-46097bd01c5e851a8 .panel-title a{}.fusion-accordian  #accordion-2061-1 .panel-46097bd01c5e851a8 .toggle-content{}<\/style><div class=\"fusion-panel panel-default panel-46097bd01c5e851a8\"><div class=\"panel-heading\"><h4 class=\"panel-title toggle\" id=\"toggle_46097bd01c5e851a8\"><a aria-expanded=\"false\" aria-controls=\"46097bd01c5e851a8\" role=\"button\" data-toggle=\"collapse\" data-parent=\"#accordion-2061-1\" data-target=\"#46097bd01c5e851a8\" href=\"#46097bd01c5e851a8\"><span class=\"fusion-toggle-icon-wrapper\" aria-hidden=\"true\"><i class=\"fa-fusion-box active-icon awb-icon-minus\" aria-hidden=\"true\"><\/i><i class=\"fa-fusion-box inactive-icon awb-icon-plus\" aria-hidden=\"true\"><\/i><\/span><span class=\"fusion-toggle-heading\">Wann sind die Containermodule einsatzbereit?<\/span><\/a><\/h4><\/div><div id=\"46097bd01c5e851a8\" class=\"panel-collapse collapse \" araia-labelledby=\"toggle_46097bd01c5e851a8\"><div class=\"panel-body toggle-content fusion-clearfix\">\n<p>Das Projekt FOX ist noch in der Forschungsphase und die Module gibt es bisher lediglich als Konzept. Bei zwei der drei Containermodule ist das Design abgeschlossen und derzeit werden die Prototypen entwickelt. 2023 sollen alle Prototypen fertig sein; dann werden sie in den einzelnen europ\u00e4ischen Regionen (Lebensmittelkreise) vorgestellt.<\/p>\n<\/div><\/div><\/div><style type=\"text\/css\">.fusion-accordian  #accordion-2061-1 .panel-ad390629ab2d43710 .panel-title a{}.fusion-accordian  #accordion-2061-1 .panel-ad390629ab2d43710 .toggle-content{}<\/style><div class=\"fusion-panel panel-default panel-ad390629ab2d43710\"><div class=\"panel-heading\"><h4 class=\"panel-title toggle\" id=\"toggle_ad390629ab2d43710\"><a aria-expanded=\"false\" aria-controls=\"ad390629ab2d43710\" role=\"button\" data-toggle=\"collapse\" data-parent=\"#accordion-2061-1\" data-target=\"#ad390629ab2d43710\" href=\"#ad390629ab2d43710\"><span class=\"fusion-toggle-icon-wrapper\" aria-hidden=\"true\"><i class=\"fa-fusion-box active-icon awb-icon-minus\" aria-hidden=\"true\"><\/i><i class=\"fa-fusion-box inactive-icon awb-icon-plus\" aria-hidden=\"true\"><\/i><\/span><span class=\"fusion-toggle-heading\">Wie unterscheiden sie sich von anderen Containermodulen, die bereits auf dem Markt sind?<\/span><\/a><\/h4><\/div><div id=\"ad390629ab2d43710\" class=\"panel-collapse collapse \" araia-labelledby=\"toggle_ad390629ab2d43710\"><div class=\"panel-body toggle-content fusion-clearfix\">\n<p>In Europa gibt es schon Container zur Lebensmittelverarbeitung. Die Module, die im Rahmen des Projekts FOX entwickelt werden, sind anders, weil sie schonende und innovative Technologien zur Lebensmittelverarbeitung nutzen, z. B. <a href=\"https:\/\/www.fox-foodprocessinginabox.eu\/de\/blog-year-1-of-food-circle-1\/\" target=\"_blank\" rel=\"noopener noreferrer\">Vakuumwendelfilter<\/a>, <a href=\"https:\/\/www.fox-foodprocessinginabox.eu\/de\/mild-food-processing-technology-the-example-of-pef\/\" target=\"_blank\" rel=\"noopener noreferrer\">Pulsed Electric Fields (PEF)<\/a> oder Ultraschall. Dadurch haben das verarbeitete Obst und Gem\u00fcse eine h\u00f6here Qualit\u00e4t und die Verarbeitung ist umweltfreundlicher, weil die eingesetzten Technologien weniger Energie verbrauchen.<br \/>\nAu\u00dferdem entwickeln einige der Projektpartner nachhaltige Verpackungen f\u00fcr die Endprodukte und potenzielle Verfahren zur Wiederverwertung von Obst- und Gem\u00fcsenebenprodukten, z. B. gr\u00fcne Erbsen und M\u00f6hrentrester. Damit die Erzeuger in den Lebensmittelkreisen langfristig wirtschaften und Kunden binden k\u00f6nnen, werden unterschiedliche <a href=\"https:\/\/www.fox-foodprocessinginabox.eu\/de\/forschung\/vorausschau-und-geschaeftsmodelle\/\" target=\"_blank\" rel=\"noopener noreferrer\">Gesch\u00e4ftsmodelle<\/a> erforscht und <a href=\"https:\/\/www.fox-foodprocessinginabox.eu\/de\/forschung\/verbraucherverpflichtung\/\" target=\"_blank\" rel=\"noopener noreferrer\">Verbraucherstudien<\/a> durchgef\u00fchrt. Um die Nachhaltigkeit des Konzepts von FOX zu gew\u00e4hrleisten, werden au\u00dferdem die gesundheitlichen, \u00f6kologischen und sozio\u00f6konomischen Folgen analysiert.<br \/>\nNicht zuletzt ist FOX auch deshalb einzigartig, weil das Projekt einem von der Europ\u00e4ischen Kommission entwickelten Ansatz der Einbeziehung unterschiedlichster Akteure (\u201emulti-actor approach\u201c) folgt. Dieser Ansatz gew\u00e4hrleistet, dass die Endanwender an allen Projektphasen beteiligt werden. Zu den beteiligten Akteuren geh\u00f6ren zum Beispiel Landwirte, Verbraucher und Unternehmen, aber auch Verb\u00e4nde, Genossenschaften, Beraterfirmen und andere Multiplikatoren. FOX ist ein fach\u00fcbergreifendes Projekt, an dem wissenschaftliche Expert*innen aus ganz unterschiedlichen Bereichen beteiligt sind, z. B. Lebensmitteltechniker, Ingenieure, Wirtschafts- und Umweltwissenschaftler, Konsumforscher, Lebensmittelchemiker, Bioingenieure und Innovationsmanager.<\/p>\n<\/div><\/div><\/div><style type=\"text\/css\">.fusion-accordian  #accordion-2061-1 .panel-2cdaa99775ee0f273 .panel-title a{}.fusion-accordian  #accordion-2061-1 .panel-2cdaa99775ee0f273 .toggle-content{}<\/style><div class=\"fusion-panel panel-default panel-2cdaa99775ee0f273\"><div class=\"panel-heading\"><h4 class=\"panel-title toggle\" id=\"toggle_2cdaa99775ee0f273\"><a aria-expanded=\"false\" aria-controls=\"2cdaa99775ee0f273\" role=\"button\" data-toggle=\"collapse\" data-parent=\"#accordion-2061-1\" data-target=\"#2cdaa99775ee0f273\" href=\"#2cdaa99775ee0f273\"><span class=\"fusion-toggle-icon-wrapper\" aria-hidden=\"true\"><i class=\"fa-fusion-box active-icon awb-icon-minus\" aria-hidden=\"true\"><\/i><i class=\"fa-fusion-box inactive-icon awb-icon-plus\" aria-hidden=\"true\"><\/i><\/span><span class=\"fusion-toggle-heading\">Wie wurden die europ\u00e4ischen Regionen oder Lebensmittelkreise ausgew\u00e4hlt?<\/span><\/a><\/h4><\/div><div id=\"2cdaa99775ee0f273\" class=\"panel-collapse collapse \" araia-labelledby=\"toggle_2cdaa99775ee0f273\"><div class=\"panel-body toggle-content fusion-clearfix\">\n<p>Die einzelnen Lebensmittelkreise verbinden jeweils eine der im Rahmen von FOX untersuchten Verarbeitungstechnologien mit einer regionalen (kurzen) Lebensmittelversorgungskette. Daf\u00fcr wurden unterschiedliche europ\u00e4ische Regionen mit einer starken Obst- bzw. Gem\u00fcseproduktion ausgew\u00e4hlt, in denen die technische, wirtschaftliche und soziale Machbarkeit des Projektkonzepts getestet werden soll. Die wichtigsten Obstanbaul\u00e4ndern in Europa sind Spanien, Italien und Polen, beim Gem\u00fcseanbau hat auch Frankreich eine starke Stellung. Bei der Obst- und Gem\u00fcseverarbeitung sind neben den eben genannten L\u00e4ndern auch Deutschland und die Niederlande f\u00fchrend.<br \/>\nDie ausgew\u00e4hlten Lebensmittelkreise liegen in sechs Modellregionen in Europa und sind eng mit den am Projekt beteiligten Forschungspartnern verkn\u00fcpft, die die jeweilige Verarbeitungstechnologie (oder FOX-Technologie) entwickeln. Dabei wurde darauf geachtet, an bestehende Netzwerke mit regionalen Akteuren anzudocken, um die Entwicklungen praktisch erproben zu k\u00f6nnen. Deshalb haben die Modellregionen eine geografische N\u00e4he zu den jeweiligen FOX-Forschungspartnern.<br \/>\nUm die Reichweite des Projekts zu vergr\u00f6\u00dfern und seine Ergebnisse gro\u00dffl\u00e4chiger zu erproben, arbeitet FOX au\u00dferdem mit assoziierten Partnerregionen zusammen, deren geografischen, landwirtschaftlichen und\/oder strukturellen Merkmale denen der Modellregionen \u00e4hneln. Wenn Sie sich gerne als assoziierte Partnerregion beteiligen m\u00f6chten, k\u00f6nnen Sie <a href=\"https:\/\/www.fox-foodprocessinginabox.eu\/de\/european-interest-group\/\" target=\"_blank\" rel=\"noopener noreferrer\">hier<\/a> Mitglied der FOX-Interessengruppe werden.<\/p>\n<\/div><\/div><\/div><style type=\"text\/css\">.fusion-accordian  #accordion-2061-1 .panel-1ae163008e3e3efeb .panel-title a{}.fusion-accordian  #accordion-2061-1 .panel-1ae163008e3e3efeb .toggle-content{}<\/style><div class=\"fusion-panel panel-default panel-1ae163008e3e3efeb\"><div class=\"panel-heading\"><h4 class=\"panel-title toggle\" id=\"toggle_1ae163008e3e3efeb\"><a aria-expanded=\"false\" aria-controls=\"1ae163008e3e3efeb\" role=\"button\" data-toggle=\"collapse\" data-parent=\"#accordion-2061-1\" data-target=\"#1ae163008e3e3efeb\" href=\"#1ae163008e3e3efeb\"><span class=\"fusion-toggle-icon-wrapper\" aria-hidden=\"true\"><i class=\"fa-fusion-box active-icon awb-icon-minus\" aria-hidden=\"true\"><\/i><i class=\"fa-fusion-box inactive-icon awb-icon-plus\" aria-hidden=\"true\"><\/i><\/span><span class=\"fusion-toggle-heading\">Wann ist das Projekt angelaufen und wie lange dauert es?<\/span><\/a><\/h4><\/div><div id=\"1ae163008e3e3efeb\" class=\"panel-collapse collapse \" araia-labelledby=\"toggle_1ae163008e3e3efeb\"><div class=\"panel-body toggle-content fusion-clearfix\">\n<p>Das 4-Jahres-Projekt ist im Juni 2019 gestartet und l\u00e4uft bis November 2023.<\/p>\n<\/div><\/div><\/div><style type=\"text\/css\">.fusion-accordian  #accordion-2061-1 .panel-b1e47358056fa7b7d .panel-title a{}.fusion-accordian  #accordion-2061-1 .panel-b1e47358056fa7b7d .toggle-content{}<\/style><div class=\"fusion-panel panel-default panel-b1e47358056fa7b7d\"><div class=\"panel-heading\"><h4 class=\"panel-title toggle\" id=\"toggle_b1e47358056fa7b7d\"><a aria-expanded=\"false\" aria-controls=\"b1e47358056fa7b7d\" role=\"button\" data-toggle=\"collapse\" data-parent=\"#accordion-2061-1\" data-target=\"#b1e47358056fa7b7d\" href=\"#b1e47358056fa7b7d\"><span class=\"fusion-toggle-icon-wrapper\" aria-hidden=\"true\"><i class=\"fa-fusion-box active-icon awb-icon-minus\" aria-hidden=\"true\"><\/i><i class=\"fa-fusion-box inactive-icon awb-icon-plus\" aria-hidden=\"true\"><\/i><\/span><span class=\"fusion-toggle-heading\">Wof\u00fcr steht \u201eFOX\u201c? <\/span><\/a><\/h4><\/div><div id=\"b1e47358056fa7b7d\" class=\"panel-collapse collapse \" araia-labelledby=\"toggle_b1e47358056fa7b7d\"><div class=\"panel-body toggle-content fusion-clearfix\">\n<p>Das Akronym FOX steht f\u00fcr \u201eFood Processing in a Box\u201c, auf Deutsch \u201eLebensmittelverarbeitung in einer Box\u201c. Es gibt keinen Zusammenhang mit dem englischen Wort f\u00fcr Fuchs (Fox).<\/p>\n<\/div><\/div><\/div><style type=\"text\/css\">.fusion-accordian  #accordion-2061-1 .panel-4675f5357b07816f9 .panel-title a{}.fusion-accordian  #accordion-2061-1 .panel-4675f5357b07816f9 .toggle-content{}<\/style><div class=\"fusion-panel panel-default panel-4675f5357b07816f9\"><div class=\"panel-heading\"><h4 class=\"panel-title toggle\" id=\"toggle_4675f5357b07816f9\"><a aria-expanded=\"false\" aria-controls=\"4675f5357b07816f9\" role=\"button\" data-toggle=\"collapse\" data-parent=\"#accordion-2061-1\" data-target=\"#4675f5357b07816f9\" href=\"#4675f5357b07816f9\"><span class=\"fusion-toggle-icon-wrapper\" aria-hidden=\"true\"><i class=\"fa-fusion-box active-icon awb-icon-minus\" aria-hidden=\"true\"><\/i><i class=\"fa-fusion-box inactive-icon awb-icon-plus\" aria-hidden=\"true\"><\/i><\/span><span class=\"fusion-toggle-heading\">Ich interessiere mich f\u00fcr betriebsnahe Lebensmittelverarbeitung und m\u00f6chte mich gerne mit anderen \u00fcber dieses Thema austauschen. Wie kann ich beim Projekt FOX mitmachen?<\/span><\/a><\/h4><\/div><div id=\"4675f5357b07816f9\" class=\"panel-collapse collapse \" araia-labelledby=\"toggle_4675f5357b07816f9\"><div class=\"panel-body toggle-content fusion-clearfix\">\n<p>Interessieren Sie sich f\u00fcr betriebsnahe Lebensmittelverarbeitung? Werden Sie Mitglied der <a href=\"https:\/\/www.fox-foodprocessinginabox.eu\/de\/european-interest-group\/\" target=\"_blank\" rel=\"noopener noreferrer\">FOX-Interessengruppe kleiner lebensmittelverarbeitender Betriebe<\/a>, in der Sie mit anderen Betrieben zusammenarbeiten, Erfahrungen austauschen und im Rahmen von Vorf\u00fchrungen und Workshops als Erster neue Produktionsverfahren ausprobieren k\u00f6nnen. Oder treten Sie der <a href=\"https:\/\/www.linkedin.com\/groups\/13794216\/\" target=\"_blank\" rel=\"noopener noreferrer\">FOX LinkedIn-Gruppe<\/a> bei, wo sie eigene Erfahrungen weitergeben und sich \u00fcber aktuelle Entwicklungen des Projekts, aber auch \u00fcber Trends und Veranstaltungen im Lebensmittelsektor auf dem Laufenden halten k\u00f6nnen.<\/p>\n<\/div><\/div><\/div><style type=\"text\/css\">.fusion-accordian  #accordion-2061-1 .panel-e599f974510d8f840 .panel-title a{}.fusion-accordian  #accordion-2061-1 .panel-e599f974510d8f840 .toggle-content{}<\/style><div class=\"fusion-panel panel-default panel-e599f974510d8f840\"><div class=\"panel-heading\"><h4 class=\"panel-title toggle\" id=\"toggle_e599f974510d8f840\"><a aria-expanded=\"false\" aria-controls=\"e599f974510d8f840\" role=\"button\" data-toggle=\"collapse\" data-parent=\"#accordion-2061-1\" data-target=\"#e599f974510d8f840\" href=\"#e599f974510d8f840\"><span class=\"fusion-toggle-icon-wrapper\" aria-hidden=\"true\"><i class=\"fa-fusion-box active-icon awb-icon-minus\" aria-hidden=\"true\"><\/i><i class=\"fa-fusion-box inactive-icon awb-icon-plus\" aria-hidden=\"true\"><\/i><\/span><span class=\"fusion-toggle-heading\">Meine Frage taucht in den FAQ nicht auf. An wen kann ich mich wenden?<\/span><\/a><\/h4><\/div><div id=\"e599f974510d8f840\" class=\"panel-collapse collapse \" araia-labelledby=\"toggle_e599f974510d8f840\"><div class=\"panel-body toggle-content fusion-clearfix\">\n<p>Wenn Sie Fragen zum Projekt FOX haben, finden Sie unsere Kontaktdaten auf der Seite \u201e<a href=\"https:\/\/www.fox-foodprocessinginabox.eu\/de\/contact-us\/\" target=\"_blank\" rel=\"noopener noreferrer\">Kontakt<\/a>\u201c.<\/p>\n<\/div><\/div><\/div><\/div><\/div><div class=\"fusion-clearfix\"><\/div><\/div><\/div><\/div><\/div>\n","protected":false},"excerpt":{"rendered":"","protected":false},"author":1,"featured_media":0,"parent":0,"menu_order":0,"comment_status":"closed","ping_status":"closed","template":"","meta":{"footnotes":""},"class_list":["post-2061","page","type-page","status-publish","hentry"],"yoast_head":"<!-- This site is optimized with the Yoast SEO plugin v26.4 - https:\/\/yoast.com\/wordpress\/plugins\/seo\/ -->\n<title>FOX H\u00e4ufig gestellte Fragen (FAQ) - FOX<\/title>\n<meta name=\"robots\" content=\"index, follow, max-snippet:-1, max-image-preview:large, max-video-preview:-1\" \/>\n<link rel=\"canonical\" href=\"https:\/\/www.fox-foodprocessinginabox.eu\/de\/faq\/\" \/>\n<meta property=\"og:locale\" content=\"de_DE\" \/>\n<meta property=\"og:type\" content=\"article\" \/>\n<meta property=\"og:title\" content=\"FOX H\u00e4ufig gestellte Fragen (FAQ) - FOX\" \/>\n<meta property=\"og:url\" content=\"https:\/\/www.fox-foodprocessinginabox.eu\/de\/faq\/\" \/>\n<meta property=\"og:site_name\" content=\"FOX\" \/>\n<meta property=\"article:modified_time\" content=\"2021-03-30T20:46:23+00:00\" \/>\n<meta name=\"twitter:card\" content=\"summary_large_image\" \/>\n<meta name=\"twitter:label1\" content=\"Gesch\u00e4tzte Lesezeit\" \/>\n\t<meta name=\"twitter:data1\" content=\"7\u00a0Minuten\" \/>\n<script type=\"application\/ld+json\" class=\"yoast-schema-graph\">{\"@context\":\"https:\/\/schema.org\",\"@graph\":[{\"@type\":\"WebPage\",\"@id\":\"https:\/\/www.fox-foodprocessinginabox.eu\/de\/faq\/\",\"url\":\"https:\/\/www.fox-foodprocessinginabox.eu\/de\/faq\/\",\"name\":\"FOX H\u00e4ufig gestellte Fragen (FAQ) - FOX\",\"isPartOf\":{\"@id\":\"https:\/\/www.fox-foodprocessinginabox.eu\/cs\/#website\"},\"datePublished\":\"2019-12-19T12:02:57+00:00\",\"dateModified\":\"2021-03-30T20:46:23+00:00\",\"breadcrumb\":{\"@id\":\"https:\/\/www.fox-foodprocessinginabox.eu\/de\/faq\/#breadcrumb\"},\"inLanguage\":\"de\",\"potentialAction\":[{\"@type\":\"ReadAction\",\"target\":[\"https:\/\/www.fox-foodprocessinginabox.eu\/de\/faq\/\"]}]},{\"@type\":\"BreadcrumbList\",\"@id\":\"https:\/\/www.fox-foodprocessinginabox.eu\/de\/faq\/#breadcrumb\",\"itemListElement\":[{\"@type\":\"ListItem\",\"position\":1,\"name\":\"Home\",\"item\":\"https:\/\/www.fox-foodprocessinginabox.eu\/de\/\"},{\"@type\":\"ListItem\",\"position\":2,\"name\":\"FOX H\u00e4ufig gestellte Fragen (FAQ)\"}]},{\"@type\":\"WebSite\",\"@id\":\"https:\/\/www.fox-foodprocessinginabox.eu\/cs\/#website\",\"url\":\"https:\/\/www.fox-foodprocessinginabox.eu\/cs\/\",\"name\":\"FOX\",\"description\":\"Food processing in a Box\",\"potentialAction\":[{\"@type\":\"SearchAction\",\"target\":{\"@type\":\"EntryPoint\",\"urlTemplate\":\"https:\/\/www.fox-foodprocessinginabox.eu\/cs\/?s={search_term_string}\"},\"query-input\":{\"@type\":\"PropertyValueSpecification\",\"valueRequired\":true,\"valueName\":\"search_term_string\"}}],\"inLanguage\":\"de\"}]}<\/script>\n<!-- \/ Yoast SEO plugin. -->","yoast_head_json":{"title":"FOX H\u00e4ufig gestellte Fragen (FAQ) - FOX","robots":{"index":"index","follow":"follow","max-snippet":"max-snippet:-1","max-image-preview":"max-image-preview:large","max-video-preview":"max-video-preview:-1"},"canonical":"https:\/\/www.fox-foodprocessinginabox.eu\/de\/faq\/","og_locale":"de_DE","og_type":"article","og_title":"FOX H\u00e4ufig gestellte Fragen (FAQ) - FOX","og_url":"https:\/\/www.fox-foodprocessinginabox.eu\/de\/faq\/","og_site_name":"FOX","article_modified_time":"2021-03-30T20:46:23+00:00","twitter_card":"summary_large_image","twitter_misc":{"Gesch\u00e4tzte Lesezeit":"7\u00a0Minuten"},"schema":{"@context":"https:\/\/schema.org","@graph":[{"@type":"WebPage","@id":"https:\/\/www.fox-foodprocessinginabox.eu\/de\/faq\/","url":"https:\/\/www.fox-foodprocessinginabox.eu\/de\/faq\/","name":"FOX H\u00e4ufig gestellte Fragen (FAQ) - FOX","isPartOf":{"@id":"https:\/\/www.fox-foodprocessinginabox.eu\/cs\/#website"},"datePublished":"2019-12-19T12:02:57+00:00","dateModified":"2021-03-30T20:46:23+00:00","breadcrumb":{"@id":"https:\/\/www.fox-foodprocessinginabox.eu\/de\/faq\/#breadcrumb"},"inLanguage":"de","potentialAction":[{"@type":"ReadAction","target":["https:\/\/www.fox-foodprocessinginabox.eu\/de\/faq\/"]}]},{"@type":"BreadcrumbList","@id":"https:\/\/www.fox-foodprocessinginabox.eu\/de\/faq\/#breadcrumb","itemListElement":[{"@type":"ListItem","position":1,"name":"Home","item":"https:\/\/www.fox-foodprocessinginabox.eu\/de\/"},{"@type":"ListItem","position":2,"name":"FOX H\u00e4ufig gestellte Fragen (FAQ)"}]},{"@type":"WebSite","@id":"https:\/\/www.fox-foodprocessinginabox.eu\/cs\/#website","url":"https:\/\/www.fox-foodprocessinginabox.eu\/cs\/","name":"FOX","description":"Food processing in a Box","potentialAction":[{"@type":"SearchAction","target":{"@type":"EntryPoint","urlTemplate":"https:\/\/www.fox-foodprocessinginabox.eu\/cs\/?s={search_term_string}"},"query-input":{"@type":"PropertyValueSpecification","valueRequired":true,"valueName":"search_term_string"}}],"inLanguage":"de"}]}},"_links":{"self":[{"href":"https:\/\/www.fox-foodprocessinginabox.eu\/de\/wp-json\/wp\/v2\/pages\/2061","targetHints":{"allow":["GET"]}}],"collection":[{"href":"https:\/\/www.fox-foodprocessinginabox.eu\/de\/wp-json\/wp\/v2\/pages"}],"about":[{"href":"https:\/\/www.fox-foodprocessinginabox.eu\/de\/wp-json\/wp\/v2\/types\/page"}],"author":[{"embeddable":true,"href":"https:\/\/www.fox-foodprocessinginabox.eu\/de\/wp-json\/wp\/v2\/users\/1"}],"replies":[{"embeddable":true,"href":"https:\/\/www.fox-foodprocessinginabox.eu\/de\/wp-json\/wp\/v2\/comments?post=2061"}],"version-history":[{"count":5,"href":"https:\/\/www.fox-foodprocessinginabox.eu\/de\/wp-json\/wp\/v2\/pages\/2061\/revisions"}],"predecessor-version":[{"id":6921,"href":"https:\/\/www.fox-foodprocessinginabox.eu\/de\/wp-json\/wp\/v2\/pages\/2061\/revisions\/6921"}],"wp:attachment":[{"href":"https:\/\/www.fox-foodprocessinginabox.eu\/de\/wp-json\/wp\/v2\/media?parent=2061"}],"curies":[{"name":"wp","href":"https:\/\/api.w.org\/{rel}","templated":true}]}}