{"id":2413,"date":"2019-12-27T09:56:29","date_gmt":"2019-12-27T08:56:29","guid":{"rendered":"http:\/\/www.fox-foodprocessinginabox.eu\/?page_id=2413"},"modified":"2020-04-07T15:01:10","modified_gmt":"2020-04-07T13:01:10","slug":"vorausschau-und-geschaeftsmodelle","status":"publish","type":"page","link":"https:\/\/www.fox-foodprocessinginabox.eu\/de\/forschung\/vorausschau-und-geschaeftsmodelle\/","title":{"rendered":"Vorausschau und Gesch\u00e4ftsmodelle"},"content":{"rendered":"<div class=\"fusion-fullwidth fullwidth-box fusion-builder-row-1 nonhundred-percent-fullwidth non-hundred-percent-height-scrolling\" style=\"background-color: rgba(255,255,255,0);background-position: center center;background-repeat: no-repeat;padding-top:0px;padding-right:0px;padding-bottom:0px;padding-left:0px;margin-bottom: 0px;margin-top: 0px;border-width: 0px 0px 0px 0px;border-color:#eae9e9;border-style:solid;\" ><div class=\"fusion-builder-row fusion-row\"><div class=\"fusion-layout-column fusion_builder_column fusion-builder-column-0 fusion_builder_column_1_1 1_1 fusion-one-full fusion-column-first fusion-column-last\" style=\"margin-top:0px;margin-bottom:20px;\"><div class=\"fusion-column-wrapper fusion-flex-column-wrapper-legacy\" style=\"background-position:left top;background-repeat:no-repeat;-webkit-background-size:cover;-moz-background-size:cover;-o-background-size:cover;background-size:cover;padding: 0px 0px 0px 0px;\"><div class=\"fusion-text fusion-text-1\"><p id=\"E1424\" class=\"qowt-stl-NormalWeb\"><strong><span id=\"E1425\" class=\"qowt-stl-Strong\">Das Ziel<\/span><\/strong><\/p>\n<p id=\"E1426\" class=\"qowt-stl-NormalWeb\"><span id=\"E1427\">Das Ziel des<\/span><span id=\"E1429\"> <\/span><span id=\"E1430\">Vorausschaus und der Gesch\u00e4ftsmodellentwicklung innerhalb des FOX-Projektes ist:<\/span><\/p>\n<ul>\n<li id=\"E1431\" class=\"qowt-li-11_0 qowt-list\"><span id=\"E1432\">Identifizierung und Analyse der Trends, die das Innovationssystem im Ern\u00e4hrung<\/span><span id=\"E1433\">sbereich<\/span><span id=\"E1434\"> in der Zukunft beeinflussen <\/span><\/li>\n<li id=\"E1435\" class=\"qowt-li-11_0 qowt-list\"><span id=\"E1436\">Entwicklung von Szenarien f\u00fcr die Rahmenbedingungen des Innovationssystems im Ern\u00e4hrung<\/span><span id=\"E1437\">sbereich<\/span><\/li>\n<li id=\"E1438\" class=\"qowt-li-11_0 qowt-list\"><span id=\"E1439\">Erstellung spezifischer Zukunftsszenarien f\u00fcr jeden Lebensmittelkreis<\/span><\/li>\n<li id=\"E1440\" class=\"qowt-li-11_0 qowt-list\"><span id=\"E1441\">Identifizierung von Gesch\u00e4ftsmodellelementen f\u00fcr ma\u00dfstabsverkleinerte Technologien zur Lebensmittelverarbeitung, <\/span><span id=\"E1442\">die verschiedenen Technologien und dem sozio\u00f6konomischen Kontext angepasst sind<\/span><\/li>\n<li id=\"E1443\" class=\"qowt-li-11_0 qowt-list\"><span id=\"E1444\">Validierung der Gesch\u00e4ftsmodelle im Kontext unterschiedlicher <\/span><span id=\"E1445\">Zukunftsh<\/span><span id=\"E1446\">ypothesen <\/span><\/li>\n<\/ul>\n<p id=\"E1447\" class=\"qowt-stl-NormalWeb\"><strong><span id=\"E1448\" class=\"qowt-stl-Strong\">Zukunftsszenarien des Lebensmittelbereiches und der Lebensmittelkreise<\/span><\/strong><\/p>\n<p id=\"E1449\" class=\"qowt-stl-NormalWeb\"><span id=\"E1450\">Die identifizierten Trends weisen auf Ver\u00e4nderungen hin. Sie werden zur Entwicklung k\u00fcnftiger Rahmenszenarien verwendet, die verschiedene Zukunfts<\/span><span id=\"E1451\">m\u00f6glichkeiten <\/span><span id=\"E1452\">f\u00fcr den Lebensmittelbereich im Jahr 2035 beschreiben. Diese Szenarien werden zur Angleichung anderer Arbeitspakete <\/span><span id=\"E1453\">gegen\u00fcber k\u00fcnftigen Anforderungen im Lebensmittelbereich dienen.<\/span><\/p>\n<p id=\"E1454\" class=\"qowt-stl-NormalWeb\"><span id=\"E1455\">F\u00fcr jeden der vier FOX-Lebensmittelkreise werden im Rahmen von Workshops mit internen und externen Experten und relevanten Interessenvertretern spezifische regionale Szenarien erstellt werden. Rund 20 Experten pro Lebensmittelkreisregion, 5-10 interne Experten und 10-15 Experten aus den jeweiligen Regionen werden sich treffen. Die Workshops werden im Rahmen \u00f6rtlicher Veranstaltungen der Lebensmittelindustrie und Konferenzen stattfinden, um die Beteiligung der \u00f6rtlichen Experten zu maximieren.<\/span><\/p>\n<p id=\"E1456\" class=\"qowt-stl-NormalWeb\"><strong><span id=\"E1457\" class=\"qowt-stl-Strong\">Gesch\u00e4ftsmodelle<\/span><\/strong><\/p>\n<p id=\"E1458\" class=\"qowt-stl-NormalWeb\"><span id=\"E1459\">Der Mehrwert, der durch die ma\u00dfstabsverkleinerten Technologien zur Lebensm<\/span><span id=\"E1460\">ittelv<\/span><span id=\"E1461\">e<\/span><span id=\"E1462\">r<\/span><span id=\"E1463\">ar<\/span><span id=\"E1464\">beitung generiert wird, z<\/span><span id=\"E1465\">a<\/span><span id=\"E1466\">hlt sich f\u00fcr Landwirte aus. Damit die Lebensdauer der Lebensmittelkreise f\u00fcr Landwirte maximiert wird, soll<\/span><span id=\"E1467\">t<\/span><span id=\"E1468\">en entsprechende Gesch\u00e4ftsmodelle angewandt und entwickelt werden.<\/span><\/p>\n<p id=\"E1469\" class=\"qowt-stl-NormalWeb\"><span id=\"E1470\">Ein starkes Gesch\u00e4ftsmodell zielt nicht nur auf die Sch\u00f6pfung und Verteilung von Mehrwert ab, sondern auch auf die mit verschiedenen Eigentumsrechten verbundene Risikoverteilung und <\/span><span id=\"E1471\">&#8211;<\/span><span id=\"E1472\" class=\"qowt-font6-MontserratLight\">beherrschung<\/span><span id=\"E1473\">. <\/span><\/p>\n<p id=\"E1474\" class=\"qowt-stl-NormalWeb\"><strong><span id=\"E1475\" class=\"qowt-stl-Strong\">Projektpartner<\/span><\/strong><\/p>\n<p id=\"E1476\" class=\"qowt-stl-NormalWeb\"><a id=\"E1477\" contenteditable=\"false\" href=\"https:\/\/www.fox-foodprocessinginabox.eu\/portfolio-items\/partner022\/?portfolioCats=10%2C7%2C8%2C13%2C9%2C6%2C12%2C11%2C14\" target=\"_blank\" rel=\"noopener noreferrer\"><span id=\"E1478\" class=\"qowt-stl-Hyperlink\">Fraunhofer ISI<\/span><\/a><span id=\"E1479\">\u00a0<\/span><span id=\"E1480\"> und<\/span><span id=\"E1481\">\u00a0<\/span><a id=\"E1482\" contenteditable=\"false\" href=\"https:\/\/www.fox-foodprocessinginabox.eu\/portfolio-items\/partner023\/?portfolioCats=10%2C7%2C8%2C13%2C9%2C6%2C12%2C11%2C14\" target=\"_blank\" rel=\"noopener noreferrer\"><span id=\"E1483\" class=\"qowt-stl-Hyperlink\">KU Leuven<\/span><\/a><\/p>\n<p id=\"E1484\" class=\"qowt-stl-NormalWeb\"><span id=\"E1485\">Alle anderen Projektpartner sind an diesem Arbeitspaket beteiligt und werden an den Workshops teilnehmen.<\/span><\/p>\n<\/div><div class=\"fusion-clearfix\"><\/div><\/div><\/div><\/div><\/div>\n","protected":false},"excerpt":{"rendered":"","protected":false},"author":1,"featured_media":0,"parent":2407,"menu_order":0,"comment_status":"closed","ping_status":"closed","template":"","meta":{"footnotes":""},"class_list":["post-2413","page","type-page","status-publish","hentry"],"yoast_head":"<!-- This site is optimized with the Yoast SEO plugin v26.4 - https:\/\/yoast.com\/wordpress\/plugins\/seo\/ -->\n<title>Vorausschau und Gesch\u00e4ftsmodelle - FOX<\/title>\n<meta name=\"robots\" content=\"index, follow, max-snippet:-1, max-image-preview:large, max-video-preview:-1\" \/>\n<link rel=\"canonical\" href=\"https:\/\/www.fox-foodprocessinginabox.eu\/de\/forschung\/vorausschau-und-geschaeftsmodelle\/\" \/>\n<meta property=\"og:locale\" content=\"de_DE\" \/>\n<meta property=\"og:type\" content=\"article\" \/>\n<meta property=\"og:title\" content=\"Vorausschau und Gesch\u00e4ftsmodelle - FOX\" \/>\n<meta property=\"og:url\" content=\"https:\/\/www.fox-foodprocessinginabox.eu\/de\/forschung\/vorausschau-und-geschaeftsmodelle\/\" \/>\n<meta property=\"og:site_name\" content=\"FOX\" \/>\n<meta property=\"article:modified_time\" content=\"2020-04-07T13:01:10+00:00\" \/>\n<meta name=\"twitter:card\" content=\"summary_large_image\" \/>\n<meta name=\"twitter:label1\" content=\"Gesch\u00e4tzte Lesezeit\" \/>\n\t<meta name=\"twitter:data1\" content=\"2\u00a0Minuten\" \/>\n<script type=\"application\/ld+json\" class=\"yoast-schema-graph\">{\"@context\":\"https:\/\/schema.org\",\"@graph\":[{\"@type\":\"WebPage\",\"@id\":\"https:\/\/www.fox-foodprocessinginabox.eu\/de\/forschung\/vorausschau-und-geschaeftsmodelle\/\",\"url\":\"https:\/\/www.fox-foodprocessinginabox.eu\/de\/forschung\/vorausschau-und-geschaeftsmodelle\/\",\"name\":\"Vorausschau und Gesch\u00e4ftsmodelle - FOX\",\"isPartOf\":{\"@id\":\"https:\/\/www.fox-foodprocessinginabox.eu\/cs\/#website\"},\"datePublished\":\"2019-12-27T08:56:29+00:00\",\"dateModified\":\"2020-04-07T13:01:10+00:00\",\"breadcrumb\":{\"@id\":\"https:\/\/www.fox-foodprocessinginabox.eu\/de\/forschung\/vorausschau-und-geschaeftsmodelle\/#breadcrumb\"},\"inLanguage\":\"de\",\"potentialAction\":[{\"@type\":\"ReadAction\",\"target\":[\"https:\/\/www.fox-foodprocessinginabox.eu\/de\/forschung\/vorausschau-und-geschaeftsmodelle\/\"]}]},{\"@type\":\"BreadcrumbList\",\"@id\":\"https:\/\/www.fox-foodprocessinginabox.eu\/de\/forschung\/vorausschau-und-geschaeftsmodelle\/#breadcrumb\",\"itemListElement\":[{\"@type\":\"ListItem\",\"position\":1,\"name\":\"Home\",\"item\":\"https:\/\/www.fox-foodprocessinginabox.eu\/de\/\"},{\"@type\":\"ListItem\",\"position\":2,\"name\":\"Forschung\",\"item\":\"https:\/\/www.fox-foodprocessinginabox.eu\/de\/forschung\/\"},{\"@type\":\"ListItem\",\"position\":3,\"name\":\"Vorausschau und Gesch\u00e4ftsmodelle\"}]},{\"@type\":\"WebSite\",\"@id\":\"https:\/\/www.fox-foodprocessinginabox.eu\/cs\/#website\",\"url\":\"https:\/\/www.fox-foodprocessinginabox.eu\/cs\/\",\"name\":\"FOX\",\"description\":\"Food processing in a Box\",\"potentialAction\":[{\"@type\":\"SearchAction\",\"target\":{\"@type\":\"EntryPoint\",\"urlTemplate\":\"https:\/\/www.fox-foodprocessinginabox.eu\/cs\/?s={search_term_string}\"},\"query-input\":{\"@type\":\"PropertyValueSpecification\",\"valueRequired\":true,\"valueName\":\"search_term_string\"}}],\"inLanguage\":\"de\"}]}<\/script>\n<!-- \/ Yoast SEO plugin. -->","yoast_head_json":{"title":"Vorausschau und Gesch\u00e4ftsmodelle - FOX","robots":{"index":"index","follow":"follow","max-snippet":"max-snippet:-1","max-image-preview":"max-image-preview:large","max-video-preview":"max-video-preview:-1"},"canonical":"https:\/\/www.fox-foodprocessinginabox.eu\/de\/forschung\/vorausschau-und-geschaeftsmodelle\/","og_locale":"de_DE","og_type":"article","og_title":"Vorausschau und Gesch\u00e4ftsmodelle - FOX","og_url":"https:\/\/www.fox-foodprocessinginabox.eu\/de\/forschung\/vorausschau-und-geschaeftsmodelle\/","og_site_name":"FOX","article_modified_time":"2020-04-07T13:01:10+00:00","twitter_card":"summary_large_image","twitter_misc":{"Gesch\u00e4tzte Lesezeit":"2\u00a0Minuten"},"schema":{"@context":"https:\/\/schema.org","@graph":[{"@type":"WebPage","@id":"https:\/\/www.fox-foodprocessinginabox.eu\/de\/forschung\/vorausschau-und-geschaeftsmodelle\/","url":"https:\/\/www.fox-foodprocessinginabox.eu\/de\/forschung\/vorausschau-und-geschaeftsmodelle\/","name":"Vorausschau und Gesch\u00e4ftsmodelle - FOX","isPartOf":{"@id":"https:\/\/www.fox-foodprocessinginabox.eu\/cs\/#website"},"datePublished":"2019-12-27T08:56:29+00:00","dateModified":"2020-04-07T13:01:10+00:00","breadcrumb":{"@id":"https:\/\/www.fox-foodprocessinginabox.eu\/de\/forschung\/vorausschau-und-geschaeftsmodelle\/#breadcrumb"},"inLanguage":"de","potentialAction":[{"@type":"ReadAction","target":["https:\/\/www.fox-foodprocessinginabox.eu\/de\/forschung\/vorausschau-und-geschaeftsmodelle\/"]}]},{"@type":"BreadcrumbList","@id":"https:\/\/www.fox-foodprocessinginabox.eu\/de\/forschung\/vorausschau-und-geschaeftsmodelle\/#breadcrumb","itemListElement":[{"@type":"ListItem","position":1,"name":"Home","item":"https:\/\/www.fox-foodprocessinginabox.eu\/de\/"},{"@type":"ListItem","position":2,"name":"Forschung","item":"https:\/\/www.fox-foodprocessinginabox.eu\/de\/forschung\/"},{"@type":"ListItem","position":3,"name":"Vorausschau und Gesch\u00e4ftsmodelle"}]},{"@type":"WebSite","@id":"https:\/\/www.fox-foodprocessinginabox.eu\/cs\/#website","url":"https:\/\/www.fox-foodprocessinginabox.eu\/cs\/","name":"FOX","description":"Food processing in a Box","potentialAction":[{"@type":"SearchAction","target":{"@type":"EntryPoint","urlTemplate":"https:\/\/www.fox-foodprocessinginabox.eu\/cs\/?s={search_term_string}"},"query-input":{"@type":"PropertyValueSpecification","valueRequired":true,"valueName":"search_term_string"}}],"inLanguage":"de"}]}},"_links":{"self":[{"href":"https:\/\/www.fox-foodprocessinginabox.eu\/de\/wp-json\/wp\/v2\/pages\/2413","targetHints":{"allow":["GET"]}}],"collection":[{"href":"https:\/\/www.fox-foodprocessinginabox.eu\/de\/wp-json\/wp\/v2\/pages"}],"about":[{"href":"https:\/\/www.fox-foodprocessinginabox.eu\/de\/wp-json\/wp\/v2\/types\/page"}],"author":[{"embeddable":true,"href":"https:\/\/www.fox-foodprocessinginabox.eu\/de\/wp-json\/wp\/v2\/users\/1"}],"replies":[{"embeddable":true,"href":"https:\/\/www.fox-foodprocessinginabox.eu\/de\/wp-json\/wp\/v2\/comments?post=2413"}],"version-history":[{"count":2,"href":"https:\/\/www.fox-foodprocessinginabox.eu\/de\/wp-json\/wp\/v2\/pages\/2413\/revisions"}],"predecessor-version":[{"id":2415,"href":"https:\/\/www.fox-foodprocessinginabox.eu\/de\/wp-json\/wp\/v2\/pages\/2413\/revisions\/2415"}],"up":[{"embeddable":true,"href":"https:\/\/www.fox-foodprocessinginabox.eu\/de\/wp-json\/wp\/v2\/pages\/2407"}],"wp:attachment":[{"href":"https:\/\/www.fox-foodprocessinginabox.eu\/de\/wp-json\/wp\/v2\/media?parent=2413"}],"curies":[{"name":"wp","href":"https:\/\/api.w.org\/{rel}","templated":true}]}}