{"id":2416,"date":"2019-12-27T09:58:05","date_gmt":"2019-12-27T08:58:05","guid":{"rendered":"http:\/\/www.fox-foodprocessinginabox.eu\/?page_id=2416"},"modified":"2020-04-07T15:01:18","modified_gmt":"2020-04-07T13:01:18","slug":"verbraucherverpflichtung","status":"publish","type":"page","link":"https:\/\/www.fox-foodprocessinginabox.eu\/de\/forschung\/verbraucherverpflichtung\/","title":{"rendered":"Verbraucher Engagement"},"content":{"rendered":"<div class=\"fusion-fullwidth fullwidth-box fusion-builder-row-1 nonhundred-percent-fullwidth non-hundred-percent-height-scrolling\" style=\"background-color: rgba(255,255,255,0);background-position: center center;background-repeat: no-repeat;padding-top:0px;padding-right:0px;padding-bottom:0px;padding-left:0px;margin-bottom: 0px;margin-top: 0px;border-width: 0px 0px 0px 0px;border-color:#eae9e9;border-style:solid;\" ><div class=\"fusion-builder-row fusion-row\"><div class=\"fusion-layout-column fusion_builder_column fusion-builder-column-0 fusion_builder_column_1_1 1_1 fusion-one-full fusion-column-first fusion-column-last\" style=\"margin-top:0px;margin-bottom:20px;\"><div class=\"fusion-column-wrapper fusion-flex-column-wrapper-legacy\" style=\"background-position:left top;background-repeat:no-repeat;-webkit-background-size:cover;-moz-background-size:cover;-o-background-size:cover;background-size:cover;padding: 0px 0px 0px 0px;\"><div class=\"fusion-text fusion-text-1\"><p id=\"E1489\" class=\"qowt-stl-NormalWeb\"><strong><span id=\"E1490\" class=\"qowt-stl-Strong\">Das Ziel<\/span><\/strong><\/p>\n<p class=\"qowt-stl-NormalWeb\"><span id=\"E1493\">Das Ziel <\/span><span id=\"E1494\">der Aufgabe <\/span><span id=\"E1495\">der Verbraucher Engagement<\/span><span id=\"E1496\">\u00a0ist es, sicherzustellen, dass die Entwicklung der Lebensmittelkreise in einer verbraucherorientierten Art erfolgt. <\/span>Die Verbraucher werden an der Entwicklung der Lebensmittelkreise durch eingerichtete<\/p>\n<p class=\"qowt-stl-NormalWeb\">Kommunikationskan\u00e4le mit den lokalen <span id=\"E1498\">Lebensmittelkreisanbietern beteiligt sein. <\/span><\/p>\n<p id=\"E1499\" class=\"qowt-stl-NormalWeb\"><span id=\"E1500\">Um die lokalen Verbraucher in die Lebensmittelkreise einzubeziehen, m\u00fcssen zwei Aspekte untersucht werden:<\/span><\/p>\n<ul>\n<li id=\"E1501\" class=\"qowt-li-16_0 qowt-list\"><span id=\"E1502\">Was sind die aktuellen Werte, Verhaltensweisen und Lebensmitteleinkaufsverhalten der Verbraucher? <\/span><\/li>\n<li id=\"E1503\" class=\"qowt-li-16_0 qowt-list\"><span id=\"E1504\">Was sind die Beweggr\u00fcnde und F\u00e4higkeiten der lokalen Verbraucher, sich an der Entwicklung der regionalen Lebensmittelkreise zu beteiligen?<\/span><\/li>\n<\/ul>\n<p id=\"E1505\" class=\"qowt-stl-NormalWeb\"><strong><span id=\"E1506\" class=\"qowt-stl-Strong\">Lebensmitteleinkaufsverhalten<\/span><\/strong><\/p>\n<p id=\"E1507\" class=\"qowt-stl-NormalWeb\"><span id=\"E1508\">Die Werte und Verhaltensweisen in Bezug auf die Lebensmittelauswahl der Obst- und Gem\u00fcseverbraucher sind: <\/span><\/p>\n<ul>\n<li id=\"E1509\" class=\"qowt-li-7_0 qowt-list\"><span id=\"E1510\">Sorge um die Nachhaltigkeit<\/span><\/li>\n<li id=\"E1511\" class=\"qowt-li-7_0 qowt-list\"><span id=\"E1512\">Verlangen nach Echtheit<\/span><\/li>\n<li id=\"E1513\" class=\"qowt-li-7_0 qowt-list\"><span id=\"E1514\">Vertrauen in die Lebensmittelkette<\/span><\/li>\n<li id=\"E1515\" class=\"qowt-li-7_0 qowt-list\"><span id=\"E1516\">Gesundheitsbewusstsein<\/span><\/li>\n<li id=\"E1517\" class=\"qowt-li-7_0 qowt-list\"><span id=\"E1518\">e<\/span><span id=\"E1519\">rn\u00e4hrungsbedingter Lebensstil<\/span><\/li>\n<\/ul>\n<p id=\"E1520\" class=\"qowt-stl-NormalWeb\"><span id=\"E1521\">Eine Online-Umfrage wird die Werte und Verhaltensweisen der Verbraucher abbilden und die Ver\u00e4nderungen im Kaufverhalten im Laufe der Zeit untersuchen. <\/span><span id=\"E1522\">Die Ergebnisse werden einen Einblick in das Potenzial der lokalen Verbraucherbeteiligung an den T\u00e4tigkeiten der Lebensmittelproduktion bieten, und zwar durch die Verwendung von <\/span><span id=\"E1523\">modernen<\/span><span id=\"E1524\">,<\/span><span id=\"E1525\"> lokalisierten<\/span><span id=\"E1526\"> Technologien, wonach sie in den Partnerregionen verbreitet sein werden. <\/span><\/p>\n<p id=\"E1527\" class=\"qowt-stl-NormalWeb\"><strong><span id=\"E1528\" class=\"qowt-stl-Strong\">FOXLINK<\/span><\/strong><\/p>\n<p id=\"E1529\" class=\"qowt-stl-NormalWeb\"><span id=\"E1530\">Die FOXLINK-App wird als Kommunikationsplattform zwischen den Verbrauchern sowie zwischen Verbrauchern und Lieferanten dienen. Die App <\/span><span id=\"E1531\">wird individualisierte Profile bieten und Informationen \u00fcber Produktionstechnologien, gesundheitliche Auswirkungen, Umwelt und l\u00e4ndliches Leben in Bezug auf den Lebensmittelkreis geben.<\/span><\/p>\n<p id=\"E1532\" class=\"qowt-stl-NormalWeb\"><span id=\"E1533\">Die App wird f\u00fcr Smartphones und Tablets<\/span><span id=\"E1534\"> verf\u00fcgbar, und mit anderen Kommunikationskan\u00e4len wie Facebook und Twitter verkn\u00fcpft sein. Die endg\u00fcltige Version der App wird in allen Sprachen der sechs Lebensmittelkreisregionen verf\u00fcgbar sein (Tschechisch, Niederl\u00e4ndisch, Franz\u00f6sisch, Deutsch, Polnisch und Spanisch).<\/span><\/p>\n<p id=\"E1535\" class=\"qowt-stl-NormalWeb\"><strong><span id=\"E1536\" class=\"qowt-stl-Strong\">Projektpartner<\/span><\/strong><\/p>\n<p id=\"E1537\" class=\"qowt-stl-NormalWeb\"><span id=\"E1538\">Die an der Verbraucherverpflichtung beteiligten Projektpartner sind AU, AINIA, WULS-SGGW, EUFIC, CTCPA, KOB, FOODTECH, und AGRO CR.<\/span><\/p>\n<\/div><div class=\"fusion-clearfix\"><\/div><\/div><\/div><\/div><\/div>\n","protected":false},"excerpt":{"rendered":"","protected":false},"author":1,"featured_media":0,"parent":2407,"menu_order":0,"comment_status":"closed","ping_status":"closed","template":"","meta":{"footnotes":""},"class_list":["post-2416","page","type-page","status-publish","hentry"],"yoast_head":"<!-- This site is optimized with the Yoast SEO plugin v26.4 - https:\/\/yoast.com\/wordpress\/plugins\/seo\/ -->\n<title>Verbraucher Engagement - FOX<\/title>\n<meta name=\"robots\" content=\"index, follow, max-snippet:-1, max-image-preview:large, max-video-preview:-1\" \/>\n<link rel=\"canonical\" href=\"https:\/\/www.fox-foodprocessinginabox.eu\/de\/forschung\/verbraucherverpflichtung\/\" \/>\n<meta property=\"og:locale\" content=\"de_DE\" \/>\n<meta property=\"og:type\" content=\"article\" \/>\n<meta property=\"og:title\" content=\"Verbraucher Engagement - FOX\" \/>\n<meta property=\"og:url\" content=\"https:\/\/www.fox-foodprocessinginabox.eu\/de\/forschung\/verbraucherverpflichtung\/\" \/>\n<meta property=\"og:site_name\" content=\"FOX\" \/>\n<meta property=\"article:modified_time\" content=\"2020-04-07T13:01:18+00:00\" \/>\n<meta name=\"twitter:card\" content=\"summary_large_image\" \/>\n<meta name=\"twitter:label1\" content=\"Gesch\u00e4tzte Lesezeit\" \/>\n\t<meta name=\"twitter:data1\" content=\"3\u00a0Minuten\" \/>\n<script type=\"application\/ld+json\" class=\"yoast-schema-graph\">{\"@context\":\"https:\/\/schema.org\",\"@graph\":[{\"@type\":\"WebPage\",\"@id\":\"https:\/\/www.fox-foodprocessinginabox.eu\/de\/forschung\/verbraucherverpflichtung\/\",\"url\":\"https:\/\/www.fox-foodprocessinginabox.eu\/de\/forschung\/verbraucherverpflichtung\/\",\"name\":\"Verbraucher Engagement - FOX\",\"isPartOf\":{\"@id\":\"https:\/\/www.fox-foodprocessinginabox.eu\/cs\/#website\"},\"datePublished\":\"2019-12-27T08:58:05+00:00\",\"dateModified\":\"2020-04-07T13:01:18+00:00\",\"breadcrumb\":{\"@id\":\"https:\/\/www.fox-foodprocessinginabox.eu\/de\/forschung\/verbraucherverpflichtung\/#breadcrumb\"},\"inLanguage\":\"de\",\"potentialAction\":[{\"@type\":\"ReadAction\",\"target\":[\"https:\/\/www.fox-foodprocessinginabox.eu\/de\/forschung\/verbraucherverpflichtung\/\"]}]},{\"@type\":\"BreadcrumbList\",\"@id\":\"https:\/\/www.fox-foodprocessinginabox.eu\/de\/forschung\/verbraucherverpflichtung\/#breadcrumb\",\"itemListElement\":[{\"@type\":\"ListItem\",\"position\":1,\"name\":\"Home\",\"item\":\"https:\/\/www.fox-foodprocessinginabox.eu\/de\/\"},{\"@type\":\"ListItem\",\"position\":2,\"name\":\"Forschung\",\"item\":\"https:\/\/www.fox-foodprocessinginabox.eu\/de\/forschung\/\"},{\"@type\":\"ListItem\",\"position\":3,\"name\":\"Verbraucher Engagement\"}]},{\"@type\":\"WebSite\",\"@id\":\"https:\/\/www.fox-foodprocessinginabox.eu\/cs\/#website\",\"url\":\"https:\/\/www.fox-foodprocessinginabox.eu\/cs\/\",\"name\":\"FOX\",\"description\":\"Food processing in a Box\",\"potentialAction\":[{\"@type\":\"SearchAction\",\"target\":{\"@type\":\"EntryPoint\",\"urlTemplate\":\"https:\/\/www.fox-foodprocessinginabox.eu\/cs\/?s={search_term_string}\"},\"query-input\":{\"@type\":\"PropertyValueSpecification\",\"valueRequired\":true,\"valueName\":\"search_term_string\"}}],\"inLanguage\":\"de\"}]}<\/script>\n<!-- \/ Yoast SEO plugin. -->","yoast_head_json":{"title":"Verbraucher Engagement - FOX","robots":{"index":"index","follow":"follow","max-snippet":"max-snippet:-1","max-image-preview":"max-image-preview:large","max-video-preview":"max-video-preview:-1"},"canonical":"https:\/\/www.fox-foodprocessinginabox.eu\/de\/forschung\/verbraucherverpflichtung\/","og_locale":"de_DE","og_type":"article","og_title":"Verbraucher Engagement - FOX","og_url":"https:\/\/www.fox-foodprocessinginabox.eu\/de\/forschung\/verbraucherverpflichtung\/","og_site_name":"FOX","article_modified_time":"2020-04-07T13:01:18+00:00","twitter_card":"summary_large_image","twitter_misc":{"Gesch\u00e4tzte Lesezeit":"3\u00a0Minuten"},"schema":{"@context":"https:\/\/schema.org","@graph":[{"@type":"WebPage","@id":"https:\/\/www.fox-foodprocessinginabox.eu\/de\/forschung\/verbraucherverpflichtung\/","url":"https:\/\/www.fox-foodprocessinginabox.eu\/de\/forschung\/verbraucherverpflichtung\/","name":"Verbraucher Engagement - FOX","isPartOf":{"@id":"https:\/\/www.fox-foodprocessinginabox.eu\/cs\/#website"},"datePublished":"2019-12-27T08:58:05+00:00","dateModified":"2020-04-07T13:01:18+00:00","breadcrumb":{"@id":"https:\/\/www.fox-foodprocessinginabox.eu\/de\/forschung\/verbraucherverpflichtung\/#breadcrumb"},"inLanguage":"de","potentialAction":[{"@type":"ReadAction","target":["https:\/\/www.fox-foodprocessinginabox.eu\/de\/forschung\/verbraucherverpflichtung\/"]}]},{"@type":"BreadcrumbList","@id":"https:\/\/www.fox-foodprocessinginabox.eu\/de\/forschung\/verbraucherverpflichtung\/#breadcrumb","itemListElement":[{"@type":"ListItem","position":1,"name":"Home","item":"https:\/\/www.fox-foodprocessinginabox.eu\/de\/"},{"@type":"ListItem","position":2,"name":"Forschung","item":"https:\/\/www.fox-foodprocessinginabox.eu\/de\/forschung\/"},{"@type":"ListItem","position":3,"name":"Verbraucher Engagement"}]},{"@type":"WebSite","@id":"https:\/\/www.fox-foodprocessinginabox.eu\/cs\/#website","url":"https:\/\/www.fox-foodprocessinginabox.eu\/cs\/","name":"FOX","description":"Food processing in a Box","potentialAction":[{"@type":"SearchAction","target":{"@type":"EntryPoint","urlTemplate":"https:\/\/www.fox-foodprocessinginabox.eu\/cs\/?s={search_term_string}"},"query-input":{"@type":"PropertyValueSpecification","valueRequired":true,"valueName":"search_term_string"}}],"inLanguage":"de"}]}},"_links":{"self":[{"href":"https:\/\/www.fox-foodprocessinginabox.eu\/de\/wp-json\/wp\/v2\/pages\/2416","targetHints":{"allow":["GET"]}}],"collection":[{"href":"https:\/\/www.fox-foodprocessinginabox.eu\/de\/wp-json\/wp\/v2\/pages"}],"about":[{"href":"https:\/\/www.fox-foodprocessinginabox.eu\/de\/wp-json\/wp\/v2\/types\/page"}],"author":[{"embeddable":true,"href":"https:\/\/www.fox-foodprocessinginabox.eu\/de\/wp-json\/wp\/v2\/users\/1"}],"replies":[{"embeddable":true,"href":"https:\/\/www.fox-foodprocessinginabox.eu\/de\/wp-json\/wp\/v2\/comments?post=2416"}],"version-history":[{"count":4,"href":"https:\/\/www.fox-foodprocessinginabox.eu\/de\/wp-json\/wp\/v2\/pages\/2416\/revisions"}],"predecessor-version":[{"id":3421,"href":"https:\/\/www.fox-foodprocessinginabox.eu\/de\/wp-json\/wp\/v2\/pages\/2416\/revisions\/3421"}],"up":[{"embeddable":true,"href":"https:\/\/www.fox-foodprocessinginabox.eu\/de\/wp-json\/wp\/v2\/pages\/2407"}],"wp:attachment":[{"href":"https:\/\/www.fox-foodprocessinginabox.eu\/de\/wp-json\/wp\/v2\/media?parent=2416"}],"curies":[{"name":"wp","href":"https:\/\/api.w.org\/{rel}","templated":true}]}}