{"id":2419,"date":"2019-12-27T09:59:08","date_gmt":"2019-12-27T08:59:08","guid":{"rendered":"http:\/\/www.fox-foodprocessinginabox.eu\/?page_id=2419"},"modified":"2020-04-07T15:00:58","modified_gmt":"2020-04-07T13:00:58","slug":"nachhaltigkeit-und-gesundheitliche-auswirkung","status":"publish","type":"page","link":"https:\/\/www.fox-foodprocessinginabox.eu\/de\/forschung\/nachhaltigkeit-und-gesundheitliche-auswirkung\/","title":{"rendered":"Nachhaltigkeit und gesundheitliche Auswirkung"},"content":{"rendered":"<div class=\"fusion-fullwidth fullwidth-box fusion-builder-row-1 nonhundred-percent-fullwidth non-hundred-percent-height-scrolling\" style=\"background-color: rgba(255,255,255,0);background-position: center center;background-repeat: no-repeat;padding-top:0px;padding-right:0px;padding-bottom:0px;padding-left:0px;margin-bottom: 0px;margin-top: 0px;border-width: 0px 0px 0px 0px;border-color:#eae9e9;border-style:solid;\" ><div class=\"fusion-builder-row fusion-row\"><div class=\"fusion-layout-column fusion_builder_column fusion-builder-column-0 fusion_builder_column_1_1 1_1 fusion-one-full fusion-column-first fusion-column-last\" style=\"margin-top:0px;margin-bottom:20px;\"><div class=\"fusion-column-wrapper fusion-flex-column-wrapper-legacy\" style=\"background-position:left top;background-repeat:no-repeat;-webkit-background-size:cover;-moz-background-size:cover;-o-background-size:cover;background-size:cover;padding: 0px 0px 0px 0px;\"><div class=\"fusion-text fusion-text-1\"><p id=\"E1542\" class=\"qowt-stl-NormalWeb\"><strong><span id=\"E1543\" class=\"qowt-stl-Strong\">Das Ziel<\/span><\/strong><\/p>\n<p id=\"E1544\" class=\"qowt-stl-NormalWeb\"><span id=\"E1545\" class=\"qowt-font6-MontserratLight\">Das Ziel dieser <\/span><span id=\"E1546\" class=\"qowt-font6-MontserratLight\">Aufgabe <\/span><span id=\"E1547\" class=\"qowt-font6-MontserratLight\">ist die Beurteilung drei unterschiedlicher Auswirkungen der Ans\u00e4tze der vier FOX Modellregionen<\/span><span id=\"E1548\">:<\/span><\/p>\n<ul>\n<li id=\"E1549\" class=\"qowt-li-6_0 qowt-list\"><span id=\"E1550\">Umweltauswirkungen<\/span><\/li>\n<\/ul>\n<p id=\"E1551\" class=\"qowt-stl-NormalWeb\"><span id=\"E1552\">Eine Lebenszyklusanalyse (LZA) wird w\u00e4hrend des gesamten Projektes durchgef\u00fchrt und angepasst. <\/span><span id=\"E1553\">Die Auswirkungen werden nach der Internationalen Referenzdatenbank f\u00fcr Lebenszyklusdaten beurteilt, eine in de<\/span><span id=\"E1554\">m<\/span><span id=\"E1555\"> Leitfaden f\u00fcr den Umweltfu\u00dfabruck von Produkten (PEF) beschriebene Methode, die als eine <\/span><span id=\"E1556\">harmonisierte europ\u00e4ische Methode zur Umweltvertr\u00e4glichkeitspr\u00fcfung<\/span><span id=\"E1557\"> dient. <\/span><\/p>\n<ul>\n<li id=\"E1558\" class=\"qowt-li-10_0 qowt-list\"><span id=\"E1559\">s<\/span><span id=\"E1560\">ozio\u00f6konomische Auswirkungen<\/span><\/li>\n<\/ul>\n<p id=\"E1561\" class=\"qowt-stl-NormalWeb\"><span id=\"E1562\">Angaben \u00fcber die lokalen Besch\u00e4ftigungsm\u00f6glichkeiten und Lebenszykluskosten werden er<\/span><span id=\"E1563\">stellt<\/span><span id=\"E1564\"> und mit den eher traditionellen, gro\u00dfen Verarbeitungstechnologien verglichen.<\/span><\/p>\n<ul>\n<li id=\"E1565\" class=\"qowt-li-4_0 qowt-list\"><span id=\"E1566\">g<\/span><span id=\"E1567\">esundheitliche Auswirkungen<\/span><\/li>\n<\/ul>\n<p id=\"E1568\" class=\"qowt-stl-NormalWeb\"><span id=\"E1569\">Der N\u00e4hrwert von<\/span><span id=\"E1570\"> durch<\/span><span id=\"E1571\"> FOX verarbeiteten Lebensmitteln wird durch die Bewertung des Nutri-Score <\/span><span id=\"E1572\">bestimmt, sowie durch den Vergleich der Produktzusammensetzung mit \u00e4hnlichen, <\/span><span id=\"E1573\">durch<\/span><span id=\"E1574\">andere<\/span><span id=\"E1575\"> Technologien hergestellten Lebensmitteln<\/span><span id=\"E1576\">.<\/span><span id=\"E1577\"> <\/span><\/p>\n<p id=\"E1578\" class=\"qowt-stl-NormalWeb\"><strong><span id=\"E1579\" class=\"qowt-stl-Strong\">Projektpartner<\/span><\/strong><\/p>\n<p id=\"E1580\" class=\"qowt-stl-NormalWeb\"><span id=\"E1581\">Die an der Erforschung der Nachhaltigkeit und <\/span><span id=\"E1582\">der <\/span><span id=\"E1583\">gesundheitlichen Auswirkungen des FOX-Ansatzes beteiligten Projektpartner sind KU LEUVEN, DIL, WR, AU, WULS-SGGW, und NUTRIS.<\/span><\/p>\n<\/div><div class=\"fusion-clearfix\"><\/div><\/div><\/div><\/div><\/div>\n","protected":false},"excerpt":{"rendered":"","protected":false},"author":1,"featured_media":0,"parent":2407,"menu_order":0,"comment_status":"closed","ping_status":"closed","template":"","meta":{"footnotes":""},"class_list":["post-2419","page","type-page","status-publish","hentry"],"yoast_head":"<!-- This site is optimized with the Yoast SEO plugin v26.4 - https:\/\/yoast.com\/wordpress\/plugins\/seo\/ -->\n<title>Nachhaltigkeit und gesundheitliche Auswirkung - FOX<\/title>\n<meta name=\"robots\" content=\"index, follow, max-snippet:-1, max-image-preview:large, max-video-preview:-1\" \/>\n<link rel=\"canonical\" href=\"https:\/\/www.fox-foodprocessinginabox.eu\/de\/forschung\/nachhaltigkeit-und-gesundheitliche-auswirkung\/\" \/>\n<meta property=\"og:locale\" content=\"de_DE\" \/>\n<meta property=\"og:type\" content=\"article\" \/>\n<meta property=\"og:title\" content=\"Nachhaltigkeit und gesundheitliche Auswirkung - FOX\" \/>\n<meta property=\"og:url\" content=\"https:\/\/www.fox-foodprocessinginabox.eu\/de\/forschung\/nachhaltigkeit-und-gesundheitliche-auswirkung\/\" \/>\n<meta property=\"og:site_name\" content=\"FOX\" \/>\n<meta property=\"article:modified_time\" content=\"2020-04-07T13:00:58+00:00\" \/>\n<meta name=\"twitter:card\" content=\"summary_large_image\" \/>\n<meta name=\"twitter:label1\" content=\"Gesch\u00e4tzte Lesezeit\" \/>\n\t<meta name=\"twitter:data1\" content=\"2\u00a0Minuten\" \/>\n<script type=\"application\/ld+json\" class=\"yoast-schema-graph\">{\"@context\":\"https:\/\/schema.org\",\"@graph\":[{\"@type\":\"WebPage\",\"@id\":\"https:\/\/www.fox-foodprocessinginabox.eu\/de\/forschung\/nachhaltigkeit-und-gesundheitliche-auswirkung\/\",\"url\":\"https:\/\/www.fox-foodprocessinginabox.eu\/de\/forschung\/nachhaltigkeit-und-gesundheitliche-auswirkung\/\",\"name\":\"Nachhaltigkeit und gesundheitliche Auswirkung - FOX\",\"isPartOf\":{\"@id\":\"https:\/\/www.fox-foodprocessinginabox.eu\/cs\/#website\"},\"datePublished\":\"2019-12-27T08:59:08+00:00\",\"dateModified\":\"2020-04-07T13:00:58+00:00\",\"breadcrumb\":{\"@id\":\"https:\/\/www.fox-foodprocessinginabox.eu\/de\/forschung\/nachhaltigkeit-und-gesundheitliche-auswirkung\/#breadcrumb\"},\"inLanguage\":\"de\",\"potentialAction\":[{\"@type\":\"ReadAction\",\"target\":[\"https:\/\/www.fox-foodprocessinginabox.eu\/de\/forschung\/nachhaltigkeit-und-gesundheitliche-auswirkung\/\"]}]},{\"@type\":\"BreadcrumbList\",\"@id\":\"https:\/\/www.fox-foodprocessinginabox.eu\/de\/forschung\/nachhaltigkeit-und-gesundheitliche-auswirkung\/#breadcrumb\",\"itemListElement\":[{\"@type\":\"ListItem\",\"position\":1,\"name\":\"Home\",\"item\":\"https:\/\/www.fox-foodprocessinginabox.eu\/de\/\"},{\"@type\":\"ListItem\",\"position\":2,\"name\":\"Forschung\",\"item\":\"https:\/\/www.fox-foodprocessinginabox.eu\/de\/forschung\/\"},{\"@type\":\"ListItem\",\"position\":3,\"name\":\"Nachhaltigkeit und gesundheitliche Auswirkung\"}]},{\"@type\":\"WebSite\",\"@id\":\"https:\/\/www.fox-foodprocessinginabox.eu\/cs\/#website\",\"url\":\"https:\/\/www.fox-foodprocessinginabox.eu\/cs\/\",\"name\":\"FOX\",\"description\":\"Food processing in a Box\",\"potentialAction\":[{\"@type\":\"SearchAction\",\"target\":{\"@type\":\"EntryPoint\",\"urlTemplate\":\"https:\/\/www.fox-foodprocessinginabox.eu\/cs\/?s={search_term_string}\"},\"query-input\":{\"@type\":\"PropertyValueSpecification\",\"valueRequired\":true,\"valueName\":\"search_term_string\"}}],\"inLanguage\":\"de\"}]}<\/script>\n<!-- \/ Yoast SEO plugin. -->","yoast_head_json":{"title":"Nachhaltigkeit und gesundheitliche Auswirkung - FOX","robots":{"index":"index","follow":"follow","max-snippet":"max-snippet:-1","max-image-preview":"max-image-preview:large","max-video-preview":"max-video-preview:-1"},"canonical":"https:\/\/www.fox-foodprocessinginabox.eu\/de\/forschung\/nachhaltigkeit-und-gesundheitliche-auswirkung\/","og_locale":"de_DE","og_type":"article","og_title":"Nachhaltigkeit und gesundheitliche Auswirkung - FOX","og_url":"https:\/\/www.fox-foodprocessinginabox.eu\/de\/forschung\/nachhaltigkeit-und-gesundheitliche-auswirkung\/","og_site_name":"FOX","article_modified_time":"2020-04-07T13:00:58+00:00","twitter_card":"summary_large_image","twitter_misc":{"Gesch\u00e4tzte Lesezeit":"2\u00a0Minuten"},"schema":{"@context":"https:\/\/schema.org","@graph":[{"@type":"WebPage","@id":"https:\/\/www.fox-foodprocessinginabox.eu\/de\/forschung\/nachhaltigkeit-und-gesundheitliche-auswirkung\/","url":"https:\/\/www.fox-foodprocessinginabox.eu\/de\/forschung\/nachhaltigkeit-und-gesundheitliche-auswirkung\/","name":"Nachhaltigkeit und gesundheitliche Auswirkung - FOX","isPartOf":{"@id":"https:\/\/www.fox-foodprocessinginabox.eu\/cs\/#website"},"datePublished":"2019-12-27T08:59:08+00:00","dateModified":"2020-04-07T13:00:58+00:00","breadcrumb":{"@id":"https:\/\/www.fox-foodprocessinginabox.eu\/de\/forschung\/nachhaltigkeit-und-gesundheitliche-auswirkung\/#breadcrumb"},"inLanguage":"de","potentialAction":[{"@type":"ReadAction","target":["https:\/\/www.fox-foodprocessinginabox.eu\/de\/forschung\/nachhaltigkeit-und-gesundheitliche-auswirkung\/"]}]},{"@type":"BreadcrumbList","@id":"https:\/\/www.fox-foodprocessinginabox.eu\/de\/forschung\/nachhaltigkeit-und-gesundheitliche-auswirkung\/#breadcrumb","itemListElement":[{"@type":"ListItem","position":1,"name":"Home","item":"https:\/\/www.fox-foodprocessinginabox.eu\/de\/"},{"@type":"ListItem","position":2,"name":"Forschung","item":"https:\/\/www.fox-foodprocessinginabox.eu\/de\/forschung\/"},{"@type":"ListItem","position":3,"name":"Nachhaltigkeit und gesundheitliche Auswirkung"}]},{"@type":"WebSite","@id":"https:\/\/www.fox-foodprocessinginabox.eu\/cs\/#website","url":"https:\/\/www.fox-foodprocessinginabox.eu\/cs\/","name":"FOX","description":"Food processing in a Box","potentialAction":[{"@type":"SearchAction","target":{"@type":"EntryPoint","urlTemplate":"https:\/\/www.fox-foodprocessinginabox.eu\/cs\/?s={search_term_string}"},"query-input":{"@type":"PropertyValueSpecification","valueRequired":true,"valueName":"search_term_string"}}],"inLanguage":"de"}]}},"_links":{"self":[{"href":"https:\/\/www.fox-foodprocessinginabox.eu\/de\/wp-json\/wp\/v2\/pages\/2419","targetHints":{"allow":["GET"]}}],"collection":[{"href":"https:\/\/www.fox-foodprocessinginabox.eu\/de\/wp-json\/wp\/v2\/pages"}],"about":[{"href":"https:\/\/www.fox-foodprocessinginabox.eu\/de\/wp-json\/wp\/v2\/types\/page"}],"author":[{"embeddable":true,"href":"https:\/\/www.fox-foodprocessinginabox.eu\/de\/wp-json\/wp\/v2\/users\/1"}],"replies":[{"embeddable":true,"href":"https:\/\/www.fox-foodprocessinginabox.eu\/de\/wp-json\/wp\/v2\/comments?post=2419"}],"version-history":[{"count":2,"href":"https:\/\/www.fox-foodprocessinginabox.eu\/de\/wp-json\/wp\/v2\/pages\/2419\/revisions"}],"predecessor-version":[{"id":2421,"href":"https:\/\/www.fox-foodprocessinginabox.eu\/de\/wp-json\/wp\/v2\/pages\/2419\/revisions\/2421"}],"up":[{"embeddable":true,"href":"https:\/\/www.fox-foodprocessinginabox.eu\/de\/wp-json\/wp\/v2\/pages\/2407"}],"wp:attachment":[{"href":"https:\/\/www.fox-foodprocessinginabox.eu\/de\/wp-json\/wp\/v2\/media?parent=2419"}],"curies":[{"name":"wp","href":"https:\/\/api.w.org\/{rel}","templated":true}]}}