{"id":2422,"date":"2019-12-27T10:00:15","date_gmt":"2019-12-27T09:00:15","guid":{"rendered":"http:\/\/www.fox-foodprocessinginabox.eu\/?page_id=2422"},"modified":"2022-04-26T15:40:53","modified_gmt":"2022-04-26T13:40:53","slug":"ressourcen","status":"publish","type":"page","link":"https:\/\/www.fox-foodprocessinginabox.eu\/de\/forschung\/ressourcen\/","title":{"rendered":"Ressourcen"},"content":{"rendered":"<div class=\"fusion-fullwidth fullwidth-box fusion-builder-row-1 nonhundred-percent-fullwidth non-hundred-percent-height-scrolling\" style=\"background-color: rgba(255,255,255,0);background-position: center center;background-repeat: no-repeat;padding-top:0px;padding-right:0px;padding-bottom:0px;padding-left:0px;margin-bottom: 0px;margin-top: 0px;border-width: 0px 0px 0px 0px;border-color:#eae9e9;border-style:solid;\" ><div class=\"fusion-builder-row fusion-row\"><div class=\"fusion-layout-column fusion_builder_column fusion-builder-column-0 fusion_builder_column_1_1 1_1 fusion-one-full fusion-column-first fusion-column-last\" style=\"margin-top:0px;margin-bottom:20px;\"><div class=\"fusion-column-wrapper fusion-flex-column-wrapper-legacy\" style=\"background-position:left top;background-repeat:no-repeat;-webkit-background-size:cover;-moz-background-size:cover;-o-background-size:cover;background-size:cover;padding: 0px 0px 0px 0px;\"><style type=\"text\/css\">#accordion-2422-1 .fusion-panel:hover{ border-color: #e0dede } #accordion-2422-1 .fusion-panel { border-color:#e0dede; }.fusion-accordian  #accordion-2422-1 .panel-title a .fa-fusion-box{ color: #ffffff;}.fusion-accordian  #accordion-2422-1 .panel-title a .fa-fusion-box:before{ font-size: 13px; width: 13px;}.fusion-accordian  #accordion-2422-1 .panel-title a{font-size:26px;line-height:1.5;color:#333333;font-family:\"Antic Slab\";font-weight:400;}.fusion-accordian  #accordion-2422-1 .toggle-content{font-size:15px;color:#000000;font-family:\"PT Sans\";font-weight:400;}.fusion-accordian  #accordion-2422-1 .fa-fusion-box { background-color: #333333;border-color: #333333;}.fusion-accordian  #accordion-2422-1 .panel-title a:not(.active):hover, #accordion-2422-1 .fusion-toggle-boxed-mode:hover .panel-title a { color: #a0ce4e;}.fusion-accordian  #accordion-2422-1 .panel-title .active .fa-fusion-box,.fusion-accordian  #accordion-2422-1 .panel-title a:not(.active):hover .fa-fusion-box { background-color: #a0ce4e!important;border-color: #a0ce4e!important;}<\/style><div class=\"accordian fusion-accordian\"><div class=\"panel-group\" id=\"accordion-2422-1\"><style type=\"text\/css\">.fusion-accordian  #accordion-2422-1 .panel-5eb14f48f809bbaca .panel-title a{}.fusion-accordian  #accordion-2422-1 .panel-5eb14f48f809bbaca .toggle-content{}<\/style><div class=\"fusion-panel panel-default panel-5eb14f48f809bbaca\"><div class=\"panel-heading\"><h4 class=\"panel-title toggle\" id=\"toggle_5eb14f48f809bbaca\"><a aria-expanded=\"false\" aria-controls=\"5eb14f48f809bbaca\" role=\"button\" data-toggle=\"collapse\" data-parent=\"#accordion-2422-1\" data-target=\"#5eb14f48f809bbaca\" href=\"#5eb14f48f809bbaca\"><span class=\"fusion-toggle-icon-wrapper\" aria-hidden=\"true\"><i class=\"fa-fusion-box active-icon awb-icon-minus\" aria-hidden=\"true\"><\/i><i class=\"fa-fusion-box inactive-icon awb-icon-plus\" aria-hidden=\"true\"><\/i><\/span><span class=\"fusion-toggle-heading\">FLUGBLATT<\/span><\/a><\/h4><\/div><div id=\"5eb14f48f809bbaca\" class=\"panel-collapse collapse \" araia-labelledby=\"toggle_5eb14f48f809bbaca\"><div class=\"panel-body toggle-content fusion-clearfix\">\n<p><img decoding=\"async\" class=\"lazyload alignnone wp-image-5667\" src=\"data:image\/svg+xml,%3Csvg%20xmlns%3D%27http%3A%2F%2Fwww.w3.org%2F2000%2Fsvg%27%20width%3D%27451%27%20height%3D%27331%27%20viewBox%3D%270%200%20451%20331%27%3E%3Crect%20width%3D%27451%27%20height%3D%27331%27%20fill-opacity%3D%220%22%2F%3E%3C%2Fsvg%3E\" data-orig-src=\"http:\/\/www.fox-foodprocessinginabox.eu\/wp-content\/uploads\/2020\/10\/FOX_Flyer_Box_1.png\" alt=\"\" width=\"451\" height=\"331\" \/><\/p>\n<p><a href=\"https:\/\/www.fox-foodprocessinginabox.eu\/wp-content\/uploads\/2022\/03\/FOX_Leaflet_01032022.pdf\" target=\"_blank\" rel=\"noopener noreferrer\">Laden Sie hier die FOX-Brosch\u00fcre herunter<\/a><\/p>\n<\/div><\/div><\/div><style type=\"text\/css\">.fusion-accordian  #accordion-2422-1 .panel-b56e7cd9938463102 .panel-title a{}.fusion-accordian  #accordion-2422-1 .panel-b56e7cd9938463102 .toggle-content{}<\/style><div class=\"fusion-panel panel-default panel-b56e7cd9938463102\"><div class=\"panel-heading\"><h4 class=\"panel-title toggle\" id=\"toggle_b56e7cd9938463102\"><a aria-expanded=\"false\" aria-controls=\"b56e7cd9938463102\" role=\"button\" data-toggle=\"collapse\" data-parent=\"#accordion-2422-1\" data-target=\"#b56e7cd9938463102\" href=\"#b56e7cd9938463102\"><span class=\"fusion-toggle-icon-wrapper\" aria-hidden=\"true\"><i class=\"fa-fusion-box active-icon awb-icon-minus\" aria-hidden=\"true\"><\/i><i class=\"fa-fusion-box inactive-icon awb-icon-plus\" aria-hidden=\"true\"><\/i><\/span><span class=\"fusion-toggle-heading\">BROSCH\u00dcRE<\/span><\/a><\/h4><\/div><div id=\"b56e7cd9938463102\" class=\"panel-collapse collapse \" araia-labelledby=\"toggle_b56e7cd9938463102\"><div class=\"panel-body toggle-content fusion-clearfix\">\n<ul>\n<li>\n<p class=\"title-heading-left fusion-responsive-typography-calculated\" data-fontsize=\"34\" data-lineheight=\"47.6px\"><a href=\"https:\/\/www.fox-foodprocessinginabox.eu\/wp-content\/uploads\/2019\/11\/50-trends-influencing-Europes-food-sector.pdf\" target=\"_blank\" rel=\"noopener noreferrer\">50 trends influencing Europe\u2019s food sector by 2035 &#8211; by Fraunhofer<\/a><\/p>\n<\/li>\n<li><a href=\"https:\/\/www.isi.fraunhofer.de\/content\/dam\/isi\/dokumente\/ccv\/2020\/Fox_Scenario_Brochure.pdf\" target=\"_blank\" rel=\"noopener noreferrer\">FOX Scenario Brochure 2020 &#8211; by Fraunhofer<\/a><\/li>\n<\/ul>\n<\/div><\/div><\/div><style type=\"text\/css\">.fusion-accordian  #accordion-2422-1 .panel-1a05a43101f5204dc .panel-title a{}.fusion-accordian  #accordion-2422-1 .panel-1a05a43101f5204dc .toggle-content{}<\/style><div class=\"fusion-panel panel-default panel-1a05a43101f5204dc\"><div class=\"panel-heading\"><h4 class=\"panel-title toggle\" id=\"toggle_1a05a43101f5204dc\"><a aria-expanded=\"false\" aria-controls=\"1a05a43101f5204dc\" role=\"button\" data-toggle=\"collapse\" data-parent=\"#accordion-2422-1\" data-target=\"#1a05a43101f5204dc\" href=\"#1a05a43101f5204dc\"><span class=\"fusion-toggle-icon-wrapper\" aria-hidden=\"true\"><i class=\"fa-fusion-box active-icon awb-icon-minus\" aria-hidden=\"true\"><\/i><i class=\"fa-fusion-box inactive-icon awb-icon-plus\" aria-hidden=\"true\"><\/i><\/span><span class=\"fusion-toggle-heading\">INFOGRAFIK<\/span><\/a><\/h4><\/div><div id=\"1a05a43101f5204dc\" class=\"panel-collapse collapse \" araia-labelledby=\"toggle_1a05a43101f5204dc\"><div class=\"panel-body toggle-content fusion-clearfix\">\n<p><img decoding=\"async\" class=\"lazyload alignnone wp-image-7071 size-full\" src=\"data:image\/svg+xml,%3Csvg%20xmlns%3D%27http%3A%2F%2Fwww.w3.org%2F2000%2Fsvg%27%20width%3D%275000%27%20height%3D%272813%27%20viewBox%3D%270%200%205000%202813%27%3E%3Crect%20width%3D%275000%27%20height%3D%272813%27%20fill-opacity%3D%220%22%2F%3E%3C%2Fsvg%3E\" data-orig-src=\"http:\/\/www.fox-foodprocessinginabox.eu\/wp-content\/uploads\/2021\/04\/1-final-DE-300dpi.jpg\" alt=\"\" width=\"5000\" height=\"2813\" \/><\/p>\n<h2 style=\"text-align: center;\"><span style=\"text-decoration: underline;\"><a href=\"http:\/\/www.fox-foodprocessinginabox.eu\/wp-content\/uploads\/2021\/04\/1-final-DE-300dpi.pdf\" target=\"_blank\" rel=\"noopener noreferrer\">Laden Sie die Infografik zum Lebensmittelkreis 1 herunter <\/a><\/span><img decoding=\"async\" class=\"lazyload alignnone size-full wp-image-8083\" style=\"font-size: 16px;\" src=\"data:image\/svg+xml,%3Csvg%20xmlns%3D%27http%3A%2F%2Fwww.w3.org%2F2000%2Fsvg%27%20width%3D%275000%27%20height%3D%272708%27%20viewBox%3D%270%200%205000%202708%27%3E%3Crect%20width%3D%275000%27%20height%3D%272708%27%20fill-opacity%3D%220%22%2F%3E%3C%2Fsvg%3E\" data-orig-src=\"http:\/\/www.fox-foodprocessinginabox.eu\/wp-content\/uploads\/2021\/06\/FC2-final-DE-300dpi.jpg\" alt=\"\" width=\"5000\" height=\"2708\" \/><\/h2>\n<h2 style=\"text-align: center;\"><span style=\"text-decoration: underline;\"><a href=\"http:\/\/www.fox-foodprocessinginabox.eu\/wp-content\/uploads\/2021\/06\/FC2-final-DE-300dpi.pdf\" target=\"_blank\" rel=\"noopener noreferrer\">Laden Sie die Infografik zum Lebensmittelkreis 2 herunter<\/a><\/span><\/h2>\n<p><a href=\"http:\/\/www.fox-foodprocessinginabox.eu\/wp-content\/uploads\/2021\/10\/FC3-DE.jpg\"><img decoding=\"async\" class=\"lazyload alignnone size-full wp-image-9077\" src=\"data:image\/svg+xml,%3Csvg%20xmlns%3D%27http%3A%2F%2Fwww.w3.org%2F2000%2Fsvg%27%20width%3D%275000%27%20height%3D%272708%27%20viewBox%3D%270%200%205000%202708%27%3E%3Crect%20width%3D%275000%27%20height%3D%272708%27%20fill-opacity%3D%220%22%2F%3E%3C%2Fsvg%3E\" data-orig-src=\"http:\/\/www.fox-foodprocessinginabox.eu\/wp-content\/uploads\/2021\/10\/FC3-DE.jpg\" alt=\"\" width=\"5000\" height=\"2708\" \/><\/a><\/p>\n<h2 style=\"text-align: center;\"><span style=\"text-decoration: underline;\"><a href=\"http:\/\/www.fox-foodprocessinginabox.eu\/wp-content\/uploads\/2021\/10\/FC3-DE.pdf\" target=\"_blank\" rel=\"noopener noreferrer\">Laden Sie die Infografik zum Lebensmittelkreis 3 herunter<\/a><\/span><\/h2>\n<p><img decoding=\"async\" class=\"lazyload alignnone size-full wp-image-8833\" src=\"data:image\/svg+xml,%3Csvg%20xmlns%3D%27http%3A%2F%2Fwww.w3.org%2F2000%2Fsvg%27%20width%3D%275000%27%20height%3D%272708%27%20viewBox%3D%270%200%205000%202708%27%3E%3Crect%20width%3D%275000%27%20height%3D%272708%27%20fill-opacity%3D%220%22%2F%3E%3C%2Fsvg%3E\" data-orig-src=\"http:\/\/www.fox-foodprocessinginabox.eu\/wp-content\/uploads\/2021\/09\/FC4-DE.jpg\" alt=\"\" width=\"5000\" height=\"2708\" \/><\/p>\n<h2 style=\"text-align: center;\"><span style=\"text-decoration: underline;\"><a href=\"http:\/\/www.fox-foodprocessinginabox.eu\/wp-content\/uploads\/2021\/09\/FC4-DE.pdf\" target=\"_blank\" rel=\"noopener noreferrer\">Laden Sie die Infografik zum Lebensmittelkreis 4 herunter<\/a><\/span><\/h2>\n<p><img decoding=\"async\" class=\"lazyload alignnone size-full wp-image-5016\" src=\"data:image\/svg+xml,%3Csvg%20xmlns%3D%27http%3A%2F%2Fwww.w3.org%2F2000%2Fsvg%27%20width%3D%271200%27%20height%3D%27601%27%20viewBox%3D%270%200%201200%20601%27%3E%3Crect%20width%3D%271200%27%20height%3D%27601%27%20fill-opacity%3D%220%22%2F%3E%3C%2Fsvg%3E\" data-orig-src=\"http:\/\/www.fox-foodprocessinginabox.eu\/wp-content\/uploads\/2020\/07\/FOX_PEF_EUFIC.png\" alt=\"\" width=\"1200\" height=\"601\" \/><\/p>\n<\/div><\/div><\/div><style type=\"text\/css\">.fusion-accordian  #accordion-2422-1 .panel-7108ba38afb3ae702 .panel-title a{}.fusion-accordian  #accordion-2422-1 .panel-7108ba38afb3ae702 .toggle-content{}<\/style><div class=\"fusion-panel panel-default panel-7108ba38afb3ae702\"><div class=\"panel-heading\"><h4 class=\"panel-title toggle\" id=\"toggle_7108ba38afb3ae702\"><a aria-expanded=\"false\" aria-controls=\"7108ba38afb3ae702\" role=\"button\" data-toggle=\"collapse\" data-parent=\"#accordion-2422-1\" data-target=\"#7108ba38afb3ae702\" href=\"#7108ba38afb3ae702\"><span class=\"fusion-toggle-icon-wrapper\" aria-hidden=\"true\"><i class=\"fa-fusion-box active-icon awb-icon-minus\" aria-hidden=\"true\"><\/i><i class=\"fa-fusion-box inactive-icon awb-icon-plus\" aria-hidden=\"true\"><\/i><\/span><span class=\"fusion-toggle-heading\">FOXLINK<\/span><\/a><\/h4><\/div><div id=\"7108ba38afb3ae702\" class=\"panel-collapse collapse \" araia-labelledby=\"toggle_7108ba38afb3ae702\"><div class=\"panel-body toggle-content fusion-clearfix\">\n<p id=\"E1598\" class=\"qowt-stl-NormalWeb\"><span id=\"E1599\">Die FOXLINK-App wird als Kommunikationsplattform zwischen den Verbrauchern, sowie zwischen Verbrauchern und Lieferanten dienen. Die App wird individualisierte Profile bieten und Informationen \u00fcber Produktionstechnologien, gesundheitliche Auswirkungen, Umwelt und l\u00e4ndliches Leben in Bezug auf den Lebensmittelkreis geben.<\/span><\/p>\n<p id=\"E1600\" class=\"qowt-stl-NormalWeb\"><span id=\"E1601\">Die App wird f\u00fcr Smartphones und Tablets verf\u00fcgbar, und mit anderen Kommunikationskan\u00e4len wie Facebook und Twitter verkn\u00fcpft sein. Die endg\u00fcltige Version der App wird in allen Sprachen der sechs Lebensmittelkreisregionen verf\u00fcgbar sein (Tschechisch, Niederl\u00e4ndisch, Franz\u00f6sisch, Deutsch, Polnisch und Spanisch).<\/span><\/p>\n<p><span style=\"text-decoration: underline;\"><a href=\"https:\/\/foxlink.app\/\">Laden Sie die App jetzt herunter.<\/a><\/span><\/p>\n<\/div><\/div><\/div><style type=\"text\/css\">.fusion-accordian  #accordion-2422-1 .panel-ec9b8ae8e667f05cb .panel-title a{}.fusion-accordian  #accordion-2422-1 .panel-ec9b8ae8e667f05cb .toggle-content{}<\/style><div class=\"fusion-panel panel-default panel-ec9b8ae8e667f05cb\"><div class=\"panel-heading\"><h4 class=\"panel-title toggle\" id=\"toggle_ec9b8ae8e667f05cb\"><a aria-expanded=\"false\" aria-controls=\"ec9b8ae8e667f05cb\" role=\"button\" data-toggle=\"collapse\" data-parent=\"#accordion-2422-1\" data-target=\"#ec9b8ae8e667f05cb\" href=\"#ec9b8ae8e667f05cb\"><span class=\"fusion-toggle-icon-wrapper\" aria-hidden=\"true\"><i class=\"fa-fusion-box active-icon awb-icon-minus\" aria-hidden=\"true\"><\/i><i class=\"fa-fusion-box inactive-icon awb-icon-plus\" aria-hidden=\"true\"><\/i><\/span><span class=\"fusion-toggle-heading\">FOXCOMM Toolbox<\/span><\/a><\/h4><\/div><div id=\"ec9b8ae8e667f05cb\" class=\"panel-collapse collapse \" araia-labelledby=\"toggle_ec9b8ae8e667f05cb\"><div class=\"panel-body toggle-content fusion-clearfix\">\n<p id=\"E1617\"><span id=\"E1618\">Die FOXCOMM<\/span><span id=\"E1619\">&#8211;<\/span><span id=\"E1620\">Toolbox wird allen FOX<\/span><span id=\"E1621\">&#8211;<\/span><span id=\"E1622\">Partnerregionen die M\u00f6glichkeit einer maximalen Verbreitung der Projektergebnisse geben. <\/span><\/p>\n<p id=\"E1623\"><span id=\"E1624\">Weitere Infos kommen bald dazu.<\/span><\/p>\n<\/div><\/div><\/div><style type=\"text\/css\">.fusion-accordian  #accordion-2422-1 .panel-ce3a265e1ec87e200 .panel-title a{}.fusion-accordian  #accordion-2422-1 .panel-ce3a265e1ec87e200 .toggle-content{}<\/style><div class=\"fusion-panel panel-default panel-ce3a265e1ec87e200\"><div class=\"panel-heading\"><h4 class=\"panel-title toggle\" id=\"toggle_ce3a265e1ec87e200\"><a aria-expanded=\"false\" aria-controls=\"ce3a265e1ec87e200\" role=\"button\" data-toggle=\"collapse\" data-parent=\"#accordion-2422-1\" data-target=\"#ce3a265e1ec87e200\" href=\"#ce3a265e1ec87e200\"><span class=\"fusion-toggle-icon-wrapper\" aria-hidden=\"true\"><i class=\"fa-fusion-box active-icon awb-icon-minus\" aria-hidden=\"true\"><\/i><i class=\"fa-fusion-box inactive-icon awb-icon-plus\" aria-hidden=\"true\"><\/i><\/span><span class=\"fusion-toggle-heading\">VIDEOS<\/span><\/a><\/h4><\/div><div id=\"ce3a265e1ec87e200\" class=\"panel-collapse collapse \" araia-labelledby=\"toggle_ce3a265e1ec87e200\"><div class=\"panel-body toggle-content fusion-clearfix\">\n<p class=\"title style-scope ytd-video-primary-info-renderer\">Dried fruit and vegetable snacks &#8211; Low-temperature drying methods at SGGW<\/p>\n<p><iframe title=\"YouTube video player\" src=\"https:\/\/www.youtube.com\/embed\/dHb1OgEN1QQ\" width=\"560\" height=\"315\" frameborder=\"0\" allowfullscreen=\"allowfullscreen\"><\/iframe><\/p>\n<p class=\"entry-title fusion-responsive-typography-calculated\" data-fontsize=\"18\" data-lineheight=\"normal\">Food Circle 3 virtual container unit<\/p>\n<p><iframe title=\"YouTube video player\" src=\"https:\/\/www.youtube.com\/embed\/DmgCApXSpHk\" width=\"560\" height=\"315\" frameborder=\"0\" allowfullscreen=\"allowfullscreen\"><\/iframe><\/p>\n<p class=\"title style-scope ytd-video-primary-info-renderer\">Behind the scenes of FOX partner KOB<\/p>\n<p><iframe title=\"YouTube video player\" src=\"https:\/\/www.youtube.com\/embed\/xj6pYt0rCgs\" width=\"560\" height=\"315\" frameborder=\"0\" allowfullscreen=\"allowfullscreen\"><\/iframe><\/p>\n<p class=\"title style-scope ytd-video-primary-info-renderer\">Future scenarios and LCA in the food and agricultural sector &#8211; FOX at the LCA event<\/p>\n<p class=\"title style-scope ytd-video-primary-info-renderer\"><iframe title=\"YouTube video player\" src=\"https:\/\/www.youtube.com\/embed\/dmx3wVUeGP8\" width=\"560\" height=\"315\" frameborder=\"0\" allowfullscreen=\"allowfullscreen\"><\/iframe><\/p>\n<\/div><\/div><\/div><\/div><\/div><div class=\"fusion-clearfix\"><\/div><\/div><\/div><\/div><\/div>\n","protected":false},"excerpt":{"rendered":"","protected":false},"author":1,"featured_media":0,"parent":2407,"menu_order":0,"comment_status":"closed","ping_status":"closed","template":"","meta":{"footnotes":""},"class_list":["post-2422","page","type-page","status-publish","hentry"],"yoast_head":"<!-- This site is optimized with the Yoast SEO plugin v26.4 - https:\/\/yoast.com\/wordpress\/plugins\/seo\/ -->\n<title>Ressourcen - FOX<\/title>\n<meta name=\"robots\" content=\"index, follow, max-snippet:-1, max-image-preview:large, max-video-preview:-1\" \/>\n<link rel=\"canonical\" href=\"https:\/\/www.fox-foodprocessinginabox.eu\/de\/forschung\/ressourcen\/\" \/>\n<meta property=\"og:locale\" content=\"de_DE\" \/>\n<meta property=\"og:type\" content=\"article\" \/>\n<meta property=\"og:title\" content=\"Ressourcen - FOX\" \/>\n<meta property=\"og:url\" content=\"https:\/\/www.fox-foodprocessinginabox.eu\/de\/forschung\/ressourcen\/\" \/>\n<meta property=\"og:site_name\" content=\"FOX\" \/>\n<meta property=\"article:modified_time\" content=\"2022-04-26T13:40:53+00:00\" \/>\n<meta property=\"og:image\" content=\"http:\/\/www.fox-foodprocessinginabox.eu\/wp-content\/uploads\/2020\/10\/FOX_Flyer_Box_1.png\" \/>\n<meta name=\"twitter:card\" content=\"summary_large_image\" \/>\n<meta name=\"twitter:label1\" content=\"Gesch\u00e4tzte Lesezeit\" \/>\n\t<meta name=\"twitter:data1\" content=\"3\u00a0Minuten\" \/>\n<script type=\"application\/ld+json\" class=\"yoast-schema-graph\">{\"@context\":\"https:\/\/schema.org\",\"@graph\":[{\"@type\":\"WebPage\",\"@id\":\"https:\/\/www.fox-foodprocessinginabox.eu\/de\/forschung\/ressourcen\/\",\"url\":\"https:\/\/www.fox-foodprocessinginabox.eu\/de\/forschung\/ressourcen\/\",\"name\":\"Ressourcen - FOX\",\"isPartOf\":{\"@id\":\"https:\/\/www.fox-foodprocessinginabox.eu\/cs\/#website\"},\"primaryImageOfPage\":{\"@id\":\"https:\/\/www.fox-foodprocessinginabox.eu\/de\/forschung\/ressourcen\/#primaryimage\"},\"image\":{\"@id\":\"https:\/\/www.fox-foodprocessinginabox.eu\/de\/forschung\/ressourcen\/#primaryimage\"},\"thumbnailUrl\":\"http:\/\/www.fox-foodprocessinginabox.eu\/wp-content\/uploads\/2020\/10\/FOX_Flyer_Box_1.png\",\"datePublished\":\"2019-12-27T09:00:15+00:00\",\"dateModified\":\"2022-04-26T13:40:53+00:00\",\"breadcrumb\":{\"@id\":\"https:\/\/www.fox-foodprocessinginabox.eu\/de\/forschung\/ressourcen\/#breadcrumb\"},\"inLanguage\":\"de\",\"potentialAction\":[{\"@type\":\"ReadAction\",\"target\":[\"https:\/\/www.fox-foodprocessinginabox.eu\/de\/forschung\/ressourcen\/\"]}]},{\"@type\":\"ImageObject\",\"inLanguage\":\"de\",\"@id\":\"https:\/\/www.fox-foodprocessinginabox.eu\/de\/forschung\/ressourcen\/#primaryimage\",\"url\":\"http:\/\/www.fox-foodprocessinginabox.eu\/wp-content\/uploads\/2020\/10\/FOX_Flyer_Box_1.png\",\"contentUrl\":\"http:\/\/www.fox-foodprocessinginabox.eu\/wp-content\/uploads\/2020\/10\/FOX_Flyer_Box_1.png\"},{\"@type\":\"BreadcrumbList\",\"@id\":\"https:\/\/www.fox-foodprocessinginabox.eu\/de\/forschung\/ressourcen\/#breadcrumb\",\"itemListElement\":[{\"@type\":\"ListItem\",\"position\":1,\"name\":\"Home\",\"item\":\"https:\/\/www.fox-foodprocessinginabox.eu\/de\/\"},{\"@type\":\"ListItem\",\"position\":2,\"name\":\"Forschung\",\"item\":\"https:\/\/www.fox-foodprocessinginabox.eu\/de\/forschung\/\"},{\"@type\":\"ListItem\",\"position\":3,\"name\":\"Ressourcen\"}]},{\"@type\":\"WebSite\",\"@id\":\"https:\/\/www.fox-foodprocessinginabox.eu\/cs\/#website\",\"url\":\"https:\/\/www.fox-foodprocessinginabox.eu\/cs\/\",\"name\":\"FOX\",\"description\":\"Food processing in a Box\",\"potentialAction\":[{\"@type\":\"SearchAction\",\"target\":{\"@type\":\"EntryPoint\",\"urlTemplate\":\"https:\/\/www.fox-foodprocessinginabox.eu\/cs\/?s={search_term_string}\"},\"query-input\":{\"@type\":\"PropertyValueSpecification\",\"valueRequired\":true,\"valueName\":\"search_term_string\"}}],\"inLanguage\":\"de\"}]}<\/script>\n<!-- \/ Yoast SEO plugin. -->","yoast_head_json":{"title":"Ressourcen - FOX","robots":{"index":"index","follow":"follow","max-snippet":"max-snippet:-1","max-image-preview":"max-image-preview:large","max-video-preview":"max-video-preview:-1"},"canonical":"https:\/\/www.fox-foodprocessinginabox.eu\/de\/forschung\/ressourcen\/","og_locale":"de_DE","og_type":"article","og_title":"Ressourcen - FOX","og_url":"https:\/\/www.fox-foodprocessinginabox.eu\/de\/forschung\/ressourcen\/","og_site_name":"FOX","article_modified_time":"2022-04-26T13:40:53+00:00","og_image":[{"url":"http:\/\/www.fox-foodprocessinginabox.eu\/wp-content\/uploads\/2020\/10\/FOX_Flyer_Box_1.png","type":"","width":"","height":""}],"twitter_card":"summary_large_image","twitter_misc":{"Gesch\u00e4tzte Lesezeit":"3\u00a0Minuten"},"schema":{"@context":"https:\/\/schema.org","@graph":[{"@type":"WebPage","@id":"https:\/\/www.fox-foodprocessinginabox.eu\/de\/forschung\/ressourcen\/","url":"https:\/\/www.fox-foodprocessinginabox.eu\/de\/forschung\/ressourcen\/","name":"Ressourcen - FOX","isPartOf":{"@id":"https:\/\/www.fox-foodprocessinginabox.eu\/cs\/#website"},"primaryImageOfPage":{"@id":"https:\/\/www.fox-foodprocessinginabox.eu\/de\/forschung\/ressourcen\/#primaryimage"},"image":{"@id":"https:\/\/www.fox-foodprocessinginabox.eu\/de\/forschung\/ressourcen\/#primaryimage"},"thumbnailUrl":"http:\/\/www.fox-foodprocessinginabox.eu\/wp-content\/uploads\/2020\/10\/FOX_Flyer_Box_1.png","datePublished":"2019-12-27T09:00:15+00:00","dateModified":"2022-04-26T13:40:53+00:00","breadcrumb":{"@id":"https:\/\/www.fox-foodprocessinginabox.eu\/de\/forschung\/ressourcen\/#breadcrumb"},"inLanguage":"de","potentialAction":[{"@type":"ReadAction","target":["https:\/\/www.fox-foodprocessinginabox.eu\/de\/forschung\/ressourcen\/"]}]},{"@type":"ImageObject","inLanguage":"de","@id":"https:\/\/www.fox-foodprocessinginabox.eu\/de\/forschung\/ressourcen\/#primaryimage","url":"http:\/\/www.fox-foodprocessinginabox.eu\/wp-content\/uploads\/2020\/10\/FOX_Flyer_Box_1.png","contentUrl":"http:\/\/www.fox-foodprocessinginabox.eu\/wp-content\/uploads\/2020\/10\/FOX_Flyer_Box_1.png"},{"@type":"BreadcrumbList","@id":"https:\/\/www.fox-foodprocessinginabox.eu\/de\/forschung\/ressourcen\/#breadcrumb","itemListElement":[{"@type":"ListItem","position":1,"name":"Home","item":"https:\/\/www.fox-foodprocessinginabox.eu\/de\/"},{"@type":"ListItem","position":2,"name":"Forschung","item":"https:\/\/www.fox-foodprocessinginabox.eu\/de\/forschung\/"},{"@type":"ListItem","position":3,"name":"Ressourcen"}]},{"@type":"WebSite","@id":"https:\/\/www.fox-foodprocessinginabox.eu\/cs\/#website","url":"https:\/\/www.fox-foodprocessinginabox.eu\/cs\/","name":"FOX","description":"Food processing in a Box","potentialAction":[{"@type":"SearchAction","target":{"@type":"EntryPoint","urlTemplate":"https:\/\/www.fox-foodprocessinginabox.eu\/cs\/?s={search_term_string}"},"query-input":{"@type":"PropertyValueSpecification","valueRequired":true,"valueName":"search_term_string"}}],"inLanguage":"de"}]}},"_links":{"self":[{"href":"https:\/\/www.fox-foodprocessinginabox.eu\/de\/wp-json\/wp\/v2\/pages\/2422","targetHints":{"allow":["GET"]}}],"collection":[{"href":"https:\/\/www.fox-foodprocessinginabox.eu\/de\/wp-json\/wp\/v2\/pages"}],"about":[{"href":"https:\/\/www.fox-foodprocessinginabox.eu\/de\/wp-json\/wp\/v2\/types\/page"}],"author":[{"embeddable":true,"href":"https:\/\/www.fox-foodprocessinginabox.eu\/de\/wp-json\/wp\/v2\/users\/1"}],"replies":[{"embeddable":true,"href":"https:\/\/www.fox-foodprocessinginabox.eu\/de\/wp-json\/wp\/v2\/comments?post=2422"}],"version-history":[{"count":14,"href":"https:\/\/www.fox-foodprocessinginabox.eu\/de\/wp-json\/wp\/v2\/pages\/2422\/revisions"}],"predecessor-version":[{"id":11587,"href":"https:\/\/www.fox-foodprocessinginabox.eu\/de\/wp-json\/wp\/v2\/pages\/2422\/revisions\/11587"}],"up":[{"embeddable":true,"href":"https:\/\/www.fox-foodprocessinginabox.eu\/de\/wp-json\/wp\/v2\/pages\/2407"}],"wp:attachment":[{"href":"https:\/\/www.fox-foodprocessinginabox.eu\/de\/wp-json\/wp\/v2\/media?parent=2422"}],"curies":[{"name":"wp","href":"https:\/\/api.w.org\/{rel}","templated":true}]}}