{"id":2834,"date":"2020-02-05T16:59:59","date_gmt":"2020-02-05T15:59:59","guid":{"rendered":"http:\/\/www.fox-foodprocessinginabox.eu\/?page_id=2834"},"modified":"2020-02-05T16:59:59","modified_gmt":"2020-02-05T15:59:59","slug":"datenschutzerklaerung","status":"publish","type":"page","link":"https:\/\/www.fox-foodprocessinginabox.eu\/de\/datenschutzerklaerung\/","title":{"rendered":"Datenschutzerkl\u00e4rung"},"content":{"rendered":"<div class=\"fusion-fullwidth fullwidth-box fusion-builder-row-1 nonhundred-percent-fullwidth non-hundred-percent-height-scrolling\" style=\"background-color: rgba(255,255,255,0);background-position: center center;background-repeat: no-repeat;padding-top:0px;padding-right:0px;padding-bottom:0px;padding-left:0px;margin-bottom: 0px;margin-top: 0px;border-width: 0px 0px 0px 0px;border-color:#eae9e9;border-style:solid;\" ><div class=\"fusion-builder-row fusion-row\"><div class=\"fusion-layout-column fusion_builder_column fusion-builder-column-0 fusion_builder_column_1_1 1_1 fusion-one-full fusion-column-first fusion-column-last\" style=\"margin-top:0px;margin-bottom:20px;\"><div class=\"fusion-column-wrapper fusion-flex-column-wrapper-legacy\" style=\"background-position:left top;background-repeat:no-repeat;-webkit-background-size:cover;-moz-background-size:cover;-o-background-size:cover;background-size:cover;padding: 0px 0px 0px 0px;\"><div class=\"fusion-text fusion-text-1\"><h1><strong>Datenschutzerkl\u00e4rung<\/strong><\/h1>\n<h2><em>\u00a0<\/em>Fox \u2013 Lebensmittelverarbeitung in Kisten<\/h2>\n<ol>\n<li><strong>Welche (Art von) pers\u00f6nlichen Daten werden erhoben?<\/strong><\/li>\n<\/ol>\n<p>Die Datentypen, einschlie\u00dflich pers\u00f6nlicher Daten, die verwendet werden k\u00f6nnen, sind die folgenden:<\/p>\n<ul>\n<li>Name und Vorname der Person<\/li>\n<li>Name der Organisation<\/li>\n<li>Benutzername und Passwort,<\/li>\n<li>E-Mail-Adresse,<\/li>\n<li>Geschlecht<\/li>\n<li>Twitter-Beitr\u00e4ge, Meinungen, Kommentare, Bilder, Videos<\/li>\n<li>IP-Adresse, Browser-Details, Ger\u00e4teinformation<\/li>\n<\/ul>\n<ol>\n<li><strong>\u00a0Zu welchem Zweck werden pers\u00f6nliche Daten verwendet?<\/strong><\/li>\n<\/ol>\n<p>Die Beschaffung und nachfolgende Bearbeitung von pers\u00f6nlichen Daten sind f\u00fcr folgende Zwecke erforderlich:<\/p>\n<ul>\n<li>um die Inhalte auf der FOX-Webseite und\/oder auf FOX Social-Media-Plattformen zu aktualisieren<\/li>\n<li>um unseren allgemeinen Newsletter zu senden<\/li>\n<li>um ausf\u00fchrliche Informationen \u00fcber die IG-SSFP-Mitgliedschaft zu senden<\/li>\n<li>um die Interaktion auf der Webseite zu erm\u00f6glichen (z.B. Kommentare, Sharing-Funktion<\/li>\n<li>um einfach mit Ihnen zu kommunizieren<\/li>\n<\/ul>\n<ol>\n<li><strong>Welche Rechtsgrundlage gibt es f\u00fcr die Verarbeitung?<\/strong><\/li>\n<\/ol>\n<p>Die Datensubjekte werden aufgefordert, ihre pers\u00f6nlichen Daten \u00fcber ein Online-Formular vorzulegen.<\/p>\n<p>Die Rechtsgrundlage dieser Verarbeitung ist eine Einwilligung.<\/p>\n<p>Ihre Einwilligung k\u00f6nnen Sie jederzeit widerrufen, indem Sie an folgende Adresse schreiben: <a href=\"mailto:info@fox-foodprocessinginabox.eu\">info@fox-foodprocessinginabox.eu<\/a><\/p>\n<ol>\n<li><strong>Wer ist f\u00fcr die Datenverarbeitung zust\u00e4ndig?<\/strong><\/li>\n<\/ol>\n<p>Der Verantwortliche f\u00fcr die Verarbeitung ist der FOX-Projektkoordinator \u201eDIL Deutsches Institut f\u00fcr Lebensmitteltechnik e.V.\u201c.<\/p>\n<ol>\n<li><strong>Wer sind die Empf\u00e4nger der pers\u00f6nlichen Daten?<\/strong><\/li>\n<\/ol>\n<p>Pers\u00f6nliche Daten werden nur von dem Projektpartner \u201eEUFIC\u201c verarbeitet, der als Datenverarbeiter fungiert.<\/p>\n<ol>\n<li><strong>Social Media-Interaktionen<\/strong><\/li>\n<\/ol>\n<p>Die FOX-Webseite integriert Social Media-Interaktionen, die die Verbreitung der FOX-Inhalte auf Social Media-Plattformen und andere damit zusammenh\u00e4ngende Aktionen erm\u00f6glichen. Durch diese Interaktionen k\u00f6nnen Ihre pers\u00f6nlichen Daten mit einem breiten Publikum geteilt werden, einschlie\u00dflich, in einigen F\u00e4llen, mit denjenigen, die nicht im bestimmten, ausgew\u00e4hlten Social Media angemeldet sind.<\/p>\n<p>Die anwendbaren Datenschutzbestimmungen der sozialen Netzwerke, die in der FOX-Webseite integriert sind, k\u00f6nnen Sie auf den unteren Links erhalten:<\/p>\n<ul>\n<li><a href=\"https:\/\/www.facebook.com\/about\/privacy\/;\">Facebook<\/a><\/li>\n<li><a href=\"https:\/\/help.instagram.com\/519522125107875\">Instagram<\/a><\/li>\n<li><a href=\"https:\/\/twitter.com\/privacy?lang=en;\">Twitter<\/a><\/li>\n<li><a href=\"https:\/\/www.linkedin.com\/legal\/privacy-policy;\">LinkedIn<\/a><\/li>\n<li><a href=\"https:\/\/www.reddit.com\/\">Reddit<\/a><\/li>\n<li><a href=\"https:\/\/policies.google.com\/privacy?hl=en\">Google +<\/a><\/li>\n<li><a href=\"https:\/\/www.tumblr.com\/privacy\">Tumblr<\/a><\/li>\n<li><a href=\"https:\/\/policy.pinterest.com\/en\/privacy-policy\">Pinterest<\/a><\/li>\n<li><a href=\"https:\/\/vk.com\/privacy\">VK<\/a><\/li>\n<li><a href=\"https:\/\/www.whatsapp.com\/legal\/\">WhatsApp<\/a><\/li>\n<\/ul>\n<ol>\n<li><strong>Werden die pers\u00f6nlichen Daten in L\u00e4nder au\u00dferhalb des Europ\u00e4ischen Wirtschaftsraumes ohne ein angemessenes Datenschutzniveau \u00fcbermittelt werden?<\/strong><\/li>\n<\/ol>\n<p>Die Sammlung und teilweise auch die Verarbeitung der pers\u00f6nlichen Daten erfolgen durch \u201eMailChimp\u201c, eine von Rocket Science Group LLC, einem aus den USA stammenden \u00a0Unternehmen, zur Verf\u00fcgung gestellte Plattform. Angemessene Schutzma\u00dfnahmen wurden wie im Gesetz gefordert, ergriffen (SCCs, Datenschutzschild).<\/p>\n<ol>\n<li><strong>Wie lange werden die pers\u00f6nlichen Daten gespeichert bleiben?<\/strong><\/li>\n<\/ol>\n<p>Alle Daten werden am Ende der FOX- Projektlaufzeit gel\u00f6scht sein (November 2023)<\/p>\n<ol>\n<li><strong>Wie werden die pers\u00f6nlichen Daten gesch\u00fctzt?<\/strong><\/li>\n<\/ol>\n<p>Die Daten werden auf passwortgesch\u00fctzten Servern gespeichert. Nur Befugte erhalten Zugriff auf die Daten.<\/p>\n<ol>\n<li><strong>An wen kann ich mich wenden, wenn ich Fragen oder Beschwerden habe?<\/strong><\/li>\n<\/ol>\n<h2>Projektkoordinator: DIL Deutsches Institut f\u00fcr Lebensmitteltechnik e.V.<\/h2>\n<p><strong>Dr. Kerstin Lienemann:<\/strong>\u00a0<a href=\"mailto:K.Lienemann@dil-ev.de\">K.Lienemann@dil-ev.de<\/a><\/p>\n<h2>Projektpartner: EUFIC<\/h2>\n<p><strong>Raymond Gemen:<\/strong>\u00a0<a href=\"mailto:raymond.gemen@eufic.org\">raymond.gemen@eufic.org<\/a><\/p>\n<\/div><div class=\"fusion-clearfix\"><\/div><\/div><\/div><\/div><\/div>\n","protected":false},"excerpt":{"rendered":"","protected":false},"author":1,"featured_media":0,"parent":0,"menu_order":0,"comment_status":"closed","ping_status":"closed","template":"","meta":{"footnotes":""},"class_list":["post-2834","page","type-page","status-publish","hentry"],"yoast_head":"<!-- This site is optimized with the Yoast SEO plugin v26.4 - https:\/\/yoast.com\/wordpress\/plugins\/seo\/ -->\n<title>Datenschutzerkl\u00e4rung - FOX<\/title>\n<meta name=\"robots\" content=\"index, follow, max-snippet:-1, max-image-preview:large, max-video-preview:-1\" \/>\n<link rel=\"canonical\" href=\"https:\/\/www.fox-foodprocessinginabox.eu\/de\/datenschutzerklaerung\/\" \/>\n<meta property=\"og:locale\" content=\"de_DE\" \/>\n<meta property=\"og:type\" content=\"article\" \/>\n<meta property=\"og:title\" content=\"Datenschutzerkl\u00e4rung - FOX\" \/>\n<meta property=\"og:url\" content=\"https:\/\/www.fox-foodprocessinginabox.eu\/de\/datenschutzerklaerung\/\" \/>\n<meta property=\"og:site_name\" content=\"FOX\" \/>\n<meta name=\"twitter:card\" content=\"summary_large_image\" \/>\n<meta name=\"twitter:label1\" content=\"Gesch\u00e4tzte Lesezeit\" \/>\n\t<meta name=\"twitter:data1\" content=\"3\u00a0Minuten\" \/>\n<script type=\"application\/ld+json\" class=\"yoast-schema-graph\">{\"@context\":\"https:\/\/schema.org\",\"@graph\":[{\"@type\":\"WebPage\",\"@id\":\"https:\/\/www.fox-foodprocessinginabox.eu\/de\/datenschutzerklaerung\/\",\"url\":\"https:\/\/www.fox-foodprocessinginabox.eu\/de\/datenschutzerklaerung\/\",\"name\":\"Datenschutzerkl\u00e4rung - FOX\",\"isPartOf\":{\"@id\":\"https:\/\/www.fox-foodprocessinginabox.eu\/cs\/#website\"},\"datePublished\":\"2020-02-05T15:59:59+00:00\",\"breadcrumb\":{\"@id\":\"https:\/\/www.fox-foodprocessinginabox.eu\/de\/datenschutzerklaerung\/#breadcrumb\"},\"inLanguage\":\"de\",\"potentialAction\":[{\"@type\":\"ReadAction\",\"target\":[\"https:\/\/www.fox-foodprocessinginabox.eu\/de\/datenschutzerklaerung\/\"]}]},{\"@type\":\"BreadcrumbList\",\"@id\":\"https:\/\/www.fox-foodprocessinginabox.eu\/de\/datenschutzerklaerung\/#breadcrumb\",\"itemListElement\":[{\"@type\":\"ListItem\",\"position\":1,\"name\":\"Home\",\"item\":\"https:\/\/www.fox-foodprocessinginabox.eu\/de\/\"},{\"@type\":\"ListItem\",\"position\":2,\"name\":\"Datenschutzerkl\u00e4rung\"}]},{\"@type\":\"WebSite\",\"@id\":\"https:\/\/www.fox-foodprocessinginabox.eu\/cs\/#website\",\"url\":\"https:\/\/www.fox-foodprocessinginabox.eu\/cs\/\",\"name\":\"FOX\",\"description\":\"Food processing in a Box\",\"potentialAction\":[{\"@type\":\"SearchAction\",\"target\":{\"@type\":\"EntryPoint\",\"urlTemplate\":\"https:\/\/www.fox-foodprocessinginabox.eu\/cs\/?s={search_term_string}\"},\"query-input\":{\"@type\":\"PropertyValueSpecification\",\"valueRequired\":true,\"valueName\":\"search_term_string\"}}],\"inLanguage\":\"de\"}]}<\/script>\n<!-- \/ Yoast SEO plugin. -->","yoast_head_json":{"title":"Datenschutzerkl\u00e4rung - FOX","robots":{"index":"index","follow":"follow","max-snippet":"max-snippet:-1","max-image-preview":"max-image-preview:large","max-video-preview":"max-video-preview:-1"},"canonical":"https:\/\/www.fox-foodprocessinginabox.eu\/de\/datenschutzerklaerung\/","og_locale":"de_DE","og_type":"article","og_title":"Datenschutzerkl\u00e4rung - FOX","og_url":"https:\/\/www.fox-foodprocessinginabox.eu\/de\/datenschutzerklaerung\/","og_site_name":"FOX","twitter_card":"summary_large_image","twitter_misc":{"Gesch\u00e4tzte Lesezeit":"3\u00a0Minuten"},"schema":{"@context":"https:\/\/schema.org","@graph":[{"@type":"WebPage","@id":"https:\/\/www.fox-foodprocessinginabox.eu\/de\/datenschutzerklaerung\/","url":"https:\/\/www.fox-foodprocessinginabox.eu\/de\/datenschutzerklaerung\/","name":"Datenschutzerkl\u00e4rung - FOX","isPartOf":{"@id":"https:\/\/www.fox-foodprocessinginabox.eu\/cs\/#website"},"datePublished":"2020-02-05T15:59:59+00:00","breadcrumb":{"@id":"https:\/\/www.fox-foodprocessinginabox.eu\/de\/datenschutzerklaerung\/#breadcrumb"},"inLanguage":"de","potentialAction":[{"@type":"ReadAction","target":["https:\/\/www.fox-foodprocessinginabox.eu\/de\/datenschutzerklaerung\/"]}]},{"@type":"BreadcrumbList","@id":"https:\/\/www.fox-foodprocessinginabox.eu\/de\/datenschutzerklaerung\/#breadcrumb","itemListElement":[{"@type":"ListItem","position":1,"name":"Home","item":"https:\/\/www.fox-foodprocessinginabox.eu\/de\/"},{"@type":"ListItem","position":2,"name":"Datenschutzerkl\u00e4rung"}]},{"@type":"WebSite","@id":"https:\/\/www.fox-foodprocessinginabox.eu\/cs\/#website","url":"https:\/\/www.fox-foodprocessinginabox.eu\/cs\/","name":"FOX","description":"Food processing in a Box","potentialAction":[{"@type":"SearchAction","target":{"@type":"EntryPoint","urlTemplate":"https:\/\/www.fox-foodprocessinginabox.eu\/cs\/?s={search_term_string}"},"query-input":{"@type":"PropertyValueSpecification","valueRequired":true,"valueName":"search_term_string"}}],"inLanguage":"de"}]}},"_links":{"self":[{"href":"https:\/\/www.fox-foodprocessinginabox.eu\/de\/wp-json\/wp\/v2\/pages\/2834","targetHints":{"allow":["GET"]}}],"collection":[{"href":"https:\/\/www.fox-foodprocessinginabox.eu\/de\/wp-json\/wp\/v2\/pages"}],"about":[{"href":"https:\/\/www.fox-foodprocessinginabox.eu\/de\/wp-json\/wp\/v2\/types\/page"}],"author":[{"embeddable":true,"href":"https:\/\/www.fox-foodprocessinginabox.eu\/de\/wp-json\/wp\/v2\/users\/1"}],"replies":[{"embeddable":true,"href":"https:\/\/www.fox-foodprocessinginabox.eu\/de\/wp-json\/wp\/v2\/comments?post=2834"}],"version-history":[{"count":3,"href":"https:\/\/www.fox-foodprocessinginabox.eu\/de\/wp-json\/wp\/v2\/pages\/2834\/revisions"}],"predecessor-version":[{"id":3430,"href":"https:\/\/www.fox-foodprocessinginabox.eu\/de\/wp-json\/wp\/v2\/pages\/2834\/revisions\/3430"}],"wp:attachment":[{"href":"https:\/\/www.fox-foodprocessinginabox.eu\/de\/wp-json\/wp\/v2\/media?parent=2834"}],"curies":[{"name":"wp","href":"https:\/\/api.w.org\/{rel}","templated":true}]}}