{"id":2376,"date":"2019-12-27T09:10:46","date_gmt":"2019-12-27T08:10:46","guid":{"rendered":"http:\/\/www.fox-foodprocessinginabox.eu\/?page_id=2376"},"modified":"2020-04-07T15:03:23","modified_gmt":"2020-04-07T13:03:23","slug":"participacion-del-consumidor","status":"publish","type":"page","link":"https:\/\/www.fox-foodprocessinginabox.eu\/es\/investigacion\/participacion-del-consumidor\/","title":{"rendered":"Participaci\u00f3n del consumidor"},"content":{"rendered":"<div class=\"fusion-fullwidth fullwidth-box fusion-builder-row-1 nonhundred-percent-fullwidth non-hundred-percent-height-scrolling\" style=\"background-color: rgba(255,255,255,0);background-position: center center;background-repeat: no-repeat;padding-top:0px;padding-right:0px;padding-bottom:0px;padding-left:0px;margin-bottom: 0px;margin-top: 0px;border-width: 0px 0px 0px 0px;border-color:#eae9e9;border-style:solid;\" ><div class=\"fusion-builder-row fusion-row\"><div class=\"fusion-layout-column fusion_builder_column fusion-builder-column-0 fusion_builder_column_1_1 1_1 fusion-one-full fusion-column-first fusion-column-last\" style=\"margin-top:0px;margin-bottom:20px;\"><div class=\"fusion-column-wrapper fusion-flex-column-wrapper-legacy\" style=\"background-position:left top;background-repeat:no-repeat;-webkit-background-size:cover;-moz-background-size:cover;-o-background-size:cover;background-size:cover;padding: 0px 0px 0px 0px;\"><div class=\"fusion-text fusion-text-1\"><p id=\"E1400\" class=\"qowt-stl-NormalWeb\"><strong><span id=\"E1401\" class=\"qowt-stl-Strong\">El objetivo<\/span><\/strong><\/p>\n<p id=\"E1402\"><span id=\"E1403\" class=\"qowt-font2-TimesNewRoman\">La tarea de participaci\u00f3n del consumidor tiene como objetivo garantizar que el desarrollo de los c\u00edrculos alimenticios se realice de manera orientada al consumidor. <\/span><span id=\"E1404\" class=\"qowt-font2-TimesNewRoman\">Los consumidores participar\u00e1n en el desarrollo de l<\/span><span id=\"E1405\" class=\"qowt-font2-TimesNewRoman\">os c<\/span><span id=\"E1406\" class=\"qowt-font2-TimesNewRoman\">\u00edrculos de alimentos a trav\u00e9s de l\u00edneas de comunicaci\u00f3n establecidas con los pro<\/span><span id=\"E1407\" class=\"qowt-font2-TimesNewRoman\">veedores locales de C\u00edrculos alimenticio<\/span><span id=\"E1408\" class=\"qowt-font2-TimesNewRoman\">s.<\/span><\/p>\n<p id=\"E1409\" class=\"qowt-stl-NormalWeb\"><span id=\"E1410\">Para involucrar a los consumidores locales en los C\u00edrculos alimenticios, se deben examinar dos <\/span><span id=\"E1412\">perspectivas<\/span><span id=\"E1413\">:<\/span><\/p>\n<ul>\n<li id=\"E1414\" class=\"qowt-li-16_0 qowt-list\"><span id=\"E1415\">\u00bfCu\u00e1les son los valores actuales del consumidor, las actitudes y el comportamiento de compra de alimentos<\/span><span id=\"E1416\">?<\/span><\/li>\n<li id=\"E1417\" class=\"qowt-li-16_0 qowt-list\"><span id=\"E1418\">\u00bfCu\u00e1l es la motivaci\u00f3n y la capacidad de los consumidores locales para participar en el desa<\/span><span id=\"E1419\">rrollo de un c\u00edrculo alimenticio<\/span><span id=\"E1420\"> regional<\/span><span id=\"E1421\">?<\/span><\/li>\n<\/ul>\n<p id=\"E1422\" class=\"qowt-stl-NormalWeb\"><strong><span id=\"E1423\" class=\"qowt-stl-Strong\">Comportamiento de compra de alimentos<\/span><\/strong><\/p>\n<p id=\"E1424\" class=\"qowt-stl-NormalWeb\"><span id=\"E1425\">Los valores y actitudes relacionados con la elecci\u00f3n de alimentos de los consumidores de frutas y verduras son<\/span><span id=\"E1426\">:<\/span><\/p>\n<ul>\n<li id=\"E1427\" class=\"qowt-li-7_0 qowt-list\"><span id=\"E1428\">Preocupaci\u00f3n por la sostenibilidad<\/span><\/li>\n<li id=\"E1429\" class=\"qowt-li-7_0 qowt-list\"><span id=\"E1430\">Deseo de autenticidad<\/span><\/li>\n<li id=\"E1431\" class=\"qowt-li-7_0 qowt-list\"><span id=\"E1432\">Confianza en la cadena alimentaria<\/span><\/li>\n<li id=\"E1433\" class=\"qowt-li-7_0 qowt-list\"><span id=\"E1434\">Conciencia de la salud<\/span><\/li>\n<li id=\"E1435\" class=\"qowt-li-7_0 qowt-list\"><span id=\"E1436\">Estilo de vida relacionado con la comida<\/span><\/li>\n<\/ul>\n<p id=\"E1437\" class=\"qowt-stl-NormalWeb\"><span id=\"E1438\">Una encuesta en l\u00ednea trazar\u00e1 el mapa de los valores, las actitudes de los consumidores y examinar\u00e1 los cambios en el comportamiento de compra a lo largo del tiempo. Los resultados dar\u00e1n una idea del potencial de<\/span><span id=\"E1439\"> <\/span><span id=\"E1440\">l<\/span><span id=\"E1441\">a<\/span><span id=\"E1442\"> <\/span><span id=\"E1443\">participaci\u00f3n<\/span><span id=\"E1444\"> local de los consumidores en las actividades de producci\u00f3n de alimentos utilizando tecnolog\u00edas modernas localizadas y se difundir\u00e1n a las regiones asociadas.<\/span><\/p>\n<p id=\"E1445\" class=\"qowt-stl-NormalWeb\"><strong><span id=\"E1446\" class=\"qowt-stl-Strong\">FOXLINK<\/span><\/strong><\/p>\n<p id=\"E1447\" class=\"qowt-stl-NormalWeb\"><span id=\"E1448\">La aplicaci\u00f3n FOXLINK servir\u00e1 como plataforma de comunicaci\u00f3n entre consumidores y entre consumidores y proveedores. La aplicaci\u00f3n vendr\u00e1 con perfiles individualizados y brindar\u00e1 informaci\u00f3n sobre tecnolog\u00edas de producci\u00f3n, impacto en la salud, el medio ambie<\/span><span id=\"E1449\">nte y la vida rural relacionada<\/span><span id=\"E1450\"> con el C\u00edrculo alimenticio<\/span><span id=\"E1451\">.<\/span><\/p>\n<p id=\"E1452\" class=\"qowt-stl-NormalWeb\"><span id=\"E1453\">La aplicaci\u00f3n estar\u00e1 disponible para tel\u00e9fonos inteligentes y tabletas y estar\u00e1 vinculada a otros canales de comunicaci\u00f3n como Facebook y Twitter.<\/span><span id=\"E1454\"> La aplicaci\u00f3n final estar\u00e1 en todos los idiomas de las seis regiones de C\u00edrculo alimenticio (checo, holand\u00e9s, franc\u00e9s, alem\u00e1n, polaco, espa\u00f1ol).<\/span><\/p>\n<p id=\"E1455\" class=\"qowt-stl-NormalWeb\"><strong><span id=\"E1456\" class=\"qowt-stl-Strong\">Socios del proyecto<\/span><\/strong><\/p>\n<p id=\"E1457\"><span id=\"E1458\" class=\"qowt-font2-TimesNewRoman\">Los socios del proyecto involucrados en la participaci\u00f3n del consumidor son <\/span><span id=\"E1459\" class=\"qowt-font2-TimesNewRoman\">AU, AINIA, WULS-SGGW, EUFIC, CTCPA, KOB, FOODTECH y AGRO CR.<\/span><\/p>\n<\/div><div class=\"fusion-clearfix\"><\/div><\/div><\/div><\/div><\/div>\n","protected":false},"excerpt":{"rendered":"","protected":false},"author":1,"featured_media":0,"parent":2369,"menu_order":0,"comment_status":"closed","ping_status":"closed","template":"","meta":{"footnotes":""},"class_list":["post-2376","page","type-page","status-publish","hentry"],"yoast_head":"<!-- This site is optimized with the Yoast SEO plugin v26.4 - https:\/\/yoast.com\/wordpress\/plugins\/seo\/ -->\n<title>Participaci\u00f3n del consumidor - FOX<\/title>\n<meta name=\"robots\" content=\"index, follow, max-snippet:-1, max-image-preview:large, max-video-preview:-1\" \/>\n<link rel=\"canonical\" href=\"https:\/\/www.fox-foodprocessinginabox.eu\/es\/investigacion\/participacion-del-consumidor\/\" \/>\n<meta property=\"og:locale\" content=\"es_ES\" \/>\n<meta property=\"og:type\" content=\"article\" \/>\n<meta property=\"og:title\" content=\"Participaci\u00f3n del consumidor - FOX\" \/>\n<meta property=\"og:url\" content=\"https:\/\/www.fox-foodprocessinginabox.eu\/es\/investigacion\/participacion-del-consumidor\/\" \/>\n<meta property=\"og:site_name\" content=\"FOX\" \/>\n<meta property=\"article:modified_time\" content=\"2020-04-07T13:03:23+00:00\" \/>\n<meta name=\"twitter:card\" content=\"summary_large_image\" \/>\n<meta name=\"twitter:label1\" content=\"Tiempo de lectura\" \/>\n\t<meta name=\"twitter:data1\" content=\"3 minutos\" \/>\n<script type=\"application\/ld+json\" class=\"yoast-schema-graph\">{\"@context\":\"https:\/\/schema.org\",\"@graph\":[{\"@type\":\"WebPage\",\"@id\":\"https:\/\/www.fox-foodprocessinginabox.eu\/es\/investigacion\/participacion-del-consumidor\/\",\"url\":\"https:\/\/www.fox-foodprocessinginabox.eu\/es\/investigacion\/participacion-del-consumidor\/\",\"name\":\"Participaci\u00f3n del consumidor - FOX\",\"isPartOf\":{\"@id\":\"https:\/\/www.fox-foodprocessinginabox.eu\/cs\/#website\"},\"datePublished\":\"2019-12-27T08:10:46+00:00\",\"dateModified\":\"2020-04-07T13:03:23+00:00\",\"breadcrumb\":{\"@id\":\"https:\/\/www.fox-foodprocessinginabox.eu\/es\/investigacion\/participacion-del-consumidor\/#breadcrumb\"},\"inLanguage\":\"es\",\"potentialAction\":[{\"@type\":\"ReadAction\",\"target\":[\"https:\/\/www.fox-foodprocessinginabox.eu\/es\/investigacion\/participacion-del-consumidor\/\"]}]},{\"@type\":\"BreadcrumbList\",\"@id\":\"https:\/\/www.fox-foodprocessinginabox.eu\/es\/investigacion\/participacion-del-consumidor\/#breadcrumb\",\"itemListElement\":[{\"@type\":\"ListItem\",\"position\":1,\"name\":\"Home\",\"item\":\"https:\/\/www.fox-foodprocessinginabox.eu\/es\/\"},{\"@type\":\"ListItem\",\"position\":2,\"name\":\"Investigaci\u00f3n\",\"item\":\"https:\/\/www.fox-foodprocessinginabox.eu\/es\/investigacion\/\"},{\"@type\":\"ListItem\",\"position\":3,\"name\":\"Participaci\u00f3n del consumidor\"}]},{\"@type\":\"WebSite\",\"@id\":\"https:\/\/www.fox-foodprocessinginabox.eu\/cs\/#website\",\"url\":\"https:\/\/www.fox-foodprocessinginabox.eu\/cs\/\",\"name\":\"FOX\",\"description\":\"Food processing in a Box\",\"potentialAction\":[{\"@type\":\"SearchAction\",\"target\":{\"@type\":\"EntryPoint\",\"urlTemplate\":\"https:\/\/www.fox-foodprocessinginabox.eu\/cs\/?s={search_term_string}\"},\"query-input\":{\"@type\":\"PropertyValueSpecification\",\"valueRequired\":true,\"valueName\":\"search_term_string\"}}],\"inLanguage\":\"es\"}]}<\/script>\n<!-- \/ Yoast SEO plugin. -->","yoast_head_json":{"title":"Participaci\u00f3n del consumidor - FOX","robots":{"index":"index","follow":"follow","max-snippet":"max-snippet:-1","max-image-preview":"max-image-preview:large","max-video-preview":"max-video-preview:-1"},"canonical":"https:\/\/www.fox-foodprocessinginabox.eu\/es\/investigacion\/participacion-del-consumidor\/","og_locale":"es_ES","og_type":"article","og_title":"Participaci\u00f3n del consumidor - FOX","og_url":"https:\/\/www.fox-foodprocessinginabox.eu\/es\/investigacion\/participacion-del-consumidor\/","og_site_name":"FOX","article_modified_time":"2020-04-07T13:03:23+00:00","twitter_card":"summary_large_image","twitter_misc":{"Tiempo de lectura":"3 minutos"},"schema":{"@context":"https:\/\/schema.org","@graph":[{"@type":"WebPage","@id":"https:\/\/www.fox-foodprocessinginabox.eu\/es\/investigacion\/participacion-del-consumidor\/","url":"https:\/\/www.fox-foodprocessinginabox.eu\/es\/investigacion\/participacion-del-consumidor\/","name":"Participaci\u00f3n del consumidor - FOX","isPartOf":{"@id":"https:\/\/www.fox-foodprocessinginabox.eu\/cs\/#website"},"datePublished":"2019-12-27T08:10:46+00:00","dateModified":"2020-04-07T13:03:23+00:00","breadcrumb":{"@id":"https:\/\/www.fox-foodprocessinginabox.eu\/es\/investigacion\/participacion-del-consumidor\/#breadcrumb"},"inLanguage":"es","potentialAction":[{"@type":"ReadAction","target":["https:\/\/www.fox-foodprocessinginabox.eu\/es\/investigacion\/participacion-del-consumidor\/"]}]},{"@type":"BreadcrumbList","@id":"https:\/\/www.fox-foodprocessinginabox.eu\/es\/investigacion\/participacion-del-consumidor\/#breadcrumb","itemListElement":[{"@type":"ListItem","position":1,"name":"Home","item":"https:\/\/www.fox-foodprocessinginabox.eu\/es\/"},{"@type":"ListItem","position":2,"name":"Investigaci\u00f3n","item":"https:\/\/www.fox-foodprocessinginabox.eu\/es\/investigacion\/"},{"@type":"ListItem","position":3,"name":"Participaci\u00f3n del consumidor"}]},{"@type":"WebSite","@id":"https:\/\/www.fox-foodprocessinginabox.eu\/cs\/#website","url":"https:\/\/www.fox-foodprocessinginabox.eu\/cs\/","name":"FOX","description":"Food processing in a Box","potentialAction":[{"@type":"SearchAction","target":{"@type":"EntryPoint","urlTemplate":"https:\/\/www.fox-foodprocessinginabox.eu\/cs\/?s={search_term_string}"},"query-input":{"@type":"PropertyValueSpecification","valueRequired":true,"valueName":"search_term_string"}}],"inLanguage":"es"}]}},"_links":{"self":[{"href":"https:\/\/www.fox-foodprocessinginabox.eu\/es\/wp-json\/wp\/v2\/pages\/2376","targetHints":{"allow":["GET"]}}],"collection":[{"href":"https:\/\/www.fox-foodprocessinginabox.eu\/es\/wp-json\/wp\/v2\/pages"}],"about":[{"href":"https:\/\/www.fox-foodprocessinginabox.eu\/es\/wp-json\/wp\/v2\/types\/page"}],"author":[{"embeddable":true,"href":"https:\/\/www.fox-foodprocessinginabox.eu\/es\/wp-json\/wp\/v2\/users\/1"}],"replies":[{"embeddable":true,"href":"https:\/\/www.fox-foodprocessinginabox.eu\/es\/wp-json\/wp\/v2\/comments?post=2376"}],"version-history":[{"count":2,"href":"https:\/\/www.fox-foodprocessinginabox.eu\/es\/wp-json\/wp\/v2\/pages\/2376\/revisions"}],"predecessor-version":[{"id":2378,"href":"https:\/\/www.fox-foodprocessinginabox.eu\/es\/wp-json\/wp\/v2\/pages\/2376\/revisions\/2378"}],"up":[{"embeddable":true,"href":"https:\/\/www.fox-foodprocessinginabox.eu\/es\/wp-json\/wp\/v2\/pages\/2369"}],"wp:attachment":[{"href":"https:\/\/www.fox-foodprocessinginabox.eu\/es\/wp-json\/wp\/v2\/media?parent=2376"}],"curies":[{"name":"wp","href":"https:\/\/api.w.org\/{rel}","templated":true}]}}