{"id":2379,"date":"2019-12-27T09:12:43","date_gmt":"2019-12-27T08:12:43","guid":{"rendered":"http:\/\/www.fox-foodprocessinginabox.eu\/?page_id=2379"},"modified":"2020-04-07T15:03:30","modified_gmt":"2020-04-07T13:03:30","slug":"prevision-y-modelos-de-negocio","status":"publish","type":"page","link":"https:\/\/www.fox-foodprocessinginabox.eu\/es\/investigacion\/prevision-y-modelos-de-negocio\/","title":{"rendered":"Previsi\u00f3n y modelos de negocio"},"content":{"rendered":"<div class=\"fusion-fullwidth fullwidth-box fusion-builder-row-1 nonhundred-percent-fullwidth non-hundred-percent-height-scrolling\" style=\"background-color: rgba(255,255,255,0);background-position: center center;background-repeat: no-repeat;padding-top:0px;padding-right:0px;padding-bottom:0px;padding-left:0px;margin-bottom: 0px;margin-top: 0px;border-width: 0px 0px 0px 0px;border-color:#eae9e9;border-style:solid;\" ><div class=\"fusion-builder-row fusion-row\"><div class=\"fusion-layout-column fusion_builder_column fusion-builder-column-0 fusion_builder_column_1_1 1_1 fusion-one-full fusion-column-first fusion-column-last\" style=\"margin-top:0px;margin-bottom:20px;\"><div class=\"fusion-column-wrapper fusion-flex-column-wrapper-legacy\" style=\"background-position:left top;background-repeat:no-repeat;-webkit-background-size:cover;-moz-background-size:cover;-o-background-size:cover;background-size:cover;padding: 0px 0px 0px 0px;\"><div class=\"fusion-text fusion-text-1\"><p id=\"E1333\" class=\"qowt-stl-NormalWeb\"><strong><span id=\"E1334\" class=\"qowt-stl-Strong\">El objetivo<\/span><\/strong><\/p>\n<p id=\"E1335\" class=\"qowt-stl-NormalWeb\"><span id=\"E1336\">La previsi\u00f3n y el desarrollo del modelo de negocio dentro del proyecto FOX pretende<\/span><span id=\"E1337\">n<\/span><span id=\"E1338\">:<\/span><\/p>\n<ul>\n<li id=\"E1339\" class=\"qowt-li-11_0 qowt-list\"><span id=\"E1340\">Identificar y analizar tendencias que influir\u00e1n en el sistema de innovaci\u00f3n alimentaria en el futuro<\/span><\/li>\n<li id=\"E1341\" class=\"qowt-li-11_0 qowt-list\"><span id=\"E1342\">Desarrollar los escenarios para las condiciones marco del sistema de innovaci\u00f3n alimentaria<\/span><\/li>\n<li id=\"E1344\" class=\"qowt-li-11_0 qowt-list\"><span id=\"E1345\">Redactar el borrador de escenarios futuros espec\u00edf<\/span><span id=\"E1346\">icos para cada c\u00edrculo alimenticio<\/span><\/li>\n<li id=\"E1347\" class=\"qowt-li-11_0 qowt-list\"><span id=\"E1348\">Identificar elementos del modelo de negocio para tecnolog\u00edas de proc<\/span><span id=\"E1349\">esamiento de alimentos a escala reducida<\/span><span id=\"E1350\">, contextualizadas para diferentes tipos de tecnolog\u00eda y contexto socioecon\u00f3mico\u00a0<\/span><\/li>\n<li id=\"E1351\" class=\"qowt-li-11_0 qowt-list\"><span id=\"E1352\">Validar los modelos de negocio en el contexto de diferentes supuestos futuros<\/span><\/li>\n<\/ul>\n<p id=\"E1353\" class=\"qowt-stl-NormalWeb\"><strong><span id=\"E1354\" class=\"qowt-stl-Strong\">Futuros escenarios para el sector alimentario y <\/span><span id=\"E1355\" class=\"qowt-stl-Strong\">los c\u00edrculos alimenticios<\/span><\/strong><\/p>\n<p id=\"E1356\" class=\"qowt-stl-NormalWeb\"><span id=\"E1357\">Las tendencias identificadas son indicadores de cambio<\/span><span id=\"E1358\">.<\/span><span id=\"E1359\"> Se utilizar\u00e1n para desarrollar escenarios <\/span><span id=\"E1361\">marco futuros<\/span><span id=\"E1363\">, describiendo diferentes futuros posibles para el sector alimentario en 2035.<\/span><span id=\"E1364\"> Estos escenarios servir\u00e1n para alinear otros paquetes de trabajo con los requisitos futuros del sector alimentario. <\/span><\/p>\n<p id=\"E1365\" class=\"qowt-stl-NormalWeb\"><span id=\"E1366\">Para cada uno de<\/span><span id=\"E1367\"> los cuatro c\u00edrculos alimenticio<\/span><span id=\"E1368\">s FOX, se elaborar\u00e1n escenarios regionales espec\u00edficos en talleres con expertos internos y externos y partes interesadas relevantes. Se reunir\u00e1n alrededor de 20 expertos po<\/span><span id=\"E1369\">r regi\u00f3n del c\u00edrculo alimenticio<\/span><span id=\"E1370\">, 5-10 expertos internos y 10-15 expertos de las respectivas regiones. Los talleres se llevar\u00e1n a cabo alrededor de eventos locales de comida y conferencias para maximizar la participaci\u00f3n de los expertos locales.<\/span><\/p>\n<p id=\"E1371\" class=\"qowt-stl-NormalWeb\"><strong><span id=\"E1372\" class=\"qowt-stl-Strong\">Modelos de negocio<\/span><\/strong><\/p>\n<p id=\"E1373\" class=\"qowt-stl-NormalWeb\"><span id=\"E1374\">El valor agregado generado por las tecnolog\u00edas de proc<\/span><span id=\"E1375\">esamiento de alimentos a escala reducida<\/span><span id=\"E1376\"> es beneficioso para los agricultores. Para maximizar la longevidad del C\u00edrculo de alimentos para los agricultores, se deben aplicar o<\/span><span id=\"E1377\"> desarrollar modelos de negocio<\/span><span id=\"E1378\"> adecuados. <\/span><\/p>\n<p id=\"E1379\" class=\"qowt-stl-NormalWeb\"><span id=\"E1380\">Un modelo de negocio s\u00f3lido aborda no solo la creaci\u00f3n y distribuci\u00f3n del valor a\u00f1adido, sino tambi\u00e9n la distribuci\u00f3n de riesgos y el gobierno relacionado con varios derechos de propiedad.<\/span><\/p>\n<p id=\"E1381\" class=\"qowt-stl-NormalWeb\"><strong><span id=\"E1382\" class=\"qowt-stl-Strong\">Socios del proyecto<\/span><\/strong><\/p>\n<p id=\"E1383\" class=\"qowt-stl-NormalWeb\"><a id=\"E1384\" contenteditable=\"false\" href=\"https:\/\/www.fox-foodprocessinginabox.eu\/portfolio-items\/partner022\/?portfolioCats=10%2C7%2C8%2C13%2C9%2C6%2C12%2C11%2C14\" target=\"_blank\" rel=\"noopener noreferrer\"><span id=\"E1386\" class=\"qowt-stl-Hyperlink\">Fraunhofer<\/span><span id=\"E1388\" class=\"qowt-stl-Hyperlink\"> ISI<\/span><\/a><span id=\"E1389\" class=\"qowt-stl-Hyperlink\"> y <\/span><a id=\"E1390\" contenteditable=\"false\" href=\"https:\/\/www.fox-foodprocessinginabox.eu\/portfolio-items\/partner023\/?portfolioCats=10%2C7%2C8%2C13%2C9%2C6%2C12%2C11%2C14\" target=\"_blank\" rel=\"noopener noreferrer\"><span id=\"E1391\" class=\"qowt-stl-Hyperlink\">KU <\/span><span id=\"E1393\" class=\"qowt-stl-Hyperlink\">Leuven<\/span><\/a><\/p>\n<p id=\"E1395\" class=\"qowt-stl-NormalWeb\"><span id=\"E1396\">Todos los dem\u00e1s socios del proyecto participan en este paquete de trabajo y participar\u00e1n en los talleres.<\/span><\/p>\n<\/div><div class=\"fusion-clearfix\"><\/div><\/div><\/div><\/div><\/div>\n","protected":false},"excerpt":{"rendered":"","protected":false},"author":1,"featured_media":0,"parent":2369,"menu_order":0,"comment_status":"closed","ping_status":"closed","template":"","meta":{"footnotes":""},"class_list":["post-2379","page","type-page","status-publish","hentry"],"yoast_head":"<!-- This site is optimized with the Yoast SEO plugin v26.4 - https:\/\/yoast.com\/wordpress\/plugins\/seo\/ -->\n<title>Previsi\u00f3n y modelos de negocio - FOX<\/title>\n<meta name=\"robots\" content=\"index, follow, max-snippet:-1, max-image-preview:large, max-video-preview:-1\" \/>\n<link rel=\"canonical\" href=\"https:\/\/www.fox-foodprocessinginabox.eu\/es\/investigacion\/prevision-y-modelos-de-negocio\/\" \/>\n<meta property=\"og:locale\" content=\"es_ES\" \/>\n<meta property=\"og:type\" content=\"article\" \/>\n<meta property=\"og:title\" content=\"Previsi\u00f3n y modelos de negocio - FOX\" \/>\n<meta property=\"og:url\" content=\"https:\/\/www.fox-foodprocessinginabox.eu\/es\/investigacion\/prevision-y-modelos-de-negocio\/\" \/>\n<meta property=\"og:site_name\" content=\"FOX\" \/>\n<meta property=\"article:modified_time\" content=\"2020-04-07T13:03:30+00:00\" \/>\n<meta name=\"twitter:card\" content=\"summary_large_image\" \/>\n<meta name=\"twitter:label1\" content=\"Tiempo de lectura\" \/>\n\t<meta name=\"twitter:data1\" content=\"3 minutos\" \/>\n<script type=\"application\/ld+json\" class=\"yoast-schema-graph\">{\"@context\":\"https:\/\/schema.org\",\"@graph\":[{\"@type\":\"WebPage\",\"@id\":\"https:\/\/www.fox-foodprocessinginabox.eu\/es\/investigacion\/prevision-y-modelos-de-negocio\/\",\"url\":\"https:\/\/www.fox-foodprocessinginabox.eu\/es\/investigacion\/prevision-y-modelos-de-negocio\/\",\"name\":\"Previsi\u00f3n y modelos de negocio - FOX\",\"isPartOf\":{\"@id\":\"https:\/\/www.fox-foodprocessinginabox.eu\/cs\/#website\"},\"datePublished\":\"2019-12-27T08:12:43+00:00\",\"dateModified\":\"2020-04-07T13:03:30+00:00\",\"breadcrumb\":{\"@id\":\"https:\/\/www.fox-foodprocessinginabox.eu\/es\/investigacion\/prevision-y-modelos-de-negocio\/#breadcrumb\"},\"inLanguage\":\"es\",\"potentialAction\":[{\"@type\":\"ReadAction\",\"target\":[\"https:\/\/www.fox-foodprocessinginabox.eu\/es\/investigacion\/prevision-y-modelos-de-negocio\/\"]}]},{\"@type\":\"BreadcrumbList\",\"@id\":\"https:\/\/www.fox-foodprocessinginabox.eu\/es\/investigacion\/prevision-y-modelos-de-negocio\/#breadcrumb\",\"itemListElement\":[{\"@type\":\"ListItem\",\"position\":1,\"name\":\"Home\",\"item\":\"https:\/\/www.fox-foodprocessinginabox.eu\/es\/\"},{\"@type\":\"ListItem\",\"position\":2,\"name\":\"Investigaci\u00f3n\",\"item\":\"https:\/\/www.fox-foodprocessinginabox.eu\/es\/investigacion\/\"},{\"@type\":\"ListItem\",\"position\":3,\"name\":\"Previsi\u00f3n y modelos de negocio\"}]},{\"@type\":\"WebSite\",\"@id\":\"https:\/\/www.fox-foodprocessinginabox.eu\/cs\/#website\",\"url\":\"https:\/\/www.fox-foodprocessinginabox.eu\/cs\/\",\"name\":\"FOX\",\"description\":\"Food processing in a Box\",\"potentialAction\":[{\"@type\":\"SearchAction\",\"target\":{\"@type\":\"EntryPoint\",\"urlTemplate\":\"https:\/\/www.fox-foodprocessinginabox.eu\/cs\/?s={search_term_string}\"},\"query-input\":{\"@type\":\"PropertyValueSpecification\",\"valueRequired\":true,\"valueName\":\"search_term_string\"}}],\"inLanguage\":\"es\"}]}<\/script>\n<!-- \/ Yoast SEO plugin. -->","yoast_head_json":{"title":"Previsi\u00f3n y modelos de negocio - FOX","robots":{"index":"index","follow":"follow","max-snippet":"max-snippet:-1","max-image-preview":"max-image-preview:large","max-video-preview":"max-video-preview:-1"},"canonical":"https:\/\/www.fox-foodprocessinginabox.eu\/es\/investigacion\/prevision-y-modelos-de-negocio\/","og_locale":"es_ES","og_type":"article","og_title":"Previsi\u00f3n y modelos de negocio - FOX","og_url":"https:\/\/www.fox-foodprocessinginabox.eu\/es\/investigacion\/prevision-y-modelos-de-negocio\/","og_site_name":"FOX","article_modified_time":"2020-04-07T13:03:30+00:00","twitter_card":"summary_large_image","twitter_misc":{"Tiempo de lectura":"3 minutos"},"schema":{"@context":"https:\/\/schema.org","@graph":[{"@type":"WebPage","@id":"https:\/\/www.fox-foodprocessinginabox.eu\/es\/investigacion\/prevision-y-modelos-de-negocio\/","url":"https:\/\/www.fox-foodprocessinginabox.eu\/es\/investigacion\/prevision-y-modelos-de-negocio\/","name":"Previsi\u00f3n y modelos de negocio - FOX","isPartOf":{"@id":"https:\/\/www.fox-foodprocessinginabox.eu\/cs\/#website"},"datePublished":"2019-12-27T08:12:43+00:00","dateModified":"2020-04-07T13:03:30+00:00","breadcrumb":{"@id":"https:\/\/www.fox-foodprocessinginabox.eu\/es\/investigacion\/prevision-y-modelos-de-negocio\/#breadcrumb"},"inLanguage":"es","potentialAction":[{"@type":"ReadAction","target":["https:\/\/www.fox-foodprocessinginabox.eu\/es\/investigacion\/prevision-y-modelos-de-negocio\/"]}]},{"@type":"BreadcrumbList","@id":"https:\/\/www.fox-foodprocessinginabox.eu\/es\/investigacion\/prevision-y-modelos-de-negocio\/#breadcrumb","itemListElement":[{"@type":"ListItem","position":1,"name":"Home","item":"https:\/\/www.fox-foodprocessinginabox.eu\/es\/"},{"@type":"ListItem","position":2,"name":"Investigaci\u00f3n","item":"https:\/\/www.fox-foodprocessinginabox.eu\/es\/investigacion\/"},{"@type":"ListItem","position":3,"name":"Previsi\u00f3n y modelos de negocio"}]},{"@type":"WebSite","@id":"https:\/\/www.fox-foodprocessinginabox.eu\/cs\/#website","url":"https:\/\/www.fox-foodprocessinginabox.eu\/cs\/","name":"FOX","description":"Food processing in a Box","potentialAction":[{"@type":"SearchAction","target":{"@type":"EntryPoint","urlTemplate":"https:\/\/www.fox-foodprocessinginabox.eu\/cs\/?s={search_term_string}"},"query-input":{"@type":"PropertyValueSpecification","valueRequired":true,"valueName":"search_term_string"}}],"inLanguage":"es"}]}},"_links":{"self":[{"href":"https:\/\/www.fox-foodprocessinginabox.eu\/es\/wp-json\/wp\/v2\/pages\/2379","targetHints":{"allow":["GET"]}}],"collection":[{"href":"https:\/\/www.fox-foodprocessinginabox.eu\/es\/wp-json\/wp\/v2\/pages"}],"about":[{"href":"https:\/\/www.fox-foodprocessinginabox.eu\/es\/wp-json\/wp\/v2\/types\/page"}],"author":[{"embeddable":true,"href":"https:\/\/www.fox-foodprocessinginabox.eu\/es\/wp-json\/wp\/v2\/users\/1"}],"replies":[{"embeddable":true,"href":"https:\/\/www.fox-foodprocessinginabox.eu\/es\/wp-json\/wp\/v2\/comments?post=2379"}],"version-history":[{"count":2,"href":"https:\/\/www.fox-foodprocessinginabox.eu\/es\/wp-json\/wp\/v2\/pages\/2379\/revisions"}],"predecessor-version":[{"id":2381,"href":"https:\/\/www.fox-foodprocessinginabox.eu\/es\/wp-json\/wp\/v2\/pages\/2379\/revisions\/2381"}],"up":[{"embeddable":true,"href":"https:\/\/www.fox-foodprocessinginabox.eu\/es\/wp-json\/wp\/v2\/pages\/2369"}],"wp:attachment":[{"href":"https:\/\/www.fox-foodprocessinginabox.eu\/es\/wp-json\/wp\/v2\/media?parent=2379"}],"curies":[{"name":"wp","href":"https:\/\/api.w.org\/{rel}","templated":true}]}}