{"id":2382,"date":"2019-12-27T09:15:00","date_gmt":"2019-12-27T08:15:00","guid":{"rendered":"http:\/\/www.fox-foodprocessinginabox.eu\/?page_id=2382"},"modified":"2020-04-07T15:03:39","modified_gmt":"2020-04-07T13:03:39","slug":"sostenibilidad-e-impacto-en-la-salud","status":"publish","type":"page","link":"https:\/\/www.fox-foodprocessinginabox.eu\/es\/investigacion\/sostenibilidad-e-impacto-en-la-salud\/","title":{"rendered":"Sostenibilidad e impacto en la salud"},"content":{"rendered":"<div class=\"fusion-fullwidth fullwidth-box fusion-builder-row-1 nonhundred-percent-fullwidth non-hundred-percent-height-scrolling\" style=\"background-color: rgba(255,255,255,0);background-position: center center;background-repeat: no-repeat;padding-top:0px;padding-right:0px;padding-bottom:0px;padding-left:0px;margin-bottom: 0px;margin-top: 0px;border-width: 0px 0px 0px 0px;border-color:#eae9e9;border-style:solid;\" ><div class=\"fusion-builder-row fusion-row\"><div class=\"fusion-layout-column fusion_builder_column fusion-builder-column-0 fusion_builder_column_1_1 1_1 fusion-one-full fusion-column-first fusion-column-last\" style=\"margin-top:0px;margin-bottom:20px;\"><div class=\"fusion-column-wrapper fusion-flex-column-wrapper-legacy\" style=\"background-position:left top;background-repeat:no-repeat;-webkit-background-size:cover;-moz-background-size:cover;-o-background-size:cover;background-size:cover;padding: 0px 0px 0px 0px;\"><div class=\"fusion-text fusion-text-1\"><p id=\"E1463\" class=\"qowt-stl-NormalWeb\"><strong><span id=\"E1464\" class=\"qowt-stl-Strong\">El objetivo<\/span><\/strong><\/p>\n<p id=\"E1465\" class=\"qowt-stl-NormalWeb\"><span id=\"E1466\">La tarea tiene como objetivo evaluar tres impactos diferentes de <\/span><span id=\"E1468\">los cuatro enfoques de las regiones modelo FOX<\/span><span id=\"E1469\">:<\/span><\/p>\n<ul>\n<li id=\"E1470\" class=\"qowt-li-6_0 qowt-list\"><span id=\"E1471\">Impacto medioambiental<\/span><\/li>\n<\/ul>\n<p id=\"E1472\" class=\"qowt-stl-NormalWeb\"><span id=\"E1473\">Se realizar\u00e1 un an\u00e1lisis del ciclo de vida (ACV) y se adaptar\u00e1 a lo largo del proyecto. El impacto se evaluar\u00e1 de acuerdo con los Datos internacionales del ciclo de vida de referencia, un m\u00e9todo que se describe en la gu\u00eda de Huella ambiental del producto (HAP), que sirve como un m\u00e9todo europeo armonizado de impacto ambiental.<\/span><\/p>\n<ul>\n<li id=\"E1474\" class=\"qowt-li-10_0 qowt-list\"><span id=\"E1475\">Impacto socioecon\u00f3mico<\/span><\/li>\n<\/ul>\n<p id=\"E1476\" class=\"qowt-stl-NormalWeb\"><span id=\"E1477\">Se generar\u00e1n datos sobre oportunidades de empleo locales y costos del ciclo de vida y se comparar\u00e1n las tecnolog\u00edas de procesamiento a gran escala m\u00e1s tradicionales.<\/span><\/p>\n<ul>\n<li id=\"E1478\" class=\"qowt-li-4_0 qowt-list\"><span id=\"E1479\">Impacto en la salud <\/span><\/li>\n<\/ul>\n<p id=\"E1480\" class=\"qowt-stl-NormalWeb\"><span id=\"E1481\">El valor nutricional de los alimentos procesados con FOX se determinar\u00e1 evaluando el <\/span><span id=\"E1483\">Nutriscore<\/span><span id=\"E1485\"> y comparando la composici\u00f3n del producto con alimentos similares, producidos con otras tecnolog\u00edas.<\/span><\/p>\n<p id=\"E1486\" class=\"qowt-stl-NormalWeb\"><strong><span id=\"E1487\" class=\"qowt-stl-Strong\">Socios del proyecto<\/span><\/strong><\/p>\n<p id=\"E1488\"><span id=\"E1489\" class=\"qowt-font2-TimesNewRoman\">Los socios del proyecto involucrados en la investigaci\u00f3n del impacto en la sostenibilidad y la salud del enfoque FOX son <\/span><span id=\"E1490\" class=\"qowt-font2-TimesNewRoman\">KU LEUVEN, DIL, WR, AU, WULS-SGGW y NUTRIS.<\/span><\/p>\n<\/div><div class=\"fusion-clearfix\"><\/div><\/div><\/div><\/div><\/div>\n","protected":false},"excerpt":{"rendered":"","protected":false},"author":1,"featured_media":0,"parent":2369,"menu_order":0,"comment_status":"closed","ping_status":"closed","template":"","meta":{"footnotes":""},"class_list":["post-2382","page","type-page","status-publish","hentry"],"yoast_head":"<!-- This site is optimized with the Yoast SEO plugin v26.4 - https:\/\/yoast.com\/wordpress\/plugins\/seo\/ -->\n<title>Sostenibilidad e impacto en la salud - FOX<\/title>\n<meta name=\"robots\" content=\"index, follow, max-snippet:-1, max-image-preview:large, max-video-preview:-1\" \/>\n<link rel=\"canonical\" href=\"https:\/\/www.fox-foodprocessinginabox.eu\/es\/investigacion\/sostenibilidad-e-impacto-en-la-salud\/\" \/>\n<meta property=\"og:locale\" content=\"es_ES\" \/>\n<meta property=\"og:type\" content=\"article\" \/>\n<meta property=\"og:title\" content=\"Sostenibilidad e impacto en la salud - FOX\" \/>\n<meta property=\"og:url\" content=\"https:\/\/www.fox-foodprocessinginabox.eu\/es\/investigacion\/sostenibilidad-e-impacto-en-la-salud\/\" \/>\n<meta property=\"og:site_name\" content=\"FOX\" \/>\n<meta property=\"article:modified_time\" content=\"2020-04-07T13:03:39+00:00\" \/>\n<meta name=\"twitter:card\" content=\"summary_large_image\" \/>\n<meta name=\"twitter:label1\" content=\"Tiempo de lectura\" \/>\n\t<meta name=\"twitter:data1\" content=\"2 minutos\" \/>\n<script type=\"application\/ld+json\" class=\"yoast-schema-graph\">{\"@context\":\"https:\/\/schema.org\",\"@graph\":[{\"@type\":\"WebPage\",\"@id\":\"https:\/\/www.fox-foodprocessinginabox.eu\/es\/investigacion\/sostenibilidad-e-impacto-en-la-salud\/\",\"url\":\"https:\/\/www.fox-foodprocessinginabox.eu\/es\/investigacion\/sostenibilidad-e-impacto-en-la-salud\/\",\"name\":\"Sostenibilidad e impacto en la salud - FOX\",\"isPartOf\":{\"@id\":\"https:\/\/www.fox-foodprocessinginabox.eu\/cs\/#website\"},\"datePublished\":\"2019-12-27T08:15:00+00:00\",\"dateModified\":\"2020-04-07T13:03:39+00:00\",\"breadcrumb\":{\"@id\":\"https:\/\/www.fox-foodprocessinginabox.eu\/es\/investigacion\/sostenibilidad-e-impacto-en-la-salud\/#breadcrumb\"},\"inLanguage\":\"es\",\"potentialAction\":[{\"@type\":\"ReadAction\",\"target\":[\"https:\/\/www.fox-foodprocessinginabox.eu\/es\/investigacion\/sostenibilidad-e-impacto-en-la-salud\/\"]}]},{\"@type\":\"BreadcrumbList\",\"@id\":\"https:\/\/www.fox-foodprocessinginabox.eu\/es\/investigacion\/sostenibilidad-e-impacto-en-la-salud\/#breadcrumb\",\"itemListElement\":[{\"@type\":\"ListItem\",\"position\":1,\"name\":\"Home\",\"item\":\"https:\/\/www.fox-foodprocessinginabox.eu\/es\/\"},{\"@type\":\"ListItem\",\"position\":2,\"name\":\"Investigaci\u00f3n\",\"item\":\"https:\/\/www.fox-foodprocessinginabox.eu\/es\/investigacion\/\"},{\"@type\":\"ListItem\",\"position\":3,\"name\":\"Sostenibilidad e impacto en la salud\"}]},{\"@type\":\"WebSite\",\"@id\":\"https:\/\/www.fox-foodprocessinginabox.eu\/cs\/#website\",\"url\":\"https:\/\/www.fox-foodprocessinginabox.eu\/cs\/\",\"name\":\"FOX\",\"description\":\"Food processing in a Box\",\"potentialAction\":[{\"@type\":\"SearchAction\",\"target\":{\"@type\":\"EntryPoint\",\"urlTemplate\":\"https:\/\/www.fox-foodprocessinginabox.eu\/cs\/?s={search_term_string}\"},\"query-input\":{\"@type\":\"PropertyValueSpecification\",\"valueRequired\":true,\"valueName\":\"search_term_string\"}}],\"inLanguage\":\"es\"}]}<\/script>\n<!-- \/ Yoast SEO plugin. -->","yoast_head_json":{"title":"Sostenibilidad e impacto en la salud - FOX","robots":{"index":"index","follow":"follow","max-snippet":"max-snippet:-1","max-image-preview":"max-image-preview:large","max-video-preview":"max-video-preview:-1"},"canonical":"https:\/\/www.fox-foodprocessinginabox.eu\/es\/investigacion\/sostenibilidad-e-impacto-en-la-salud\/","og_locale":"es_ES","og_type":"article","og_title":"Sostenibilidad e impacto en la salud - FOX","og_url":"https:\/\/www.fox-foodprocessinginabox.eu\/es\/investigacion\/sostenibilidad-e-impacto-en-la-salud\/","og_site_name":"FOX","article_modified_time":"2020-04-07T13:03:39+00:00","twitter_card":"summary_large_image","twitter_misc":{"Tiempo de lectura":"2 minutos"},"schema":{"@context":"https:\/\/schema.org","@graph":[{"@type":"WebPage","@id":"https:\/\/www.fox-foodprocessinginabox.eu\/es\/investigacion\/sostenibilidad-e-impacto-en-la-salud\/","url":"https:\/\/www.fox-foodprocessinginabox.eu\/es\/investigacion\/sostenibilidad-e-impacto-en-la-salud\/","name":"Sostenibilidad e impacto en la salud - FOX","isPartOf":{"@id":"https:\/\/www.fox-foodprocessinginabox.eu\/cs\/#website"},"datePublished":"2019-12-27T08:15:00+00:00","dateModified":"2020-04-07T13:03:39+00:00","breadcrumb":{"@id":"https:\/\/www.fox-foodprocessinginabox.eu\/es\/investigacion\/sostenibilidad-e-impacto-en-la-salud\/#breadcrumb"},"inLanguage":"es","potentialAction":[{"@type":"ReadAction","target":["https:\/\/www.fox-foodprocessinginabox.eu\/es\/investigacion\/sostenibilidad-e-impacto-en-la-salud\/"]}]},{"@type":"BreadcrumbList","@id":"https:\/\/www.fox-foodprocessinginabox.eu\/es\/investigacion\/sostenibilidad-e-impacto-en-la-salud\/#breadcrumb","itemListElement":[{"@type":"ListItem","position":1,"name":"Home","item":"https:\/\/www.fox-foodprocessinginabox.eu\/es\/"},{"@type":"ListItem","position":2,"name":"Investigaci\u00f3n","item":"https:\/\/www.fox-foodprocessinginabox.eu\/es\/investigacion\/"},{"@type":"ListItem","position":3,"name":"Sostenibilidad e impacto en la salud"}]},{"@type":"WebSite","@id":"https:\/\/www.fox-foodprocessinginabox.eu\/cs\/#website","url":"https:\/\/www.fox-foodprocessinginabox.eu\/cs\/","name":"FOX","description":"Food processing in a Box","potentialAction":[{"@type":"SearchAction","target":{"@type":"EntryPoint","urlTemplate":"https:\/\/www.fox-foodprocessinginabox.eu\/cs\/?s={search_term_string}"},"query-input":{"@type":"PropertyValueSpecification","valueRequired":true,"valueName":"search_term_string"}}],"inLanguage":"es"}]}},"_links":{"self":[{"href":"https:\/\/www.fox-foodprocessinginabox.eu\/es\/wp-json\/wp\/v2\/pages\/2382","targetHints":{"allow":["GET"]}}],"collection":[{"href":"https:\/\/www.fox-foodprocessinginabox.eu\/es\/wp-json\/wp\/v2\/pages"}],"about":[{"href":"https:\/\/www.fox-foodprocessinginabox.eu\/es\/wp-json\/wp\/v2\/types\/page"}],"author":[{"embeddable":true,"href":"https:\/\/www.fox-foodprocessinginabox.eu\/es\/wp-json\/wp\/v2\/users\/1"}],"replies":[{"embeddable":true,"href":"https:\/\/www.fox-foodprocessinginabox.eu\/es\/wp-json\/wp\/v2\/comments?post=2382"}],"version-history":[{"count":2,"href":"https:\/\/www.fox-foodprocessinginabox.eu\/es\/wp-json\/wp\/v2\/pages\/2382\/revisions"}],"predecessor-version":[{"id":2384,"href":"https:\/\/www.fox-foodprocessinginabox.eu\/es\/wp-json\/wp\/v2\/pages\/2382\/revisions\/2384"}],"up":[{"embeddable":true,"href":"https:\/\/www.fox-foodprocessinginabox.eu\/es\/wp-json\/wp\/v2\/pages\/2369"}],"wp:attachment":[{"href":"https:\/\/www.fox-foodprocessinginabox.eu\/es\/wp-json\/wp\/v2\/media?parent=2382"}],"curies":[{"name":"wp","href":"https:\/\/api.w.org\/{rel}","templated":true}]}}