{"id":2385,"date":"2019-12-27T09:16:29","date_gmt":"2019-12-27T08:16:29","guid":{"rendered":"http:\/\/www.fox-foodprocessinginabox.eu\/?page_id=2385"},"modified":"2022-04-26T15:42:18","modified_gmt":"2022-04-26T13:42:18","slug":"recursos","status":"publish","type":"page","link":"https:\/\/www.fox-foodprocessinginabox.eu\/es\/investigacion\/recursos\/","title":{"rendered":"Recursos"},"content":{"rendered":"<div class=\"fusion-fullwidth fullwidth-box fusion-builder-row-1 nonhundred-percent-fullwidth non-hundred-percent-height-scrolling\" style=\"background-color: rgba(255,255,255,0);background-position: center center;background-repeat: no-repeat;padding-top:0px;padding-right:0px;padding-bottom:0px;padding-left:0px;margin-bottom: 0px;margin-top: 0px;border-width: 0px 0px 0px 0px;border-color:#eae9e9;border-style:solid;\" ><div class=\"fusion-builder-row fusion-row\"><div class=\"fusion-layout-column fusion_builder_column fusion-builder-column-0 fusion_builder_column_1_1 1_1 fusion-one-full fusion-column-first fusion-column-last\" style=\"margin-top:0px;margin-bottom:20px;\"><div class=\"fusion-column-wrapper fusion-flex-column-wrapper-legacy\" style=\"background-position:left top;background-repeat:no-repeat;-webkit-background-size:cover;-moz-background-size:cover;-o-background-size:cover;background-size:cover;padding: 0px 0px 0px 0px;\"><style type=\"text\/css\">#accordion-2385-1 .fusion-panel:hover{ border-color: #e0dede } #accordion-2385-1 .fusion-panel { border-color:#e0dede; }.fusion-accordian  #accordion-2385-1 .panel-title a .fa-fusion-box{ color: #ffffff;}.fusion-accordian  #accordion-2385-1 .panel-title a .fa-fusion-box:before{ font-size: 13px; width: 13px;}.fusion-accordian  #accordion-2385-1 .panel-title a{font-size:26px;line-height:1.5;color:#333333;font-family:\"Antic Slab\";font-weight:400;}.fusion-accordian  #accordion-2385-1 .toggle-content{font-size:15px;color:#000000;font-family:\"PT Sans\";font-weight:400;}.fusion-accordian  #accordion-2385-1 .fa-fusion-box { background-color: #333333;border-color: #333333;}.fusion-accordian  #accordion-2385-1 .panel-title a:not(.active):hover, #accordion-2385-1 .fusion-toggle-boxed-mode:hover .panel-title a { color: #a0ce4e;}.fusion-accordian  #accordion-2385-1 .panel-title .active .fa-fusion-box,.fusion-accordian  #accordion-2385-1 .panel-title a:not(.active):hover .fa-fusion-box { background-color: #a0ce4e!important;border-color: #a0ce4e!important;}<\/style><div class=\"accordian fusion-accordian\"><div class=\"panel-group\" id=\"accordion-2385-1\"><style type=\"text\/css\">.fusion-accordian  #accordion-2385-1 .panel-68ff0a3751c1d8c35 .panel-title a{}.fusion-accordian  #accordion-2385-1 .panel-68ff0a3751c1d8c35 .toggle-content{}<\/style><div class=\"fusion-panel panel-default panel-68ff0a3751c1d8c35\"><div class=\"panel-heading\"><h4 class=\"panel-title toggle\" id=\"toggle_68ff0a3751c1d8c35\"><a aria-expanded=\"false\" aria-controls=\"68ff0a3751c1d8c35\" role=\"button\" data-toggle=\"collapse\" data-parent=\"#accordion-2385-1\" data-target=\"#68ff0a3751c1d8c35\" href=\"#68ff0a3751c1d8c35\"><span class=\"fusion-toggle-icon-wrapper\" aria-hidden=\"true\"><i class=\"fa-fusion-box active-icon awb-icon-minus\" aria-hidden=\"true\"><\/i><i class=\"fa-fusion-box inactive-icon awb-icon-plus\" aria-hidden=\"true\"><\/i><\/span><span class=\"fusion-toggle-heading\">FOLLETO<\/span><\/a><\/h4><\/div><div id=\"68ff0a3751c1d8c35\" class=\"panel-collapse collapse \" araia-labelledby=\"toggle_68ff0a3751c1d8c35\"><div class=\"panel-body toggle-content fusion-clearfix\">\n<p><img decoding=\"async\" class=\"lazyload alignnone wp-image-5667\" src=\"data:image\/svg+xml,%3Csvg%20xmlns%3D%27http%3A%2F%2Fwww.w3.org%2F2000%2Fsvg%27%20width%3D%27451%27%20height%3D%27331%27%20viewBox%3D%270%200%20451%20331%27%3E%3Crect%20width%3D%27451%27%20height%3D%27331%27%20fill-opacity%3D%220%22%2F%3E%3C%2Fsvg%3E\" data-orig-src=\"http:\/\/www.fox-foodprocessinginabox.eu\/wp-content\/uploads\/2020\/10\/FOX_Flyer_Box_1.png\" alt=\"\" width=\"451\" height=\"331\" \/><\/p>\n<p><a href=\"https:\/\/www.fox-foodprocessinginabox.eu\/wp-content\/uploads\/2022\/03\/FOX_Leaflet_01032022.pdf\" target=\"_blank\" rel=\"noopener noreferrer\">Descarga el folleto de FOX aqu\u00ed<\/a><\/p>\n<\/div><\/div><\/div><style type=\"text\/css\">.fusion-accordian  #accordion-2385-1 .panel-631b23fd0df0cfe7f .panel-title a{}.fusion-accordian  #accordion-2385-1 .panel-631b23fd0df0cfe7f .toggle-content{}<\/style><div class=\"fusion-panel panel-default panel-631b23fd0df0cfe7f\"><div class=\"panel-heading\"><h4 class=\"panel-title toggle\" id=\"toggle_631b23fd0df0cfe7f\"><a aria-expanded=\"false\" aria-controls=\"631b23fd0df0cfe7f\" role=\"button\" data-toggle=\"collapse\" data-parent=\"#accordion-2385-1\" data-target=\"#631b23fd0df0cfe7f\" href=\"#631b23fd0df0cfe7f\"><span class=\"fusion-toggle-icon-wrapper\" aria-hidden=\"true\"><i class=\"fa-fusion-box active-icon awb-icon-minus\" aria-hidden=\"true\"><\/i><i class=\"fa-fusion-box inactive-icon awb-icon-plus\" aria-hidden=\"true\"><\/i><\/span><span class=\"fusion-toggle-heading\">FOLLETO<\/span><\/a><\/h4><\/div><div id=\"631b23fd0df0cfe7f\" class=\"panel-collapse collapse \" araia-labelledby=\"toggle_631b23fd0df0cfe7f\"><div class=\"panel-body toggle-content fusion-clearfix\">\n<ul>\n<li>\n<p class=\"title-heading-left fusion-responsive-typography-calculated\" data-fontsize=\"34\" data-lineheight=\"47.6px\"><a href=\"https:\/\/www.fox-foodprocessinginabox.eu\/wp-content\/uploads\/2019\/11\/50-trends-influencing-Europes-food-sector.pdf\" target=\"_blank\" rel=\"noopener noreferrer\">50 trends influencing Europe\u2019s food sector by 2035 &#8211; by Fraunhofer<\/a><\/p>\n<\/li>\n<li><a href=\"https:\/\/www.isi.fraunhofer.de\/content\/dam\/isi\/dokumente\/ccv\/2020\/Fox_Scenario_Brochure.pdf\" target=\"_blank\" rel=\"noopener noreferrer\">FOX Scenario Brochure 2020 &#8211; by Fraunhofer<\/a><\/li>\n<\/ul>\n<\/div><\/div><\/div><style type=\"text\/css\">.fusion-accordian  #accordion-2385-1 .panel-0d6b06d691641add5 .panel-title a{}.fusion-accordian  #accordion-2385-1 .panel-0d6b06d691641add5 .toggle-content{}<\/style><div class=\"fusion-panel panel-default panel-0d6b06d691641add5\"><div class=\"panel-heading\"><h4 class=\"panel-title toggle\" id=\"toggle_0d6b06d691641add5\"><a aria-expanded=\"false\" aria-controls=\"0d6b06d691641add5\" role=\"button\" data-toggle=\"collapse\" data-parent=\"#accordion-2385-1\" data-target=\"#0d6b06d691641add5\" href=\"#0d6b06d691641add5\"><span class=\"fusion-toggle-icon-wrapper\" aria-hidden=\"true\"><i class=\"fa-fusion-box active-icon awb-icon-minus\" aria-hidden=\"true\"><\/i><i class=\"fa-fusion-box inactive-icon awb-icon-plus\" aria-hidden=\"true\"><\/i><\/span><span class=\"fusion-toggle-heading\">INFOGRAF\u00cdA<\/span><\/a><\/h4><\/div><div id=\"0d6b06d691641add5\" class=\"panel-collapse collapse \" araia-labelledby=\"toggle_0d6b06d691641add5\"><div class=\"panel-body toggle-content fusion-clearfix\">\n<p><img decoding=\"async\" class=\"lazyload alignnone wp-image-7089 size-full\" src=\"data:image\/svg+xml,%3Csvg%20xmlns%3D%27http%3A%2F%2Fwww.w3.org%2F2000%2Fsvg%27%20width%3D%275000%27%20height%3D%272813%27%20viewBox%3D%270%200%205000%202813%27%3E%3Crect%20width%3D%275000%27%20height%3D%272813%27%20fill-opacity%3D%220%22%2F%3E%3C%2Fsvg%3E\" data-orig-src=\"http:\/\/www.fox-foodprocessinginabox.eu\/wp-content\/uploads\/2021\/04\/1-final-ES-300dpi.jpg\" alt=\"\" width=\"5000\" height=\"2813\" \/><\/p>\n<h2 style=\"text-align: center;\"><span style=\"text-decoration: underline;\"><a href=\"http:\/\/www.fox-foodprocessinginabox.eu\/wp-content\/uploads\/2021\/04\/1-final-ES-300dpi.pdf\" target=\"_blank\" rel=\"noopener noreferrer\">Descarga infograf\u00eda sobre el C\u00edrculo alimenticio 1<\/a><\/span><\/h2>\n<p><img decoding=\"async\" class=\"lazyload alignnone size-full wp-image-8099\" src=\"data:image\/svg+xml,%3Csvg%20xmlns%3D%27http%3A%2F%2Fwww.w3.org%2F2000%2Fsvg%27%20width%3D%275000%27%20height%3D%272708%27%20viewBox%3D%270%200%205000%202708%27%3E%3Crect%20width%3D%275000%27%20height%3D%272708%27%20fill-opacity%3D%220%22%2F%3E%3C%2Fsvg%3E\" data-orig-src=\"http:\/\/www.fox-foodprocessinginabox.eu\/wp-content\/uploads\/2021\/06\/FC2-final-ES-300dpi.jpg\" alt=\"\" width=\"5000\" height=\"2708\" \/><\/p>\n<h2 style=\"text-align: center;\"><span style=\"text-decoration: underline;\"><a href=\"http:\/\/www.fox-foodprocessinginabox.eu\/wp-content\/uploads\/2021\/06\/FC2-final-ES-300dpi.pdf\" target=\"_blank\" rel=\"noopener noreferrer\">Descarga infograf\u00eda sobre el C\u00edrculo alimenticio 2<\/a><\/span><\/h2>\n<p><a href=\"http:\/\/www.fox-foodprocessinginabox.eu\/wp-content\/uploads\/2021\/10\/FC3-ES.jpg\"><img decoding=\"async\" class=\"lazyload alignnone size-full wp-image-9093\" src=\"data:image\/svg+xml,%3Csvg%20xmlns%3D%27http%3A%2F%2Fwww.w3.org%2F2000%2Fsvg%27%20width%3D%275000%27%20height%3D%272708%27%20viewBox%3D%270%200%205000%202708%27%3E%3Crect%20width%3D%275000%27%20height%3D%272708%27%20fill-opacity%3D%220%22%2F%3E%3C%2Fsvg%3E\" data-orig-src=\"http:\/\/www.fox-foodprocessinginabox.eu\/wp-content\/uploads\/2021\/10\/FC3-ES.jpg\" alt=\"\" width=\"5000\" height=\"2708\" \/><\/a><\/p>\n<h2 style=\"text-align: center;\"><span style=\"text-decoration: underline;\"><a href=\"http:\/\/www.fox-foodprocessinginabox.eu\/wp-content\/uploads\/2021\/10\/FC3-ES.pdf\" target=\"_blank\" rel=\"noopener noreferrer\">Descarga infograf\u00eda sobre el C\u00edrculo alimenticio 3<\/a><\/span><\/h2>\n<p><img decoding=\"async\" class=\"lazyload alignnone size-full wp-image-8849\" src=\"data:image\/svg+xml,%3Csvg%20xmlns%3D%27http%3A%2F%2Fwww.w3.org%2F2000%2Fsvg%27%20width%3D%275000%27%20height%3D%272708%27%20viewBox%3D%270%200%205000%202708%27%3E%3Crect%20width%3D%275000%27%20height%3D%272708%27%20fill-opacity%3D%220%22%2F%3E%3C%2Fsvg%3E\" data-orig-src=\"http:\/\/www.fox-foodprocessinginabox.eu\/wp-content\/uploads\/2021\/09\/FC4-ES.jpg\" alt=\"\" width=\"5000\" height=\"2708\" \/><\/p>\n<h2 style=\"text-align: center;\"><span style=\"text-decoration: underline;\"><a href=\"http:\/\/www.fox-foodprocessinginabox.eu\/wp-content\/uploads\/2021\/09\/FC4-ES.pdf\" target=\"_blank\" rel=\"noopener noreferrer\">Descarga infograf\u00eda sobre el C\u00edrculo alimenticio 4<\/a><\/span><\/h2>\n<p><img decoding=\"async\" class=\"lazyload alignnone size-full wp-image-5016\" src=\"data:image\/svg+xml,%3Csvg%20xmlns%3D%27http%3A%2F%2Fwww.w3.org%2F2000%2Fsvg%27%20width%3D%271200%27%20height%3D%27601%27%20viewBox%3D%270%200%201200%20601%27%3E%3Crect%20width%3D%271200%27%20height%3D%27601%27%20fill-opacity%3D%220%22%2F%3E%3C%2Fsvg%3E\" data-orig-src=\"http:\/\/www.fox-foodprocessinginabox.eu\/wp-content\/uploads\/2020\/07\/FOX_PEF_EUFIC.png\" alt=\"\" width=\"1200\" height=\"601\" \/><\/p>\n<\/div><\/div><\/div><style type=\"text\/css\">.fusion-accordian  #accordion-2385-1 .panel-706551fb72c158706 .panel-title a{}.fusion-accordian  #accordion-2385-1 .panel-706551fb72c158706 .toggle-content{}<\/style><div class=\"fusion-panel panel-default panel-706551fb72c158706\"><div class=\"panel-heading\"><h4 class=\"panel-title toggle\" id=\"toggle_706551fb72c158706\"><a aria-expanded=\"false\" aria-controls=\"706551fb72c158706\" role=\"button\" data-toggle=\"collapse\" data-parent=\"#accordion-2385-1\" data-target=\"#706551fb72c158706\" href=\"#706551fb72c158706\"><span class=\"fusion-toggle-icon-wrapper\" aria-hidden=\"true\"><i class=\"fa-fusion-box active-icon awb-icon-minus\" aria-hidden=\"true\"><\/i><i class=\"fa-fusion-box inactive-icon awb-icon-plus\" aria-hidden=\"true\"><\/i><\/span><span class=\"fusion-toggle-heading\">FOXLINK<\/span><\/a><\/h4><\/div><div id=\"706551fb72c158706\" class=\"panel-collapse collapse \" araia-labelledby=\"toggle_706551fb72c158706\"><div class=\"panel-body toggle-content fusion-clearfix\">\n<p>La aplicaci\u00f3n FOXLINK servir\u00e1 como plataforma de comunicaci\u00f3n entre consumidores y entre consumidores y proveedores. La aplicaci\u00f3n vendr\u00e1 con perfiles individualizados y brindar\u00e1 informaci\u00f3n sobre tecnolog\u00edas de producci\u00f3n, impacto en la salud, el medio ambiente y la vida rural relacionadas con el C\u00edrculo alimenticio.<\/p>\n<p>La aplicaci\u00f3n estar\u00e1 disponible para tel\u00e9fonos inteligentes y tabletas y estar\u00e1 vinculada a otros canales de comunicaci\u00f3n como Facebook y Twitter. La aplicaci\u00f3n final estar\u00e1 en todos los idiomas de las seis regiones de C\u00edrculo alimenticio (checo, holand\u00e9s, franc\u00e9s, alem\u00e1n, polaco, espa\u00f1ol).<\/p>\n<p><span style=\"text-decoration: underline;\"><a href=\"https:\/\/foxlink.app\/\">Descarga la aplicaci\u00f3n ahora.<\/a><\/span><\/p>\n<\/div><\/div><\/div><style type=\"text\/css\">.fusion-accordian  #accordion-2385-1 .panel-360cc36e48df8f75a .panel-title a{}.fusion-accordian  #accordion-2385-1 .panel-360cc36e48df8f75a .toggle-content{}<\/style><div class=\"fusion-panel panel-default panel-360cc36e48df8f75a\"><div class=\"panel-heading\"><h4 class=\"panel-title toggle\" id=\"toggle_360cc36e48df8f75a\"><a aria-expanded=\"false\" aria-controls=\"360cc36e48df8f75a\" role=\"button\" data-toggle=\"collapse\" data-parent=\"#accordion-2385-1\" data-target=\"#360cc36e48df8f75a\" href=\"#360cc36e48df8f75a\"><span class=\"fusion-toggle-icon-wrapper\" aria-hidden=\"true\"><i class=\"fa-fusion-box active-icon awb-icon-minus\" aria-hidden=\"true\"><\/i><i class=\"fa-fusion-box inactive-icon awb-icon-plus\" aria-hidden=\"true\"><\/i><\/span><span class=\"fusion-toggle-heading\">Caja de herramientas FOXCOMM<\/span><\/a><\/h4><\/div><div id=\"360cc36e48df8f75a\" class=\"panel-collapse collapse \" araia-labelledby=\"toggle_360cc36e48df8f75a\"><div class=\"panel-body toggle-content fusion-clearfix\">\n<p id=\"E1524\" class=\"qowt-stl-NormalWeb\"><span id=\"E1525\" class=\"qowt-font12-PTSans\">FOXCOMM <\/span><span id=\"E1527\" class=\"qowt-font12-PTSans\">Toolbox<\/span><span id=\"E1529\" class=\"qowt-font12-PTSans\"> le dar\u00e1 a cada regi\u00f3n asociada de FOX la capacidad de difundir al m\u00e1ximo los resultados del proyecto.<\/span><\/p>\n<p id=\"E1530\" class=\"qowt-stl-NormalWeb\"><span id=\"E1531\" class=\"qowt-font12-PTSans\">M\u00e1s informaci\u00f3n pr\u00f3ximamente.<\/span><\/p>\n<\/div><\/div><\/div><style type=\"text\/css\">.fusion-accordian  #accordion-2385-1 .panel-bf83403d39c496bbb .panel-title a{}.fusion-accordian  #accordion-2385-1 .panel-bf83403d39c496bbb .toggle-content{}<\/style><div class=\"fusion-panel panel-default panel-bf83403d39c496bbb\"><div class=\"panel-heading\"><h4 class=\"panel-title toggle\" id=\"toggle_bf83403d39c496bbb\"><a aria-expanded=\"false\" aria-controls=\"bf83403d39c496bbb\" role=\"button\" data-toggle=\"collapse\" data-parent=\"#accordion-2385-1\" data-target=\"#bf83403d39c496bbb\" href=\"#bf83403d39c496bbb\"><span class=\"fusion-toggle-icon-wrapper\" aria-hidden=\"true\"><i class=\"fa-fusion-box active-icon awb-icon-minus\" aria-hidden=\"true\"><\/i><i class=\"fa-fusion-box inactive-icon awb-icon-plus\" aria-hidden=\"true\"><\/i><\/span><span class=\"fusion-toggle-heading\">VIDEOS<\/span><\/a><\/h4><\/div><div id=\"bf83403d39c496bbb\" class=\"panel-collapse collapse \" araia-labelledby=\"toggle_bf83403d39c496bbb\"><div class=\"panel-body toggle-content fusion-clearfix\">\n<p class=\"title style-scope ytd-video-primary-info-renderer\">Dried fruit and vegetable snacks &#8211; Low-temperature drying methods at SGGW<\/p>\n<p><iframe title=\"YouTube video player\" src=\"https:\/\/www.youtube.com\/embed\/dHb1OgEN1QQ\" width=\"560\" height=\"315\" frameborder=\"0\" allowfullscreen=\"allowfullscreen\"><\/iframe><\/p>\n<p class=\"entry-title fusion-responsive-typography-calculated\" data-fontsize=\"18\" data-lineheight=\"normal\">Food Circle 3 virtual container unit<\/p>\n<p><iframe title=\"YouTube video player\" src=\"https:\/\/www.youtube.com\/embed\/DmgCApXSpHk\" width=\"560\" height=\"315\" frameborder=\"0\" allowfullscreen=\"allowfullscreen\"><\/iframe><\/p>\n<p class=\"title style-scope ytd-video-primary-info-renderer\">Behind the scenes of FOX partner KOB<\/p>\n<p><iframe title=\"YouTube video player\" src=\"https:\/\/www.youtube.com\/embed\/xj6pYt0rCgs\" width=\"560\" height=\"315\" frameborder=\"0\" allowfullscreen=\"allowfullscreen\"><\/iframe><\/p>\n<p class=\"title style-scope ytd-video-primary-info-renderer\">Future scenarios and LCA in the food and agricultural sector &#8211; FOX at the LCA event<\/p>\n<p class=\"title style-scope ytd-video-primary-info-renderer\"><iframe title=\"YouTube video player\" src=\"https:\/\/www.youtube.com\/embed\/dmx3wVUeGP8\" width=\"560\" height=\"315\" frameborder=\"0\" allowfullscreen=\"allowfullscreen\"><\/iframe><\/p>\n<\/div><\/div><\/div><\/div><\/div><div class=\"fusion-clearfix\"><\/div><\/div><\/div><\/div><\/div>\n","protected":false},"excerpt":{"rendered":"","protected":false},"author":1,"featured_media":0,"parent":2369,"menu_order":0,"comment_status":"closed","ping_status":"closed","template":"","meta":{"footnotes":""},"class_list":["post-2385","page","type-page","status-publish","hentry"],"yoast_head":"<!-- This site is optimized with the Yoast SEO plugin v26.4 - https:\/\/yoast.com\/wordpress\/plugins\/seo\/ -->\n<title>Recursos - FOX<\/title>\n<meta name=\"robots\" content=\"index, follow, max-snippet:-1, max-image-preview:large, max-video-preview:-1\" \/>\n<link rel=\"canonical\" href=\"https:\/\/www.fox-foodprocessinginabox.eu\/es\/investigacion\/recursos\/\" \/>\n<meta property=\"og:locale\" content=\"es_ES\" \/>\n<meta property=\"og:type\" content=\"article\" \/>\n<meta property=\"og:title\" content=\"Recursos - FOX\" \/>\n<meta property=\"og:url\" content=\"https:\/\/www.fox-foodprocessinginabox.eu\/es\/investigacion\/recursos\/\" \/>\n<meta property=\"og:site_name\" content=\"FOX\" \/>\n<meta property=\"article:modified_time\" content=\"2022-04-26T13:42:18+00:00\" \/>\n<meta property=\"og:image\" content=\"http:\/\/www.fox-foodprocessinginabox.eu\/wp-content\/uploads\/2020\/10\/FOX_Flyer_Box_1.png\" \/>\n<meta name=\"twitter:card\" content=\"summary_large_image\" \/>\n<meta name=\"twitter:label1\" content=\"Tiempo de lectura\" \/>\n\t<meta name=\"twitter:data1\" content=\"3 minutos\" \/>\n<script type=\"application\/ld+json\" class=\"yoast-schema-graph\">{\"@context\":\"https:\/\/schema.org\",\"@graph\":[{\"@type\":\"WebPage\",\"@id\":\"https:\/\/www.fox-foodprocessinginabox.eu\/es\/investigacion\/recursos\/\",\"url\":\"https:\/\/www.fox-foodprocessinginabox.eu\/es\/investigacion\/recursos\/\",\"name\":\"Recursos - FOX\",\"isPartOf\":{\"@id\":\"https:\/\/www.fox-foodprocessinginabox.eu\/cs\/#website\"},\"primaryImageOfPage\":{\"@id\":\"https:\/\/www.fox-foodprocessinginabox.eu\/es\/investigacion\/recursos\/#primaryimage\"},\"image\":{\"@id\":\"https:\/\/www.fox-foodprocessinginabox.eu\/es\/investigacion\/recursos\/#primaryimage\"},\"thumbnailUrl\":\"http:\/\/www.fox-foodprocessinginabox.eu\/wp-content\/uploads\/2020\/10\/FOX_Flyer_Box_1.png\",\"datePublished\":\"2019-12-27T08:16:29+00:00\",\"dateModified\":\"2022-04-26T13:42:18+00:00\",\"breadcrumb\":{\"@id\":\"https:\/\/www.fox-foodprocessinginabox.eu\/es\/investigacion\/recursos\/#breadcrumb\"},\"inLanguage\":\"es\",\"potentialAction\":[{\"@type\":\"ReadAction\",\"target\":[\"https:\/\/www.fox-foodprocessinginabox.eu\/es\/investigacion\/recursos\/\"]}]},{\"@type\":\"ImageObject\",\"inLanguage\":\"es\",\"@id\":\"https:\/\/www.fox-foodprocessinginabox.eu\/es\/investigacion\/recursos\/#primaryimage\",\"url\":\"http:\/\/www.fox-foodprocessinginabox.eu\/wp-content\/uploads\/2020\/10\/FOX_Flyer_Box_1.png\",\"contentUrl\":\"http:\/\/www.fox-foodprocessinginabox.eu\/wp-content\/uploads\/2020\/10\/FOX_Flyer_Box_1.png\"},{\"@type\":\"BreadcrumbList\",\"@id\":\"https:\/\/www.fox-foodprocessinginabox.eu\/es\/investigacion\/recursos\/#breadcrumb\",\"itemListElement\":[{\"@type\":\"ListItem\",\"position\":1,\"name\":\"Home\",\"item\":\"https:\/\/www.fox-foodprocessinginabox.eu\/es\/\"},{\"@type\":\"ListItem\",\"position\":2,\"name\":\"Investigaci\u00f3n\",\"item\":\"https:\/\/www.fox-foodprocessinginabox.eu\/es\/investigacion\/\"},{\"@type\":\"ListItem\",\"position\":3,\"name\":\"Recursos\"}]},{\"@type\":\"WebSite\",\"@id\":\"https:\/\/www.fox-foodprocessinginabox.eu\/cs\/#website\",\"url\":\"https:\/\/www.fox-foodprocessinginabox.eu\/cs\/\",\"name\":\"FOX\",\"description\":\"Food processing in a Box\",\"potentialAction\":[{\"@type\":\"SearchAction\",\"target\":{\"@type\":\"EntryPoint\",\"urlTemplate\":\"https:\/\/www.fox-foodprocessinginabox.eu\/cs\/?s={search_term_string}\"},\"query-input\":{\"@type\":\"PropertyValueSpecification\",\"valueRequired\":true,\"valueName\":\"search_term_string\"}}],\"inLanguage\":\"es\"}]}<\/script>\n<!-- \/ Yoast SEO plugin. -->","yoast_head_json":{"title":"Recursos - FOX","robots":{"index":"index","follow":"follow","max-snippet":"max-snippet:-1","max-image-preview":"max-image-preview:large","max-video-preview":"max-video-preview:-1"},"canonical":"https:\/\/www.fox-foodprocessinginabox.eu\/es\/investigacion\/recursos\/","og_locale":"es_ES","og_type":"article","og_title":"Recursos - FOX","og_url":"https:\/\/www.fox-foodprocessinginabox.eu\/es\/investigacion\/recursos\/","og_site_name":"FOX","article_modified_time":"2022-04-26T13:42:18+00:00","og_image":[{"url":"http:\/\/www.fox-foodprocessinginabox.eu\/wp-content\/uploads\/2020\/10\/FOX_Flyer_Box_1.png","type":"","width":"","height":""}],"twitter_card":"summary_large_image","twitter_misc":{"Tiempo de lectura":"3 minutos"},"schema":{"@context":"https:\/\/schema.org","@graph":[{"@type":"WebPage","@id":"https:\/\/www.fox-foodprocessinginabox.eu\/es\/investigacion\/recursos\/","url":"https:\/\/www.fox-foodprocessinginabox.eu\/es\/investigacion\/recursos\/","name":"Recursos - FOX","isPartOf":{"@id":"https:\/\/www.fox-foodprocessinginabox.eu\/cs\/#website"},"primaryImageOfPage":{"@id":"https:\/\/www.fox-foodprocessinginabox.eu\/es\/investigacion\/recursos\/#primaryimage"},"image":{"@id":"https:\/\/www.fox-foodprocessinginabox.eu\/es\/investigacion\/recursos\/#primaryimage"},"thumbnailUrl":"http:\/\/www.fox-foodprocessinginabox.eu\/wp-content\/uploads\/2020\/10\/FOX_Flyer_Box_1.png","datePublished":"2019-12-27T08:16:29+00:00","dateModified":"2022-04-26T13:42:18+00:00","breadcrumb":{"@id":"https:\/\/www.fox-foodprocessinginabox.eu\/es\/investigacion\/recursos\/#breadcrumb"},"inLanguage":"es","potentialAction":[{"@type":"ReadAction","target":["https:\/\/www.fox-foodprocessinginabox.eu\/es\/investigacion\/recursos\/"]}]},{"@type":"ImageObject","inLanguage":"es","@id":"https:\/\/www.fox-foodprocessinginabox.eu\/es\/investigacion\/recursos\/#primaryimage","url":"http:\/\/www.fox-foodprocessinginabox.eu\/wp-content\/uploads\/2020\/10\/FOX_Flyer_Box_1.png","contentUrl":"http:\/\/www.fox-foodprocessinginabox.eu\/wp-content\/uploads\/2020\/10\/FOX_Flyer_Box_1.png"},{"@type":"BreadcrumbList","@id":"https:\/\/www.fox-foodprocessinginabox.eu\/es\/investigacion\/recursos\/#breadcrumb","itemListElement":[{"@type":"ListItem","position":1,"name":"Home","item":"https:\/\/www.fox-foodprocessinginabox.eu\/es\/"},{"@type":"ListItem","position":2,"name":"Investigaci\u00f3n","item":"https:\/\/www.fox-foodprocessinginabox.eu\/es\/investigacion\/"},{"@type":"ListItem","position":3,"name":"Recursos"}]},{"@type":"WebSite","@id":"https:\/\/www.fox-foodprocessinginabox.eu\/cs\/#website","url":"https:\/\/www.fox-foodprocessinginabox.eu\/cs\/","name":"FOX","description":"Food processing in a Box","potentialAction":[{"@type":"SearchAction","target":{"@type":"EntryPoint","urlTemplate":"https:\/\/www.fox-foodprocessinginabox.eu\/cs\/?s={search_term_string}"},"query-input":{"@type":"PropertyValueSpecification","valueRequired":true,"valueName":"search_term_string"}}],"inLanguage":"es"}]}},"_links":{"self":[{"href":"https:\/\/www.fox-foodprocessinginabox.eu\/es\/wp-json\/wp\/v2\/pages\/2385","targetHints":{"allow":["GET"]}}],"collection":[{"href":"https:\/\/www.fox-foodprocessinginabox.eu\/es\/wp-json\/wp\/v2\/pages"}],"about":[{"href":"https:\/\/www.fox-foodprocessinginabox.eu\/es\/wp-json\/wp\/v2\/types\/page"}],"author":[{"embeddable":true,"href":"https:\/\/www.fox-foodprocessinginabox.eu\/es\/wp-json\/wp\/v2\/users\/1"}],"replies":[{"embeddable":true,"href":"https:\/\/www.fox-foodprocessinginabox.eu\/es\/wp-json\/wp\/v2\/comments?post=2385"}],"version-history":[{"count":15,"href":"https:\/\/www.fox-foodprocessinginabox.eu\/es\/wp-json\/wp\/v2\/pages\/2385\/revisions"}],"predecessor-version":[{"id":11589,"href":"https:\/\/www.fox-foodprocessinginabox.eu\/es\/wp-json\/wp\/v2\/pages\/2385\/revisions\/11589"}],"up":[{"embeddable":true,"href":"https:\/\/www.fox-foodprocessinginabox.eu\/es\/wp-json\/wp\/v2\/pages\/2369"}],"wp:attachment":[{"href":"https:\/\/www.fox-foodprocessinginabox.eu\/es\/wp-json\/wp\/v2\/media?parent=2385"}],"curies":[{"name":"wp","href":"https:\/\/api.w.org\/{rel}","templated":true}]}}