{"id":2961,"date":"2020-01-21T17:20:20","date_gmt":"2020-01-21T16:20:20","guid":{"rendered":"http:\/\/www.fox-foodprocessinginabox.eu\/?page_id=2961"},"modified":"2020-01-21T17:20:20","modified_gmt":"2020-01-21T16:20:20","slug":"declaracion-de-privacidad","status":"publish","type":"page","link":"https:\/\/www.fox-foodprocessinginabox.eu\/es\/declaracion-de-privacidad\/","title":{"rendered":"Declaraci\u00f3n de privacidad"},"content":{"rendered":"<div class=\"fusion-fullwidth fullwidth-box fusion-builder-row-1 nonhundred-percent-fullwidth non-hundred-percent-height-scrolling\" style=\"background-color: rgba(255,255,255,0);background-position: center center;background-repeat: no-repeat;padding-top:0px;padding-right:0px;padding-bottom:0px;padding-left:0px;margin-bottom: 0px;margin-top: 0px;border-width: 0px 0px 0px 0px;border-color:#eae9e9;border-style:solid;\" ><div class=\"fusion-builder-row fusion-row\"><div class=\"fusion-layout-column fusion_builder_column fusion-builder-column-0 fusion_builder_column_1_1 1_1 fusion-one-full fusion-column-first fusion-column-last\" style=\"margin-top:0px;margin-bottom:20px;\"><div class=\"fusion-column-wrapper fusion-flex-column-wrapper-legacy\" style=\"background-position:left top;background-repeat:no-repeat;-webkit-background-size:cover;-moz-background-size:cover;-o-background-size:cover;background-size:cover;padding: 0px 0px 0px 0px;\"><div class=\"fusion-text fusion-text-1\"><h1><strong>Declaraci\u00f3n de privacidad<\/strong><\/h1>\n<h2><em><strong>\u00a0<\/strong><\/em><strong>Fox &#8211; Procesamiento de alimentos en una caja<\/strong><\/h2>\n<ol>\n<li><strong>\u00bfQu\u00e9 (tipos de) datos personales se recopilar\u00e1n?<\/strong><\/li>\n<\/ol>\n<p>Los tipos de datos, incluidos los datos personales, que pueden procesarse son los siguientes:<\/p>\n<ul>\n<li>nombre individual y apellido,<\/li>\n<li>nombre de la organizaci\u00f3n,<\/li>\n<li>usuario y contrase\u00f1a,<\/li>\n<li>correo electr\u00f3nico,<\/li>\n<li>g\u00e9nero,<\/li>\n<li>publicaciones de Twitter, opiniones, comentarios, fotos, v\u00eddeos<\/li>\n<li>direcci\u00f3n IP, detalles del navegador, informaci\u00f3n del dispositivo<\/li>\n<\/ul>\n<ol>\n<li><strong>\u00bfPara qu\u00e9 fines se utilizar\u00e1n los datos personales?<\/strong><\/li>\n<\/ol>\n<p>La recopilaci\u00f3n y el procesamiento posterior de la informaci\u00f3n personal son necesarios para los siguientes prop\u00f3sitos:<\/p>\n<ul>\n<li>para actualizar contenidos en la p\u00e1gina web de FOX y \/ o en las plataformas de redes sociales de FOX<\/li>\n<li>para enviar nuestro bolet\u00edn general<\/li>\n<li>para enviar informaci\u00f3n espec\u00edfica relacionada con la membres\u00eda IG-SSFP<\/li>\n<li>para permitir la interacci\u00f3n en la p\u00e1gina web (es decir, comentarios, funci\u00f3n de compartir)<\/li>\n<li>para comunicarse f\u00e1cilmente con usted<\/li>\n<\/ul>\n<ol>\n<li><strong>\u00bfCu\u00e1l es la base legal para el procesamiento?\u00a0<\/strong><\/li>\n<\/ol>\n<p>Los interesados est\u00e1n invitados a proporcionar su informaci\u00f3n personal a trav\u00e9s de un formulario en l\u00ednea.<\/p>\n<p>La base legal para esta operaci\u00f3n de procesamiento es el consentimiento.<\/p>\n<p>Puede retirar su consentimiento en cualquier momento escribiendo a la siguiente direcci\u00f3n:\u00a0<a href=\"mailto:info@fox-foodprocessinginabox.eu\">info@fox-foodprocessinginabox.eu<\/a><\/p>\n<ol>\n<li><strong>\u00bfQui\u00e9n es el responsable del procesamiento de datos?\u00a0<\/strong><\/li>\n<\/ol>\n<p>El controlador para esta operaci\u00f3n de procesamiento es el coordinador del proyecto FOX \u00abDIL Deutsches Institut f\u00fcr Lebensmitteltechnik e.V.\u00bb (Instituto Alem\u00e1n de Tecnolog\u00edas de Alimentos).<\/p>\n<ol>\n<li><strong>\u00bfQui\u00e9nes son los destinatarios de los datos personales?\u00a0<\/strong><\/li>\n<\/ol>\n<p>La informaci\u00f3n personal solo ser\u00e1 procesada por el socio del proyecto \u00abEUFIC\u00bb, que act\u00faa como procesador de datos.<\/p>\n<ol>\n<li><strong>Interacciones en redes sociales<\/strong><\/li>\n<\/ol>\n<p>La p\u00e1gina web de FOX integra interacciones en redes sociales permitiendo compartir contenido de FOX en plataformas de redes sociales y otras acciones relacionadas. Al usar estas interacciones, sus datos personales pueden compartirse con una amplia audiencia, incluidos, en algunos casos, aquellos que no han iniciado sesi\u00f3n en las redes sociales espec\u00edficas seleccionadas.<\/p>\n<p>Puede acceder a las disposiciones de protecci\u00f3n de datos aplicables de las redes sociales integradas en el sitio web de FOX en los siguientes enlaces:<\/p>\n<ul>\n<li><a href=\"https:\/\/www.facebook.com\/about\/privacy\/;\">Facebook<\/a><\/li>\n<li><a href=\"https:\/\/help.instagram.com\/519522125107875\">Instagram<\/a><\/li>\n<li><a href=\"https:\/\/twitter.com\/privacy?lang=en;\">Twitter<\/a><\/li>\n<li><a href=\"https:\/\/www.linkedin.com\/legal\/privacy-policy;\">LinkedIn<\/a><\/li>\n<li><a href=\"https:\/\/www.reddit.com\/\">Reddit<\/a><\/li>\n<li><a href=\"https:\/\/policies.google.com\/privacy?hl=en\">Google +<\/a><\/li>\n<li><a href=\"https:\/\/www.tumblr.com\/privacy\">Tumblr<\/a><\/li>\n<li><a href=\"https:\/\/policy.pinterest.com\/en\/privacy-policy\">Pinterest<\/a><\/li>\n<li><a href=\"https:\/\/vk.com\/privacy\">VK<\/a><\/li>\n<li><a href=\"https:\/\/www.whatsapp.com\/legal\/\">WhatsApp<\/a><\/li>\n<\/ul>\n<ol>\n<li><strong>\u00bfSe transferir\u00e1n los datos personales a pa\u00edses fuera del Espacio Econ\u00f3mico Europeo sin un nivel adecuado de protecci\u00f3n de datos?<\/strong><\/li>\n<\/ol>\n<p>La recopilaci\u00f3n y parte del procesamiento de la informaci\u00f3n personal se lleva a cabo a trav\u00e9s de \u00abMailChimp\u00bb, una plataforma proporcionada por Rocket Science Group LLC, una empresa con sede en los Estados Unidos. Se han adoptado garant\u00edas adecuadas seg\u00fan lo exige la ley (SCC, Privacy Shield).<\/p>\n<ol start=\"8\">\n<li><strong>\u00bfDurante cu\u00e1nto tiempo se almacenar\u00e1n los datos personales?\u00a0<\/strong><\/li>\n<\/ol>\n<p>Todos los datos se eliminar\u00e1n al final del per\u00edodo del proyecto FOX (noviembre de 2023).<\/p>\n<ol>\n<li><strong>\u00bfC\u00f3mo se proteger\u00e1n los datos personales?\u00a0\u00a0<\/strong><\/li>\n<\/ol>\n<p>La informaci\u00f3n se almacena en un servidor protegido por contrase\u00f1a. Solo personas autorizadas pueden acceder a la informaci\u00f3n.<\/p>\n<ol>\n<li><strong>\u00bfA qui\u00e9n puedo contactar cuando tengo una pregunta o queja?\u00a0<\/strong><\/li>\n<\/ol>\n<h2><strong>Coordinador del proyecto: DIL Deutsches Institut f\u00fcr Lebensmitteltechnik e.V.<\/strong><\/h2>\n<p><strong>Dr. Kerstin Lienemann:<\/strong>\u00a0<a href=\"mailto:K.Lienemann@dil-ev.de\">K.Lienemann@dil-ev.de<\/a><\/p>\n<h2><strong>Socio del proyecto: EUFIC<\/strong><\/h2>\n<p><strong>Raymond Gemen:<\/strong>\u00a0<a href=\"mailto:raymond.gemen@eufic.org\">raymond.gemen@eufic.org<\/a><\/p>\n<\/div><div class=\"fusion-clearfix\"><\/div><\/div><\/div><\/div><\/div>\n","protected":false},"excerpt":{"rendered":"","protected":false},"author":2,"featured_media":0,"parent":0,"menu_order":0,"comment_status":"closed","ping_status":"closed","template":"","meta":{"footnotes":""},"class_list":["post-2961","page","type-page","status-publish","hentry"],"yoast_head":"<!-- This site is optimized with the Yoast SEO plugin v26.4 - https:\/\/yoast.com\/wordpress\/plugins\/seo\/ -->\n<title>Declaraci\u00f3n de privacidad - FOX<\/title>\n<meta name=\"robots\" content=\"index, follow, max-snippet:-1, max-image-preview:large, max-video-preview:-1\" \/>\n<link rel=\"canonical\" href=\"https:\/\/www.fox-foodprocessinginabox.eu\/es\/declaracion-de-privacidad\/\" \/>\n<meta property=\"og:locale\" content=\"es_ES\" \/>\n<meta property=\"og:type\" content=\"article\" \/>\n<meta property=\"og:title\" content=\"Declaraci\u00f3n de privacidad - FOX\" \/>\n<meta property=\"og:url\" content=\"https:\/\/www.fox-foodprocessinginabox.eu\/es\/declaracion-de-privacidad\/\" \/>\n<meta property=\"og:site_name\" content=\"FOX\" \/>\n<meta name=\"twitter:card\" content=\"summary_large_image\" \/>\n<meta name=\"twitter:label1\" content=\"Tiempo de lectura\" \/>\n\t<meta name=\"twitter:data1\" content=\"4 minutos\" \/>\n<script type=\"application\/ld+json\" class=\"yoast-schema-graph\">{\"@context\":\"https:\/\/schema.org\",\"@graph\":[{\"@type\":\"WebPage\",\"@id\":\"https:\/\/www.fox-foodprocessinginabox.eu\/es\/declaracion-de-privacidad\/\",\"url\":\"https:\/\/www.fox-foodprocessinginabox.eu\/es\/declaracion-de-privacidad\/\",\"name\":\"Declaraci\u00f3n de privacidad - FOX\",\"isPartOf\":{\"@id\":\"https:\/\/www.fox-foodprocessinginabox.eu\/cs\/#website\"},\"datePublished\":\"2020-01-21T16:20:20+00:00\",\"breadcrumb\":{\"@id\":\"https:\/\/www.fox-foodprocessinginabox.eu\/es\/declaracion-de-privacidad\/#breadcrumb\"},\"inLanguage\":\"es\",\"potentialAction\":[{\"@type\":\"ReadAction\",\"target\":[\"https:\/\/www.fox-foodprocessinginabox.eu\/es\/declaracion-de-privacidad\/\"]}]},{\"@type\":\"BreadcrumbList\",\"@id\":\"https:\/\/www.fox-foodprocessinginabox.eu\/es\/declaracion-de-privacidad\/#breadcrumb\",\"itemListElement\":[{\"@type\":\"ListItem\",\"position\":1,\"name\":\"Home\",\"item\":\"https:\/\/www.fox-foodprocessinginabox.eu\/es\/\"},{\"@type\":\"ListItem\",\"position\":2,\"name\":\"Declaraci\u00f3n de privacidad\"}]},{\"@type\":\"WebSite\",\"@id\":\"https:\/\/www.fox-foodprocessinginabox.eu\/cs\/#website\",\"url\":\"https:\/\/www.fox-foodprocessinginabox.eu\/cs\/\",\"name\":\"FOX\",\"description\":\"Food processing in a Box\",\"potentialAction\":[{\"@type\":\"SearchAction\",\"target\":{\"@type\":\"EntryPoint\",\"urlTemplate\":\"https:\/\/www.fox-foodprocessinginabox.eu\/cs\/?s={search_term_string}\"},\"query-input\":{\"@type\":\"PropertyValueSpecification\",\"valueRequired\":true,\"valueName\":\"search_term_string\"}}],\"inLanguage\":\"es\"}]}<\/script>\n<!-- \/ Yoast SEO plugin. -->","yoast_head_json":{"title":"Declaraci\u00f3n de privacidad - FOX","robots":{"index":"index","follow":"follow","max-snippet":"max-snippet:-1","max-image-preview":"max-image-preview:large","max-video-preview":"max-video-preview:-1"},"canonical":"https:\/\/www.fox-foodprocessinginabox.eu\/es\/declaracion-de-privacidad\/","og_locale":"es_ES","og_type":"article","og_title":"Declaraci\u00f3n de privacidad - FOX","og_url":"https:\/\/www.fox-foodprocessinginabox.eu\/es\/declaracion-de-privacidad\/","og_site_name":"FOX","twitter_card":"summary_large_image","twitter_misc":{"Tiempo de lectura":"4 minutos"},"schema":{"@context":"https:\/\/schema.org","@graph":[{"@type":"WebPage","@id":"https:\/\/www.fox-foodprocessinginabox.eu\/es\/declaracion-de-privacidad\/","url":"https:\/\/www.fox-foodprocessinginabox.eu\/es\/declaracion-de-privacidad\/","name":"Declaraci\u00f3n de privacidad - FOX","isPartOf":{"@id":"https:\/\/www.fox-foodprocessinginabox.eu\/cs\/#website"},"datePublished":"2020-01-21T16:20:20+00:00","breadcrumb":{"@id":"https:\/\/www.fox-foodprocessinginabox.eu\/es\/declaracion-de-privacidad\/#breadcrumb"},"inLanguage":"es","potentialAction":[{"@type":"ReadAction","target":["https:\/\/www.fox-foodprocessinginabox.eu\/es\/declaracion-de-privacidad\/"]}]},{"@type":"BreadcrumbList","@id":"https:\/\/www.fox-foodprocessinginabox.eu\/es\/declaracion-de-privacidad\/#breadcrumb","itemListElement":[{"@type":"ListItem","position":1,"name":"Home","item":"https:\/\/www.fox-foodprocessinginabox.eu\/es\/"},{"@type":"ListItem","position":2,"name":"Declaraci\u00f3n de privacidad"}]},{"@type":"WebSite","@id":"https:\/\/www.fox-foodprocessinginabox.eu\/cs\/#website","url":"https:\/\/www.fox-foodprocessinginabox.eu\/cs\/","name":"FOX","description":"Food processing in a Box","potentialAction":[{"@type":"SearchAction","target":{"@type":"EntryPoint","urlTemplate":"https:\/\/www.fox-foodprocessinginabox.eu\/cs\/?s={search_term_string}"},"query-input":{"@type":"PropertyValueSpecification","valueRequired":true,"valueName":"search_term_string"}}],"inLanguage":"es"}]}},"_links":{"self":[{"href":"https:\/\/www.fox-foodprocessinginabox.eu\/es\/wp-json\/wp\/v2\/pages\/2961","targetHints":{"allow":["GET"]}}],"collection":[{"href":"https:\/\/www.fox-foodprocessinginabox.eu\/es\/wp-json\/wp\/v2\/pages"}],"about":[{"href":"https:\/\/www.fox-foodprocessinginabox.eu\/es\/wp-json\/wp\/v2\/types\/page"}],"author":[{"embeddable":true,"href":"https:\/\/www.fox-foodprocessinginabox.eu\/es\/wp-json\/wp\/v2\/users\/2"}],"replies":[{"embeddable":true,"href":"https:\/\/www.fox-foodprocessinginabox.eu\/es\/wp-json\/wp\/v2\/comments?post=2961"}],"version-history":[{"count":2,"href":"https:\/\/www.fox-foodprocessinginabox.eu\/es\/wp-json\/wp\/v2\/pages\/2961\/revisions"}],"predecessor-version":[{"id":2963,"href":"https:\/\/www.fox-foodprocessinginabox.eu\/es\/wp-json\/wp\/v2\/pages\/2961\/revisions\/2963"}],"wp:attachment":[{"href":"https:\/\/www.fox-foodprocessinginabox.eu\/es\/wp-json\/wp\/v2\/media?parent=2961"}],"curies":[{"name":"wp","href":"https:\/\/api.w.org\/{rel}","templated":true}]}}