{"id":2058,"date":"2019-12-19T13:02:17","date_gmt":"2019-12-19T12:02:17","guid":{"rendered":"http:\/\/www.fox-foodprocessinginabox.eu\/?page_id=2058"},"modified":"2021-03-30T22:23:42","modified_gmt":"2021-03-30T20:23:42","slug":"faq","status":"publish","type":"page","link":"https:\/\/www.fox-foodprocessinginabox.eu\/fr\/faq\/","title":{"rendered":"Foire aux questions (FAQ) sur le projet FOX"},"content":{"rendered":"<div class=\"fusion-fullwidth fullwidth-box fusion-builder-row-1 nonhundred-percent-fullwidth non-hundred-percent-height-scrolling\" style=\"background-color: rgba(255,255,255,0);background-position: center center;background-repeat: no-repeat;padding-top:0px;padding-right:0px;padding-bottom:0px;padding-left:0px;margin-bottom: 0px;margin-top: 0px;border-width: 0px 0px 0px 0px;border-color:#eae9e9;border-style:solid;\" ><div class=\"fusion-builder-row fusion-row\"><div class=\"fusion-layout-column fusion_builder_column fusion-builder-column-0 fusion_builder_column_1_1 1_1 fusion-one-full fusion-column-first fusion-column-last\" style=\"margin-top:0px;margin-bottom:20px;\"><div class=\"fusion-column-wrapper fusion-flex-column-wrapper-legacy\" style=\"background-position:left top;background-repeat:no-repeat;-webkit-background-size:cover;-moz-background-size:cover;-o-background-size:cover;background-size:cover;padding: 0px 0px 0px 0px;\"><style type=\"text\/css\">#accordion-2058-1 .fusion-panel:hover{ border-color: #e0dede } #accordion-2058-1 .fusion-panel { border-color:#e0dede; }.fusion-accordian  #accordion-2058-1 .panel-title a .fa-fusion-box{ color: #ffffff;}.fusion-accordian  #accordion-2058-1 .panel-title a .fa-fusion-box:before{ font-size: 13px; width: 13px;}.fusion-accordian  #accordion-2058-1 .panel-title a{line-height:1.5;color:#333333;font-family:\"Antic Slab\";font-weight:400;}.fusion-accordian  #accordion-2058-1 .toggle-content{font-size:15px;color:#000000;font-family:\"PT Sans\";font-weight:400;}.fusion-accordian  #accordion-2058-1 .fa-fusion-box { background-color: #333333;border-color: #333333;}.fusion-accordian  #accordion-2058-1 .panel-title a:not(.active):hover, #accordion-2058-1 .fusion-toggle-boxed-mode:hover .panel-title a { color: #a0ce4e;}.fusion-accordian  #accordion-2058-1 .panel-title .active .fa-fusion-box,.fusion-accordian  #accordion-2058-1 .panel-title a:not(.active):hover .fa-fusion-box { background-color: #a0ce4e!important;border-color: #a0ce4e!important;}<\/style><div class=\"accordian fusion-accordian\"><div class=\"panel-group\" id=\"accordion-2058-1\"><style type=\"text\/css\">.fusion-accordian  #accordion-2058-1 .panel-e77d129b0d48e5392 .panel-title a{}.fusion-accordian  #accordion-2058-1 .panel-e77d129b0d48e5392 .toggle-content{}<\/style><div class=\"fusion-panel panel-default panel-e77d129b0d48e5392\"><div class=\"panel-heading\"><h4 class=\"panel-title toggle\" id=\"toggle_e77d129b0d48e5392\"><a aria-expanded=\"false\" aria-controls=\"e77d129b0d48e5392\" role=\"button\" data-toggle=\"collapse\" data-parent=\"#accordion-2058-1\" data-target=\"#e77d129b0d48e5392\" href=\"#e77d129b0d48e5392\"><span class=\"fusion-toggle-icon-wrapper\" aria-hidden=\"true\"><i class=\"fa-fusion-box active-icon awb-icon-minus\" aria-hidden=\"true\"><\/i><i class=\"fa-fusion-box inactive-icon awb-icon-plus\" aria-hidden=\"true\"><\/i><\/span><span class=\"fusion-toggle-heading\">Pourquoi \u00ab en bo\u00eete \u00bb ?<\/span><\/a><\/h4><\/div><div id=\"e77d129b0d48e5392\" class=\"panel-collapse collapse \" araia-labelledby=\"toggle_e77d129b0d48e5392\"><div class=\"panel-body toggle-content fusion-clearfix\">\n<p>L\u2019expression \u00ab en bo\u00eete \u00bb signifie \u00ab dans une unit\u00e9 de conteneur mobile \u00bb. Cette derni\u00e8re contient tout le mat\u00e9riel n\u00e9cessaire \u00e0 la transformation douce des fruits et l\u00e9gumes, \u00e0 proximit\u00e9 de l\u2019exploitation. Le projet FOX vise \u00e0 d\u00e9velopper des solutions de transformation innovantes qui soient compactes, mobiles et flexibles, c\u2019est-\u00e0-dire qui puissent \u00eatre stock\u00e9es dans un conteneur, d\u00e9plac\u00e9es au sein d\u2019une r\u00e9gion d\u2019un agriculteur \u00e0 l\u2019autre et utilis\u00e9es pour diff\u00e9rents types de r\u00e9coltes de fruits et de l\u00e9gumes. Dans le cadre du projet, trois types d\u2019unit\u00e9s de conteneur mobiles seront d\u00e9velopp\u00e9s. D\u00e9couvrez l\u2019int\u00e9rieur du <a href=\"https:\/\/www.fox-foodprocessinginabox.eu\/fr\/blog-year-1-of-food-circle-1\/\" target=\"_blank\" rel=\"noopener noreferrer\">conteneur mobile de production de jus<\/a>.<\/p>\n<\/div><\/div><\/div><style type=\"text\/css\">.fusion-accordian  #accordion-2058-1 .panel-ce74d16399dab8d07 .panel-title a{}.fusion-accordian  #accordion-2058-1 .panel-ce74d16399dab8d07 .toggle-content{}<\/style><div class=\"fusion-panel panel-default panel-ce74d16399dab8d07\"><div class=\"panel-heading\"><h4 class=\"panel-title toggle\" id=\"toggle_ce74d16399dab8d07\"><a aria-expanded=\"false\" aria-controls=\"ce74d16399dab8d07\" role=\"button\" data-toggle=\"collapse\" data-parent=\"#accordion-2058-1\" data-target=\"#ce74d16399dab8d07\" href=\"#ce74d16399dab8d07\"><span class=\"fusion-toggle-icon-wrapper\" aria-hidden=\"true\"><i class=\"fa-fusion-box active-icon awb-icon-minus\" aria-hidden=\"true\"><\/i><i class=\"fa-fusion-box inactive-icon awb-icon-plus\" aria-hidden=\"true\"><\/i><\/span><span class=\"fusion-toggle-heading\">Comment les partenaires sont-ils impliqu\u00e9s ?<\/span><\/a><\/h4><\/div><div id=\"ce74d16399dab8d07\" class=\"panel-collapse collapse \" araia-labelledby=\"toggle_ce74d16399dab8d07\"><div class=\"panel-body toggle-content fusion-clearfix\">\n<p>Au total, 25 partenaires collaborent au d\u00e9veloppement du projet FOX. Il s\u2019agit d\u2019universit\u00e9s, d\u2019instituts de recherche, de petites et moyennes entreprises (PME), d\u2019industries et d\u2019associations situ\u00e9s dans diff\u00e9rents pays europ\u00e9ens. Chaque partenaire travaille sur une partie diff\u00e9rente du projet (modules de travail). Les partenaires des diff\u00e9rents modules de travail \u00e9changent r\u00e9guli\u00e8rement sur leurs travaux et leurs r\u00e9sultats. Cliquez <a href=\"https:\/\/www.fox-foodprocessinginabox.eu\/fr\/partners\/\" target=\"_blank\" rel=\"noopener noreferrer\">ici<\/a> pour une vue d\u2019ensemble de tous les partenaires.<\/p>\n<\/div><\/div><\/div><style type=\"text\/css\">.fusion-accordian  #accordion-2058-1 .panel-3665a5d082e93a3ae .panel-title a{}.fusion-accordian  #accordion-2058-1 .panel-3665a5d082e93a3ae .toggle-content{}<\/style><div class=\"fusion-panel panel-default panel-3665a5d082e93a3ae\"><div class=\"panel-heading\"><h4 class=\"panel-title toggle\" id=\"toggle_3665a5d082e93a3ae\"><a aria-expanded=\"false\" aria-controls=\"3665a5d082e93a3ae\" role=\"button\" data-toggle=\"collapse\" data-parent=\"#accordion-2058-1\" data-target=\"#3665a5d082e93a3ae\" href=\"#3665a5d082e93a3ae\"><span class=\"fusion-toggle-icon-wrapper\" aria-hidden=\"true\"><i class=\"fa-fusion-box active-icon awb-icon-minus\" aria-hidden=\"true\"><\/i><i class=\"fa-fusion-box inactive-icon awb-icon-plus\" aria-hidden=\"true\"><\/i><\/span><span class=\"fusion-toggle-heading\">Quand l\u2019unit\u00e9 de conteneur sera-t-elle disponible ? <\/span><\/a><\/h4><\/div><div id=\"3665a5d082e93a3ae\" class=\"panel-collapse collapse \" araia-labelledby=\"toggle_3665a5d082e93a3ae\"><div class=\"panel-body toggle-content fusion-clearfix\">\n<p>Le projet FOX en est encore au stade de la recherche et seul le concept a \u00e9t\u00e9 d\u00e9velopp\u00e9. Certaines parties des 3 conteneurs ont d\u00e9j\u00e0 \u00e9t\u00e9 con\u00e7ues et les prototypes sont en cours de d\u00e9veloppement. Tous les prototypes seront disponibles en 2023 et des d\u00e9monstrations auront lieu dans les diff\u00e9rentes r\u00e9gions europ\u00e9ennes (cercles alimentaires).<\/p>\n<\/div><\/div><\/div><style type=\"text\/css\">.fusion-accordian  #accordion-2058-1 .panel-ff36e8296604cf3c8 .panel-title a{}.fusion-accordian  #accordion-2058-1 .panel-ff36e8296604cf3c8 .toggle-content{}<\/style><div class=\"fusion-panel panel-default panel-ff36e8296604cf3c8\"><div class=\"panel-heading\"><h4 class=\"panel-title toggle\" id=\"toggle_ff36e8296604cf3c8\"><a aria-expanded=\"false\" aria-controls=\"ff36e8296604cf3c8\" role=\"button\" data-toggle=\"collapse\" data-parent=\"#accordion-2058-1\" data-target=\"#ff36e8296604cf3c8\" href=\"#ff36e8296604cf3c8\"><span class=\"fusion-toggle-icon-wrapper\" aria-hidden=\"true\"><i class=\"fa-fusion-box active-icon awb-icon-minus\" aria-hidden=\"true\"><\/i><i class=\"fa-fusion-box inactive-icon awb-icon-plus\" aria-hidden=\"true\"><\/i><\/span><span class=\"fusion-toggle-heading\">Quelle est la diff\u00e9rence avec les unit\u00e9s de conteneur existantes ? <\/span><\/a><\/h4><\/div><div id=\"ff36e8296604cf3c8\" class=\"panel-collapse collapse \" araia-labelledby=\"toggle_ff36e8296604cf3c8\"><div class=\"panel-body toggle-content fusion-clearfix\">\n<p>Des conteneurs de transformation des aliments existent d\u00e9j\u00e0 en Europe. Cependant, ceux qui seront d\u00e9velopp\u00e9s dans le cadre du projet FOX sont diff\u00e9rents car ils utilisent des technologies de transformation des aliments \u00ab douces \u00bb et innovantes telles que le f<a href=\"https:\/\/www.fox-foodprocessinginabox.eu\/fr\/blog-year-1-of-food-circle-1\/\" target=\"_blank\" rel=\"noopener noreferrer\">iltre-presse en spirale<\/a>, le <a href=\"https:\/\/www.fox-foodprocessinginabox.eu\/fr\/mild-food-processing-technology-the-example-of-pef\/\" target=\"_blank\" rel=\"noopener noreferrer\">champ \u00e9lectrique puls\u00e9 (CEP)<\/a>, les ultrasons, etc. Ainsi, les fruits et l\u00e9gumes transform\u00e9s sont de meilleure qualit\u00e9 et le processus est plus respectueux de l\u2019environnement \u00e9tant donn\u00e9 que ces technologies consomment moins d\u2019\u00e9nergie.<br \/>\nDe plus, certains partenaires d\u00e9veloppent \u00e9galement des emballages durables pour les produits finaux et r\u00e9fl\u00e9chissent \u00e0 des moyens de r\u00e9utiliser les sous-produits des fruits et l\u00e9gumes tels que les pelures de carotte et les cosses de petits pois. Afin d\u2019optimiser la long\u00e9vit\u00e9 des cercles alimentaires pour les agriculteurs ainsi que l\u2019engagement des consommateurs, des recherches sont men\u00e9es autour de <a href=\"https:\/\/www.fox-foodprocessinginabox.eu\/fr\/recherche\/prevoyance-et-modeles-commerciaux\/\" target=\"_blank\" rel=\"noopener noreferrer\">mod\u00e8les \u00e9conomiques<\/a> et <a href=\"https:\/\/www.fox-foodprocessinginabox.eu\/fr\/recherche\/engagement-du-consommateur\/\" target=\"_blank\" rel=\"noopener noreferrer\">d\u2019\u00e9tudes de march\u00e9<\/a>. En outre, l\u2019impact environnemental, socio-\u00e9conomique et sur la sant\u00e9 sera \u00e9valu\u00e9 pour garantir la durabilit\u00e9 du concept FOX.<br \/>\nEnfin, le projet FOX est unique car il suit une approche g\u00e9n\u00e9rale appel\u00e9e l\u2019\u00ab approche fond\u00e9e sur la participation d\u2019une multitude d\u2019acteurs \u00bb, con\u00e7ue par la Commission europ\u00e9enne. L\u2019approche fond\u00e9e sur la participation d\u2019une multitude d\u2019acteurs garantit que tous les utilisateurs finaux sont pleinement engag\u00e9s tout au long du projet, notamment les agriculteurs, les consommateurs ou les entreprises et les multiplicateurs tels que les associations, les coop\u00e9ratives ou les conseillers. Le projet FOX est \u00e0 la fois inter- et transdisciplinaire, r\u00e9unissant des experts au niveau scientifique : des sp\u00e9cialistes en alimentation, des ing\u00e9nieurs, des \u00e9conomistes, des experts \u00e9cologiques, des experts du march\u00e9, des chimistes, des bioing\u00e9nieurs, des responsables innovation, etc.<\/p>\n<\/div><\/div><\/div><style type=\"text\/css\">.fusion-accordian  #accordion-2058-1 .panel-08ccb7c0b25c4a20a .panel-title a{}.fusion-accordian  #accordion-2058-1 .panel-08ccb7c0b25c4a20a .toggle-content{}<\/style><div class=\"fusion-panel panel-default panel-08ccb7c0b25c4a20a\"><div class=\"panel-heading\"><h4 class=\"panel-title toggle\" id=\"toggle_08ccb7c0b25c4a20a\"><a aria-expanded=\"false\" aria-controls=\"08ccb7c0b25c4a20a\" role=\"button\" data-toggle=\"collapse\" data-parent=\"#accordion-2058-1\" data-target=\"#08ccb7c0b25c4a20a\" href=\"#08ccb7c0b25c4a20a\"><span class=\"fusion-toggle-icon-wrapper\" aria-hidden=\"true\"><i class=\"fa-fusion-box active-icon awb-icon-minus\" aria-hidden=\"true\"><\/i><i class=\"fa-fusion-box inactive-icon awb-icon-plus\" aria-hidden=\"true\"><\/i><\/span><span class=\"fusion-toggle-heading\">Comment les r\u00e9gions europ\u00e9ennes ou les cercles alimentaires ont-ils \u00e9t\u00e9 choisis ?<\/span><\/a><\/h4><\/div><div id=\"08ccb7c0b25c4a20a\" class=\"panel-collapse collapse \" araia-labelledby=\"toggle_08ccb7c0b25c4a20a\"><div class=\"panel-body toggle-content fusion-clearfix\">\n<p>Les cercles alimentaires sont le lien d\u2019une technologie de transformation sp\u00e9cifique FOX avec une cha\u00eene d\u2019approvisionnement alimentaire (courte) r\u00e9gionale. Diff\u00e9rentes r\u00e9gions g\u00e9ographiques avec une importante production de fruits et l\u00e9gumes en Europe ont \u00e9t\u00e9 choisies pour d\u00e9montrer la viabilit\u00e9 technique, \u00e9conomique et sociale de la m\u00e9thode FOX. Les principales r\u00e9gions cultivant des fruits en Europe se trouvent en Espagne, en Italie et en Pologne, la France \u00e9tant \u00e9galement l\u2019un des principaux pays de culture des l\u00e9gumes. Dans le secteur de la transformation des fruits et l\u00e9gumes, l\u2019Allemagne et les Pays-Bas occupent \u00e9galement une place importante en plus des pays susmentionn\u00e9s.<br \/>\nLes cercles alimentaires retenus se trouvent dans six r\u00e9gions mod\u00e8les en Europe et ces r\u00e9gions sont \u00e9troitement li\u00e9es au partenaire du projet de recherche charg\u00e9 de d\u00e9velopper la technologie de transformation correspondante (ou : la technologie FOX). Il \u00e9tait essentiel de s\u2019appuyer sur le solide r\u00e9seau existant d\u2019acteurs r\u00e9gionaux pour les activit\u00e9s de d\u00e9monstration. Les r\u00e9gions mod\u00e8les ont donc une proximit\u00e9 g\u00e9ographique avec le partenaire de recherche FOX correspondant.<br \/>\nDe plus, pour accro\u00eetre l\u2019impact du projet FOX et d\u00e9montrer ses r\u00e9sultats \u00e0 plus grande \u00e9chelle, le projet noue des partenariats avec des r\u00e9gions associ\u00e9es pr\u00e9sentant des param\u00e8tres g\u00e9ographiques, structurels et\/ou de culture semblables \u00e0 ceux des r\u00e9gions mod\u00e8les. Si vous souhaitez devenir une r\u00e9gion partenaire associ\u00e9e, vous pouvez adh\u00e9rer au groupement d\u2019int\u00e9r\u00eat FOX en cliquant <a href=\"https:\/\/www.fox-foodprocessinginabox.eu\/fr\/european-interest-group\/\" target=\"_blank\" rel=\"noopener noreferrer\">ici<\/a>.<\/p>\n<\/div><\/div><\/div><style type=\"text\/css\">.fusion-accordian  #accordion-2058-1 .panel-baaf328852e836833 .panel-title a{}.fusion-accordian  #accordion-2058-1 .panel-baaf328852e836833 .toggle-content{}<\/style><div class=\"fusion-panel panel-default panel-baaf328852e836833\"><div class=\"panel-heading\"><h4 class=\"panel-title toggle\" id=\"toggle_baaf328852e836833\"><a aria-expanded=\"false\" aria-controls=\"baaf328852e836833\" role=\"button\" data-toggle=\"collapse\" data-parent=\"#accordion-2058-1\" data-target=\"#baaf328852e836833\" href=\"#baaf328852e836833\"><span class=\"fusion-toggle-icon-wrapper\" aria-hidden=\"true\"><i class=\"fa-fusion-box active-icon awb-icon-minus\" aria-hidden=\"true\"><\/i><i class=\"fa-fusion-box inactive-icon awb-icon-plus\" aria-hidden=\"true\"><\/i><\/span><span class=\"fusion-toggle-heading\">Quand le projet a-t-il \u00e9t\u00e9 lanc\u00e9 et quand se terminera-t-il ?<\/span><\/a><\/h4><\/div><div id=\"baaf328852e836833\" class=\"panel-collapse collapse \" araia-labelledby=\"toggle_baaf328852e836833\"><div class=\"panel-body toggle-content fusion-clearfix\">\n<p>Le projet de 4 ans a \u00e9t\u00e9 lanc\u00e9 en juin 2019 et se terminera en novembre 2023.<\/p>\n<\/div><\/div><\/div><style type=\"text\/css\">.fusion-accordian  #accordion-2058-1 .panel-b3098518f1e57d01e .panel-title a{}.fusion-accordian  #accordion-2058-1 .panel-b3098518f1e57d01e .toggle-content{}<\/style><div class=\"fusion-panel panel-default panel-b3098518f1e57d01e\"><div class=\"panel-heading\"><h4 class=\"panel-title toggle\" id=\"toggle_b3098518f1e57d01e\"><a aria-expanded=\"false\" aria-controls=\"b3098518f1e57d01e\" role=\"button\" data-toggle=\"collapse\" data-parent=\"#accordion-2058-1\" data-target=\"#b3098518f1e57d01e\" href=\"#b3098518f1e57d01e\"><span class=\"fusion-toggle-icon-wrapper\" aria-hidden=\"true\"><i class=\"fa-fusion-box active-icon awb-icon-minus\" aria-hidden=\"true\"><\/i><i class=\"fa-fusion-box inactive-icon awb-icon-plus\" aria-hidden=\"true\"><\/i><\/span><span class=\"fusion-toggle-heading\">\u00c0 quoi correspond l\u2019acronyme \u00ab FOX \u00bb ? <\/span><\/a><\/h4><\/div><div id=\"b3098518f1e57d01e\" class=\"panel-collapse collapse \" araia-labelledby=\"toggle_b3098518f1e57d01e\"><div class=\"panel-body toggle-content fusion-clearfix\">\n<p>L\u2019acronyme FOX correspond \u00e0 l\u2019anglais \u00ab\u00a0Food Processing in a Box\u00a0\u00bb. Il n\u2019a aucun rapport avec l\u2019animal (\u00ab\u00a0fox\u00a0\u00bb en anglais d\u00e9signant un \u00ab\u00a0renard\u00a0\u00bb).<\/p>\n<\/div><\/div><\/div><style type=\"text\/css\">.fusion-accordian  #accordion-2058-1 .panel-ee3be7d3f0813a795 .panel-title a{}.fusion-accordian  #accordion-2058-1 .panel-ee3be7d3f0813a795 .toggle-content{}<\/style><div class=\"fusion-panel panel-default panel-ee3be7d3f0813a795\"><div class=\"panel-heading\"><h4 class=\"panel-title toggle\" id=\"toggle_ee3be7d3f0813a795\"><a aria-expanded=\"false\" aria-controls=\"ee3be7d3f0813a795\" role=\"button\" data-toggle=\"collapse\" data-parent=\"#accordion-2058-1\" data-target=\"#ee3be7d3f0813a795\" href=\"#ee3be7d3f0813a795\"><span class=\"fusion-toggle-icon-wrapper\" aria-hidden=\"true\"><i class=\"fa-fusion-box active-icon awb-icon-minus\" aria-hidden=\"true\"><\/i><i class=\"fa-fusion-box inactive-icon awb-icon-plus\" aria-hidden=\"true\"><\/i><\/span><span class=\"fusion-toggle-heading\">Je suis int\u00e9ress\u00e9 par la transformation des aliments \u00e0 petite \u00e9chelle et souhaite en savoir plus sur ce sujet, comment puis-je rejoindre le projet FOX ? <\/span><\/a><\/h4><\/div><div id=\"ee3be7d3f0813a795\" class=\"panel-collapse collapse \" araia-labelledby=\"toggle_ee3be7d3f0813a795\"><div class=\"panel-body toggle-content fusion-clearfix\">\n<p>Vous \u00eates int\u00e9ress\u00e9 par la transformation des aliments \u00e0 petite \u00e9chelle ? Adh\u00e9rez au <a href=\"https:\/\/www.fox-foodprocessinginabox.eu\/fr\/european-interest-group\/\" target=\"_blank\" rel=\"noopener noreferrer\">groupement d\u2019int\u00e9r\u00eat europ\u00e9en FOX des transformateurs d\u2019aliments \u00e0 petite \u00e9chelle<\/a> pour collaborer, partager votre expertise et \u00eatre le premier \u00e0 tester une nouvelle fa\u00e7on de produire des aliments dans le cadre de d\u00e9monstrations et d\u2019ateliers. Vous pouvez \u00e9galement adh\u00e9rer au <a href=\"https:\/\/www.linkedin.com\/groups\/13794216\/\" target=\"_blank\" rel=\"noopener noreferrer\">groupe LinkedIn Fox<\/a> pour partager votre exp\u00e9rience et suivre les derni\u00e8res actualit\u00e9s du projet, ainsi que les tendances et les \u00e9v\u00e8nements dans le secteur.<\/p>\n<\/div><\/div><\/div><style type=\"text\/css\">.fusion-accordian  #accordion-2058-1 .panel-a4f0d5337b7a90376 .panel-title a{}.fusion-accordian  #accordion-2058-1 .panel-a4f0d5337b7a90376 .toggle-content{}<\/style><div class=\"fusion-panel panel-default panel-a4f0d5337b7a90376\"><div class=\"panel-heading\"><h4 class=\"panel-title toggle\" id=\"toggle_a4f0d5337b7a90376\"><a aria-expanded=\"false\" aria-controls=\"a4f0d5337b7a90376\" role=\"button\" data-toggle=\"collapse\" data-parent=\"#accordion-2058-1\" data-target=\"#a4f0d5337b7a90376\" href=\"#a4f0d5337b7a90376\"><span class=\"fusion-toggle-icon-wrapper\" aria-hidden=\"true\"><i class=\"fa-fusion-box active-icon awb-icon-minus\" aria-hidden=\"true\"><\/i><i class=\"fa-fusion-box inactive-icon awb-icon-plus\" aria-hidden=\"true\"><\/i><\/span><span class=\"fusion-toggle-heading\">Ma question ne figure pas dans la FAQ, qui puis-je contacter ? <\/span><\/a><\/h4><\/div><div id=\"a4f0d5337b7a90376\" class=\"panel-collapse collapse \" araia-labelledby=\"toggle_a4f0d5337b7a90376\"><div class=\"panel-body toggle-content fusion-clearfix\">\n<p>Pour toute question sur le projet FOX, veuillez vous rendre sur notre <a href=\"https:\/\/www.fox-foodprocessinginabox.eu\/fr\/contact-us\/\" target=\"_blank\" rel=\"noopener noreferrer\">page contact<\/a>.<\/p>\n<\/div><\/div><\/div><\/div><\/div><div class=\"fusion-clearfix\"><\/div><\/div><\/div><\/div><\/div>\n","protected":false},"excerpt":{"rendered":"","protected":false},"author":1,"featured_media":0,"parent":0,"menu_order":0,"comment_status":"closed","ping_status":"closed","template":"","meta":{"footnotes":""},"class_list":["post-2058","page","type-page","status-publish","hentry"],"yoast_head":"<!-- This site is optimized with the Yoast SEO plugin v26.4 - https:\/\/yoast.com\/wordpress\/plugins\/seo\/ -->\n<title>Foire aux questions (FAQ) sur le projet FOX - FOX<\/title>\n<meta name=\"robots\" content=\"index, follow, max-snippet:-1, max-image-preview:large, max-video-preview:-1\" \/>\n<link rel=\"canonical\" href=\"https:\/\/www.fox-foodprocessinginabox.eu\/fr\/faq\/\" \/>\n<meta property=\"og:locale\" content=\"fr_FR\" \/>\n<meta property=\"og:type\" content=\"article\" \/>\n<meta property=\"og:title\" content=\"Foire aux questions (FAQ) sur le projet FOX - FOX\" \/>\n<meta property=\"og:url\" content=\"https:\/\/www.fox-foodprocessinginabox.eu\/fr\/faq\/\" \/>\n<meta property=\"og:site_name\" content=\"FOX\" \/>\n<meta property=\"article:modified_time\" content=\"2021-03-30T20:23:42+00:00\" \/>\n<meta name=\"twitter:card\" content=\"summary_large_image\" \/>\n<meta name=\"twitter:label1\" content=\"Dur\u00e9e de lecture estim\u00e9e\" \/>\n\t<meta name=\"twitter:data1\" content=\"8 minutes\" \/>\n<script type=\"application\/ld+json\" class=\"yoast-schema-graph\">{\"@context\":\"https:\/\/schema.org\",\"@graph\":[{\"@type\":\"WebPage\",\"@id\":\"https:\/\/www.fox-foodprocessinginabox.eu\/fr\/faq\/\",\"url\":\"https:\/\/www.fox-foodprocessinginabox.eu\/fr\/faq\/\",\"name\":\"Foire aux questions (FAQ) sur le projet FOX - FOX\",\"isPartOf\":{\"@id\":\"https:\/\/www.fox-foodprocessinginabox.eu\/cs\/#website\"},\"datePublished\":\"2019-12-19T12:02:17+00:00\",\"dateModified\":\"2021-03-30T20:23:42+00:00\",\"breadcrumb\":{\"@id\":\"https:\/\/www.fox-foodprocessinginabox.eu\/fr\/faq\/#breadcrumb\"},\"inLanguage\":\"fr-FR\",\"potentialAction\":[{\"@type\":\"ReadAction\",\"target\":[\"https:\/\/www.fox-foodprocessinginabox.eu\/fr\/faq\/\"]}]},{\"@type\":\"BreadcrumbList\",\"@id\":\"https:\/\/www.fox-foodprocessinginabox.eu\/fr\/faq\/#breadcrumb\",\"itemListElement\":[{\"@type\":\"ListItem\",\"position\":1,\"name\":\"Home\",\"item\":\"https:\/\/www.fox-foodprocessinginabox.eu\/fr\/\"},{\"@type\":\"ListItem\",\"position\":2,\"name\":\"Foire aux questions (FAQ) sur le projet FOX\"}]},{\"@type\":\"WebSite\",\"@id\":\"https:\/\/www.fox-foodprocessinginabox.eu\/cs\/#website\",\"url\":\"https:\/\/www.fox-foodprocessinginabox.eu\/cs\/\",\"name\":\"FOX\",\"description\":\"Food processing in a Box\",\"potentialAction\":[{\"@type\":\"SearchAction\",\"target\":{\"@type\":\"EntryPoint\",\"urlTemplate\":\"https:\/\/www.fox-foodprocessinginabox.eu\/cs\/?s={search_term_string}\"},\"query-input\":{\"@type\":\"PropertyValueSpecification\",\"valueRequired\":true,\"valueName\":\"search_term_string\"}}],\"inLanguage\":\"fr-FR\"}]}<\/script>\n<!-- \/ Yoast SEO plugin. -->","yoast_head_json":{"title":"Foire aux questions (FAQ) sur le projet FOX - FOX","robots":{"index":"index","follow":"follow","max-snippet":"max-snippet:-1","max-image-preview":"max-image-preview:large","max-video-preview":"max-video-preview:-1"},"canonical":"https:\/\/www.fox-foodprocessinginabox.eu\/fr\/faq\/","og_locale":"fr_FR","og_type":"article","og_title":"Foire aux questions (FAQ) sur le projet FOX - FOX","og_url":"https:\/\/www.fox-foodprocessinginabox.eu\/fr\/faq\/","og_site_name":"FOX","article_modified_time":"2021-03-30T20:23:42+00:00","twitter_card":"summary_large_image","twitter_misc":{"Dur\u00e9e de lecture estim\u00e9e":"8 minutes"},"schema":{"@context":"https:\/\/schema.org","@graph":[{"@type":"WebPage","@id":"https:\/\/www.fox-foodprocessinginabox.eu\/fr\/faq\/","url":"https:\/\/www.fox-foodprocessinginabox.eu\/fr\/faq\/","name":"Foire aux questions (FAQ) sur le projet FOX - FOX","isPartOf":{"@id":"https:\/\/www.fox-foodprocessinginabox.eu\/cs\/#website"},"datePublished":"2019-12-19T12:02:17+00:00","dateModified":"2021-03-30T20:23:42+00:00","breadcrumb":{"@id":"https:\/\/www.fox-foodprocessinginabox.eu\/fr\/faq\/#breadcrumb"},"inLanguage":"fr-FR","potentialAction":[{"@type":"ReadAction","target":["https:\/\/www.fox-foodprocessinginabox.eu\/fr\/faq\/"]}]},{"@type":"BreadcrumbList","@id":"https:\/\/www.fox-foodprocessinginabox.eu\/fr\/faq\/#breadcrumb","itemListElement":[{"@type":"ListItem","position":1,"name":"Home","item":"https:\/\/www.fox-foodprocessinginabox.eu\/fr\/"},{"@type":"ListItem","position":2,"name":"Foire aux questions (FAQ) sur le projet FOX"}]},{"@type":"WebSite","@id":"https:\/\/www.fox-foodprocessinginabox.eu\/cs\/#website","url":"https:\/\/www.fox-foodprocessinginabox.eu\/cs\/","name":"FOX","description":"Food processing in a Box","potentialAction":[{"@type":"SearchAction","target":{"@type":"EntryPoint","urlTemplate":"https:\/\/www.fox-foodprocessinginabox.eu\/cs\/?s={search_term_string}"},"query-input":{"@type":"PropertyValueSpecification","valueRequired":true,"valueName":"search_term_string"}}],"inLanguage":"fr-FR"}]}},"_links":{"self":[{"href":"https:\/\/www.fox-foodprocessinginabox.eu\/fr\/wp-json\/wp\/v2\/pages\/2058","targetHints":{"allow":["GET"]}}],"collection":[{"href":"https:\/\/www.fox-foodprocessinginabox.eu\/fr\/wp-json\/wp\/v2\/pages"}],"about":[{"href":"https:\/\/www.fox-foodprocessinginabox.eu\/fr\/wp-json\/wp\/v2\/types\/page"}],"author":[{"embeddable":true,"href":"https:\/\/www.fox-foodprocessinginabox.eu\/fr\/wp-json\/wp\/v2\/users\/1"}],"replies":[{"embeddable":true,"href":"https:\/\/www.fox-foodprocessinginabox.eu\/fr\/wp-json\/wp\/v2\/comments?post=2058"}],"version-history":[{"count":4,"href":"https:\/\/www.fox-foodprocessinginabox.eu\/fr\/wp-json\/wp\/v2\/pages\/2058\/revisions"}],"predecessor-version":[{"id":6918,"href":"https:\/\/www.fox-foodprocessinginabox.eu\/fr\/wp-json\/wp\/v2\/pages\/2058\/revisions\/6918"}],"wp:attachment":[{"href":"https:\/\/www.fox-foodprocessinginabox.eu\/fr\/wp-json\/wp\/v2\/media?parent=2058"}],"curies":[{"name":"wp","href":"https:\/\/api.w.org\/{rel}","templated":true}]}}