{"id":2941,"date":"2020-01-21T17:02:39","date_gmt":"2020-01-21T16:02:39","guid":{"rendered":"http:\/\/www.fox-foodprocessinginabox.eu\/?page_id=2941"},"modified":"2020-04-07T14:59:35","modified_gmt":"2020-04-07T12:59:35","slug":"prevoyance-et-modeles-commerciaux","status":"publish","type":"page","link":"https:\/\/www.fox-foodprocessinginabox.eu\/fr\/recherche\/prevoyance-et-modeles-commerciaux\/","title":{"rendered":"Pr\u00e9voyance et mod\u00e8les commerciaux"},"content":{"rendered":"<div class=\"fusion-fullwidth fullwidth-box fusion-builder-row-1 nonhundred-percent-fullwidth non-hundred-percent-height-scrolling\" style=\"background-color: rgba(255,255,255,0);background-position: center center;background-repeat: no-repeat;padding-top:0px;padding-right:0px;padding-bottom:0px;padding-left:0px;margin-bottom: 0px;margin-top: 0px;border-width: 0px 0px 0px 0px;border-color:#eae9e9;border-style:solid;\" ><div class=\"fusion-builder-row fusion-row\"><div class=\"fusion-layout-column fusion_builder_column fusion-builder-column-0 fusion_builder_column_1_1 1_1 fusion-one-full fusion-column-first fusion-column-last\" style=\"margin-top:0px;margin-bottom:20px;\"><div class=\"fusion-column-wrapper fusion-flex-column-wrapper-legacy\" style=\"background-position:left top;background-repeat:no-repeat;-webkit-background-size:cover;-moz-background-size:cover;-o-background-size:cover;background-size:cover;padding: 0px 0px 0px 0px;\"><div class=\"fusion-text fusion-text-1\"><p><strong>L\u2019objectif<\/strong><\/p>\n<p>Le d\u00e9veloppement de la pr\u00e9voyance et des mod\u00e8les commerciaux au sein du projet FOX vise \u00e0:<\/p>\n<ul>\n<li>Identifier et analyser les tendances qui influenceront le syst\u00e8me d\u2019innovation alimentaire dans le futur<\/li>\n<li>Elaborer des sc\u00e9narios pour les conditions-cadres du syst\u00e8me d\u2019innovation alimentaire<\/li>\n<li>Elaborer des sc\u00e9narios futurs sp\u00e9cifiques pour chaque cercle alimentaire<\/li>\n<li>Identifier les \u00e9l\u00e9ments du mod\u00e8le commercial pour les technologies de transformation alimentaire \u00e0 \u00e9chelle r\u00e9duite, contextualis\u00e9s en fonction des diff\u00e9rents types de technologie et du contexte socio-\u00e9conomique<\/li>\n<li>Valider les mod\u00e8les commerciaux dans le contexte de diverses hypoth\u00e8ses futures<\/li>\n<\/ul>\n<p><strong>Sc\u00e9narios futurs pour le secteur alimentaire et les cercles alimentaires<\/strong><\/p>\n<p>Les tendances identifi\u00e9es sont indicatrices de changements. Elles seront utilis\u00e9es pour l\u2019\u00e9laboration de sc\u00e9narios futurs pour les conditions-cadres, qui d\u00e9criront les diff\u00e9rents futurs possibles du secteur alimentaire d\u2019ici 2035. Ces sc\u00e9narios serviront \u00e0 adapter les autres modules de travail aux exigences futures dans le secteur alimentaire.<\/p>\n<p>Des sc\u00e9narios r\u00e9gionaux sp\u00e9cifiques seront \u00e9labor\u00e9s pour chacun des quatre cercles alimentaires de FOX dans le cadre d\u2019ateliers avec des experts internes et externes et les acteurs concern\u00e9s. Environ 20 experts par r\u00e9gion de cercle alimentaire, 5-10 experts internes et 10-15 experts venant des r\u00e9gions respectives se r\u00e9uniront. Les ateliers auront lieu autour d\u2019\u00e9v\u00e8nements alimentaires locaux et de conf\u00e9rences locales, dans le but de maximiser la participation d\u2019experts locaux.<\/p>\n<p><strong>Mod\u00e8les commerciaux<\/strong><\/p>\n<p>La valeur ajout\u00e9e cr\u00e9\u00e9e par les technologies de transformation alimentaire \u00e0 \u00e9chelle r\u00e9duite est profitable pour les agriculteurs. Afin de maximiser la long\u00e9vit\u00e9 du cercle alimentaire pour les agriculteurs, il est n\u00e9cessaire d\u2019appliquer ou de d\u00e9velopper des mod\u00e8les commerciaux appropri\u00e9s.<\/p>\n<p>Un mod\u00e8le commercial solide ne concerne pas seulement la cr\u00e9ation et la r\u00e9partition de la valeur ajout\u00e9e, mais \u00e9galement la gestion et la r\u00e9partition des risques relatifs \u00e0 divers droits de propri\u00e9t\u00e9.<\/p>\n<p><strong>Partenaires du projet<\/strong><\/p>\n<p><a href=\"https:\/\/www.fox-foodprocessinginabox.eu\/portfolio-items\/partner022\/?portfolioCats=10%2C7%2C8%2C13%2C9%2C6%2C12%2C11%2C14\">Fraunhofer ISI<\/a>\u00a0et\u00a0<a href=\"https:\/\/www.fox-foodprocessinginabox.eu\/portfolio-items\/partner023\/?portfolioCats=10%2C7%2C8%2C13%2C9%2C6%2C12%2C11%2C14\">KU Leuven<\/a><\/p>\n<p>Tous les autres partenaires du projet sont impliqu\u00e9s dans ce module de travail et participeront aux ateliers.<\/p>\n<\/div><div class=\"fusion-clearfix\"><\/div><\/div><\/div><\/div><\/div>\n","protected":false},"excerpt":{"rendered":"","protected":false},"author":2,"featured_media":0,"parent":2936,"menu_order":0,"comment_status":"closed","ping_status":"closed","template":"","meta":{"footnotes":""},"class_list":["post-2941","page","type-page","status-publish","hentry"],"yoast_head":"<!-- This site is optimized with the Yoast SEO plugin v26.4 - https:\/\/yoast.com\/wordpress\/plugins\/seo\/ -->\n<title>Pr\u00e9voyance et mod\u00e8les commerciaux - FOX<\/title>\n<meta name=\"robots\" content=\"index, follow, max-snippet:-1, max-image-preview:large, max-video-preview:-1\" \/>\n<link rel=\"canonical\" href=\"https:\/\/www.fox-foodprocessinginabox.eu\/fr\/recherche\/prevoyance-et-modeles-commerciaux\/\" \/>\n<meta property=\"og:locale\" content=\"fr_FR\" \/>\n<meta property=\"og:type\" content=\"article\" \/>\n<meta property=\"og:title\" content=\"Pr\u00e9voyance et mod\u00e8les commerciaux - FOX\" \/>\n<meta property=\"og:url\" content=\"https:\/\/www.fox-foodprocessinginabox.eu\/fr\/recherche\/prevoyance-et-modeles-commerciaux\/\" \/>\n<meta property=\"og:site_name\" content=\"FOX\" \/>\n<meta property=\"article:modified_time\" content=\"2020-04-07T12:59:35+00:00\" \/>\n<meta name=\"twitter:card\" content=\"summary_large_image\" \/>\n<meta name=\"twitter:label1\" content=\"Dur\u00e9e de lecture estim\u00e9e\" \/>\n\t<meta name=\"twitter:data1\" content=\"3 minutes\" \/>\n<script type=\"application\/ld+json\" class=\"yoast-schema-graph\">{\"@context\":\"https:\/\/schema.org\",\"@graph\":[{\"@type\":\"WebPage\",\"@id\":\"https:\/\/www.fox-foodprocessinginabox.eu\/fr\/recherche\/prevoyance-et-modeles-commerciaux\/\",\"url\":\"https:\/\/www.fox-foodprocessinginabox.eu\/fr\/recherche\/prevoyance-et-modeles-commerciaux\/\",\"name\":\"Pr\u00e9voyance et mod\u00e8les commerciaux - FOX\",\"isPartOf\":{\"@id\":\"https:\/\/www.fox-foodprocessinginabox.eu\/cs\/#website\"},\"datePublished\":\"2020-01-21T16:02:39+00:00\",\"dateModified\":\"2020-04-07T12:59:35+00:00\",\"breadcrumb\":{\"@id\":\"https:\/\/www.fox-foodprocessinginabox.eu\/fr\/recherche\/prevoyance-et-modeles-commerciaux\/#breadcrumb\"},\"inLanguage\":\"fr-FR\",\"potentialAction\":[{\"@type\":\"ReadAction\",\"target\":[\"https:\/\/www.fox-foodprocessinginabox.eu\/fr\/recherche\/prevoyance-et-modeles-commerciaux\/\"]}]},{\"@type\":\"BreadcrumbList\",\"@id\":\"https:\/\/www.fox-foodprocessinginabox.eu\/fr\/recherche\/prevoyance-et-modeles-commerciaux\/#breadcrumb\",\"itemListElement\":[{\"@type\":\"ListItem\",\"position\":1,\"name\":\"Home\",\"item\":\"https:\/\/www.fox-foodprocessinginabox.eu\/fr\/\"},{\"@type\":\"ListItem\",\"position\":2,\"name\":\"Recherche\",\"item\":\"https:\/\/www.fox-foodprocessinginabox.eu\/fr\/recherche\/\"},{\"@type\":\"ListItem\",\"position\":3,\"name\":\"Pr\u00e9voyance et mod\u00e8les commerciaux\"}]},{\"@type\":\"WebSite\",\"@id\":\"https:\/\/www.fox-foodprocessinginabox.eu\/cs\/#website\",\"url\":\"https:\/\/www.fox-foodprocessinginabox.eu\/cs\/\",\"name\":\"FOX\",\"description\":\"Food processing in a Box\",\"potentialAction\":[{\"@type\":\"SearchAction\",\"target\":{\"@type\":\"EntryPoint\",\"urlTemplate\":\"https:\/\/www.fox-foodprocessinginabox.eu\/cs\/?s={search_term_string}\"},\"query-input\":{\"@type\":\"PropertyValueSpecification\",\"valueRequired\":true,\"valueName\":\"search_term_string\"}}],\"inLanguage\":\"fr-FR\"}]}<\/script>\n<!-- \/ Yoast SEO plugin. -->","yoast_head_json":{"title":"Pr\u00e9voyance et mod\u00e8les commerciaux - FOX","robots":{"index":"index","follow":"follow","max-snippet":"max-snippet:-1","max-image-preview":"max-image-preview:large","max-video-preview":"max-video-preview:-1"},"canonical":"https:\/\/www.fox-foodprocessinginabox.eu\/fr\/recherche\/prevoyance-et-modeles-commerciaux\/","og_locale":"fr_FR","og_type":"article","og_title":"Pr\u00e9voyance et mod\u00e8les commerciaux - FOX","og_url":"https:\/\/www.fox-foodprocessinginabox.eu\/fr\/recherche\/prevoyance-et-modeles-commerciaux\/","og_site_name":"FOX","article_modified_time":"2020-04-07T12:59:35+00:00","twitter_card":"summary_large_image","twitter_misc":{"Dur\u00e9e de lecture estim\u00e9e":"3 minutes"},"schema":{"@context":"https:\/\/schema.org","@graph":[{"@type":"WebPage","@id":"https:\/\/www.fox-foodprocessinginabox.eu\/fr\/recherche\/prevoyance-et-modeles-commerciaux\/","url":"https:\/\/www.fox-foodprocessinginabox.eu\/fr\/recherche\/prevoyance-et-modeles-commerciaux\/","name":"Pr\u00e9voyance et mod\u00e8les commerciaux - FOX","isPartOf":{"@id":"https:\/\/www.fox-foodprocessinginabox.eu\/cs\/#website"},"datePublished":"2020-01-21T16:02:39+00:00","dateModified":"2020-04-07T12:59:35+00:00","breadcrumb":{"@id":"https:\/\/www.fox-foodprocessinginabox.eu\/fr\/recherche\/prevoyance-et-modeles-commerciaux\/#breadcrumb"},"inLanguage":"fr-FR","potentialAction":[{"@type":"ReadAction","target":["https:\/\/www.fox-foodprocessinginabox.eu\/fr\/recherche\/prevoyance-et-modeles-commerciaux\/"]}]},{"@type":"BreadcrumbList","@id":"https:\/\/www.fox-foodprocessinginabox.eu\/fr\/recherche\/prevoyance-et-modeles-commerciaux\/#breadcrumb","itemListElement":[{"@type":"ListItem","position":1,"name":"Home","item":"https:\/\/www.fox-foodprocessinginabox.eu\/fr\/"},{"@type":"ListItem","position":2,"name":"Recherche","item":"https:\/\/www.fox-foodprocessinginabox.eu\/fr\/recherche\/"},{"@type":"ListItem","position":3,"name":"Pr\u00e9voyance et mod\u00e8les commerciaux"}]},{"@type":"WebSite","@id":"https:\/\/www.fox-foodprocessinginabox.eu\/cs\/#website","url":"https:\/\/www.fox-foodprocessinginabox.eu\/cs\/","name":"FOX","description":"Food processing in a Box","potentialAction":[{"@type":"SearchAction","target":{"@type":"EntryPoint","urlTemplate":"https:\/\/www.fox-foodprocessinginabox.eu\/cs\/?s={search_term_string}"},"query-input":{"@type":"PropertyValueSpecification","valueRequired":true,"valueName":"search_term_string"}}],"inLanguage":"fr-FR"}]}},"_links":{"self":[{"href":"https:\/\/www.fox-foodprocessinginabox.eu\/fr\/wp-json\/wp\/v2\/pages\/2941","targetHints":{"allow":["GET"]}}],"collection":[{"href":"https:\/\/www.fox-foodprocessinginabox.eu\/fr\/wp-json\/wp\/v2\/pages"}],"about":[{"href":"https:\/\/www.fox-foodprocessinginabox.eu\/fr\/wp-json\/wp\/v2\/types\/page"}],"author":[{"embeddable":true,"href":"https:\/\/www.fox-foodprocessinginabox.eu\/fr\/wp-json\/wp\/v2\/users\/2"}],"replies":[{"embeddable":true,"href":"https:\/\/www.fox-foodprocessinginabox.eu\/fr\/wp-json\/wp\/v2\/comments?post=2941"}],"version-history":[{"count":2,"href":"https:\/\/www.fox-foodprocessinginabox.eu\/fr\/wp-json\/wp\/v2\/pages\/2941\/revisions"}],"predecessor-version":[{"id":2943,"href":"https:\/\/www.fox-foodprocessinginabox.eu\/fr\/wp-json\/wp\/v2\/pages\/2941\/revisions\/2943"}],"up":[{"embeddable":true,"href":"https:\/\/www.fox-foodprocessinginabox.eu\/fr\/wp-json\/wp\/v2\/pages\/2936"}],"wp:attachment":[{"href":"https:\/\/www.fox-foodprocessinginabox.eu\/fr\/wp-json\/wp\/v2\/media?parent=2941"}],"curies":[{"name":"wp","href":"https:\/\/api.w.org\/{rel}","templated":true}]}}