{"id":2944,"date":"2020-01-21T17:03:47","date_gmt":"2020-01-21T16:03:47","guid":{"rendered":"http:\/\/www.fox-foodprocessinginabox.eu\/?page_id=2944"},"modified":"2020-07-10T17:33:58","modified_gmt":"2020-07-10T15:33:58","slug":"engagement-du-consommateur","status":"publish","type":"page","link":"https:\/\/www.fox-foodprocessinginabox.eu\/fr\/recherche\/engagement-du-consommateur\/","title":{"rendered":"Engagement du consommateur"},"content":{"rendered":"<div class=\"fusion-fullwidth fullwidth-box fusion-builder-row-1 nonhundred-percent-fullwidth non-hundred-percent-height-scrolling\" style=\"background-color: rgba(255,255,255,0);background-position: center center;background-repeat: no-repeat;padding-top:0px;padding-right:0px;padding-bottom:0px;padding-left:0px;margin-bottom: 0px;margin-top: 0px;border-width: 0px 0px 0px 0px;border-color:#eae9e9;border-style:solid;\" ><div class=\"fusion-builder-row fusion-row\"><div class=\"fusion-layout-column fusion_builder_column fusion-builder-column-0 fusion_builder_column_1_1 1_1 fusion-one-full fusion-column-first fusion-column-last\" style=\"margin-top:0px;margin-bottom:20px;\"><div class=\"fusion-column-wrapper fusion-flex-column-wrapper-legacy\" style=\"background-position:left top;background-repeat:no-repeat;-webkit-background-size:cover;-moz-background-size:cover;-o-background-size:cover;background-size:cover;padding: 0px 0px 0px 0px;\"><div class=\"fusion-text fusion-text-1\"><p><strong>L\u2019objectif<\/strong><\/p>\n<p>La t\u00e2che de p\u00f4le \u00ab\u00a0engagement du consommateur\u00a0\u00bb vise \u00e0 assurer que le d\u00e9veloppement des cercles alimentaires s\u2019effectue d\u2019une mani\u00e8re ax\u00e9e sur le consommateur. Les consommateurs seront impliqu\u00e9s dans le d\u00e9veloppement des cercles alimentaires \u00e0 travers des voies de communication \u00e9tablies avec les fournisseurs locaux des cercles alimentaires.<\/p>\n<p>Afin d\u2019impliquer les consommateurs locaux dans les cercles alimentaires, il faut examiner deux facettes:<\/p>\n<ul>\n<li>Quelles sont les valeurs, attitudes et le comportement d&rsquo;achat alimentaire actuels des consommateurs?<\/li>\n<li>Quelle est la motivation et la capacit\u00e9 des consommateurs locaux \u00e0 participer au d\u00e9veloppement d&rsquo;un cercle alimentaire r\u00e9gional?<\/li>\n<\/ul>\n<p><strong>Comportement d\u2019achat alimentaire<\/strong><\/p>\n<p>Les valeurs et attitudes li\u00e9es au choix alimentaire des fruits et l\u00e9gumes sont:<\/p>\n<ul>\n<li>Le souci de durabilit\u00e9<\/li>\n<li>Le d\u00e9sir d&rsquo;authenticit\u00e9<\/li>\n<li>La confiance en la cha\u00eene alimentaire<\/li>\n<li>Les pr\u00e9occupations relatives \u00e0 la sant\u00e9<\/li>\n<li>Un mode de vie li\u00e9 \u00e0 l&rsquo;alimentation<\/li>\n<\/ul>\n<p>Un sondage en ligne tracera les valeurs et attitudes des consommateurs et \u00e9tudiera les changements de comportement d\u2019achat au fil du temps. Les r\u00e9sultats donneront un aper\u00e7u du potentiel de l\u2019engagement local des consommateurs dans les activit\u00e9s de production alimentaire \u00e0 l\u2019aide de technologies modernes localis\u00e9es, et seront diffus\u00e9s dans les r\u00e9gions partenaires.<\/p>\n<p><strong>FOXLINK<\/strong><\/p>\n<p>L\u2019application FOXLINK servira de plate-forme de communication entre les consommateurs, ainsi qu\u2019entre les consommateurs et les fournisseurs. L\u2019application comprendra des profils personnalis\u00e9s et fournira des informations sur les technologies de production, l\u2019impact sur la sant\u00e9, l\u2019environnement et la vie rurale li\u00e9s aux cercles alimentaires.<\/p>\n<p>L\u2019application sera disponible pour les smartphones et les tablettes et li\u00e9e \u00e0 d\u2019autres canaux de communication tels que Facebook et Twitter. La version finale de l\u2019application sera disponible dans toutes les langues des six r\u00e9gions des cercles alimentaires (tch\u00e8que, n\u00e9erlandais, fran\u00e7ais, allemand, polonais, espagnol).<\/p>\n<p><strong>Partenaires du projet<\/strong><\/p>\n<p>Les partenaires de projet impliqu\u00e9s dans l\u2019engagement du consommateur sont AU, AINIA, WULS-SGGW, EUFIC, CTCPA, KOB, FOODTECH, et AGRO CR.<\/p>\n<\/div><div class=\"fusion-clearfix\"><\/div><\/div><\/div><\/div><\/div>\n","protected":false},"excerpt":{"rendered":"","protected":false},"author":2,"featured_media":0,"parent":2936,"menu_order":0,"comment_status":"closed","ping_status":"closed","template":"","meta":{"footnotes":""},"class_list":["post-2944","page","type-page","status-publish","hentry"],"yoast_head":"<!-- This site is optimized with the Yoast SEO plugin v26.4 - https:\/\/yoast.com\/wordpress\/plugins\/seo\/ -->\n<title>Engagement du consommateur - FOX<\/title>\n<meta name=\"robots\" content=\"index, follow, max-snippet:-1, max-image-preview:large, max-video-preview:-1\" \/>\n<link rel=\"canonical\" href=\"https:\/\/www.fox-foodprocessinginabox.eu\/fr\/recherche\/engagement-du-consommateur\/\" \/>\n<meta property=\"og:locale\" content=\"fr_FR\" \/>\n<meta property=\"og:type\" content=\"article\" \/>\n<meta property=\"og:title\" content=\"Engagement du consommateur - FOX\" \/>\n<meta property=\"og:url\" content=\"https:\/\/www.fox-foodprocessinginabox.eu\/fr\/recherche\/engagement-du-consommateur\/\" \/>\n<meta property=\"og:site_name\" content=\"FOX\" \/>\n<meta property=\"article:modified_time\" content=\"2020-07-10T15:33:58+00:00\" \/>\n<meta name=\"twitter:card\" content=\"summary_large_image\" \/>\n<meta name=\"twitter:label1\" content=\"Dur\u00e9e de lecture estim\u00e9e\" \/>\n\t<meta name=\"twitter:data1\" content=\"3 minutes\" \/>\n<script type=\"application\/ld+json\" class=\"yoast-schema-graph\">{\"@context\":\"https:\/\/schema.org\",\"@graph\":[{\"@type\":\"WebPage\",\"@id\":\"https:\/\/www.fox-foodprocessinginabox.eu\/fr\/recherche\/engagement-du-consommateur\/\",\"url\":\"https:\/\/www.fox-foodprocessinginabox.eu\/fr\/recherche\/engagement-du-consommateur\/\",\"name\":\"Engagement du consommateur - FOX\",\"isPartOf\":{\"@id\":\"https:\/\/www.fox-foodprocessinginabox.eu\/cs\/#website\"},\"datePublished\":\"2020-01-21T16:03:47+00:00\",\"dateModified\":\"2020-07-10T15:33:58+00:00\",\"breadcrumb\":{\"@id\":\"https:\/\/www.fox-foodprocessinginabox.eu\/fr\/recherche\/engagement-du-consommateur\/#breadcrumb\"},\"inLanguage\":\"fr-FR\",\"potentialAction\":[{\"@type\":\"ReadAction\",\"target\":[\"https:\/\/www.fox-foodprocessinginabox.eu\/fr\/recherche\/engagement-du-consommateur\/\"]}]},{\"@type\":\"BreadcrumbList\",\"@id\":\"https:\/\/www.fox-foodprocessinginabox.eu\/fr\/recherche\/engagement-du-consommateur\/#breadcrumb\",\"itemListElement\":[{\"@type\":\"ListItem\",\"position\":1,\"name\":\"Home\",\"item\":\"https:\/\/www.fox-foodprocessinginabox.eu\/fr\/\"},{\"@type\":\"ListItem\",\"position\":2,\"name\":\"Recherche\",\"item\":\"https:\/\/www.fox-foodprocessinginabox.eu\/fr\/recherche\/\"},{\"@type\":\"ListItem\",\"position\":3,\"name\":\"Engagement du consommateur\"}]},{\"@type\":\"WebSite\",\"@id\":\"https:\/\/www.fox-foodprocessinginabox.eu\/cs\/#website\",\"url\":\"https:\/\/www.fox-foodprocessinginabox.eu\/cs\/\",\"name\":\"FOX\",\"description\":\"Food processing in a Box\",\"potentialAction\":[{\"@type\":\"SearchAction\",\"target\":{\"@type\":\"EntryPoint\",\"urlTemplate\":\"https:\/\/www.fox-foodprocessinginabox.eu\/cs\/?s={search_term_string}\"},\"query-input\":{\"@type\":\"PropertyValueSpecification\",\"valueRequired\":true,\"valueName\":\"search_term_string\"}}],\"inLanguage\":\"fr-FR\"}]}<\/script>\n<!-- \/ Yoast SEO plugin. -->","yoast_head_json":{"title":"Engagement du consommateur - FOX","robots":{"index":"index","follow":"follow","max-snippet":"max-snippet:-1","max-image-preview":"max-image-preview:large","max-video-preview":"max-video-preview:-1"},"canonical":"https:\/\/www.fox-foodprocessinginabox.eu\/fr\/recherche\/engagement-du-consommateur\/","og_locale":"fr_FR","og_type":"article","og_title":"Engagement du consommateur - FOX","og_url":"https:\/\/www.fox-foodprocessinginabox.eu\/fr\/recherche\/engagement-du-consommateur\/","og_site_name":"FOX","article_modified_time":"2020-07-10T15:33:58+00:00","twitter_card":"summary_large_image","twitter_misc":{"Dur\u00e9e de lecture estim\u00e9e":"3 minutes"},"schema":{"@context":"https:\/\/schema.org","@graph":[{"@type":"WebPage","@id":"https:\/\/www.fox-foodprocessinginabox.eu\/fr\/recherche\/engagement-du-consommateur\/","url":"https:\/\/www.fox-foodprocessinginabox.eu\/fr\/recherche\/engagement-du-consommateur\/","name":"Engagement du consommateur - FOX","isPartOf":{"@id":"https:\/\/www.fox-foodprocessinginabox.eu\/cs\/#website"},"datePublished":"2020-01-21T16:03:47+00:00","dateModified":"2020-07-10T15:33:58+00:00","breadcrumb":{"@id":"https:\/\/www.fox-foodprocessinginabox.eu\/fr\/recherche\/engagement-du-consommateur\/#breadcrumb"},"inLanguage":"fr-FR","potentialAction":[{"@type":"ReadAction","target":["https:\/\/www.fox-foodprocessinginabox.eu\/fr\/recherche\/engagement-du-consommateur\/"]}]},{"@type":"BreadcrumbList","@id":"https:\/\/www.fox-foodprocessinginabox.eu\/fr\/recherche\/engagement-du-consommateur\/#breadcrumb","itemListElement":[{"@type":"ListItem","position":1,"name":"Home","item":"https:\/\/www.fox-foodprocessinginabox.eu\/fr\/"},{"@type":"ListItem","position":2,"name":"Recherche","item":"https:\/\/www.fox-foodprocessinginabox.eu\/fr\/recherche\/"},{"@type":"ListItem","position":3,"name":"Engagement du consommateur"}]},{"@type":"WebSite","@id":"https:\/\/www.fox-foodprocessinginabox.eu\/cs\/#website","url":"https:\/\/www.fox-foodprocessinginabox.eu\/cs\/","name":"FOX","description":"Food processing in a Box","potentialAction":[{"@type":"SearchAction","target":{"@type":"EntryPoint","urlTemplate":"https:\/\/www.fox-foodprocessinginabox.eu\/cs\/?s={search_term_string}"},"query-input":{"@type":"PropertyValueSpecification","valueRequired":true,"valueName":"search_term_string"}}],"inLanguage":"fr-FR"}]}},"_links":{"self":[{"href":"https:\/\/www.fox-foodprocessinginabox.eu\/fr\/wp-json\/wp\/v2\/pages\/2944","targetHints":{"allow":["GET"]}}],"collection":[{"href":"https:\/\/www.fox-foodprocessinginabox.eu\/fr\/wp-json\/wp\/v2\/pages"}],"about":[{"href":"https:\/\/www.fox-foodprocessinginabox.eu\/fr\/wp-json\/wp\/v2\/types\/page"}],"author":[{"embeddable":true,"href":"https:\/\/www.fox-foodprocessinginabox.eu\/fr\/wp-json\/wp\/v2\/users\/2"}],"replies":[{"embeddable":true,"href":"https:\/\/www.fox-foodprocessinginabox.eu\/fr\/wp-json\/wp\/v2\/comments?post=2944"}],"version-history":[{"count":3,"href":"https:\/\/www.fox-foodprocessinginabox.eu\/fr\/wp-json\/wp\/v2\/pages\/2944\/revisions"}],"predecessor-version":[{"id":4998,"href":"https:\/\/www.fox-foodprocessinginabox.eu\/fr\/wp-json\/wp\/v2\/pages\/2944\/revisions\/4998"}],"up":[{"embeddable":true,"href":"https:\/\/www.fox-foodprocessinginabox.eu\/fr\/wp-json\/wp\/v2\/pages\/2936"}],"wp:attachment":[{"href":"https:\/\/www.fox-foodprocessinginabox.eu\/fr\/wp-json\/wp\/v2\/media?parent=2944"}],"curies":[{"name":"wp","href":"https:\/\/api.w.org\/{rel}","templated":true}]}}