{"id":2947,"date":"2020-01-21T17:06:39","date_gmt":"2020-01-21T16:06:39","guid":{"rendered":"http:\/\/www.fox-foodprocessinginabox.eu\/?page_id=2947"},"modified":"2020-04-07T14:59:23","modified_gmt":"2020-04-07T12:59:23","slug":"durabilite-et-impact-sur-la-sante","status":"publish","type":"page","link":"https:\/\/www.fox-foodprocessinginabox.eu\/fr\/recherche\/durabilite-et-impact-sur-la-sante\/","title":{"rendered":"Durabilit\u00e9 et impact sur la sant\u00e9"},"content":{"rendered":"<div class=\"fusion-fullwidth fullwidth-box fusion-builder-row-1 nonhundred-percent-fullwidth non-hundred-percent-height-scrolling\" style=\"background-color: rgba(255,255,255,0);background-position: center center;background-repeat: no-repeat;padding-top:0px;padding-right:0px;padding-bottom:0px;padding-left:0px;margin-bottom: 0px;margin-top: 0px;border-width: 0px 0px 0px 0px;border-color:#eae9e9;border-style:solid;\" ><div class=\"fusion-builder-row fusion-row\"><div class=\"fusion-layout-column fusion_builder_column fusion-builder-column-0 fusion_builder_column_1_1 1_1 fusion-one-full fusion-column-first fusion-column-last\" style=\"margin-top:0px;margin-bottom:20px;\"><div class=\"fusion-column-wrapper fusion-flex-column-wrapper-legacy\" style=\"background-position:left top;background-repeat:no-repeat;-webkit-background-size:cover;-moz-background-size:cover;-o-background-size:cover;background-size:cover;padding: 0px 0px 0px 0px;\"><div class=\"fusion-text fusion-text-1\"><p><strong>L\u2019objectif<\/strong><\/p>\n<p>Cette t\u00e2che vise \u00e0 \u00e9valuer trois impacts diff\u00e9rents des approches des quatre r\u00e9gions mod\u00e8les de FOX.<\/p>\n<ul>\n<li>Impact environnemental<\/li>\n<\/ul>\n<p>Une analyse du cycle de vie (ACV) sera effectu\u00e9e et adapt\u00e9e tout au long du projet. L\u2019impact sera \u00e9valu\u00e9 conform\u00e9ment au syst\u00e8me international de r\u00e9f\u00e9rence pour les donn\u00e9es relatives au cycle de vie, une m\u00e9thode d\u00e9crite dans le Guide de l\u2019empreinte environnementale des produits (Guide PEF), qui sert de m\u00e9thode europ\u00e9enne harmonis\u00e9e d\u2019\u00e9valuation de l\u2019impact environnemental.<\/p>\n<ul>\n<li>Impact socio-\u00e9conomique<\/li>\n<\/ul>\n<p>Les donn\u00e9es sur les possibilit\u00e9s d\u2019emploi locales et les co\u00fbts du cycle de vie seront g\u00e9n\u00e9r\u00e9es et compar\u00e9es aux technologies plus traditionnelles de transformation \u00e0 grande \u00e9chelle.<\/p>\n<ul>\n<li>Impact sur la sant\u00e9<\/li>\n<\/ul>\n<p>La valeur nutritionnelle des aliments transform\u00e9s de FOX sera d\u00e9termin\u00e9e par l\u2019\u00e9valuation du Nutri-score et la comparaison de la composition du produit \u00e0 celle des aliments similaires produits par le biais d\u2019autres technologies.<\/p>\n<p><strong>Partenaires du projet<\/strong><\/p>\n<p>Les partenaires de projet impliqu\u00e9s dans l\u2019\u00e9tude de la durabilit\u00e9 et de l\u2019impact sur la sant\u00e9 de l\u2019approche FOX sont KU LEUVEN, DIL, WR, AU, WULS-SGGW, et NUTRIS.<\/p>\n<\/div><div class=\"fusion-clearfix\"><\/div><\/div><\/div><\/div><\/div>\n","protected":false},"excerpt":{"rendered":"","protected":false},"author":2,"featured_media":0,"parent":2936,"menu_order":0,"comment_status":"closed","ping_status":"closed","template":"","meta":{"footnotes":""},"class_list":["post-2947","page","type-page","status-publish","hentry"],"yoast_head":"<!-- This site is optimized with the Yoast SEO plugin v26.4 - https:\/\/yoast.com\/wordpress\/plugins\/seo\/ -->\n<title>Durabilit\u00e9 et impact sur la sant\u00e9 - FOX<\/title>\n<meta name=\"robots\" content=\"index, follow, max-snippet:-1, max-image-preview:large, max-video-preview:-1\" \/>\n<link rel=\"canonical\" href=\"https:\/\/www.fox-foodprocessinginabox.eu\/fr\/recherche\/durabilite-et-impact-sur-la-sante\/\" \/>\n<meta property=\"og:locale\" content=\"fr_FR\" \/>\n<meta property=\"og:type\" content=\"article\" \/>\n<meta property=\"og:title\" content=\"Durabilit\u00e9 et impact sur la sant\u00e9 - FOX\" \/>\n<meta property=\"og:url\" content=\"https:\/\/www.fox-foodprocessinginabox.eu\/fr\/recherche\/durabilite-et-impact-sur-la-sante\/\" \/>\n<meta property=\"og:site_name\" content=\"FOX\" \/>\n<meta property=\"article:modified_time\" content=\"2020-04-07T12:59:23+00:00\" \/>\n<meta name=\"twitter:card\" content=\"summary_large_image\" \/>\n<meta name=\"twitter:label1\" content=\"Dur\u00e9e de lecture estim\u00e9e\" \/>\n\t<meta name=\"twitter:data1\" content=\"2 minutes\" \/>\n<script type=\"application\/ld+json\" class=\"yoast-schema-graph\">{\"@context\":\"https:\/\/schema.org\",\"@graph\":[{\"@type\":\"WebPage\",\"@id\":\"https:\/\/www.fox-foodprocessinginabox.eu\/fr\/recherche\/durabilite-et-impact-sur-la-sante\/\",\"url\":\"https:\/\/www.fox-foodprocessinginabox.eu\/fr\/recherche\/durabilite-et-impact-sur-la-sante\/\",\"name\":\"Durabilit\u00e9 et impact sur la sant\u00e9 - FOX\",\"isPartOf\":{\"@id\":\"https:\/\/www.fox-foodprocessinginabox.eu\/cs\/#website\"},\"datePublished\":\"2020-01-21T16:06:39+00:00\",\"dateModified\":\"2020-04-07T12:59:23+00:00\",\"breadcrumb\":{\"@id\":\"https:\/\/www.fox-foodprocessinginabox.eu\/fr\/recherche\/durabilite-et-impact-sur-la-sante\/#breadcrumb\"},\"inLanguage\":\"fr-FR\",\"potentialAction\":[{\"@type\":\"ReadAction\",\"target\":[\"https:\/\/www.fox-foodprocessinginabox.eu\/fr\/recherche\/durabilite-et-impact-sur-la-sante\/\"]}]},{\"@type\":\"BreadcrumbList\",\"@id\":\"https:\/\/www.fox-foodprocessinginabox.eu\/fr\/recherche\/durabilite-et-impact-sur-la-sante\/#breadcrumb\",\"itemListElement\":[{\"@type\":\"ListItem\",\"position\":1,\"name\":\"Home\",\"item\":\"https:\/\/www.fox-foodprocessinginabox.eu\/fr\/\"},{\"@type\":\"ListItem\",\"position\":2,\"name\":\"Recherche\",\"item\":\"https:\/\/www.fox-foodprocessinginabox.eu\/fr\/recherche\/\"},{\"@type\":\"ListItem\",\"position\":3,\"name\":\"Durabilit\u00e9 et impact sur la sant\u00e9\"}]},{\"@type\":\"WebSite\",\"@id\":\"https:\/\/www.fox-foodprocessinginabox.eu\/cs\/#website\",\"url\":\"https:\/\/www.fox-foodprocessinginabox.eu\/cs\/\",\"name\":\"FOX\",\"description\":\"Food processing in a Box\",\"potentialAction\":[{\"@type\":\"SearchAction\",\"target\":{\"@type\":\"EntryPoint\",\"urlTemplate\":\"https:\/\/www.fox-foodprocessinginabox.eu\/cs\/?s={search_term_string}\"},\"query-input\":{\"@type\":\"PropertyValueSpecification\",\"valueRequired\":true,\"valueName\":\"search_term_string\"}}],\"inLanguage\":\"fr-FR\"}]}<\/script>\n<!-- \/ Yoast SEO plugin. -->","yoast_head_json":{"title":"Durabilit\u00e9 et impact sur la sant\u00e9 - FOX","robots":{"index":"index","follow":"follow","max-snippet":"max-snippet:-1","max-image-preview":"max-image-preview:large","max-video-preview":"max-video-preview:-1"},"canonical":"https:\/\/www.fox-foodprocessinginabox.eu\/fr\/recherche\/durabilite-et-impact-sur-la-sante\/","og_locale":"fr_FR","og_type":"article","og_title":"Durabilit\u00e9 et impact sur la sant\u00e9 - FOX","og_url":"https:\/\/www.fox-foodprocessinginabox.eu\/fr\/recherche\/durabilite-et-impact-sur-la-sante\/","og_site_name":"FOX","article_modified_time":"2020-04-07T12:59:23+00:00","twitter_card":"summary_large_image","twitter_misc":{"Dur\u00e9e de lecture estim\u00e9e":"2 minutes"},"schema":{"@context":"https:\/\/schema.org","@graph":[{"@type":"WebPage","@id":"https:\/\/www.fox-foodprocessinginabox.eu\/fr\/recherche\/durabilite-et-impact-sur-la-sante\/","url":"https:\/\/www.fox-foodprocessinginabox.eu\/fr\/recherche\/durabilite-et-impact-sur-la-sante\/","name":"Durabilit\u00e9 et impact sur la sant\u00e9 - FOX","isPartOf":{"@id":"https:\/\/www.fox-foodprocessinginabox.eu\/cs\/#website"},"datePublished":"2020-01-21T16:06:39+00:00","dateModified":"2020-04-07T12:59:23+00:00","breadcrumb":{"@id":"https:\/\/www.fox-foodprocessinginabox.eu\/fr\/recherche\/durabilite-et-impact-sur-la-sante\/#breadcrumb"},"inLanguage":"fr-FR","potentialAction":[{"@type":"ReadAction","target":["https:\/\/www.fox-foodprocessinginabox.eu\/fr\/recherche\/durabilite-et-impact-sur-la-sante\/"]}]},{"@type":"BreadcrumbList","@id":"https:\/\/www.fox-foodprocessinginabox.eu\/fr\/recherche\/durabilite-et-impact-sur-la-sante\/#breadcrumb","itemListElement":[{"@type":"ListItem","position":1,"name":"Home","item":"https:\/\/www.fox-foodprocessinginabox.eu\/fr\/"},{"@type":"ListItem","position":2,"name":"Recherche","item":"https:\/\/www.fox-foodprocessinginabox.eu\/fr\/recherche\/"},{"@type":"ListItem","position":3,"name":"Durabilit\u00e9 et impact sur la sant\u00e9"}]},{"@type":"WebSite","@id":"https:\/\/www.fox-foodprocessinginabox.eu\/cs\/#website","url":"https:\/\/www.fox-foodprocessinginabox.eu\/cs\/","name":"FOX","description":"Food processing in a Box","potentialAction":[{"@type":"SearchAction","target":{"@type":"EntryPoint","urlTemplate":"https:\/\/www.fox-foodprocessinginabox.eu\/cs\/?s={search_term_string}"},"query-input":{"@type":"PropertyValueSpecification","valueRequired":true,"valueName":"search_term_string"}}],"inLanguage":"fr-FR"}]}},"_links":{"self":[{"href":"https:\/\/www.fox-foodprocessinginabox.eu\/fr\/wp-json\/wp\/v2\/pages\/2947","targetHints":{"allow":["GET"]}}],"collection":[{"href":"https:\/\/www.fox-foodprocessinginabox.eu\/fr\/wp-json\/wp\/v2\/pages"}],"about":[{"href":"https:\/\/www.fox-foodprocessinginabox.eu\/fr\/wp-json\/wp\/v2\/types\/page"}],"author":[{"embeddable":true,"href":"https:\/\/www.fox-foodprocessinginabox.eu\/fr\/wp-json\/wp\/v2\/users\/2"}],"replies":[{"embeddable":true,"href":"https:\/\/www.fox-foodprocessinginabox.eu\/fr\/wp-json\/wp\/v2\/comments?post=2947"}],"version-history":[{"count":1,"href":"https:\/\/www.fox-foodprocessinginabox.eu\/fr\/wp-json\/wp\/v2\/pages\/2947\/revisions"}],"predecessor-version":[{"id":2951,"href":"https:\/\/www.fox-foodprocessinginabox.eu\/fr\/wp-json\/wp\/v2\/pages\/2947\/revisions\/2951"}],"up":[{"embeddable":true,"href":"https:\/\/www.fox-foodprocessinginabox.eu\/fr\/wp-json\/wp\/v2\/pages\/2936"}],"wp:attachment":[{"href":"https:\/\/www.fox-foodprocessinginabox.eu\/fr\/wp-json\/wp\/v2\/media?parent=2947"}],"curies":[{"name":"wp","href":"https:\/\/api.w.org\/{rel}","templated":true}]}}