{"id":2948,"date":"2020-01-21T17:06:31","date_gmt":"2020-01-21T16:06:31","guid":{"rendered":"http:\/\/www.fox-foodprocessinginabox.eu\/?page_id=2948"},"modified":"2022-04-26T15:40:09","modified_gmt":"2022-04-26T13:40:09","slug":"ressources","status":"publish","type":"page","link":"https:\/\/www.fox-foodprocessinginabox.eu\/fr\/recherche\/ressources\/","title":{"rendered":"Ressources"},"content":{"rendered":"<div class=\"fusion-fullwidth fullwidth-box fusion-builder-row-1 nonhundred-percent-fullwidth non-hundred-percent-height-scrolling\" style=\"background-color: rgba(255,255,255,0);background-position: center center;background-repeat: no-repeat;padding-top:0px;padding-right:0px;padding-bottom:0px;padding-left:0px;margin-bottom: 0px;margin-top: 0px;border-width: 0px 0px 0px 0px;border-color:#eae9e9;border-style:solid;\" ><div class=\"fusion-builder-row fusion-row\"><div class=\"fusion-layout-column fusion_builder_column fusion-builder-column-0 fusion_builder_column_1_1 1_1 fusion-one-full fusion-column-first fusion-column-last\" style=\"margin-top:0px;margin-bottom:20px;\"><div class=\"fusion-column-wrapper fusion-flex-column-wrapper-legacy\" style=\"background-position:left top;background-repeat:no-repeat;-webkit-background-size:cover;-moz-background-size:cover;-o-background-size:cover;background-size:cover;padding: 0px 0px 0px 0px;\"><style type=\"text\/css\">#accordion-2948-1 .fusion-panel:hover{ border-color: #e0dede } #accordion-2948-1 .fusion-panel { border-color:#e0dede; }.fusion-accordian  #accordion-2948-1 .panel-title a .fa-fusion-box{ color: #ffffff;}.fusion-accordian  #accordion-2948-1 .panel-title a .fa-fusion-box:before{ font-size: 13px; width: 13px;}.fusion-accordian  #accordion-2948-1 .panel-title a{font-size:26px;line-height:1.5;color:#333333;font-family:\"Antic Slab\";font-weight:400;}.fusion-accordian  #accordion-2948-1 .toggle-content{font-size:15px;color:#000000;font-family:\"PT Sans\";font-weight:400;}.fusion-accordian  #accordion-2948-1 .fa-fusion-box { background-color: #333333;border-color: #333333;}.fusion-accordian  #accordion-2948-1 .panel-title a:not(.active):hover, #accordion-2948-1 .fusion-toggle-boxed-mode:hover .panel-title a { color: #a0ce4e;}.fusion-accordian  #accordion-2948-1 .panel-title .active .fa-fusion-box,.fusion-accordian  #accordion-2948-1 .panel-title a:not(.active):hover .fa-fusion-box { background-color: #a0ce4e!important;border-color: #a0ce4e!important;}<\/style><div class=\"accordian fusion-accordian\"><div class=\"panel-group\" id=\"accordion-2948-1\"><style type=\"text\/css\">.fusion-accordian  #accordion-2948-1 .panel-91665416204d59456 .panel-title a{}.fusion-accordian  #accordion-2948-1 .panel-91665416204d59456 .toggle-content{}<\/style><div class=\"fusion-panel panel-default panel-91665416204d59456\"><div class=\"panel-heading\"><h4 class=\"panel-title toggle\" id=\"toggle_91665416204d59456\"><a aria-expanded=\"false\" aria-controls=\"91665416204d59456\" role=\"button\" data-toggle=\"collapse\" data-parent=\"#accordion-2948-1\" data-target=\"#91665416204d59456\" href=\"#91665416204d59456\"><span class=\"fusion-toggle-icon-wrapper\" aria-hidden=\"true\"><i class=\"fa-fusion-box active-icon awb-icon-minus\" aria-hidden=\"true\"><\/i><i class=\"fa-fusion-box inactive-icon awb-icon-plus\" aria-hidden=\"true\"><\/i><\/span><span class=\"fusion-toggle-heading\">BROCHURE<\/span><\/a><\/h4><\/div><div id=\"91665416204d59456\" class=\"panel-collapse collapse \" araia-labelledby=\"toggle_91665416204d59456\"><div class=\"panel-body toggle-content fusion-clearfix\">\n<p><img decoding=\"async\" class=\"lazyload alignnone wp-image-5667\" src=\"data:image\/svg+xml,%3Csvg%20xmlns%3D%27http%3A%2F%2Fwww.w3.org%2F2000%2Fsvg%27%20width%3D%27451%27%20height%3D%27331%27%20viewBox%3D%270%200%20451%20331%27%3E%3Crect%20width%3D%27451%27%20height%3D%27331%27%20fill-opacity%3D%220%22%2F%3E%3C%2Fsvg%3E\" data-orig-src=\"http:\/\/www.fox-foodprocessinginabox.eu\/wp-content\/uploads\/2020\/10\/FOX_Flyer_Box_1.png\" alt=\"\" width=\"451\" height=\"331\" \/><\/p>\n<p><a href=\"https:\/\/www.fox-foodprocessinginabox.eu\/wp-content\/uploads\/2022\/03\/FOX_Leaflet_01032022.pdf\" target=\"_blank\" rel=\"noopener noreferrer\">T\u00e9l\u00e9chargez la brochure FOX ici<\/a><\/p>\n<\/div><\/div><\/div><style type=\"text\/css\">.fusion-accordian  #accordion-2948-1 .panel-1473a6929ea8269f4 .panel-title a{}.fusion-accordian  #accordion-2948-1 .panel-1473a6929ea8269f4 .toggle-content{}<\/style><div class=\"fusion-panel panel-default panel-1473a6929ea8269f4\"><div class=\"panel-heading\"><h4 class=\"panel-title toggle\" id=\"toggle_1473a6929ea8269f4\"><a aria-expanded=\"false\" aria-controls=\"1473a6929ea8269f4\" role=\"button\" data-toggle=\"collapse\" data-parent=\"#accordion-2948-1\" data-target=\"#1473a6929ea8269f4\" href=\"#1473a6929ea8269f4\"><span class=\"fusion-toggle-icon-wrapper\" aria-hidden=\"true\"><i class=\"fa-fusion-box active-icon awb-icon-minus\" aria-hidden=\"true\"><\/i><i class=\"fa-fusion-box inactive-icon awb-icon-plus\" aria-hidden=\"true\"><\/i><\/span><span class=\"fusion-toggle-heading\">D\u00c9PLIANT<\/span><\/a><\/h4><\/div><div id=\"1473a6929ea8269f4\" class=\"panel-collapse collapse \" araia-labelledby=\"toggle_1473a6929ea8269f4\"><div class=\"panel-body toggle-content fusion-clearfix\">\n<ul>\n<li>\n<p class=\"title-heading-left fusion-responsive-typography-calculated\" data-fontsize=\"34\" data-lineheight=\"47.6px\"><a href=\"https:\/\/www.fox-foodprocessinginabox.eu\/wp-content\/uploads\/2019\/11\/50-trends-influencing-Europes-food-sector.pdf\" target=\"_blank\" rel=\"noopener noreferrer\">50 trends influencing Europe\u2019s food sector by 2035 &#8211; by Fraunhofer<\/a><\/p>\n<\/li>\n<li><a href=\"https:\/\/www.isi.fraunhofer.de\/content\/dam\/isi\/dokumente\/ccv\/2020\/Fox_Scenario_Brochure.pdf\" target=\"_blank\" rel=\"noopener noreferrer\">FOX Scenario Brochure 2020 &#8211; by Fraunhofer<\/a><\/li>\n<\/ul>\n<\/div><\/div><\/div><style type=\"text\/css\">.fusion-accordian  #accordion-2948-1 .panel-39853b2b45fa2ecef .panel-title a{}.fusion-accordian  #accordion-2948-1 .panel-39853b2b45fa2ecef .toggle-content{}<\/style><div class=\"fusion-panel panel-default panel-39853b2b45fa2ecef\"><div class=\"panel-heading\"><h4 class=\"panel-title toggle\" id=\"toggle_39853b2b45fa2ecef\"><a aria-expanded=\"false\" aria-controls=\"39853b2b45fa2ecef\" role=\"button\" data-toggle=\"collapse\" data-parent=\"#accordion-2948-1\" data-target=\"#39853b2b45fa2ecef\" href=\"#39853b2b45fa2ecef\"><span class=\"fusion-toggle-icon-wrapper\" aria-hidden=\"true\"><i class=\"fa-fusion-box active-icon awb-icon-minus\" aria-hidden=\"true\"><\/i><i class=\"fa-fusion-box inactive-icon awb-icon-plus\" aria-hidden=\"true\"><\/i><\/span><span class=\"fusion-toggle-heading\"> INFOGRAPHIQUE<\/span><\/a><\/h4><\/div><div id=\"39853b2b45fa2ecef\" class=\"panel-collapse collapse \" araia-labelledby=\"toggle_39853b2b45fa2ecef\"><div class=\"panel-body toggle-content fusion-clearfix\">\n<p><img decoding=\"async\" class=\"lazyload alignnone wp-image-7062 size-full\" src=\"data:image\/svg+xml,%3Csvg%20xmlns%3D%27http%3A%2F%2Fwww.w3.org%2F2000%2Fsvg%27%20width%3D%275000%27%20height%3D%272813%27%20viewBox%3D%270%200%205000%202813%27%3E%3Crect%20width%3D%275000%27%20height%3D%272813%27%20fill-opacity%3D%220%22%2F%3E%3C%2Fsvg%3E\" data-orig-src=\"http:\/\/www.fox-foodprocessinginabox.eu\/wp-content\/uploads\/2021\/04\/1-final-FR-300dpi.jpg\" alt=\"\" width=\"5000\" height=\"2813\" \/><\/p>\n<h2 style=\"text-align: center;\"><span style=\"text-decoration: underline;\"><a href=\"http:\/\/www.fox-foodprocessinginabox.eu\/wp-content\/uploads\/2021\/04\/1-final-FR-300dpi.pdf\" target=\"_blank\" rel=\"noopener noreferrer\">T\u00e9l\u00e9chargez l&rsquo;infographie sur le Cercle alimentaire 1<\/a><\/span><\/h2>\n<h2 style=\"text-align: center;\"><img decoding=\"async\" class=\"lazyload alignnone size-full wp-image-8111\" style=\"font-size: 16px;\" src=\"data:image\/svg+xml,%3Csvg%20xmlns%3D%27http%3A%2F%2Fwww.w3.org%2F2000%2Fsvg%27%20width%3D%275000%27%20height%3D%272708%27%20viewBox%3D%270%200%205000%202708%27%3E%3Crect%20width%3D%275000%27%20height%3D%272708%27%20fill-opacity%3D%220%22%2F%3E%3C%2Fsvg%3E\" data-orig-src=\"http:\/\/www.fox-foodprocessinginabox.eu\/wp-content\/uploads\/2021\/06\/FC2-final-FR-300dpi.jpg\" alt=\"\" width=\"5000\" height=\"2708\" \/><\/h2>\n<h2 style=\"text-align: center;\"><span style=\"text-decoration: underline;\"><a href=\"http:\/\/www.fox-foodprocessinginabox.eu\/wp-content\/uploads\/2021\/06\/FC2-final-FR-300dpi.pdf\" target=\"_blank\" rel=\"noopener noreferrer\">T\u00e9l\u00e9chargez l&rsquo;infographie sur le Cercle alimentaire 2<\/a><\/span><\/h2>\n<p><a href=\"http:\/\/www.fox-foodprocessinginabox.eu\/wp-content\/uploads\/2021\/10\/FC3-FR.jpg\"><img decoding=\"async\" class=\"lazyload alignnone size-full wp-image-9104\" src=\"data:image\/svg+xml,%3Csvg%20xmlns%3D%27http%3A%2F%2Fwww.w3.org%2F2000%2Fsvg%27%20width%3D%275000%27%20height%3D%272708%27%20viewBox%3D%270%200%205000%202708%27%3E%3Crect%20width%3D%275000%27%20height%3D%272708%27%20fill-opacity%3D%220%22%2F%3E%3C%2Fsvg%3E\" data-orig-src=\"http:\/\/www.fox-foodprocessinginabox.eu\/wp-content\/uploads\/2021\/10\/FC3-FR.jpg\" alt=\"\" width=\"5000\" height=\"2708\" \/><\/a><\/p>\n<h2 style=\"text-align: center;\"><span style=\"text-decoration: underline;\"><a href=\"http:\/\/www.fox-foodprocessinginabox.eu\/wp-content\/uploads\/2021\/10\/FC3-FR.pdf\" target=\"_blank\" rel=\"noopener noreferrer\">T\u00e9l\u00e9chargez l&rsquo;infographie sur le Cercle alimentaire 3<\/a><\/span><\/h2>\n<p><img decoding=\"async\" class=\"lazyload alignnone size-full wp-image-8860\" src=\"data:image\/svg+xml,%3Csvg%20xmlns%3D%27http%3A%2F%2Fwww.w3.org%2F2000%2Fsvg%27%20width%3D%275000%27%20height%3D%272708%27%20viewBox%3D%270%200%205000%202708%27%3E%3Crect%20width%3D%275000%27%20height%3D%272708%27%20fill-opacity%3D%220%22%2F%3E%3C%2Fsvg%3E\" data-orig-src=\"http:\/\/www.fox-foodprocessinginabox.eu\/wp-content\/uploads\/2021\/09\/FC4-FR.jpg\" alt=\"\" width=\"5000\" height=\"2708\" \/><\/p>\n<h2 style=\"text-align: center;\"><span style=\"text-decoration: underline;\"><a href=\"http:\/\/www.fox-foodprocessinginabox.eu\/wp-content\/uploads\/2021\/09\/FC4-FR.pdf\" target=\"_blank\" rel=\"noopener noreferrer\">T\u00e9l\u00e9chargez l&rsquo;infographie sur le Cercle alimentaire 4<\/a><\/span><\/h2>\n<p><img decoding=\"async\" class=\"lazyload alignnone size-full wp-image-5016\" src=\"data:image\/svg+xml,%3Csvg%20xmlns%3D%27http%3A%2F%2Fwww.w3.org%2F2000%2Fsvg%27%20width%3D%271200%27%20height%3D%27601%27%20viewBox%3D%270%200%201200%20601%27%3E%3Crect%20width%3D%271200%27%20height%3D%27601%27%20fill-opacity%3D%220%22%2F%3E%3C%2Fsvg%3E\" data-orig-src=\"http:\/\/www.fox-foodprocessinginabox.eu\/wp-content\/uploads\/2020\/07\/FOX_PEF_EUFIC.png\" alt=\"\" width=\"1200\" height=\"601\" \/><\/p>\n<\/div><\/div><\/div><style type=\"text\/css\">.fusion-accordian  #accordion-2948-1 .panel-940a7883f1c86a793 .panel-title a{}.fusion-accordian  #accordion-2948-1 .panel-940a7883f1c86a793 .toggle-content{}<\/style><div class=\"fusion-panel panel-default panel-940a7883f1c86a793\"><div class=\"panel-heading\"><h4 class=\"panel-title toggle\" id=\"toggle_940a7883f1c86a793\"><a aria-expanded=\"false\" aria-controls=\"940a7883f1c86a793\" role=\"button\" data-toggle=\"collapse\" data-parent=\"#accordion-2948-1\" data-target=\"#940a7883f1c86a793\" href=\"#940a7883f1c86a793\"><span class=\"fusion-toggle-icon-wrapper\" aria-hidden=\"true\"><i class=\"fa-fusion-box active-icon awb-icon-minus\" aria-hidden=\"true\"><\/i><i class=\"fa-fusion-box inactive-icon awb-icon-plus\" aria-hidden=\"true\"><\/i><\/span><span class=\"fusion-toggle-heading\">FOXLINK<\/span><\/a><\/h4><\/div><div id=\"940a7883f1c86a793\" class=\"panel-collapse collapse \" araia-labelledby=\"toggle_940a7883f1c86a793\"><div class=\"panel-body toggle-content fusion-clearfix\">\n<p>L\u2019application FOXLINK servira de plate-forme de communication entre les consommateurs, ainsi qu\u2019entre les consommateurs et les fournisseurs. L\u2019application comprendra des profils personnalis\u00e9s et fournira des informations sur les technologies de production, l\u2019impact sur la sant\u00e9, l\u2019environnement et la vie rurale li\u00e9s aux cercles alimentaires.<\/p>\n<p>L\u2019application sera disponible pour les smartphones et les tablettes et li\u00e9e \u00e0 d\u2019autres canaux de communication tels que Facebook et Twitter. La version finale de l\u2019application sera disponible dans toutes les langues des six r\u00e9gions des cercles alimentaires (tch\u00e8que, n\u00e9erlandais, fran\u00e7ais, allemand, polonais, espagnol).<\/p>\n<p><span style=\"text-decoration: underline;\"><a href=\"https:\/\/foxlink.app\/\">T\u00e9l\u00e9chargez l&rsquo;application maintenant.<\/a><\/span><\/p>\n<\/div><\/div><\/div><style type=\"text\/css\">.fusion-accordian  #accordion-2948-1 .panel-deee1a5cc1f5ab993 .panel-title a{}.fusion-accordian  #accordion-2948-1 .panel-deee1a5cc1f5ab993 .toggle-content{}<\/style><div class=\"fusion-panel panel-default panel-deee1a5cc1f5ab993\"><div class=\"panel-heading\"><h4 class=\"panel-title toggle\" id=\"toggle_deee1a5cc1f5ab993\"><a aria-expanded=\"false\" aria-controls=\"deee1a5cc1f5ab993\" role=\"button\" data-toggle=\"collapse\" data-parent=\"#accordion-2948-1\" data-target=\"#deee1a5cc1f5ab993\" href=\"#deee1a5cc1f5ab993\"><span class=\"fusion-toggle-icon-wrapper\" aria-hidden=\"true\"><i class=\"fa-fusion-box active-icon awb-icon-minus\" aria-hidden=\"true\"><\/i><i class=\"fa-fusion-box inactive-icon awb-icon-plus\" aria-hidden=\"true\"><\/i><\/span><span class=\"fusion-toggle-heading\">BO\u00ceTE \u00c0 OUTILS FOXCOMM<\/span><\/a><\/h4><\/div><div id=\"deee1a5cc1f5ab993\" class=\"panel-collapse collapse \" araia-labelledby=\"toggle_deee1a5cc1f5ab993\"><div class=\"panel-body toggle-content fusion-clearfix\">\n<p>La bo\u00eete \u00e0 outils FOXCOMM offrira \u00e0 chaque r\u00e9gion partenaire de FOX la possibilit\u00e9 d&rsquo;une diffusion maximale des r\u00e9sultats du projet.<br \/>\nPlus d&rsquo;informations prochainement.<\/p>\n<\/div><\/div><\/div><style type=\"text\/css\">.fusion-accordian  #accordion-2948-1 .panel-79143587df66a05f6 .panel-title a{}.fusion-accordian  #accordion-2948-1 .panel-79143587df66a05f6 .toggle-content{}<\/style><div class=\"fusion-panel panel-default panel-79143587df66a05f6\"><div class=\"panel-heading\"><h4 class=\"panel-title toggle\" id=\"toggle_79143587df66a05f6\"><a aria-expanded=\"false\" aria-controls=\"79143587df66a05f6\" role=\"button\" data-toggle=\"collapse\" data-parent=\"#accordion-2948-1\" data-target=\"#79143587df66a05f6\" href=\"#79143587df66a05f6\"><span class=\"fusion-toggle-icon-wrapper\" aria-hidden=\"true\"><i class=\"fa-fusion-box active-icon awb-icon-minus\" aria-hidden=\"true\"><\/i><i class=\"fa-fusion-box inactive-icon awb-icon-plus\" aria-hidden=\"true\"><\/i><\/span><span class=\"fusion-toggle-heading\">VIDEOS<\/span><\/a><\/h4><\/div><div id=\"79143587df66a05f6\" class=\"panel-collapse collapse \" araia-labelledby=\"toggle_79143587df66a05f6\"><div class=\"panel-body toggle-content fusion-clearfix\">\n<p class=\"title style-scope ytd-video-primary-info-renderer\">Dried fruit and vegetable snacks &#8211; Low-temperature drying methods at SGGW<\/p>\n<p><iframe title=\"YouTube video player\" src=\"https:\/\/www.youtube.com\/embed\/dHb1OgEN1QQ\" width=\"560\" height=\"315\" frameborder=\"0\" allowfullscreen=\"allowfullscreen\"><\/iframe><\/p>\n<p class=\"entry-title fusion-responsive-typography-calculated\" data-fontsize=\"18\" data-lineheight=\"normal\">Food Circle 3 virtual container unit<\/p>\n<p><iframe title=\"YouTube video player\" src=\"https:\/\/www.youtube.com\/embed\/DmgCApXSpHk\" width=\"560\" height=\"315\" frameborder=\"0\" allowfullscreen=\"allowfullscreen\"><\/iframe><\/p>\n<p class=\"title style-scope ytd-video-primary-info-renderer\">Behind the scenes of FOX partner KOB<\/p>\n<p><iframe title=\"YouTube video player\" src=\"https:\/\/www.youtube.com\/embed\/xj6pYt0rCgs\" width=\"560\" height=\"315\" frameborder=\"0\" allowfullscreen=\"allowfullscreen\"><\/iframe><\/p>\n<p class=\"title style-scope ytd-video-primary-info-renderer\">Future scenarios and LCA in the food and agricultural sector &#8211; FOX at the LCA event<\/p>\n<p class=\"title style-scope ytd-video-primary-info-renderer\"><iframe title=\"YouTube video player\" src=\"https:\/\/www.youtube.com\/embed\/dmx3wVUeGP8\" width=\"560\" height=\"315\" frameborder=\"0\" allowfullscreen=\"allowfullscreen\"><\/iframe><\/p>\n<\/div><\/div><\/div><\/div><\/div><div class=\"fusion-clearfix\"><\/div><\/div><\/div><\/div><\/div>\n","protected":false},"excerpt":{"rendered":"","protected":false},"author":2,"featured_media":0,"parent":2936,"menu_order":0,"comment_status":"closed","ping_status":"closed","template":"","meta":{"footnotes":""},"class_list":["post-2948","page","type-page","status-publish","hentry"],"yoast_head":"<!-- This site is optimized with the Yoast SEO plugin v26.4 - https:\/\/yoast.com\/wordpress\/plugins\/seo\/ -->\n<title>Ressources - FOX<\/title>\n<meta name=\"robots\" content=\"index, follow, max-snippet:-1, max-image-preview:large, max-video-preview:-1\" \/>\n<link rel=\"canonical\" href=\"https:\/\/www.fox-foodprocessinginabox.eu\/fr\/recherche\/ressources\/\" \/>\n<meta property=\"og:locale\" content=\"fr_FR\" \/>\n<meta property=\"og:type\" content=\"article\" \/>\n<meta property=\"og:title\" content=\"Ressources - FOX\" \/>\n<meta property=\"og:url\" content=\"https:\/\/www.fox-foodprocessinginabox.eu\/fr\/recherche\/ressources\/\" \/>\n<meta property=\"og:site_name\" content=\"FOX\" \/>\n<meta property=\"article:modified_time\" content=\"2022-04-26T13:40:09+00:00\" \/>\n<meta property=\"og:image\" content=\"http:\/\/www.fox-foodprocessinginabox.eu\/wp-content\/uploads\/2020\/10\/FOX_Flyer_Box_1.png\" \/>\n<meta name=\"twitter:card\" content=\"summary_large_image\" \/>\n<meta name=\"twitter:label1\" content=\"Dur\u00e9e de lecture estim\u00e9e\" \/>\n\t<meta name=\"twitter:data1\" content=\"3 minutes\" \/>\n<script type=\"application\/ld+json\" class=\"yoast-schema-graph\">{\"@context\":\"https:\/\/schema.org\",\"@graph\":[{\"@type\":\"WebPage\",\"@id\":\"https:\/\/www.fox-foodprocessinginabox.eu\/fr\/recherche\/ressources\/\",\"url\":\"https:\/\/www.fox-foodprocessinginabox.eu\/fr\/recherche\/ressources\/\",\"name\":\"Ressources - FOX\",\"isPartOf\":{\"@id\":\"https:\/\/www.fox-foodprocessinginabox.eu\/cs\/#website\"},\"primaryImageOfPage\":{\"@id\":\"https:\/\/www.fox-foodprocessinginabox.eu\/fr\/recherche\/ressources\/#primaryimage\"},\"image\":{\"@id\":\"https:\/\/www.fox-foodprocessinginabox.eu\/fr\/recherche\/ressources\/#primaryimage\"},\"thumbnailUrl\":\"http:\/\/www.fox-foodprocessinginabox.eu\/wp-content\/uploads\/2020\/10\/FOX_Flyer_Box_1.png\",\"datePublished\":\"2020-01-21T16:06:31+00:00\",\"dateModified\":\"2022-04-26T13:40:09+00:00\",\"breadcrumb\":{\"@id\":\"https:\/\/www.fox-foodprocessinginabox.eu\/fr\/recherche\/ressources\/#breadcrumb\"},\"inLanguage\":\"fr-FR\",\"potentialAction\":[{\"@type\":\"ReadAction\",\"target\":[\"https:\/\/www.fox-foodprocessinginabox.eu\/fr\/recherche\/ressources\/\"]}]},{\"@type\":\"ImageObject\",\"inLanguage\":\"fr-FR\",\"@id\":\"https:\/\/www.fox-foodprocessinginabox.eu\/fr\/recherche\/ressources\/#primaryimage\",\"url\":\"http:\/\/www.fox-foodprocessinginabox.eu\/wp-content\/uploads\/2020\/10\/FOX_Flyer_Box_1.png\",\"contentUrl\":\"http:\/\/www.fox-foodprocessinginabox.eu\/wp-content\/uploads\/2020\/10\/FOX_Flyer_Box_1.png\"},{\"@type\":\"BreadcrumbList\",\"@id\":\"https:\/\/www.fox-foodprocessinginabox.eu\/fr\/recherche\/ressources\/#breadcrumb\",\"itemListElement\":[{\"@type\":\"ListItem\",\"position\":1,\"name\":\"Home\",\"item\":\"https:\/\/www.fox-foodprocessinginabox.eu\/fr\/\"},{\"@type\":\"ListItem\",\"position\":2,\"name\":\"Recherche\",\"item\":\"https:\/\/www.fox-foodprocessinginabox.eu\/fr\/recherche\/\"},{\"@type\":\"ListItem\",\"position\":3,\"name\":\"Ressources\"}]},{\"@type\":\"WebSite\",\"@id\":\"https:\/\/www.fox-foodprocessinginabox.eu\/cs\/#website\",\"url\":\"https:\/\/www.fox-foodprocessinginabox.eu\/cs\/\",\"name\":\"FOX\",\"description\":\"Food processing in a Box\",\"potentialAction\":[{\"@type\":\"SearchAction\",\"target\":{\"@type\":\"EntryPoint\",\"urlTemplate\":\"https:\/\/www.fox-foodprocessinginabox.eu\/cs\/?s={search_term_string}\"},\"query-input\":{\"@type\":\"PropertyValueSpecification\",\"valueRequired\":true,\"valueName\":\"search_term_string\"}}],\"inLanguage\":\"fr-FR\"}]}<\/script>\n<!-- \/ Yoast SEO plugin. -->","yoast_head_json":{"title":"Ressources - FOX","robots":{"index":"index","follow":"follow","max-snippet":"max-snippet:-1","max-image-preview":"max-image-preview:large","max-video-preview":"max-video-preview:-1"},"canonical":"https:\/\/www.fox-foodprocessinginabox.eu\/fr\/recherche\/ressources\/","og_locale":"fr_FR","og_type":"article","og_title":"Ressources - FOX","og_url":"https:\/\/www.fox-foodprocessinginabox.eu\/fr\/recherche\/ressources\/","og_site_name":"FOX","article_modified_time":"2022-04-26T13:40:09+00:00","og_image":[{"url":"http:\/\/www.fox-foodprocessinginabox.eu\/wp-content\/uploads\/2020\/10\/FOX_Flyer_Box_1.png","type":"","width":"","height":""}],"twitter_card":"summary_large_image","twitter_misc":{"Dur\u00e9e de lecture estim\u00e9e":"3 minutes"},"schema":{"@context":"https:\/\/schema.org","@graph":[{"@type":"WebPage","@id":"https:\/\/www.fox-foodprocessinginabox.eu\/fr\/recherche\/ressources\/","url":"https:\/\/www.fox-foodprocessinginabox.eu\/fr\/recherche\/ressources\/","name":"Ressources - FOX","isPartOf":{"@id":"https:\/\/www.fox-foodprocessinginabox.eu\/cs\/#website"},"primaryImageOfPage":{"@id":"https:\/\/www.fox-foodprocessinginabox.eu\/fr\/recherche\/ressources\/#primaryimage"},"image":{"@id":"https:\/\/www.fox-foodprocessinginabox.eu\/fr\/recherche\/ressources\/#primaryimage"},"thumbnailUrl":"http:\/\/www.fox-foodprocessinginabox.eu\/wp-content\/uploads\/2020\/10\/FOX_Flyer_Box_1.png","datePublished":"2020-01-21T16:06:31+00:00","dateModified":"2022-04-26T13:40:09+00:00","breadcrumb":{"@id":"https:\/\/www.fox-foodprocessinginabox.eu\/fr\/recherche\/ressources\/#breadcrumb"},"inLanguage":"fr-FR","potentialAction":[{"@type":"ReadAction","target":["https:\/\/www.fox-foodprocessinginabox.eu\/fr\/recherche\/ressources\/"]}]},{"@type":"ImageObject","inLanguage":"fr-FR","@id":"https:\/\/www.fox-foodprocessinginabox.eu\/fr\/recherche\/ressources\/#primaryimage","url":"http:\/\/www.fox-foodprocessinginabox.eu\/wp-content\/uploads\/2020\/10\/FOX_Flyer_Box_1.png","contentUrl":"http:\/\/www.fox-foodprocessinginabox.eu\/wp-content\/uploads\/2020\/10\/FOX_Flyer_Box_1.png"},{"@type":"BreadcrumbList","@id":"https:\/\/www.fox-foodprocessinginabox.eu\/fr\/recherche\/ressources\/#breadcrumb","itemListElement":[{"@type":"ListItem","position":1,"name":"Home","item":"https:\/\/www.fox-foodprocessinginabox.eu\/fr\/"},{"@type":"ListItem","position":2,"name":"Recherche","item":"https:\/\/www.fox-foodprocessinginabox.eu\/fr\/recherche\/"},{"@type":"ListItem","position":3,"name":"Ressources"}]},{"@type":"WebSite","@id":"https:\/\/www.fox-foodprocessinginabox.eu\/cs\/#website","url":"https:\/\/www.fox-foodprocessinginabox.eu\/cs\/","name":"FOX","description":"Food processing in a Box","potentialAction":[{"@type":"SearchAction","target":{"@type":"EntryPoint","urlTemplate":"https:\/\/www.fox-foodprocessinginabox.eu\/cs\/?s={search_term_string}"},"query-input":{"@type":"PropertyValueSpecification","valueRequired":true,"valueName":"search_term_string"}}],"inLanguage":"fr-FR"}]}},"_links":{"self":[{"href":"https:\/\/www.fox-foodprocessinginabox.eu\/fr\/wp-json\/wp\/v2\/pages\/2948","targetHints":{"allow":["GET"]}}],"collection":[{"href":"https:\/\/www.fox-foodprocessinginabox.eu\/fr\/wp-json\/wp\/v2\/pages"}],"about":[{"href":"https:\/\/www.fox-foodprocessinginabox.eu\/fr\/wp-json\/wp\/v2\/types\/page"}],"author":[{"embeddable":true,"href":"https:\/\/www.fox-foodprocessinginabox.eu\/fr\/wp-json\/wp\/v2\/users\/2"}],"replies":[{"embeddable":true,"href":"https:\/\/www.fox-foodprocessinginabox.eu\/fr\/wp-json\/wp\/v2\/comments?post=2948"}],"version-history":[{"count":17,"href":"https:\/\/www.fox-foodprocessinginabox.eu\/fr\/wp-json\/wp\/v2\/pages\/2948\/revisions"}],"predecessor-version":[{"id":11586,"href":"https:\/\/www.fox-foodprocessinginabox.eu\/fr\/wp-json\/wp\/v2\/pages\/2948\/revisions\/11586"}],"up":[{"embeddable":true,"href":"https:\/\/www.fox-foodprocessinginabox.eu\/fr\/wp-json\/wp\/v2\/pages\/2936"}],"wp:attachment":[{"href":"https:\/\/www.fox-foodprocessinginabox.eu\/fr\/wp-json\/wp\/v2\/media?parent=2948"}],"curies":[{"name":"wp","href":"https:\/\/api.w.org\/{rel}","templated":true}]}}