{"id":2956,"date":"2020-01-21T17:17:18","date_gmt":"2020-01-21T16:17:18","guid":{"rendered":"http:\/\/www.fox-foodprocessinginabox.eu\/?page_id=2956"},"modified":"2020-01-21T17:17:18","modified_gmt":"2020-01-21T16:17:18","slug":"declaration-de-confidentialite","status":"publish","type":"page","link":"https:\/\/www.fox-foodprocessinginabox.eu\/fr\/declaration-de-confidentialite\/","title":{"rendered":"D\u00e9claration de confidentialit\u00e9"},"content":{"rendered":"<div class=\"fusion-fullwidth fullwidth-box fusion-builder-row-1 nonhundred-percent-fullwidth non-hundred-percent-height-scrolling\" style=\"background-color: rgba(255,255,255,0);background-position: center center;background-repeat: no-repeat;padding-top:0px;padding-right:0px;padding-bottom:0px;padding-left:0px;margin-bottom: 0px;margin-top: 0px;border-width: 0px 0px 0px 0px;border-color:#eae9e9;border-style:solid;\" ><div class=\"fusion-builder-row fusion-row\"><div class=\"fusion-layout-column fusion_builder_column fusion-builder-column-0 fusion_builder_column_1_1 1_1 fusion-one-full fusion-column-first fusion-column-last\" style=\"margin-top:0px;margin-bottom:20px;\"><div class=\"fusion-column-wrapper fusion-flex-column-wrapper-legacy\" style=\"background-position:left top;background-repeat:no-repeat;-webkit-background-size:cover;-moz-background-size:cover;-o-background-size:cover;background-size:cover;padding: 0px 0px 0px 0px;\"><div class=\"fusion-text fusion-text-1\"><h1><strong>D\u00e9claration de confidentialit\u00e9<\/strong><\/h1>\n<h2><em><strong>\u00a0FOX \u2013 la transformation des aliments en caisse<\/strong><\/em><\/h2>\n<ol>\n<li><strong>Quelles (cat\u00e9gories de) donn\u00e9es personnelles sont collect\u00e9es?<\/strong><\/li>\n<\/ol>\n<p>Les cat\u00e9gories de donn\u00e9es, y compris les donn\u00e9es personnelles, qui peuvent \u00eatre trait\u00e9es sont les suivantes:<\/p>\n<ul>\n<li>Nom et pr\u00e9nom de l\u2019individu,<\/li>\n<li>Nom de l\u2019organisation,<\/li>\n<li>Nom d\u2019utilisateur et mot de passe,<\/li>\n<li>Adresse \u00e9lectronique,<\/li>\n<li>Sexe,<\/li>\n<li>Tweets, avis, commentaires, photos, vid\u00e9os<\/li>\n<li>Adresse IP, d\u00e9tails sur le navigateur, informations sur l\u2019appareil<\/li>\n<\/ul>\n<ol>\n<li><strong>A quelles fins les donn\u00e9es personnelles sont-elles utilis\u00e9es?<\/strong><\/li>\n<\/ol>\n<p>La collecte, et par la suite le traitement des donn\u00e9es personnelles sont n\u00e9cessaires aux fins suivantes:<\/p>\n<ul>\n<li>Mise \u00e0 jour du contenu du site internet de FOX et\/ou des plateformes de r\u00e9seaux sociaux de FOX<\/li>\n<li>Afin d\u2019envoyer notre bulletin d\u2019information g\u00e9n\u00e9ral<\/li>\n<li>Afin d\u2019envoyer des renseignements pr\u00e9cis au sujet de l\u2019adh\u00e9sion \u00e0 IG-SSFP<\/li>\n<li>Afin de permettre les \u00e9changes sur le site internet (par exemple commentaires, fonction de partage)<\/li>\n<li>Afin de communiquer facilement avec vous<\/li>\n<\/ul>\n<ol>\n<li><strong>Quelle est la base juridique pour le traitement des donn\u00e9es?<\/strong><\/li>\n<\/ol>\n<p>Les personnes concern\u00e9es sont invit\u00e9es \u00e0 fournir leurs donn\u00e9es personnelles par le biais d\u2019un formulaire en ligne.<\/p>\n<p>La base juridique pour cette op\u00e9ration de traitement de donn\u00e9es est le consentement.<\/p>\n<p>Vous pouvez retirer votre consentement \u00e0 tout moment en nous \u00e9crivant \u00e0:\u00a0<a href=\"mailto:info@fox-foodprocessinginabox.eu\">info@fox-foodprocessinginabox.eu<\/a><\/p>\n<ol>\n<li><strong>Qui est responsable du traitement des donn\u00e9es?<\/strong><\/li>\n<\/ol>\n<p>Le responsable d\u00e9sign\u00e9 de cette op\u00e9ration de traitement est le coordinateur de projet de FOX \u2018DIL Deutsches Institut f\u00fcr Lebensmitteltechnik e.V.\u2019.<\/p>\n<ol>\n<li><strong>Qui sont les destinataires des donn\u00e9es personnelles?<\/strong><\/li>\n<\/ol>\n<p>Les donn\u00e9es personnelles seront uniquement trait\u00e9es par le partenaire \u201cEUFIC\u201d du projet, qui agira comme traiteur de donn\u00e9es.<\/p>\n<ol>\n<li><strong>Echanges sur les r\u00e9seaux sociaux<\/strong><\/li>\n<\/ol>\n<p>Le site internet de FOX int\u00e8gre les \u00e9changes sur les r\u00e9seaux sociaux, ce qui permet le partage du contenu de FOX sur les plateformes des r\u00e9seaux sociaux et d\u2019autres actions connexes. A l\u2019aide de ces interactions, vos donn\u00e9es personnelles peuvent \u00eatre port\u00e9es \u00e0 la connaissance d\u2019un large public y compris, dans certains cas, les individus qui ne sont pas connect\u00e9s au r\u00e9seau social particulier s\u00e9lectionn\u00e9.<\/p>\n<p>Les dispositions applicables en mati\u00e8re de protection des donn\u00e9es des r\u00e9seaux sociaux int\u00e9gr\u00e9s au site internet de FOX sont accessibles en cliquant sur les liens suivants:<\/p>\n<ul>\n<li><a href=\"https:\/\/www.facebook.com\/about\/privacy\/;\">Facebook<\/a><\/li>\n<li><a href=\"https:\/\/help.instagram.com\/519522125107875\">Instagram<\/a><\/li>\n<li><a href=\"https:\/\/twitter.com\/privacy?lang=en;\">Twitter<\/a><\/li>\n<li><a href=\"https:\/\/www.linkedin.com\/legal\/privacy-policy;\">LinkedIn<\/a><\/li>\n<li><a href=\"https:\/\/www.reddit.com\/\">Reddit<\/a><\/li>\n<li><a href=\"https:\/\/policies.google.com\/privacy?hl=en\">Google +<\/a><\/li>\n<li><a href=\"https:\/\/www.tumblr.com\/privacy\">Tumblr<\/a><\/li>\n<li><a href=\"https:\/\/policy.pinterest.com\/en\/privacy-policy\">Pinterest<\/a><\/li>\n<li><a href=\"https:\/\/vk.com\/privacy\">VK<\/a><\/li>\n<li><a href=\"https:\/\/www.whatsapp.com\/legal\/\">WhatsApp<\/a><\/li>\n<\/ul>\n<ol>\n<li><strong>Les donn\u00e9es personnelles seront-elles transf\u00e9r\u00e9es vers des pays en dehors de la zone \u00e9conomique europ\u00e9enne sans un niveau suffisant de protection des donn\u00e9es?<\/strong><\/li>\n<\/ol>\n<p>La collecte et une partie du traitement des donn\u00e9es personnelles seront effectu\u00e9es par le biais de \u201cMailChimp\u201d, une plateforme offerte par le Rocket Science Group LLC, une entreprise bas\u00e9e aux Etats-Unis. Des garanties de protection ad\u00e9quates ont \u00e9t\u00e9 adopt\u00e9es conform\u00e9ment \u00e0 la loi (CSSC, Bouclier de protection des donn\u00e9es).<\/p>\n<ol>\n<li><strong>Pendant combien de temps les donn\u00e9es personnelles seront-elles conserv\u00e9es?<\/strong><\/li>\n<\/ol>\n<p>Toutes les donn\u00e9es seront effac\u00e9es apr\u00e8s la cl\u00f4ture du projet FOX (novembre 2023)<\/p>\n<ol>\n<li><strong>Comment les donn\u00e9es personnelles seront-elles prot\u00e9g\u00e9es?<\/strong><\/li>\n<\/ol>\n<p>Les donn\u00e9es sont stock\u00e9es sur un serveur prot\u00e9g\u00e9 par un mot de passe. Seules les personnes autoris\u00e9es ont acc\u00e8s aux donn\u00e9es.<\/p>\n<ol>\n<li><strong>Qui puis-je contacter pour formuler une question ou une plainte?<\/strong><\/li>\n<\/ol>\n<h2><strong>Coordinateur du projet: DIL Deutsches Institut f\u00fcr Lebensmitteltechnik e.V.<\/strong><\/h2>\n<p><strong>Dr. Kerstin Lienemann:<\/strong>\u00a0<a href=\"mailto:K.Lienemann@dil-ev.de\">K.Lienemann@dil-ev.de<\/a><\/p>\n<h2><strong>Partenaire du projet: EUFIC<\/strong><\/h2>\n<p><strong>Raymond Gemen:<\/strong>\u00a0<a href=\"mailto:raymond.gemen@eufic.org\">raymond.gemen@eufic.org<\/a><\/p>\n<h1><\/h1>\n<\/div><div class=\"fusion-clearfix\"><\/div><\/div><\/div><\/div><\/div>\n","protected":false},"excerpt":{"rendered":"","protected":false},"author":2,"featured_media":0,"parent":0,"menu_order":0,"comment_status":"closed","ping_status":"closed","template":"","meta":{"footnotes":""},"class_list":["post-2956","page","type-page","status-publish","hentry"],"yoast_head":"<!-- This site is optimized with the Yoast SEO plugin v26.4 - https:\/\/yoast.com\/wordpress\/plugins\/seo\/ -->\n<title>D\u00e9claration de confidentialit\u00e9 - FOX<\/title>\n<meta name=\"robots\" content=\"index, follow, max-snippet:-1, max-image-preview:large, max-video-preview:-1\" \/>\n<link rel=\"canonical\" href=\"https:\/\/www.fox-foodprocessinginabox.eu\/fr\/declaration-de-confidentialite\/\" \/>\n<meta property=\"og:locale\" content=\"fr_FR\" \/>\n<meta property=\"og:type\" content=\"article\" \/>\n<meta property=\"og:title\" content=\"D\u00e9claration de confidentialit\u00e9 - FOX\" \/>\n<meta property=\"og:url\" content=\"https:\/\/www.fox-foodprocessinginabox.eu\/fr\/declaration-de-confidentialite\/\" \/>\n<meta property=\"og:site_name\" content=\"FOX\" \/>\n<meta name=\"twitter:card\" content=\"summary_large_image\" \/>\n<meta name=\"twitter:label1\" content=\"Dur\u00e9e de lecture estim\u00e9e\" \/>\n\t<meta name=\"twitter:data1\" content=\"4 minutes\" \/>\n<script type=\"application\/ld+json\" class=\"yoast-schema-graph\">{\"@context\":\"https:\/\/schema.org\",\"@graph\":[{\"@type\":\"WebPage\",\"@id\":\"https:\/\/www.fox-foodprocessinginabox.eu\/fr\/declaration-de-confidentialite\/\",\"url\":\"https:\/\/www.fox-foodprocessinginabox.eu\/fr\/declaration-de-confidentialite\/\",\"name\":\"D\u00e9claration de confidentialit\u00e9 - FOX\",\"isPartOf\":{\"@id\":\"https:\/\/www.fox-foodprocessinginabox.eu\/cs\/#website\"},\"datePublished\":\"2020-01-21T16:17:18+00:00\",\"breadcrumb\":{\"@id\":\"https:\/\/www.fox-foodprocessinginabox.eu\/fr\/declaration-de-confidentialite\/#breadcrumb\"},\"inLanguage\":\"fr-FR\",\"potentialAction\":[{\"@type\":\"ReadAction\",\"target\":[\"https:\/\/www.fox-foodprocessinginabox.eu\/fr\/declaration-de-confidentialite\/\"]}]},{\"@type\":\"BreadcrumbList\",\"@id\":\"https:\/\/www.fox-foodprocessinginabox.eu\/fr\/declaration-de-confidentialite\/#breadcrumb\",\"itemListElement\":[{\"@type\":\"ListItem\",\"position\":1,\"name\":\"Home\",\"item\":\"https:\/\/www.fox-foodprocessinginabox.eu\/fr\/\"},{\"@type\":\"ListItem\",\"position\":2,\"name\":\"D\u00e9claration de confidentialit\u00e9\"}]},{\"@type\":\"WebSite\",\"@id\":\"https:\/\/www.fox-foodprocessinginabox.eu\/cs\/#website\",\"url\":\"https:\/\/www.fox-foodprocessinginabox.eu\/cs\/\",\"name\":\"FOX\",\"description\":\"Food processing in a Box\",\"potentialAction\":[{\"@type\":\"SearchAction\",\"target\":{\"@type\":\"EntryPoint\",\"urlTemplate\":\"https:\/\/www.fox-foodprocessinginabox.eu\/cs\/?s={search_term_string}\"},\"query-input\":{\"@type\":\"PropertyValueSpecification\",\"valueRequired\":true,\"valueName\":\"search_term_string\"}}],\"inLanguage\":\"fr-FR\"}]}<\/script>\n<!-- \/ Yoast SEO plugin. -->","yoast_head_json":{"title":"D\u00e9claration de confidentialit\u00e9 - FOX","robots":{"index":"index","follow":"follow","max-snippet":"max-snippet:-1","max-image-preview":"max-image-preview:large","max-video-preview":"max-video-preview:-1"},"canonical":"https:\/\/www.fox-foodprocessinginabox.eu\/fr\/declaration-de-confidentialite\/","og_locale":"fr_FR","og_type":"article","og_title":"D\u00e9claration de confidentialit\u00e9 - FOX","og_url":"https:\/\/www.fox-foodprocessinginabox.eu\/fr\/declaration-de-confidentialite\/","og_site_name":"FOX","twitter_card":"summary_large_image","twitter_misc":{"Dur\u00e9e de lecture estim\u00e9e":"4 minutes"},"schema":{"@context":"https:\/\/schema.org","@graph":[{"@type":"WebPage","@id":"https:\/\/www.fox-foodprocessinginabox.eu\/fr\/declaration-de-confidentialite\/","url":"https:\/\/www.fox-foodprocessinginabox.eu\/fr\/declaration-de-confidentialite\/","name":"D\u00e9claration de confidentialit\u00e9 - FOX","isPartOf":{"@id":"https:\/\/www.fox-foodprocessinginabox.eu\/cs\/#website"},"datePublished":"2020-01-21T16:17:18+00:00","breadcrumb":{"@id":"https:\/\/www.fox-foodprocessinginabox.eu\/fr\/declaration-de-confidentialite\/#breadcrumb"},"inLanguage":"fr-FR","potentialAction":[{"@type":"ReadAction","target":["https:\/\/www.fox-foodprocessinginabox.eu\/fr\/declaration-de-confidentialite\/"]}]},{"@type":"BreadcrumbList","@id":"https:\/\/www.fox-foodprocessinginabox.eu\/fr\/declaration-de-confidentialite\/#breadcrumb","itemListElement":[{"@type":"ListItem","position":1,"name":"Home","item":"https:\/\/www.fox-foodprocessinginabox.eu\/fr\/"},{"@type":"ListItem","position":2,"name":"D\u00e9claration de confidentialit\u00e9"}]},{"@type":"WebSite","@id":"https:\/\/www.fox-foodprocessinginabox.eu\/cs\/#website","url":"https:\/\/www.fox-foodprocessinginabox.eu\/cs\/","name":"FOX","description":"Food processing in a Box","potentialAction":[{"@type":"SearchAction","target":{"@type":"EntryPoint","urlTemplate":"https:\/\/www.fox-foodprocessinginabox.eu\/cs\/?s={search_term_string}"},"query-input":{"@type":"PropertyValueSpecification","valueRequired":true,"valueName":"search_term_string"}}],"inLanguage":"fr-FR"}]}},"_links":{"self":[{"href":"https:\/\/www.fox-foodprocessinginabox.eu\/fr\/wp-json\/wp\/v2\/pages\/2956","targetHints":{"allow":["GET"]}}],"collection":[{"href":"https:\/\/www.fox-foodprocessinginabox.eu\/fr\/wp-json\/wp\/v2\/pages"}],"about":[{"href":"https:\/\/www.fox-foodprocessinginabox.eu\/fr\/wp-json\/wp\/v2\/types\/page"}],"author":[{"embeddable":true,"href":"https:\/\/www.fox-foodprocessinginabox.eu\/fr\/wp-json\/wp\/v2\/users\/2"}],"replies":[{"embeddable":true,"href":"https:\/\/www.fox-foodprocessinginabox.eu\/fr\/wp-json\/wp\/v2\/comments?post=2956"}],"version-history":[{"count":1,"href":"https:\/\/www.fox-foodprocessinginabox.eu\/fr\/wp-json\/wp\/v2\/pages\/2956\/revisions"}],"predecessor-version":[{"id":2957,"href":"https:\/\/www.fox-foodprocessinginabox.eu\/fr\/wp-json\/wp\/v2\/pages\/2956\/revisions\/2957"}],"wp:attachment":[{"href":"https:\/\/www.fox-foodprocessinginabox.eu\/fr\/wp-json\/wp\/v2\/media?parent=2956"}],"curies":[{"name":"wp","href":"https:\/\/api.w.org\/{rel}","templated":true}]}}