{"id":7176,"date":"2021-04-07T21:07:27","date_gmt":"2021-04-07T19:07:27","guid":{"rendered":"http:\/\/www.fox-foodprocessinginabox.eu\/?page_id=7176"},"modified":"2021-06-08T16:25:10","modified_gmt":"2021-06-08T14:25:10","slug":"thefacesoffox","status":"publish","type":"page","link":"https:\/\/www.fox-foodprocessinginabox.eu\/nl\/thefacesoffox\/","title":{"rendered":"#TheFacesofFOX"},"content":{"rendered":"<div class=\"fusion-fullwidth fullwidth-box fusion-builder-row-1 nonhundred-percent-fullwidth non-hundred-percent-height-scrolling\" style=\"background-color: rgba(255,255,255,0);background-position: center center;background-repeat: no-repeat;padding-top:0px;padding-right:0px;padding-bottom:0px;padding-left:0px;margin-bottom: 0px;margin-top: 0px;border-width: 0px 0px 0px 0px;border-color:#eae9e9;border-style:solid;\" ><div class=\"fusion-builder-row fusion-row\"><div class=\"fusion-layout-column fusion_builder_column fusion-builder-column-0 fusion_builder_column_3_5 3_5 fusion-three-fifth fusion-column-first\" style=\"width:60%;width:calc(60% - ( ( 4% ) * 0.6 ) );margin-right: 4%;margin-top:0px;margin-bottom:20px;\"><div class=\"fusion-column-wrapper fusion-flex-column-wrapper-legacy\" style=\"background-position:left top;background-repeat:no-repeat;-webkit-background-size:cover;-moz-background-size:cover;-o-background-size:cover;background-size:cover;padding: 0px 0px 0px 0px;\"><div class=\"fusion-sep-clear\"><\/div><div class=\"fusion-separator fusion-full-width-sep\" style=\"margin-left: auto;margin-right: auto;width:100%;\"><div class=\"fusion-separator-border sep-single sep-solid\" style=\"border-color:#fffcfc;border-top-width:24px;\"><\/div><\/div><div class=\"fusion-sep-clear\"><\/div><div class=\"fusion-text fusion-text-1\"><p>#TheFacesofFOX is een gemeenschap van FOX-supporters die het project gezamenlijk tot een succes maken. Hoewel FOX ernaar streeft om technologie\u00ebn \u201cinside a box\u201d te integreren, komt het grootste succes van onze FOX-partners die \u201coutside the box\u201d denken. Sommige zijn innovatief in het ontwikkelen van lichte verwerkingstechnologie\u00ebn, duurzame verpakkingen en mobiele containereenheden. Anderen denken \u201coutside the box\u201d als het gaat om zaken zoals bedrijfsmodellen, consumentenbetrokkenheid, communicatie en management.<\/p>\n<p>Tijdens de campagne #TheFacesofFOX krijgt u een kijkje achter de schermen en ontmoet u de mensen achter FOX. Wat begon als een wekelijkse introductie van de FOX-partners op onze sociale mediakanalen, werd al snel uitgebreid naar alle voorstanders van het FOX-project. Bent u benieuwd om de FOX-gemeenschap te ontmoeten en te ontdekken hoe het project hen \u201coutside the box\u201d laat denken? Volg ons op <span style=\"text-decoration: underline;\"><a href=\"https:\/\/twitter.com\/SciFoodHealth\" target=\"_blank\" rel=\"noopener noreferrer\">Twitter<\/a><\/span> of word lid van onze <span style=\"text-decoration: underline;\"><a href=\"https:\/\/www.linkedin.com\/groups\/13794216\/\" target=\"_blank\" rel=\"noopener noreferrer\">LinkedIn-groep<\/a><\/span>!<\/p>\n<\/div><div class=\"fusion-clearfix\"><\/div><\/div><\/div><div class=\"fusion-layout-column fusion_builder_column fusion-builder-column-1 fusion_builder_column_2_5 2_5 fusion-two-fifth fusion-column-last\" style=\"width:40%;width:calc(40% - ( ( 4% ) * 0.4 ) );margin-top:0px;margin-bottom:20px;\"><div class=\"fusion-column-wrapper fusion-flex-column-wrapper-legacy\" style=\"background-position:left top;background-repeat:no-repeat;-webkit-background-size:cover;-moz-background-size:cover;-o-background-size:cover;background-size:cover;padding: 0px 0px 0px 0px;\"><div class=\"fusion-content-boxes content-boxes columns row fusion-columns-1 fusion-columns-total-1 fusion-content-boxes-1 content-boxes-icon-with-title content-left\" data-animationOffset=\"top-into-view\" style=\"margin-top:0px;margin-bottom:60px;\"><style type=\"text\/css\">.fusion-content-boxes-1 .heading .content-box-heading {color:#333333;}\n\t\t\t\t\t.fusion-content-boxes-1 .fusion-content-box-hover .link-area-link-icon-hover .heading .content-box-heading,\n\t\t\t\t\t.fusion-content-boxes-1 .fusion-content-box-hover .link-area-link-icon-hover .heading .heading-link .content-box-heading,\n\t\t\t\t\t.fusion-content-boxes-1 .fusion-content-box-hover .link-area-box-hover .heading .content-box-heading,\n\t\t\t\t\t.fusion-content-boxes-1 .fusion-content-box-hover .link-area-box-hover .heading .heading-link .content-box-heading,\n\t\t\t\t\t.fusion-content-boxes-1 .fusion-content-box-hover .link-area-link-icon-hover.link-area-box .fusion-read-more,\n\t\t\t\t\t.fusion-content-boxes-1 .fusion-content-box-hover .link-area-link-icon-hover.link-area-box .fusion-read-more::after,\n\t\t\t\t\t.fusion-content-boxes-1 .fusion-content-box-hover .link-area-link-icon-hover.link-area-box .fusion-read-more::before,\n\t\t\t\t\t.fusion-content-boxes-1 .fusion-content-box-hover .fusion-read-more:hover:after,\n\t\t\t\t\t.fusion-content-boxes-1 .fusion-content-box-hover .fusion-read-more:hover:before,\n\t\t\t\t\t.fusion-content-boxes-1 .fusion-content-box-hover .fusion-read-more:hover,\n\t\t\t\t\t.fusion-content-boxes-1 .fusion-content-box-hover .link-area-box-hover.link-area-box .fusion-read-more,\n\t\t\t\t\t.fusion-content-boxes-1 .fusion-content-box-hover .link-area-box-hover.link-area-box .fusion-read-more::after,\n\t\t\t\t\t.fusion-content-boxes-1 .fusion-content-box-hover .link-area-box-hover.link-area-box .fusion-read-more::before,\n\t\t\t\t\t.fusion-content-boxes-1 .fusion-content-box-hover .link-area-link-icon-hover .icon .circle-no,\n\t\t\t\t\t.fusion-content-boxes-1 .heading .heading-link:hover .content-box-heading {\n\t\t\t\t\t\tcolor: #a0ce4e;\n\t\t\t\t\t}\n\t\t\t\t\t.fusion-content-boxes-1 .fusion-content-box-hover .link-area-box-hover .icon .circle-no {\n\t\t\t\t\t\tcolor: #a0ce4e !important;\n\t\t\t\t\t}.fusion-content-boxes-1 .fusion-content-box-hover .link-area-box.link-area-box-hover .fusion-content-box-button {background: #96c346;color: #ffffff;}.fusion-content-boxes-1 .fusion-content-box-hover .link-area-box.link-area-box-hover .fusion-content-box-button .fusion-button-text {color: #ffffff;}\n\t\t\t\t\t.fusion-content-boxes-1 .fusion-content-box-hover .link-area-link-icon-hover .heading .icon > span {\n\t\t\t\t\t\tbackground-color: #a0ce4e !important;\n\t\t\t\t\t}\n\t\t\t\t\t.fusion-content-boxes-1 .fusion-content-box-hover .link-area-box-hover .heading .icon > span {\n\t\t\t\t\t\tborder-color: #a0ce4e !important;\n\t\t\t\t\t}<\/style><div class=\"fusion-column content-box-column content-box-column content-box-column-1 col-lg-12 col-md-12 col-sm-12 fusion-content-box-hover content-box-column-last content-box-column-last-in-row\"><div class=\"col content-box-wrapper content-wrapper-background link-area-link-icon icon-hover-animation-fade\" style=\"background-color:#aed68c;\" data-animationOffset=\"top-into-view\"><div class=\"fusion-clearfix\"><\/div><div class=\"content-container\" style=\"color:#000000;\">\n<p><strong>Wilt u lid worden van de #TheFacesofFOX-community?<\/strong><\/p>\n<ol>\n<li>Print de <span style=\"text-decoration: underline;\"><a href=\"https:\/\/www.fox-foodprocessinginabox.eu\/wp-content\/uploads\/2021\/01\/FOX_Leaflet_13012021.pdf\" target=\"_blank\" rel=\"noopener noreferrer\">FOX-folder<\/a> <\/span>en vouw hem op<\/li>\n<li>Maak een foto van uzelf met de folder<\/li>\n<li>Voeg de foto en tekst toe aan het <span style=\"text-decoration: underline;\"><a href=\"http:\/\/www.fox-foodprocessinginabox.eu\/wp-content\/uploads\/2021\/05\/Social-media-campaign-frame.pptx\" target=\"_blank\" rel=\"noopener noreferrer\">kader<\/a><\/span> en sla de afbeelding op als .png<\/li>\n<li>Post het kader op Twitter of LinkedIn met #TheFacesofFOX of stuur het naar <span style=\"text-decoration: underline;\"><a href=\"mailto:info@fox-foodprocessinginabox.eu\" target=\"_blank\" rel=\"noopener noreferrer\">info@fox-foodprocessinginabox.eu<\/a><\/span> en wij plaatsen het voor u!<\/li>\n<\/ol>\n<\/div><\/div><\/div><style type=\"text\/css\">\n\t\t\t\t\t\t.fusion-content-boxes-1 .fusion-content-box-hover .heading-link:hover .icon i.circle-yes,\n\t\t\t\t\t\t.fusion-content-boxes-1 .fusion-content-box-hover .link-area-box:hover .heading-link .icon i.circle-yes,\n\t\t\t\t\t\t.fusion-content-boxes-1 .fusion-content-box-hover .link-area-link-icon-hover .heading .icon i.circle-yes,\n\t\t\t\t\t\t.fusion-content-boxes-1 .fusion-content-box-hover .link-area-box-hover .heading .icon i.circle-yes {\n\t\t\t\t\t\t\tbackground-color: #a0ce4e !important;\n\t\t\t\t\t\t\tborder-color: #a0ce4e !important;\n\t\t\t\t\t\t}<\/style><div class=\"fusion-clearfix\"><\/div><\/div><div class=\"fusion-clearfix\"><\/div><\/div><\/div><div class=\"fusion-layout-column fusion_builder_column fusion-builder-column-2 fusion_builder_column_1_1 1_1 fusion-one-full fusion-column-first fusion-column-last\" style=\"margin-top:0px;margin-bottom:20px;\"><div class=\"fusion-column-wrapper fusion-flex-column-wrapper-legacy\" style=\"background-position:left top;background-repeat:no-repeat;-webkit-background-size:cover;-moz-background-size:cover;-o-background-size:cover;background-size:cover;padding: 0px 0px 0px 0px;\"><div class=\"fusion-text fusion-text-2\"><h2><strong>Gallery<\/strong><\/h2>\n<\/div><style type=\"text\/css\">.fusion-gallery-1 .fusion-gallery-image {border:0px solid #f6f6f6;}<\/style><div class=\"awb-gallery-wrapper awb-gallery-wrapper-1 button-span-no\"><div class=\"fusion-gallery fusion-gallery-container fusion-grid-3 fusion-columns-total-12 fusion-gallery-layout-grid fusion-gallery-1\" style=\"margin:-5px;\"><div style=\"padding:5px;\" class=\"fusion-grid-column fusion-gallery-column fusion-gallery-column-3 hover-type-zoomin\"><div class=\"fusion-gallery-image\"><a href=\"https:\/\/www.fox-foodprocessinginabox.eu\/wp-content\/uploads\/2021\/04\/Kerstin-Pasch_DIL_New-frame.png\" rel=\"noreferrer\" data-rel=\"iLightbox[gallery_image_1]\" class=\"fusion-lightbox\" target=\"_self\"><img decoding=\"async\" src=\"data:image\/svg+xml,%3Csvg%20xmlns%3D%27http%3A%2F%2Fwww.w3.org%2F2000%2Fsvg%27%20width%3D%271280%27%20height%3D%27720%27%20viewBox%3D%270%200%201280%20720%27%3E%3Crect%20width%3D%271280%27%20height%3D%27720%27%20fill-opacity%3D%220%22%2F%3E%3C%2Fsvg%3E\" data-orig-src=\"https:\/\/www.fox-foodprocessinginabox.eu\/wp-content\/uploads\/2021\/04\/Kerstin-Pasch_DIL_New-frame.png\" width=\"1280\" height=\"720\" alt=\"\" title=\"Kerstin Pasch_DIL_New frame\" aria-label=\"Kerstin Pasch_DIL_New frame\" class=\"lazyload img-responsive wp-image-7164\"  \/><\/a><\/div><\/div><div style=\"padding:5px;\" class=\"fusion-grid-column fusion-gallery-column fusion-gallery-column-3 hover-type-zoomin\"><div class=\"fusion-gallery-image\"><a href=\"https:\/\/www.fox-foodprocessinginabox.eu\/wp-content\/uploads\/2021\/04\/Bj\u00f6rn-Moller_Fraunhofer-ISI_New-frame.png\" rel=\"noreferrer\" data-rel=\"iLightbox[gallery_image_1]\" class=\"fusion-lightbox\" target=\"_self\"><img decoding=\"async\" src=\"data:image\/svg+xml,%3Csvg%20xmlns%3D%27http%3A%2F%2Fwww.w3.org%2F2000%2Fsvg%27%20width%3D%271280%27%20height%3D%27720%27%20viewBox%3D%270%200%201280%20720%27%3E%3Crect%20width%3D%271280%27%20height%3D%27720%27%20fill-opacity%3D%220%22%2F%3E%3C%2Fsvg%3E\" data-orig-src=\"https:\/\/www.fox-foodprocessinginabox.eu\/wp-content\/uploads\/2021\/04\/Bj\u00f6rn-Moller_Fraunhofer-ISI_New-frame.png\" width=\"1280\" height=\"720\" alt=\"\" title=\"Bj\u00f6rn Moller_Fraunhofer ISI_New frame\" aria-label=\"Bj\u00f6rn Moller_Fraunhofer ISI_New frame\" class=\"lazyload img-responsive wp-image-7157\"  \/><\/a><\/div><\/div><div style=\"padding:5px;\" class=\"fusion-grid-column fusion-gallery-column fusion-gallery-column-3 hover-type-zoomin\"><div class=\"fusion-gallery-image\"><a href=\"https:\/\/www.fox-foodprocessinginabox.eu\/wp-content\/uploads\/2021\/04\/Alberto-Zicari_KU-Leuven_New-frame.png\" rel=\"noreferrer\" data-rel=\"iLightbox[gallery_image_1]\" class=\"fusion-lightbox\" target=\"_self\"><img decoding=\"async\" src=\"data:image\/svg+xml,%3Csvg%20xmlns%3D%27http%3A%2F%2Fwww.w3.org%2F2000%2Fsvg%27%20width%3D%271280%27%20height%3D%27720%27%20viewBox%3D%270%200%201280%20720%27%3E%3Crect%20width%3D%271280%27%20height%3D%27720%27%20fill-opacity%3D%220%22%2F%3E%3C%2Fsvg%3E\" data-orig-src=\"https:\/\/www.fox-foodprocessinginabox.eu\/wp-content\/uploads\/2021\/04\/Alberto-Zicari_KU-Leuven_New-frame.png\" width=\"1280\" height=\"720\" alt=\"\" title=\"Alberto Zicari_KU Leuven_New frame\" aria-label=\"Alberto Zicari_KU Leuven_New frame\" class=\"lazyload img-responsive wp-image-7150\"  \/><\/a><\/div><\/div><div class=\"clearfix\"><\/div><div style=\"padding:5px;\" class=\"fusion-grid-column fusion-gallery-column fusion-gallery-column-3 hover-type-zoomin\"><div class=\"fusion-gallery-image\"><a href=\"https:\/\/www.fox-foodprocessinginabox.eu\/wp-content\/uploads\/2021\/04\/Virginie-Maenhout_EUFIC.png\" rel=\"noreferrer\" data-rel=\"iLightbox[gallery_image_1]\" class=\"fusion-lightbox\" target=\"_self\"><img decoding=\"async\" src=\"data:image\/svg+xml,%3Csvg%20xmlns%3D%27http%3A%2F%2Fwww.w3.org%2F2000%2Fsvg%27%20width%3D%271280%27%20height%3D%27720%27%20viewBox%3D%270%200%201280%20720%27%3E%3Crect%20width%3D%271280%27%20height%3D%27720%27%20fill-opacity%3D%220%22%2F%3E%3C%2Fsvg%3E\" data-orig-src=\"https:\/\/www.fox-foodprocessinginabox.eu\/wp-content\/uploads\/2021\/04\/Virginie-Maenhout_EUFIC.png\" width=\"1280\" height=\"720\" alt=\"\" title=\"Virginie Maenhout_EUFIC\" aria-label=\"Virginie Maenhout_EUFIC\" class=\"lazyload img-responsive wp-image-7269\"  \/><\/a><\/div><\/div><div style=\"padding:5px;\" class=\"fusion-grid-column fusion-gallery-column fusion-gallery-column-3 hover-type-zoomin\"><div class=\"fusion-gallery-image\"><a href=\"https:\/\/www.fox-foodprocessinginabox.eu\/wp-content\/uploads\/2021\/04\/Tessa-Avermaete_KU-leuven.png\" rel=\"noreferrer\" data-rel=\"iLightbox[gallery_image_1]\" class=\"fusion-lightbox\" target=\"_self\"><img decoding=\"async\" src=\"data:image\/svg+xml,%3Csvg%20xmlns%3D%27http%3A%2F%2Fwww.w3.org%2F2000%2Fsvg%27%20width%3D%271280%27%20height%3D%27720%27%20viewBox%3D%270%200%201280%20720%27%3E%3Crect%20width%3D%271280%27%20height%3D%27720%27%20fill-opacity%3D%220%22%2F%3E%3C%2Fsvg%3E\" data-orig-src=\"https:\/\/www.fox-foodprocessinginabox.eu\/wp-content\/uploads\/2021\/04\/Tessa-Avermaete_KU-leuven.png\" width=\"1280\" height=\"720\" alt=\"\" title=\"Tessa Avermaete_KU leuven\" aria-label=\"Tessa Avermaete_KU leuven\" class=\"lazyload img-responsive wp-image-7417\"  \/><\/a><\/div><\/div><div style=\"padding:5px;\" class=\"fusion-grid-column fusion-gallery-column fusion-gallery-column-3 hover-type-zoomin\"><div class=\"fusion-gallery-image\"><a href=\"https:\/\/www.fox-foodprocessinginabox.eu\/wp-content\/uploads\/2021\/04\/Jade-Guilbert_EUFIC.png\" rel=\"noreferrer\" data-rel=\"iLightbox[gallery_image_1]\" class=\"fusion-lightbox\" target=\"_self\"><img decoding=\"async\" src=\"data:image\/svg+xml,%3Csvg%20xmlns%3D%27http%3A%2F%2Fwww.w3.org%2F2000%2Fsvg%27%20width%3D%271280%27%20height%3D%27720%27%20viewBox%3D%270%200%201280%20720%27%3E%3Crect%20width%3D%271280%27%20height%3D%27720%27%20fill-opacity%3D%220%22%2F%3E%3C%2Fsvg%3E\" data-orig-src=\"https:\/\/www.fox-foodprocessinginabox.eu\/wp-content\/uploads\/2021\/04\/Jade-Guilbert_EUFIC.png\" width=\"1280\" height=\"720\" alt=\"\" title=\"Jade Guilbert_EUFIC\" aria-label=\"Jade Guilbert_EUFIC\" class=\"lazyload img-responsive wp-image-7635\"  \/><\/a><\/div><\/div><div class=\"clearfix\"><\/div><div style=\"padding:5px;\" class=\"fusion-grid-column fusion-gallery-column fusion-gallery-column-3 hover-type-zoomin\"><div class=\"fusion-gallery-image\"><a href=\"https:\/\/www.fox-foodprocessinginabox.eu\/wp-content\/uploads\/2021\/05\/Milena-and-Kemal_DIL.png\" rel=\"noreferrer\" data-rel=\"iLightbox[gallery_image_1]\" class=\"fusion-lightbox\" target=\"_self\"><img decoding=\"async\" src=\"data:image\/svg+xml,%3Csvg%20xmlns%3D%27http%3A%2F%2Fwww.w3.org%2F2000%2Fsvg%27%20width%3D%271280%27%20height%3D%27720%27%20viewBox%3D%270%200%201280%20720%27%3E%3Crect%20width%3D%271280%27%20height%3D%27720%27%20fill-opacity%3D%220%22%2F%3E%3C%2Fsvg%3E\" data-orig-src=\"https:\/\/www.fox-foodprocessinginabox.eu\/wp-content\/uploads\/2021\/05\/Milena-and-Kemal_DIL.png\" width=\"1280\" height=\"720\" alt=\"\" title=\"Milena and Kemal_DIL\" aria-label=\"Milena and Kemal_DIL\" class=\"lazyload img-responsive wp-image-7754\"  \/><\/a><\/div><\/div><div style=\"padding:5px;\" class=\"fusion-grid-column fusion-gallery-column fusion-gallery-column-3 hover-type-zoomin\"><div class=\"fusion-gallery-image\"><a href=\"https:\/\/www.fox-foodprocessinginabox.eu\/wp-content\/uploads\/2021\/05\/Toine-Hultermans_Food-Tech-Brainport.png\" rel=\"noreferrer\" data-rel=\"iLightbox[gallery_image_1]\" class=\"fusion-lightbox\" target=\"_self\"><img decoding=\"async\" src=\"data:image\/svg+xml,%3Csvg%20xmlns%3D%27http%3A%2F%2Fwww.w3.org%2F2000%2Fsvg%27%20width%3D%271280%27%20height%3D%27720%27%20viewBox%3D%270%200%201280%20720%27%3E%3Crect%20width%3D%271280%27%20height%3D%27720%27%20fill-opacity%3D%220%22%2F%3E%3C%2Fsvg%3E\" data-orig-src=\"https:\/\/www.fox-foodprocessinginabox.eu\/wp-content\/uploads\/2021\/05\/Toine-Hultermans_Food-Tech-Brainport.png\" width=\"1280\" height=\"720\" alt=\"\" title=\"Toine Hultermans_Food Tech Brainport\" aria-label=\"Toine Hultermans_Food Tech Brainport\" class=\"lazyload img-responsive wp-image-7781\"  \/><\/a><\/div><\/div><div style=\"padding:5px;\" class=\"fusion-grid-column fusion-gallery-column fusion-gallery-column-3 hover-type-zoomin\"><div class=\"fusion-gallery-image\"><a href=\"https:\/\/www.fox-foodprocessinginabox.eu\/wp-content\/uploads\/2021\/05\/Claudia-Siemer_Elea.png\" rel=\"noreferrer\" data-rel=\"iLightbox[gallery_image_1]\" class=\"fusion-lightbox\" target=\"_self\"><img decoding=\"async\" src=\"data:image\/svg+xml,%3Csvg%20xmlns%3D%27http%3A%2F%2Fwww.w3.org%2F2000%2Fsvg%27%20width%3D%271280%27%20height%3D%27720%27%20viewBox%3D%270%200%201280%20720%27%3E%3Crect%20width%3D%271280%27%20height%3D%27720%27%20fill-opacity%3D%220%22%2F%3E%3C%2Fsvg%3E\" data-orig-src=\"https:\/\/www.fox-foodprocessinginabox.eu\/wp-content\/uploads\/2021\/05\/Claudia-Siemer_Elea.png\" width=\"1280\" height=\"720\" alt=\"\" title=\"Claudia Siemer_Elea\" aria-label=\"Claudia Siemer_Elea\" class=\"lazyload img-responsive wp-image-7846\"  \/><\/a><\/div><\/div><div class=\"clearfix\"><\/div><div style=\"padding:5px;\" class=\"fusion-grid-column fusion-gallery-column fusion-gallery-column-3 hover-type-zoomin\"><div class=\"fusion-gallery-image\"><a href=\"https:\/\/www.fox-foodprocessinginabox.eu\/wp-content\/uploads\/2021\/05\/Vladislav-Selivanenko_Agr\u00e1rn\u00ed-komora-\u010cesk\u00e9-republiky.png\" rel=\"noreferrer\" data-rel=\"iLightbox[gallery_image_1]\" class=\"fusion-lightbox\" target=\"_self\"><img decoding=\"async\" src=\"data:image\/svg+xml,%3Csvg%20xmlns%3D%27http%3A%2F%2Fwww.w3.org%2F2000%2Fsvg%27%20width%3D%271280%27%20height%3D%27720%27%20viewBox%3D%270%200%201280%20720%27%3E%3Crect%20width%3D%271280%27%20height%3D%27720%27%20fill-opacity%3D%220%22%2F%3E%3C%2Fsvg%3E\" data-orig-src=\"https:\/\/www.fox-foodprocessinginabox.eu\/wp-content\/uploads\/2021\/05\/Vladislav-Selivanenko_Agr\u00e1rn\u00ed-komora-\u010cesk\u00e9-republiky.png\" width=\"1280\" height=\"720\" alt=\"\" title=\"Vladislav Selivanenko_Agr\u00e1rn\u00ed komora \u010cesk\u00e9 republiky\" aria-label=\"Vladislav Selivanenko_Agr\u00e1rn\u00ed komora \u010cesk\u00e9 republiky\" class=\"lazyload img-responsive wp-image-7965\"  \/><\/a><\/div><\/div><div style=\"padding:5px;\" class=\"fusion-grid-column fusion-gallery-column fusion-gallery-column-3 hover-type-zoomin\"><div class=\"fusion-gallery-image\"><a href=\"https:\/\/www.fox-foodprocessinginabox.eu\/wp-content\/uploads\/2021\/06\/Ariette-Matser_WUR.png\" rel=\"noreferrer\" data-rel=\"iLightbox[gallery_image_1]\" class=\"fusion-lightbox\" target=\"_self\"><img decoding=\"async\" src=\"data:image\/svg+xml,%3Csvg%20xmlns%3D%27http%3A%2F%2Fwww.w3.org%2F2000%2Fsvg%27%20width%3D%271280%27%20height%3D%27720%27%20viewBox%3D%270%200%201280%20720%27%3E%3Crect%20width%3D%271280%27%20height%3D%27720%27%20fill-opacity%3D%220%22%2F%3E%3C%2Fsvg%3E\" data-orig-src=\"https:\/\/www.fox-foodprocessinginabox.eu\/wp-content\/uploads\/2021\/06\/Ariette-Matser_WUR.png\" width=\"1280\" height=\"720\" alt=\"\" title=\"Ariette Matser_WUR\" aria-label=\"Ariette Matser_WUR\" class=\"lazyload img-responsive wp-image-8032\"  \/><\/a><\/div><\/div><div style=\"padding:5px;\" class=\"fusion-grid-column fusion-gallery-column fusion-gallery-column-3 hover-type-zoomin\"><div class=\"fusion-gallery-image\"><a href=\"https:\/\/www.fox-foodprocessinginabox.eu\/wp-content\/uploads\/2021\/06\/Marija-Banovic_MAPP-center-Aarhus-University.png\" rel=\"noreferrer\" data-rel=\"iLightbox[gallery_image_1]\" class=\"fusion-lightbox\" target=\"_self\"><img decoding=\"async\" src=\"data:image\/svg+xml,%3Csvg%20xmlns%3D%27http%3A%2F%2Fwww.w3.org%2F2000%2Fsvg%27%20width%3D%271280%27%20height%3D%27720%27%20viewBox%3D%270%200%201280%20720%27%3E%3Crect%20width%3D%271280%27%20height%3D%27720%27%20fill-opacity%3D%220%22%2F%3E%3C%2Fsvg%3E\" data-orig-src=\"https:\/\/www.fox-foodprocessinginabox.eu\/wp-content\/uploads\/2021\/06\/Marija-Banovic_MAPP-center-Aarhus-University.png\" width=\"1280\" height=\"720\" alt=\"\" title=\"Marija Banovic_MAPP center Aarhus University\" aria-label=\"Marija Banovic_MAPP center Aarhus University\" class=\"lazyload img-responsive wp-image-8042\"  \/><\/a><\/div><\/div><div class=\"clearfix\"><\/div><\/div><\/div><div class=\"fusion-clearfix\"><\/div><\/div><\/div><\/div><\/div>\n","protected":false},"excerpt":{"rendered":"","protected":false},"author":2,"featured_media":0,"parent":0,"menu_order":0,"comment_status":"closed","ping_status":"closed","template":"","meta":{"footnotes":""},"class_list":["post-7176","page","type-page","status-publish","hentry"],"yoast_head":"<!-- This site is optimized with the Yoast SEO plugin v26.4 - https:\/\/yoast.com\/wordpress\/plugins\/seo\/ -->\n<title>#TheFacesofFOX - FOX<\/title>\n<meta name=\"robots\" content=\"index, follow, max-snippet:-1, max-image-preview:large, max-video-preview:-1\" \/>\n<link rel=\"canonical\" href=\"https:\/\/www.fox-foodprocessinginabox.eu\/nl\/thefacesoffox\/\" \/>\n<meta property=\"og:locale\" content=\"nl_NL\" \/>\n<meta property=\"og:type\" content=\"article\" \/>\n<meta property=\"og:title\" content=\"#TheFacesofFOX - FOX\" \/>\n<meta property=\"og:url\" content=\"https:\/\/www.fox-foodprocessinginabox.eu\/nl\/thefacesoffox\/\" \/>\n<meta property=\"og:site_name\" content=\"FOX\" \/>\n<meta property=\"article:modified_time\" content=\"2021-06-08T14:25:10+00:00\" \/>\n<meta name=\"twitter:card\" content=\"summary_large_image\" \/>\n<meta name=\"twitter:label1\" content=\"Geschatte leestijd\" \/>\n\t<meta name=\"twitter:data1\" content=\"7 minuten\" \/>\n<script type=\"application\/ld+json\" class=\"yoast-schema-graph\">{\"@context\":\"https:\/\/schema.org\",\"@graph\":[{\"@type\":\"WebPage\",\"@id\":\"https:\/\/www.fox-foodprocessinginabox.eu\/nl\/thefacesoffox\/\",\"url\":\"https:\/\/www.fox-foodprocessinginabox.eu\/nl\/thefacesoffox\/\",\"name\":\"#TheFacesofFOX - FOX\",\"isPartOf\":{\"@id\":\"https:\/\/www.fox-foodprocessinginabox.eu\/cs\/#website\"},\"datePublished\":\"2021-04-07T19:07:27+00:00\",\"dateModified\":\"2021-06-08T14:25:10+00:00\",\"breadcrumb\":{\"@id\":\"https:\/\/www.fox-foodprocessinginabox.eu\/nl\/thefacesoffox\/#breadcrumb\"},\"inLanguage\":\"nl-NL\",\"potentialAction\":[{\"@type\":\"ReadAction\",\"target\":[\"https:\/\/www.fox-foodprocessinginabox.eu\/nl\/thefacesoffox\/\"]}]},{\"@type\":\"BreadcrumbList\",\"@id\":\"https:\/\/www.fox-foodprocessinginabox.eu\/nl\/thefacesoffox\/#breadcrumb\",\"itemListElement\":[{\"@type\":\"ListItem\",\"position\":1,\"name\":\"Home\",\"item\":\"https:\/\/www.fox-foodprocessinginabox.eu\/nl\/\"},{\"@type\":\"ListItem\",\"position\":2,\"name\":\"#TheFacesofFOX\"}]},{\"@type\":\"WebSite\",\"@id\":\"https:\/\/www.fox-foodprocessinginabox.eu\/cs\/#website\",\"url\":\"https:\/\/www.fox-foodprocessinginabox.eu\/cs\/\",\"name\":\"FOX\",\"description\":\"Food processing in a Box\",\"potentialAction\":[{\"@type\":\"SearchAction\",\"target\":{\"@type\":\"EntryPoint\",\"urlTemplate\":\"https:\/\/www.fox-foodprocessinginabox.eu\/cs\/?s={search_term_string}\"},\"query-input\":{\"@type\":\"PropertyValueSpecification\",\"valueRequired\":true,\"valueName\":\"search_term_string\"}}],\"inLanguage\":\"nl-NL\"}]}<\/script>\n<!-- \/ Yoast SEO plugin. -->","yoast_head_json":{"title":"#TheFacesofFOX - FOX","robots":{"index":"index","follow":"follow","max-snippet":"max-snippet:-1","max-image-preview":"max-image-preview:large","max-video-preview":"max-video-preview:-1"},"canonical":"https:\/\/www.fox-foodprocessinginabox.eu\/nl\/thefacesoffox\/","og_locale":"nl_NL","og_type":"article","og_title":"#TheFacesofFOX - FOX","og_url":"https:\/\/www.fox-foodprocessinginabox.eu\/nl\/thefacesoffox\/","og_site_name":"FOX","article_modified_time":"2021-06-08T14:25:10+00:00","twitter_card":"summary_large_image","twitter_misc":{"Geschatte leestijd":"7 minuten"},"schema":{"@context":"https:\/\/schema.org","@graph":[{"@type":"WebPage","@id":"https:\/\/www.fox-foodprocessinginabox.eu\/nl\/thefacesoffox\/","url":"https:\/\/www.fox-foodprocessinginabox.eu\/nl\/thefacesoffox\/","name":"#TheFacesofFOX - FOX","isPartOf":{"@id":"https:\/\/www.fox-foodprocessinginabox.eu\/cs\/#website"},"datePublished":"2021-04-07T19:07:27+00:00","dateModified":"2021-06-08T14:25:10+00:00","breadcrumb":{"@id":"https:\/\/www.fox-foodprocessinginabox.eu\/nl\/thefacesoffox\/#breadcrumb"},"inLanguage":"nl-NL","potentialAction":[{"@type":"ReadAction","target":["https:\/\/www.fox-foodprocessinginabox.eu\/nl\/thefacesoffox\/"]}]},{"@type":"BreadcrumbList","@id":"https:\/\/www.fox-foodprocessinginabox.eu\/nl\/thefacesoffox\/#breadcrumb","itemListElement":[{"@type":"ListItem","position":1,"name":"Home","item":"https:\/\/www.fox-foodprocessinginabox.eu\/nl\/"},{"@type":"ListItem","position":2,"name":"#TheFacesofFOX"}]},{"@type":"WebSite","@id":"https:\/\/www.fox-foodprocessinginabox.eu\/cs\/#website","url":"https:\/\/www.fox-foodprocessinginabox.eu\/cs\/","name":"FOX","description":"Food processing in a Box","potentialAction":[{"@type":"SearchAction","target":{"@type":"EntryPoint","urlTemplate":"https:\/\/www.fox-foodprocessinginabox.eu\/cs\/?s={search_term_string}"},"query-input":{"@type":"PropertyValueSpecification","valueRequired":true,"valueName":"search_term_string"}}],"inLanguage":"nl-NL"}]}},"_links":{"self":[{"href":"https:\/\/www.fox-foodprocessinginabox.eu\/nl\/wp-json\/wp\/v2\/pages\/7176","targetHints":{"allow":["GET"]}}],"collection":[{"href":"https:\/\/www.fox-foodprocessinginabox.eu\/nl\/wp-json\/wp\/v2\/pages"}],"about":[{"href":"https:\/\/www.fox-foodprocessinginabox.eu\/nl\/wp-json\/wp\/v2\/types\/page"}],"author":[{"embeddable":true,"href":"https:\/\/www.fox-foodprocessinginabox.eu\/nl\/wp-json\/wp\/v2\/users\/2"}],"replies":[{"embeddable":true,"href":"https:\/\/www.fox-foodprocessinginabox.eu\/nl\/wp-json\/wp\/v2\/comments?post=7176"}],"version-history":[{"count":8,"href":"https:\/\/www.fox-foodprocessinginabox.eu\/nl\/wp-json\/wp\/v2\/pages\/7176\/revisions"}],"predecessor-version":[{"id":8049,"href":"https:\/\/www.fox-foodprocessinginabox.eu\/nl\/wp-json\/wp\/v2\/pages\/7176\/revisions\/8049"}],"wp:attachment":[{"href":"https:\/\/www.fox-foodprocessinginabox.eu\/nl\/wp-json\/wp\/v2\/media?parent=7176"}],"curies":[{"name":"wp","href":"https:\/\/api.w.org\/{rel}","templated":true}]}}