{"id":1990,"date":"2019-12-19T12:46:27","date_gmt":"2019-12-19T11:46:27","guid":{"rendered":"http:\/\/www.fox-foodprocessinginabox.eu\/?page_id=1990"},"modified":"2020-03-17T15:51:31","modified_gmt":"2020-03-17T14:51:31","slug":"contact-us","status":"publish","type":"page","link":"https:\/\/www.fox-foodprocessinginabox.eu\/pl\/contact-us\/","title":{"rendered":"Pisz do nas"},"content":{"rendered":"<div class=\"fusion-fullwidth fullwidth-box fusion-builder-row-1 nonhundred-percent-fullwidth non-hundred-percent-height-scrolling\" style=\"background-color: rgba(255,255,255,0);background-position: center center;background-repeat: no-repeat;padding-top:0px;padding-right:0px;padding-bottom:0px;padding-left:0px;margin-bottom: 0px;margin-top: 0px;border-width: 0px 0px 0px 0px;border-color:#eae9e9;border-style:solid;\" ><div class=\"fusion-builder-row fusion-row\"><div class=\"fusion-layout-column fusion_builder_column fusion-builder-column-0 fusion_builder_column_1_3 1_3 fusion-one-third fusion-column-first\" style=\"width:33.333333333333%;width:calc(33.333333333333% - ( ( 4% + 4% ) * 0.33333333333333 ) );margin-right: 4%;margin-top:0px;margin-bottom:20px;\"><div class=\"fusion-column-wrapper fusion-flex-column-wrapper-legacy\" style=\"background-position:left top;background-repeat:no-repeat;-webkit-background-size:cover;-moz-background-size:cover;-o-background-size:cover;background-size:cover;padding: 0px 0px 0px 0px;\"><div class=\"fusion-text fusion-text-1\"><h2><strong>Zapisz si\u0119 do naszego newsletter<\/strong><\/h2>\n<\/div><!-- Begin Mailchimp Signup Form -->\n<link href=\"\/\/cdn-images.mailchimp.com\/embedcode\/classic-10_7.css\" rel=\"stylesheet\" type=\"text\/css\">\n<style type=\"text\/css\">\n\t#mc_embed_signup{background:#fff; clear:left; font:14px Helvetica,Arial,sans-serif; }\n\t\/* Add your own Mailchimp form style overrides in your site stylesheet or in this style block.\n\t   We recommend moving this block and the preceding CSS link to the HEAD of your HTML file. *\/\n<\/style>\n<div id=\"mc_embed_signup\">\n<form action=\"https:\/\/fox-foodprocessinginabox.us4.list-manage.com\/subscribe\/post?u=8f6b0af0ab19350a37986434a&id=041da3ae1e\" method=\"post\" id=\"mc-embedded-subscribe-form\" name=\"mc-embedded-subscribe-form\" class=\"validate\" target=\"_blank\" novalidate>\n    <div id=\"mc_embed_signup_scroll\">\n\t\n<div class=\"indicates-required\"><span class=\"asterisk\">*<\/span> indicates required<\/div>\n<div class=\"mc-field-group\">\n\t<label for=\"mce-EMAIL\">Email Address  <span class=\"asterisk\">*<\/span>\n<\/label>\n\t<input type=\"email\" value=\"\" name=\"EMAIL\" class=\"required email\" id=\"mce-EMAIL\">\n<\/div>\n<div class=\"mc-field-group\">\n\t<label for=\"mce-MMERGE1\">I'm a  <span class=\"asterisk\">*<\/span>\n<\/label>\n\t<select name=\"MMERGE1\" class=\"required\" id=\"mce-MMERGE1\">\n\t<option value=\"\"><\/option>\n\t<option value=\"Food Scientist or Technologist\">Food Scientist or Technologist<\/option>\n<option value=\"Consumer\">Consumer<\/option>\n<option value=\"Farmer, SME or Large Industry along Food Supply Chain\">Farmer, SME or Large Industry along Food Supply Chain<\/option>\n<option value=\"Policy Maker or Regulator\">Policy Maker or Regulator<\/option>\n\n\t<\/select>\n<\/div>\n\t<div id=\"mce-responses\" class=\"clear\">\n\t\t<div class=\"response\" id=\"mce-error-response\" style=\"display:none\"><\/div>\n\t\t<div class=\"response\" id=\"mce-success-response\" style=\"display:none\"><\/div>\n\t<\/div>    <!-- real people should not fill this in and expect good things - do not remove this or risk form bot signups-->\n    <div style=\"position: absolute; left: -5000px;\" aria-hidden=\"true\"><input type=\"text\" name=\"b_8f6b0af0ab19350a37986434a_041da3ae1e\" tabindex=\"-1\" value=\"\"><\/div>\n    <div class=\"clear\"><input type=\"submit\" value=\"Subscribe\" name=\"subscribe\" id=\"mc-embedded-subscribe\" class=\"button\"><\/div>\n    <\/div>\n<\/form>\n<\/div>\n<script type='text\/javascript' src='\/\/s3.amazonaws.com\/downloads.mailchimp.com\/js\/mc-validate.js'><\/script><script type='text\/javascript'>(function($) {window.fnames = new Array(); window.ftypes = new Array();fnames[0]='EMAIL';ftypes[0]='email';fnames[1]='MMERGE1';ftypes[1]='dropdown';}(jQuery));var $mcj = jQuery.noConflict(true);<\/script>\n<!--End mc_embed_signup--><div class=\"fusion-clearfix\"><\/div><\/div><\/div><div class=\"fusion-layout-column fusion_builder_column fusion-builder-column-1 fusion_builder_column_1_3 1_3 fusion-one-third\" style=\"width:33.333333333333%;width:calc(33.333333333333% - ( ( 4% + 4% ) * 0.33333333333333 ) );margin-right: 4%;margin-top:0px;margin-bottom:20px;\"><div class=\"fusion-column-wrapper fusion-flex-column-wrapper-legacy\" style=\"background-position:left top;background-repeat:no-repeat;-webkit-background-size:cover;-moz-background-size:cover;-o-background-size:cover;background-size:cover;padding: 0px 0px 0px 0px;\"><div class=\"fusion-text fusion-text-2\"><h2 class=\"title-heading-left\" data-fontsize=\"34\" data-lineheight=\"47\"><strong>Do\u0142\u0105cz do Europejskiej Grupy Interes\u00f3w Ma\u0142ych Przetw\u00f3rc\u00f3w \u017bywno\u015bci:<\/strong><\/h2>\n<p><img decoding=\"async\" class=\"lazyload alignnone wp-image-1204 aligncenter\" src=\"data:image\/svg+xml,%3Csvg%20xmlns%3D%27http%3A%2F%2Fwww.w3.org%2F2000%2Fsvg%27%20width%3D%27133%27%20height%3D%27197%27%20viewBox%3D%270%200%20133%20197%27%3E%3Crect%20width%3D%27133%27%20height%3D%27197%27%20fill-opacity%3D%220%22%2F%3E%3C%2Fsvg%3E\" data-orig-src=\"http:\/\/www.fox-foodprocessinginabox.eu\/wp-content\/uploads\/2019\/09\/fox-logos-54.png\" alt=\"\" width=\"133\" height=\"197\" \/><\/p>\n<\/div><div class=\"fusion-aligncenter\"><style>.fusion-body .fusion-button.button-1{border-color:#ffffff;border-radius:2px 2px 2px 2px;background:#f6d054;}.fusion-body .fusion-button.button-1 .fusion-button-text,.fusion-body .fusion-button.button-1 i,.fusion-body .fusion-button.button-1:hover .fusion-button-text,.fusion-body .fusion-button.button-1:hover i,.fusion-body .fusion-button.button-1:focus .fusion-button-text,.fusion-body .fusion-button.button-1:focus i,.fusion-body .fusion-button.button-1:active .fusion-button-text,.fusion-body .fusion-button.button-1:active i{color:#ffffff;}.fusion-body .fusion-button.button-1:hover,.fusion-body .fusion-button.button-1:active,.fusion-body .fusion-button.button-1:focus{border-color:#ffffff;background:#f6d054;}<\/style><a class=\"fusion-button button-flat fusion-button-default-size button-custom button-1 fusion-button-default-span fusion-button-default-type\" target=\"_blank\" rel=\"noopener noreferrer\" href=\"https:\/\/www.fox-foodprocessinginabox.eu\/pl\/european-interest-group\/\"><span class=\"fusion-button-text\">Zarejestruj si\u0119<\/span><\/a><\/div><div class=\"fusion-clearfix\"><\/div><\/div><\/div><div class=\"fusion-layout-column fusion_builder_column fusion-builder-column-2 fusion_builder_column_1_3 1_3 fusion-one-third fusion-column-last\" style=\"width:33.333333333333%;width:calc(33.333333333333% - ( ( 4% + 4% ) * 0.33333333333333 ) );margin-top:0px;margin-bottom:20px;\"><div class=\"fusion-column-wrapper fusion-flex-column-wrapper-legacy\" style=\"background-position:left top;background-repeat:no-repeat;-webkit-background-size:cover;-moz-background-size:cover;-o-background-size:cover;background-size:cover;padding: 0px 0px 0px 0px;\"><style type=\"text\/css\"><\/style><div class=\"fusion-title title fusion-title-1 fusion-sep-none fusion-title-text fusion-title-size-one\" style=\"margin-top:0px;margin-right:0px;margin-bottom:31px;margin-left:0px;\"><h1 class=\"title-heading-left fusion-responsive-typography-calculated\" style=\"margin:0;--fontSize:34;line-height:1.4;\">Pisz do nas<\/h1><\/div><div class=\"fusion-text fusion-text-3\"><h2 style=\"text-align: left;\"><a href=\"mailto:info@fox-foodprocessinginabox.eu\">info@fox-foodprocessinginabox.eu<\/a><\/h2>\n<h2 style=\"text-align: left;\"><strong>Koordynator projektu:\u00a0<\/strong>Dr Kerstin Pasch,\u00a0<span style=\"text-decoration: underline;\"><a href=\"https:\/\/www.fox-foodprocessinginabox.eu\/portfolio-items\/partner025\/?portfolioCats=10%2C7%2C8%2C13%2C9%2C6%2C12%2C11%2C14\" target=\"_blank\" rel=\"noopener noreferrer\">DIL Deutsches Institut f\u00fcr Lebensmitteltechnik e.V.<\/a>\u00a0<\/span><\/h2>\n<h2 style=\"text-align: left;\"><strong>Kontakt do korespondencji i komunikacji:\u00a0<\/strong>Virginie Maenhout,\u00a0<span style=\"text-decoration: underline;\"><a href=\"https:\/\/www.fox-foodprocessinginabox.eu\/portfolio-items\/partner014\/?portfolioCats=10%2C7%2C8%2C13%2C9%2C6%2C12%2C11%2C14\" target=\"_blank\" rel=\"noopener noreferrer\">European Food Information Council (EUFIC)<\/a><\/span><\/h2>\n<\/div><div class=\"fusion-clearfix\"><\/div><\/div><\/div><\/div><\/div>\n","protected":false},"excerpt":{"rendered":"","protected":false},"author":1,"featured_media":0,"parent":0,"menu_order":0,"comment_status":"closed","ping_status":"closed","template":"","meta":{"footnotes":""},"class_list":["post-1990","page","type-page","status-publish","hentry"],"yoast_head":"<!-- This site is optimized with the Yoast SEO plugin v26.4 - https:\/\/yoast.com\/wordpress\/plugins\/seo\/ -->\n<title>Pisz do nas - FOX<\/title>\n<meta name=\"robots\" content=\"index, follow, max-snippet:-1, max-image-preview:large, max-video-preview:-1\" \/>\n<link rel=\"canonical\" href=\"https:\/\/www.fox-foodprocessinginabox.eu\/pl\/contact-us\/\" \/>\n<meta property=\"og:locale\" content=\"pl_PL\" \/>\n<meta property=\"og:type\" content=\"article\" \/>\n<meta property=\"og:title\" content=\"Pisz do nas - FOX\" \/>\n<meta property=\"og:url\" content=\"https:\/\/www.fox-foodprocessinginabox.eu\/pl\/contact-us\/\" \/>\n<meta property=\"og:site_name\" content=\"FOX\" \/>\n<meta property=\"article:modified_time\" content=\"2020-03-17T14:51:31+00:00\" \/>\n<meta property=\"og:image\" content=\"http:\/\/www.fox-foodprocessinginabox.eu\/wp-content\/uploads\/2019\/09\/fox-logos-54.png\" \/>\n<meta name=\"twitter:card\" content=\"summary_large_image\" \/>\n<meta name=\"twitter:label1\" content=\"Szacowany czas czytania\" \/>\n\t<meta name=\"twitter:data1\" content=\"6 minut\" \/>\n<script type=\"application\/ld+json\" class=\"yoast-schema-graph\">{\"@context\":\"https:\/\/schema.org\",\"@graph\":[{\"@type\":\"WebPage\",\"@id\":\"https:\/\/www.fox-foodprocessinginabox.eu\/pl\/contact-us\/\",\"url\":\"https:\/\/www.fox-foodprocessinginabox.eu\/pl\/contact-us\/\",\"name\":\"Pisz do nas - FOX\",\"isPartOf\":{\"@id\":\"https:\/\/www.fox-foodprocessinginabox.eu\/cs\/#website\"},\"primaryImageOfPage\":{\"@id\":\"https:\/\/www.fox-foodprocessinginabox.eu\/pl\/contact-us\/#primaryimage\"},\"image\":{\"@id\":\"https:\/\/www.fox-foodprocessinginabox.eu\/pl\/contact-us\/#primaryimage\"},\"thumbnailUrl\":\"http:\/\/www.fox-foodprocessinginabox.eu\/wp-content\/uploads\/2019\/09\/fox-logos-54.png\",\"datePublished\":\"2019-12-19T11:46:27+00:00\",\"dateModified\":\"2020-03-17T14:51:31+00:00\",\"breadcrumb\":{\"@id\":\"https:\/\/www.fox-foodprocessinginabox.eu\/pl\/contact-us\/#breadcrumb\"},\"inLanguage\":\"pl-PL\",\"potentialAction\":[{\"@type\":\"ReadAction\",\"target\":[\"https:\/\/www.fox-foodprocessinginabox.eu\/pl\/contact-us\/\"]}]},{\"@type\":\"ImageObject\",\"inLanguage\":\"pl-PL\",\"@id\":\"https:\/\/www.fox-foodprocessinginabox.eu\/pl\/contact-us\/#primaryimage\",\"url\":\"http:\/\/www.fox-foodprocessinginabox.eu\/wp-content\/uploads\/2019\/09\/fox-logos-54.png\",\"contentUrl\":\"http:\/\/www.fox-foodprocessinginabox.eu\/wp-content\/uploads\/2019\/09\/fox-logos-54.png\"},{\"@type\":\"BreadcrumbList\",\"@id\":\"https:\/\/www.fox-foodprocessinginabox.eu\/pl\/contact-us\/#breadcrumb\",\"itemListElement\":[{\"@type\":\"ListItem\",\"position\":1,\"name\":\"Home\",\"item\":\"https:\/\/www.fox-foodprocessinginabox.eu\/pl\/\"},{\"@type\":\"ListItem\",\"position\":2,\"name\":\"Pisz do nas\"}]},{\"@type\":\"WebSite\",\"@id\":\"https:\/\/www.fox-foodprocessinginabox.eu\/cs\/#website\",\"url\":\"https:\/\/www.fox-foodprocessinginabox.eu\/cs\/\",\"name\":\"FOX\",\"description\":\"Food processing in a Box\",\"potentialAction\":[{\"@type\":\"SearchAction\",\"target\":{\"@type\":\"EntryPoint\",\"urlTemplate\":\"https:\/\/www.fox-foodprocessinginabox.eu\/cs\/?s={search_term_string}\"},\"query-input\":{\"@type\":\"PropertyValueSpecification\",\"valueRequired\":true,\"valueName\":\"search_term_string\"}}],\"inLanguage\":\"pl-PL\"}]}<\/script>\n<!-- \/ Yoast SEO plugin. -->","yoast_head_json":{"title":"Pisz do nas - FOX","robots":{"index":"index","follow":"follow","max-snippet":"max-snippet:-1","max-image-preview":"max-image-preview:large","max-video-preview":"max-video-preview:-1"},"canonical":"https:\/\/www.fox-foodprocessinginabox.eu\/pl\/contact-us\/","og_locale":"pl_PL","og_type":"article","og_title":"Pisz do nas - FOX","og_url":"https:\/\/www.fox-foodprocessinginabox.eu\/pl\/contact-us\/","og_site_name":"FOX","article_modified_time":"2020-03-17T14:51:31+00:00","og_image":[{"url":"http:\/\/www.fox-foodprocessinginabox.eu\/wp-content\/uploads\/2019\/09\/fox-logos-54.png","type":"","width":"","height":""}],"twitter_card":"summary_large_image","twitter_misc":{"Szacowany czas czytania":"6 minut"},"schema":{"@context":"https:\/\/schema.org","@graph":[{"@type":"WebPage","@id":"https:\/\/www.fox-foodprocessinginabox.eu\/pl\/contact-us\/","url":"https:\/\/www.fox-foodprocessinginabox.eu\/pl\/contact-us\/","name":"Pisz do nas - FOX","isPartOf":{"@id":"https:\/\/www.fox-foodprocessinginabox.eu\/cs\/#website"},"primaryImageOfPage":{"@id":"https:\/\/www.fox-foodprocessinginabox.eu\/pl\/contact-us\/#primaryimage"},"image":{"@id":"https:\/\/www.fox-foodprocessinginabox.eu\/pl\/contact-us\/#primaryimage"},"thumbnailUrl":"http:\/\/www.fox-foodprocessinginabox.eu\/wp-content\/uploads\/2019\/09\/fox-logos-54.png","datePublished":"2019-12-19T11:46:27+00:00","dateModified":"2020-03-17T14:51:31+00:00","breadcrumb":{"@id":"https:\/\/www.fox-foodprocessinginabox.eu\/pl\/contact-us\/#breadcrumb"},"inLanguage":"pl-PL","potentialAction":[{"@type":"ReadAction","target":["https:\/\/www.fox-foodprocessinginabox.eu\/pl\/contact-us\/"]}]},{"@type":"ImageObject","inLanguage":"pl-PL","@id":"https:\/\/www.fox-foodprocessinginabox.eu\/pl\/contact-us\/#primaryimage","url":"http:\/\/www.fox-foodprocessinginabox.eu\/wp-content\/uploads\/2019\/09\/fox-logos-54.png","contentUrl":"http:\/\/www.fox-foodprocessinginabox.eu\/wp-content\/uploads\/2019\/09\/fox-logos-54.png"},{"@type":"BreadcrumbList","@id":"https:\/\/www.fox-foodprocessinginabox.eu\/pl\/contact-us\/#breadcrumb","itemListElement":[{"@type":"ListItem","position":1,"name":"Home","item":"https:\/\/www.fox-foodprocessinginabox.eu\/pl\/"},{"@type":"ListItem","position":2,"name":"Pisz do nas"}]},{"@type":"WebSite","@id":"https:\/\/www.fox-foodprocessinginabox.eu\/cs\/#website","url":"https:\/\/www.fox-foodprocessinginabox.eu\/cs\/","name":"FOX","description":"Food processing in a Box","potentialAction":[{"@type":"SearchAction","target":{"@type":"EntryPoint","urlTemplate":"https:\/\/www.fox-foodprocessinginabox.eu\/cs\/?s={search_term_string}"},"query-input":{"@type":"PropertyValueSpecification","valueRequired":true,"valueName":"search_term_string"}}],"inLanguage":"pl-PL"}]}},"_links":{"self":[{"href":"https:\/\/www.fox-foodprocessinginabox.eu\/pl\/wp-json\/wp\/v2\/pages\/1990","targetHints":{"allow":["GET"]}}],"collection":[{"href":"https:\/\/www.fox-foodprocessinginabox.eu\/pl\/wp-json\/wp\/v2\/pages"}],"about":[{"href":"https:\/\/www.fox-foodprocessinginabox.eu\/pl\/wp-json\/wp\/v2\/types\/page"}],"author":[{"embeddable":true,"href":"https:\/\/www.fox-foodprocessinginabox.eu\/pl\/wp-json\/wp\/v2\/users\/1"}],"replies":[{"embeddable":true,"href":"https:\/\/www.fox-foodprocessinginabox.eu\/pl\/wp-json\/wp\/v2\/comments?post=1990"}],"version-history":[{"count":5,"href":"https:\/\/www.fox-foodprocessinginabox.eu\/pl\/wp-json\/wp\/v2\/pages\/1990\/revisions"}],"predecessor-version":[{"id":4166,"href":"https:\/\/www.fox-foodprocessinginabox.eu\/pl\/wp-json\/wp\/v2\/pages\/1990\/revisions\/4166"}],"wp:attachment":[{"href":"https:\/\/www.fox-foodprocessinginabox.eu\/pl\/wp-json\/wp\/v2\/media?parent=1990"}],"curies":[{"name":"wp","href":"https:\/\/api.w.org\/{rel}","templated":true}]}}