{"id":2064,"date":"2019-12-19T13:06:00","date_gmt":"2019-12-19T12:06:00","guid":{"rendered":"http:\/\/www.fox-foodprocessinginabox.eu\/?page_id=2064"},"modified":"2021-03-31T00:08:11","modified_gmt":"2021-03-30T22:08:11","slug":"faq","status":"publish","type":"page","link":"https:\/\/www.fox-foodprocessinginabox.eu\/pl\/faq\/","title":{"rendered":"Projekt FOX \u2014 najcz\u0119\u015bciej zadawane pytania (FAQ)"},"content":{"rendered":"<div class=\"fusion-fullwidth fullwidth-box fusion-builder-row-1 nonhundred-percent-fullwidth non-hundred-percent-height-scrolling\" style=\"background-color: rgba(255,255,255,0);background-position: center center;background-repeat: no-repeat;padding-top:0px;padding-right:0px;padding-bottom:0px;padding-left:0px;margin-bottom: 0px;margin-top: 0px;border-width: 0px 0px 0px 0px;border-color:#eae9e9;border-style:solid;\" ><div class=\"fusion-builder-row fusion-row\"><div class=\"fusion-layout-column fusion_builder_column fusion-builder-column-0 fusion_builder_column_1_1 1_1 fusion-one-full fusion-column-first fusion-column-last\" style=\"margin-top:0px;margin-bottom:20px;\"><div class=\"fusion-column-wrapper fusion-flex-column-wrapper-legacy\" style=\"background-position:left top;background-repeat:no-repeat;-webkit-background-size:cover;-moz-background-size:cover;-o-background-size:cover;background-size:cover;padding: 0px 0px 0px 0px;\"><style type=\"text\/css\">#accordion-2064-1 .fusion-panel:hover{ border-color: #e0dede } #accordion-2064-1 .fusion-panel { border-color:#e0dede; }.fusion-accordian  #accordion-2064-1 .panel-title a .fa-fusion-box{ color: #ffffff;}.fusion-accordian  #accordion-2064-1 .panel-title a .fa-fusion-box:before{ font-size: 13px; width: 13px;}.fusion-accordian  #accordion-2064-1 .panel-title a{line-height:1.5;color:#333333;font-family:\"Antic Slab\";font-weight:400;}.fusion-accordian  #accordion-2064-1 .toggle-content{font-size:15px;color:#000000;font-family:\"PT Sans\";font-weight:400;}.fusion-accordian  #accordion-2064-1 .fa-fusion-box { background-color: #333333;border-color: #333333;}.fusion-accordian  #accordion-2064-1 .panel-title a:not(.active):hover, #accordion-2064-1 .fusion-toggle-boxed-mode:hover .panel-title a { color: #a0ce4e;}.fusion-accordian  #accordion-2064-1 .panel-title .active .fa-fusion-box,.fusion-accordian  #accordion-2064-1 .panel-title a:not(.active):hover .fa-fusion-box { background-color: #a0ce4e!important;border-color: #a0ce4e!important;}<\/style><div class=\"accordian fusion-accordian\"><div class=\"panel-group\" id=\"accordion-2064-1\"><style type=\"text\/css\">.fusion-accordian  #accordion-2064-1 .panel-ccbb1251225be99f8 .panel-title a{}.fusion-accordian  #accordion-2064-1 .panel-ccbb1251225be99f8 .toggle-content{}<\/style><div class=\"fusion-panel panel-default panel-ccbb1251225be99f8\"><div class=\"panel-heading\"><h4 class=\"panel-title toggle\" id=\"toggle_ccbb1251225be99f8\"><a aria-expanded=\"false\" aria-controls=\"ccbb1251225be99f8\" role=\"button\" data-toggle=\"collapse\" data-parent=\"#accordion-2064-1\" data-target=\"#ccbb1251225be99f8\" href=\"#ccbb1251225be99f8\"><span class=\"fusion-toggle-icon-wrapper\" aria-hidden=\"true\"><i class=\"fa-fusion-box active-icon awb-icon-minus\" aria-hidden=\"true\"><\/i><i class=\"fa-fusion-box inactive-icon awb-icon-plus\" aria-hidden=\"true\"><\/i><\/span><span class=\"fusion-toggle-heading\">Dlaczego w \u201ekontenerze\u201d?<\/span><\/a><\/h4><\/div><div id=\"ccbb1251225be99f8\" class=\"panel-collapse collapse \" araia-labelledby=\"toggle_ccbb1251225be99f8\"><div class=\"panel-body toggle-content fusion-clearfix\">\n<p>Termin \u201ekontener&#8221; oznacza \u201emobiln\u0105 jednostk\u0119 kontenerow\u0105\u201d. Zawiera ona wszystkie niezb\u0119dne urz\u0105dzenia do \u0142agodnego przetwarzania owoc\u00f3w i warzyw w pobli\u017cu gospodarstwa rolnego. Projekt FOX ma na celu znalezienie innowacyjnych rozwi\u0105za\u0144 w zakresie przetw\u00f3rstwa spo\u017cywczego: rozwi\u0105za\u0144, kt\u00f3re s\u0105 kompaktowe, mobilne i elastyczne, dzi\u0119ki czemu mog\u0105 by\u0107 przechowywane w kontenerze, przenoszone w obr\u0119bie regionu od rolnika do rolnika i mog\u0105 by\u0107 stosowane do r\u00f3\u017cnego rodzaju owoc\u00f3w i warzyw. W ramach projektu opracowane zostan\u0105 3 typy mobilnych jednostek kontenerowych. Odkryj wn\u0119trze <a href=\"https:\/\/www.fox-foodprocessinginabox.eu\/pl\/blog-year-1-of-food-circle-1\/\" target=\"_blank\" rel=\"noopener noreferrer\">mobilnego kontenera do t\u0142oczenia sok\u00f3w<\/a>.<\/p>\n<\/div><\/div><\/div><style type=\"text\/css\">.fusion-accordian  #accordion-2064-1 .panel-a7f4a0ca4e03a65a4 .panel-title a{}.fusion-accordian  #accordion-2064-1 .panel-a7f4a0ca4e03a65a4 .toggle-content{}<\/style><div class=\"fusion-panel panel-default panel-a7f4a0ca4e03a65a4\"><div class=\"panel-heading\"><h4 class=\"panel-title toggle\" id=\"toggle_a7f4a0ca4e03a65a4\"><a aria-expanded=\"false\" aria-controls=\"a7f4a0ca4e03a65a4\" role=\"button\" data-toggle=\"collapse\" data-parent=\"#accordion-2064-1\" data-target=\"#a7f4a0ca4e03a65a4\" href=\"#a7f4a0ca4e03a65a4\"><span class=\"fusion-toggle-icon-wrapper\" aria-hidden=\"true\"><i class=\"fa-fusion-box active-icon awb-icon-minus\" aria-hidden=\"true\"><\/i><i class=\"fa-fusion-box inactive-icon awb-icon-plus\" aria-hidden=\"true\"><\/i><\/span><span class=\"fusion-toggle-heading\">Na czym polega zaanga\u017cowanie partner\u00f3w?<\/span><\/a><\/h4><\/div><div id=\"a7f4a0ca4e03a65a4\" class=\"panel-collapse collapse \" araia-labelledby=\"toggle_a7f4a0ca4e03a65a4\"><div class=\"panel-body toggle-content fusion-clearfix\">\n<p>Nad realizacj\u0105 projektu FOX pracuje \u0142\u0105cznie 25 partner\u00f3w. S\u0105 to uniwersytety, instytuty badawcze, ma\u0142e i \u015brednie przedsi\u0119biorstwa (M\u015aP), przemys\u0142 i stowarzyszenia zlokalizowane w r\u00f3\u017cnych krajach europejskich. Ka\u017cdy z partner\u00f3w pracuje nad inn\u0105 cz\u0119\u015bci\u0105 projektu (pakietami roboczymi). Partnerzy z r\u00f3\u017cnych pakiet\u00f3w roboczych (WP) regularnie dziel\u0105 si\u0119 swoj\u0105 prac\u0105 i wynikami tej pracy. Kliknij <a href=\"https:\/\/www.fox-foodprocessinginabox.eu\/pl\/partnerzy\/\" target=\"_blank\" rel=\"noopener noreferrer\">tutaj<\/a> , aby zapozna\u0107 si\u0119 z list\u0105 wszystkich partner\u00f3w.<\/p>\n<\/div><\/div><\/div><style type=\"text\/css\">.fusion-accordian  #accordion-2064-1 .panel-33700d581bd393676 .panel-title a{}.fusion-accordian  #accordion-2064-1 .panel-33700d581bd393676 .toggle-content{}<\/style><div class=\"fusion-panel panel-default panel-33700d581bd393676\"><div class=\"panel-heading\"><h4 class=\"panel-title toggle\" id=\"toggle_33700d581bd393676\"><a aria-expanded=\"false\" aria-controls=\"33700d581bd393676\" role=\"button\" data-toggle=\"collapse\" data-parent=\"#accordion-2064-1\" data-target=\"#33700d581bd393676\" href=\"#33700d581bd393676\"><span class=\"fusion-toggle-icon-wrapper\" aria-hidden=\"true\"><i class=\"fa-fusion-box active-icon awb-icon-minus\" aria-hidden=\"true\"><\/i><i class=\"fa-fusion-box inactive-icon awb-icon-plus\" aria-hidden=\"true\"><\/i><\/span><span class=\"fusion-toggle-heading\">Kiedy dost\u0119pna b\u0119dzie jednostka kontenerowa? <\/span><\/a><\/h4><\/div><div id=\"33700d581bd393676\" class=\"panel-collapse collapse \" araia-labelledby=\"toggle_33700d581bd393676\"><div class=\"panel-body toggle-content fusion-clearfix\">\n<p>Projekt FOX jest nadal w fazie bada\u0144. Na razie opracowano jedynie koncepcj\u0119. Zaprojektowano ju\u017c niekt\u00f3re z 3 kontener\u00f3w, a ich prototypy s\u0105 obecnie opracowywane. Wszystkie prototypy b\u0119d\u0105 dost\u0119pne w 2023 r. i b\u0119d\u0105 prezentowane w r\u00f3\u017cnych regionach w ca\u0142ej Europie (Cykle \u017cywno\u015bciowe).<\/p>\n<\/div><\/div><\/div><style type=\"text\/css\">.fusion-accordian  #accordion-2064-1 .panel-82409d2da6ded262b .panel-title a{}.fusion-accordian  #accordion-2064-1 .panel-82409d2da6ded262b .toggle-content{}<\/style><div class=\"fusion-panel panel-default panel-82409d2da6ded262b\"><div class=\"panel-heading\"><h4 class=\"panel-title toggle\" id=\"toggle_82409d2da6ded262b\"><a aria-expanded=\"false\" aria-controls=\"82409d2da6ded262b\" role=\"button\" data-toggle=\"collapse\" data-parent=\"#accordion-2064-1\" data-target=\"#82409d2da6ded262b\" href=\"#82409d2da6ded262b\"><span class=\"fusion-toggle-icon-wrapper\" aria-hidden=\"true\"><i class=\"fa-fusion-box active-icon awb-icon-minus\" aria-hidden=\"true\"><\/i><i class=\"fa-fusion-box inactive-icon awb-icon-plus\" aria-hidden=\"true\"><\/i><\/span><span class=\"fusion-toggle-heading\">Czym ta jednostka b\u0119dzie si\u0119 r\u00f3\u017cni\u0107 odju\u017c istniej\u0105cych jednostek kontenerowych? <\/span><\/a><\/h4><\/div><div id=\"82409d2da6ded262b\" class=\"panel-collapse collapse \" araia-labelledby=\"toggle_82409d2da6ded262b\"><div class=\"panel-body toggle-content fusion-clearfix\">\n<p>W Europie istnieje ju\u017c kilka kontener\u00f3w do przetwarzania \u017cywno\u015bci. Jednak kontenery, nad kt\u00f3rymi prowadzone s\u0105 prace w ramach projektu FOX, s\u0105 inne, poniewa\u017c zastosowano w nich \u0142agodne i innowacyjne technologie przetwarzania \u017cywno\u015bci, takie jak <a href=\"https:\/\/www.fox-foodprocessinginabox.eu\/pl\/blog-year-1-of-food-circle-1\/\" target=\"_blank\" rel=\"noopener noreferrer\">pr\u00f3\u017cniowy filtr spiralny<\/a>, pulsacyjne pole elektryczne (PEF), ultrad\u017awi\u0119ki i inne. Dzi\u0119ki nim przetworzone owoce i warzywa b\u0119d\u0105 lepszej jako\u015bci, a sam proces stanie si\u0119 bardziej przyjazny dla \u015brodowiska, poniewa\u017c technologie te zu\u017cywaj\u0105 mniej energii.<br \/>\nPonadto niekt\u00f3rzy partnerzy pracuj\u0105 nad ekologicznymi opakowaniami dla produkt\u00f3w ko\u0144cowych oraz zastanawiaj\u0105 si\u0119 nad sposobami ponownego wykorzystania produkt\u00f3w ubocznych z owoc\u00f3w i warzyw, takich jak wyt\u0142oczyny z zielonego groszku i marchwi. Aby zmaksymalizowa\u0107 d\u0142ugo\u015b\u0107 cyklu \u017cywno\u015bciowego dla rolnik\u00f3w, jak r\u00f3wnie\u017c zwi\u0119kszy\u0107 zaanga\u017cowanie konsument\u00f3w, prowadzone s\u0105 badania nad <a href=\"https:\/\/www.fox-foodprocessinginabox.eu\/pl\/research\/foresight-and-business-models\/\" target=\"_blank\" rel=\"noopener noreferrer\">modelami biznesowymi<\/a> i <a href=\"https:\/\/www.fox-foodprocessinginabox.eu\/pl\/research\/consumer-engagement\/\" target=\"_blank\" rel=\"noopener noreferrer\">badania konsumenckie<\/a>. Ponadto oceniony zostanie wp\u0142yw koncepcji FOX na zdrowie, \u015brodowisko i gospodark\u0119 spo\u0142eczn\u0105 w celu zapewnienia jej trwa\u0142o\u015bci.<br \/>\nProjekt FOX jest wyj\u0105tkowy, poniewa\u017c opiera si\u0119 na podej\u015bciu og\u00f3lnym zwanym \u201epodej\u015bciem wielopodmiotowym\u201d opracowanym przez Komisj\u0119 Europejsk\u0105. Podej\u015bcie wielopodmiotowe daje pewno\u015b\u0107, \u017ce wszyscy u\u017cytkownicy ko\u0144cowi s\u0105 w pe\u0142ni zaanga\u017cowani w ca\u0142y projekt. Na przyk\u0142ad rolnicy, konsumenci lub przedsi\u0119biorstwa oraz podmioty daj\u0105ce efekt mno\u017cnikowy, takie jak stowarzyszenia, sp\u00f3\u0142dzielnie lub doradcy. FOX jest projektem zar\u00f3wno interdyscyplinarnym, jak i transdyscyplinarnym, \u0142\u0105cz\u0105cym ekspert\u00f3w na poziomie naukowym: technolog\u00f3w \u017cywno\u015bci, in\u017cynier\u00f3w, ekonomist\u00f3w, naukowc\u00f3w zajmuj\u0105cych si\u0119 \u015brodowiskiem, naukowc\u00f3w zajmuj\u0105cych si\u0119 konsumentami, chemik\u00f3w \u017cywno\u015bci, bioin\u017cynier\u00f3w, mened\u017cer\u00f3w innowacji i wielu innych.<\/p>\n<\/div><\/div><\/div><style type=\"text\/css\">.fusion-accordian  #accordion-2064-1 .panel-bae5d9e373265721a .panel-title a{}.fusion-accordian  #accordion-2064-1 .panel-bae5d9e373265721a .toggle-content{}<\/style><div class=\"fusion-panel panel-default panel-bae5d9e373265721a\"><div class=\"panel-heading\"><h4 class=\"panel-title toggle\" id=\"toggle_bae5d9e373265721a\"><a aria-expanded=\"false\" aria-controls=\"bae5d9e373265721a\" role=\"button\" data-toggle=\"collapse\" data-parent=\"#accordion-2064-1\" data-target=\"#bae5d9e373265721a\" href=\"#bae5d9e373265721a\"><span class=\"fusion-toggle-icon-wrapper\" aria-hidden=\"true\"><i class=\"fa-fusion-box active-icon awb-icon-minus\" aria-hidden=\"true\"><\/i><i class=\"fa-fusion-box inactive-icon awb-icon-plus\" aria-hidden=\"true\"><\/i><\/span><span class=\"fusion-toggle-heading\">Jak wybrano europejskie regiony lub cykle \u017cywno\u015bciowe?<\/span><\/a><\/h4><\/div><div id=\"bae5d9e373265721a\" class=\"panel-collapse collapse \" araia-labelledby=\"toggle_bae5d9e373265721a\"><div class=\"panel-body toggle-content fusion-clearfix\">\n<p>Cykle \u017cywno\u015bciowe stanowi\u0105 po\u0142\u0105czenie konkretnej technologii przetwarzania FOX z regionalnym \u0142a\u0144cuchem dostaw \u017cywno\u015bci (kr\u00f3tkim lub nie). Wybrano r\u00f3\u017cne regiony geograficzne o znacz\u0105cej produkcji owoc\u00f3w i warzyw w Europie, aby zademonstrowa\u0107 techniczn\u0105, ekonomiczn\u0105 i spo\u0142eczn\u0105 wykonalno\u015b\u0107 podej\u015bcia w ramach projektu FOX. Najwi\u0119ksze obszary upraw sadowniczych w Europie znajduj\u0105 si\u0119 w Hiszpanii, W\u0142oszech i Polsce, a w uprawie warzyw zdecydowanie dominuje Francja. W sektorze przetw\u00f3rstwa owocowo-warzywnego, opr\u00f3cz wy\u017cej wymienionych kraj\u00f3w, wa\u017cne s\u0105 r\u00f3wnie\u017c Niemcy i Niderlandy.<br \/>\nWybrane cykle \u017cywno\u015bciowe znajduj\u0105 si\u0119 w sze\u015bciu modelowych regionach Europy, a regiony te s\u0105 \u015bci\u015ble powi\u0105zane z partnerem projektu badawczego, kt\u00f3ry opracowuje odpowiedni\u0105 technologi\u0119 przetwarzania (technologi\u0119 FOX). W celu przeprowadzenia dzia\u0142a\u0144 demonstracyjnych istotne by\u0142o oparcie si\u0119 na istniej\u0105cej, dobrej sieci kontakt\u00f3w z regionalnymi interesariuszami. W zwi\u0105zku z tym regiony modelowe znajduj\u0105 si\u0119 geograficznie blisko ze swoim partnerem badawczym FOX.<br \/>\nPonadto, aby zwi\u0119kszy\u0107 wp\u0142yw projektu FOX i zademonstrowa\u0107 wyniki w szerszym zakresie, w ramach projektu pozyskuje si\u0119 stowarzyszone regiony partnerskie o podobnych parametrach geograficznych, rozwojowych lub strukturalnych do region\u00f3w modelowych. Regiony, kt\u00f3re chcia\u0142yby zosta\u0107 stowarzyszonym regionem partnerskim, prosimy o do\u0142\u0105czenie do Grupy Interesu FOX tutaj.<\/p>\n<\/div><\/div><\/div><style type=\"text\/css\">.fusion-accordian  #accordion-2064-1 .panel-3e053862ac732ee3f .panel-title a{}.fusion-accordian  #accordion-2064-1 .panel-3e053862ac732ee3f .toggle-content{}<\/style><div class=\"fusion-panel panel-default panel-3e053862ac732ee3f\"><div class=\"panel-heading\"><h4 class=\"panel-title toggle\" id=\"toggle_3e053862ac732ee3f\"><a aria-expanded=\"false\" aria-controls=\"3e053862ac732ee3f\" role=\"button\" data-toggle=\"collapse\" data-parent=\"#accordion-2064-1\" data-target=\"#3e053862ac732ee3f\" href=\"#3e053862ac732ee3f\"><span class=\"fusion-toggle-icon-wrapper\" aria-hidden=\"true\"><i class=\"fa-fusion-box active-icon awb-icon-minus\" aria-hidden=\"true\"><\/i><i class=\"fa-fusion-box inactive-icon awb-icon-plus\" aria-hidden=\"true\"><\/i><\/span><span class=\"fusion-toggle-heading\">Kiedy projekt si\u0119 rozpocz\u0105\u0142 i jaka jest data jego zako\u0144czenia?<\/span><\/a><\/h4><\/div><div id=\"3e053862ac732ee3f\" class=\"panel-collapse collapse \" araia-labelledby=\"toggle_3e053862ac732ee3f\"><div class=\"panel-body toggle-content fusion-clearfix\">\n<p>Projekt jest czteroletni: rozpocz\u0105\u0142 si\u0119 w czerwcu 2019 r. i potrwa do listopada 2023 r.<\/p>\n<\/div><\/div><\/div><style type=\"text\/css\">.fusion-accordian  #accordion-2064-1 .panel-319ac818485610458 .panel-title a{}.fusion-accordian  #accordion-2064-1 .panel-319ac818485610458 .toggle-content{}<\/style><div class=\"fusion-panel panel-default panel-319ac818485610458\"><div class=\"panel-heading\"><h4 class=\"panel-title toggle\" id=\"toggle_319ac818485610458\"><a aria-expanded=\"false\" aria-controls=\"319ac818485610458\" role=\"button\" data-toggle=\"collapse\" data-parent=\"#accordion-2064-1\" data-target=\"#319ac818485610458\" href=\"#319ac818485610458\"><span class=\"fusion-toggle-icon-wrapper\" aria-hidden=\"true\"><i class=\"fa-fusion-box active-icon awb-icon-minus\" aria-hidden=\"true\"><\/i><i class=\"fa-fusion-box inactive-icon awb-icon-plus\" aria-hidden=\"true\"><\/i><\/span><span class=\"fusion-toggle-heading\">Co oznacza skr\u00f3t \u201eFOX\u201d? <\/span><\/a><\/h4><\/div><div id=\"319ac818485610458\" class=\"panel-collapse collapse \" araia-labelledby=\"toggle_319ac818485610458\"><div class=\"panel-body toggle-content fusion-clearfix\">\n<p>Skr\u00f3t FOX oznacza Food Processing in a Box (przetwarzanie \u017cywno\u015bci w kontenerze). Nie nawi\u0105zuje on do nazwy zwierz\u0119cia (ang. \u201efox\u201d to lis).<\/p>\n<\/div><\/div><\/div><style type=\"text\/css\">.fusion-accordian  #accordion-2064-1 .panel-8bc8d3319e4c88713 .panel-title a{}.fusion-accordian  #accordion-2064-1 .panel-8bc8d3319e4c88713 .toggle-content{}<\/style><div class=\"fusion-panel panel-default panel-8bc8d3319e4c88713\"><div class=\"panel-heading\"><h4 class=\"panel-title toggle\" id=\"toggle_8bc8d3319e4c88713\"><a aria-expanded=\"false\" aria-controls=\"8bc8d3319e4c88713\" role=\"button\" data-toggle=\"collapse\" data-parent=\"#accordion-2064-1\" data-target=\"#8bc8d3319e4c88713\" href=\"#8bc8d3319e4c88713\"><span class=\"fusion-toggle-icon-wrapper\" aria-hidden=\"true\"><i class=\"fa-fusion-box active-icon awb-icon-minus\" aria-hidden=\"true\"><\/i><i class=\"fa-fusion-box inactive-icon awb-icon-plus\" aria-hidden=\"true\"><\/i><\/span><span class=\"fusion-toggle-heading\">Interesuj\u0119 si\u0119 drobnym przetw\u00f3rstwem spo\u017cywczym i chc\u0119 dowiedzie\u0107 si\u0119 wi\u0119cej na ten temat. Jak mog\u0119 do\u0142\u0105czy\u0107 do projektu FOX?<\/span><\/a><\/h4><\/div><div id=\"8bc8d3319e4c88713\" class=\"panel-collapse collapse \" araia-labelledby=\"toggle_8bc8d3319e4c88713\"><div class=\"panel-body toggle-content fusion-clearfix\">\n<p>Interesuje Ci\u0119 drobne przetw\u00f3rstwo spo\u017cywcze? Zosta\u0144 cz\u0142onkiem <a href=\"https:\/\/www.fox-foodprocessinginabox.eu\/pl\/european-interest-group\/\" target=\"_blank\" rel=\"noopener noreferrer\">Grupy Interesu Drobnego Przetw\u00f3rstwa Spo\u017cywczego FOX<\/a>, aby wsp\u00f3\u0142pracowa\u0107 z nami, m\u00f3c dzieli\u0107 si\u0119 wiedz\u0105 i jako pierwszy wypr\u00f3bowa\u0107 nowy spos\u00f3b produkcji \u017cywno\u015bci, uczestnicz\u0105c w demonstracjach i warsztatach. Mo\u017cesz r\u00f3wnie\u017c do\u0142\u0105czy\u0107 do <a href=\"https:\/\/www.linkedin.com\/groups\/13794216\/\" target=\"_blank\" rel=\"noopener noreferrer\">grupy FOX na LinkedIn<\/a> , aby dzieli\u0107 si\u0119 swoimi do\u015bwiadczeniami i otrzymywa\u0107 najnowsze informacje o projekcie, a tak\u017ce dowiadywa\u0107 si\u0119 o trendach i wydarzeniach bran\u017cowych.<\/p>\n<\/div><\/div><\/div><style type=\"text\/css\">.fusion-accordian  #accordion-2064-1 .panel-cadb7244eb810913d .panel-title a{}.fusion-accordian  #accordion-2064-1 .panel-cadb7244eb810913d .toggle-content{}<\/style><div class=\"fusion-panel panel-default panel-cadb7244eb810913d\"><div class=\"panel-heading\"><h4 class=\"panel-title toggle\" id=\"toggle_cadb7244eb810913d\"><a aria-expanded=\"false\" aria-controls=\"cadb7244eb810913d\" role=\"button\" data-toggle=\"collapse\" data-parent=\"#accordion-2064-1\" data-target=\"#cadb7244eb810913d\" href=\"#cadb7244eb810913d\"><span class=\"fusion-toggle-icon-wrapper\" aria-hidden=\"true\"><i class=\"fa-fusion-box active-icon awb-icon-minus\" aria-hidden=\"true\"><\/i><i class=\"fa-fusion-box inactive-icon awb-icon-plus\" aria-hidden=\"true\"><\/i><\/span><span class=\"fusion-toggle-heading\">Mojego pytania nie ma w FAQ. Z kim mog\u0119 si\u0119 skontaktowa\u0107? <\/span><\/a><\/h4><\/div><div id=\"cadb7244eb810913d\" class=\"panel-collapse collapse \" araia-labelledby=\"toggle_cadb7244eb810913d\"><div class=\"panel-body toggle-content fusion-clearfix\">\n<p>W razie pyta\u0144 dotycz\u0105cych projektu FOX prosimy o skorzystanie z zak\u0142adki <a href=\"https:\/\/www.fox-foodprocessinginabox.eu\/pl\/contact-us\/\" target=\"_blank\" rel=\"noopener noreferrer\">kontakt<\/a>.<\/p>\n<\/div><\/div><\/div><\/div><\/div><div class=\"fusion-clearfix\"><\/div><\/div><\/div><\/div><\/div>\n","protected":false},"excerpt":{"rendered":"","protected":false},"author":1,"featured_media":0,"parent":0,"menu_order":0,"comment_status":"closed","ping_status":"closed","template":"","meta":{"footnotes":""},"class_list":["post-2064","page","type-page","status-publish","hentry"],"yoast_head":"<!-- This site is optimized with the Yoast SEO plugin v26.4 - https:\/\/yoast.com\/wordpress\/plugins\/seo\/ -->\n<title>Projekt FOX \u2014 najcz\u0119\u015bciej zadawane pytania (FAQ) - FOX<\/title>\n<meta name=\"robots\" content=\"index, follow, max-snippet:-1, max-image-preview:large, max-video-preview:-1\" \/>\n<link rel=\"canonical\" href=\"https:\/\/www.fox-foodprocessinginabox.eu\/pl\/faq\/\" \/>\n<meta property=\"og:locale\" content=\"pl_PL\" \/>\n<meta property=\"og:type\" content=\"article\" \/>\n<meta property=\"og:title\" content=\"Projekt FOX \u2014 najcz\u0119\u015bciej zadawane pytania (FAQ) - FOX\" \/>\n<meta property=\"og:url\" content=\"https:\/\/www.fox-foodprocessinginabox.eu\/pl\/faq\/\" \/>\n<meta property=\"og:site_name\" content=\"FOX\" \/>\n<meta property=\"article:modified_time\" content=\"2021-03-30T22:08:11+00:00\" \/>\n<meta name=\"twitter:card\" content=\"summary_large_image\" \/>\n<meta name=\"twitter:label1\" content=\"Szacowany czas czytania\" \/>\n\t<meta name=\"twitter:data1\" content=\"7 minut\" \/>\n<script type=\"application\/ld+json\" class=\"yoast-schema-graph\">{\"@context\":\"https:\/\/schema.org\",\"@graph\":[{\"@type\":\"WebPage\",\"@id\":\"https:\/\/www.fox-foodprocessinginabox.eu\/pl\/faq\/\",\"url\":\"https:\/\/www.fox-foodprocessinginabox.eu\/pl\/faq\/\",\"name\":\"Projekt FOX \u2014 najcz\u0119\u015bciej zadawane pytania (FAQ) - FOX\",\"isPartOf\":{\"@id\":\"https:\/\/www.fox-foodprocessinginabox.eu\/cs\/#website\"},\"datePublished\":\"2019-12-19T12:06:00+00:00\",\"dateModified\":\"2021-03-30T22:08:11+00:00\",\"breadcrumb\":{\"@id\":\"https:\/\/www.fox-foodprocessinginabox.eu\/pl\/faq\/#breadcrumb\"},\"inLanguage\":\"pl-PL\",\"potentialAction\":[{\"@type\":\"ReadAction\",\"target\":[\"https:\/\/www.fox-foodprocessinginabox.eu\/pl\/faq\/\"]}]},{\"@type\":\"BreadcrumbList\",\"@id\":\"https:\/\/www.fox-foodprocessinginabox.eu\/pl\/faq\/#breadcrumb\",\"itemListElement\":[{\"@type\":\"ListItem\",\"position\":1,\"name\":\"Home\",\"item\":\"https:\/\/www.fox-foodprocessinginabox.eu\/pl\/\"},{\"@type\":\"ListItem\",\"position\":2,\"name\":\"Projekt FOX \u2014 najcz\u0119\u015bciej zadawane pytania (FAQ)\"}]},{\"@type\":\"WebSite\",\"@id\":\"https:\/\/www.fox-foodprocessinginabox.eu\/cs\/#website\",\"url\":\"https:\/\/www.fox-foodprocessinginabox.eu\/cs\/\",\"name\":\"FOX\",\"description\":\"Food processing in a Box\",\"potentialAction\":[{\"@type\":\"SearchAction\",\"target\":{\"@type\":\"EntryPoint\",\"urlTemplate\":\"https:\/\/www.fox-foodprocessinginabox.eu\/cs\/?s={search_term_string}\"},\"query-input\":{\"@type\":\"PropertyValueSpecification\",\"valueRequired\":true,\"valueName\":\"search_term_string\"}}],\"inLanguage\":\"pl-PL\"}]}<\/script>\n<!-- \/ Yoast SEO plugin. -->","yoast_head_json":{"title":"Projekt FOX \u2014 najcz\u0119\u015bciej zadawane pytania (FAQ) - FOX","robots":{"index":"index","follow":"follow","max-snippet":"max-snippet:-1","max-image-preview":"max-image-preview:large","max-video-preview":"max-video-preview:-1"},"canonical":"https:\/\/www.fox-foodprocessinginabox.eu\/pl\/faq\/","og_locale":"pl_PL","og_type":"article","og_title":"Projekt FOX \u2014 najcz\u0119\u015bciej zadawane pytania (FAQ) - FOX","og_url":"https:\/\/www.fox-foodprocessinginabox.eu\/pl\/faq\/","og_site_name":"FOX","article_modified_time":"2021-03-30T22:08:11+00:00","twitter_card":"summary_large_image","twitter_misc":{"Szacowany czas czytania":"7 minut"},"schema":{"@context":"https:\/\/schema.org","@graph":[{"@type":"WebPage","@id":"https:\/\/www.fox-foodprocessinginabox.eu\/pl\/faq\/","url":"https:\/\/www.fox-foodprocessinginabox.eu\/pl\/faq\/","name":"Projekt FOX \u2014 najcz\u0119\u015bciej zadawane pytania (FAQ) - FOX","isPartOf":{"@id":"https:\/\/www.fox-foodprocessinginabox.eu\/cs\/#website"},"datePublished":"2019-12-19T12:06:00+00:00","dateModified":"2021-03-30T22:08:11+00:00","breadcrumb":{"@id":"https:\/\/www.fox-foodprocessinginabox.eu\/pl\/faq\/#breadcrumb"},"inLanguage":"pl-PL","potentialAction":[{"@type":"ReadAction","target":["https:\/\/www.fox-foodprocessinginabox.eu\/pl\/faq\/"]}]},{"@type":"BreadcrumbList","@id":"https:\/\/www.fox-foodprocessinginabox.eu\/pl\/faq\/#breadcrumb","itemListElement":[{"@type":"ListItem","position":1,"name":"Home","item":"https:\/\/www.fox-foodprocessinginabox.eu\/pl\/"},{"@type":"ListItem","position":2,"name":"Projekt FOX \u2014 najcz\u0119\u015bciej zadawane pytania (FAQ)"}]},{"@type":"WebSite","@id":"https:\/\/www.fox-foodprocessinginabox.eu\/cs\/#website","url":"https:\/\/www.fox-foodprocessinginabox.eu\/cs\/","name":"FOX","description":"Food processing in a Box","potentialAction":[{"@type":"SearchAction","target":{"@type":"EntryPoint","urlTemplate":"https:\/\/www.fox-foodprocessinginabox.eu\/cs\/?s={search_term_string}"},"query-input":{"@type":"PropertyValueSpecification","valueRequired":true,"valueName":"search_term_string"}}],"inLanguage":"pl-PL"}]}},"_links":{"self":[{"href":"https:\/\/www.fox-foodprocessinginabox.eu\/pl\/wp-json\/wp\/v2\/pages\/2064","targetHints":{"allow":["GET"]}}],"collection":[{"href":"https:\/\/www.fox-foodprocessinginabox.eu\/pl\/wp-json\/wp\/v2\/pages"}],"about":[{"href":"https:\/\/www.fox-foodprocessinginabox.eu\/pl\/wp-json\/wp\/v2\/types\/page"}],"author":[{"embeddable":true,"href":"https:\/\/www.fox-foodprocessinginabox.eu\/pl\/wp-json\/wp\/v2\/users\/1"}],"replies":[{"embeddable":true,"href":"https:\/\/www.fox-foodprocessinginabox.eu\/pl\/wp-json\/wp\/v2\/comments?post=2064"}],"version-history":[{"count":4,"href":"https:\/\/www.fox-foodprocessinginabox.eu\/pl\/wp-json\/wp\/v2\/pages\/2064\/revisions"}],"predecessor-version":[{"id":6925,"href":"https:\/\/www.fox-foodprocessinginabox.eu\/pl\/wp-json\/wp\/v2\/pages\/2064\/revisions\/6925"}],"wp:attachment":[{"href":"https:\/\/www.fox-foodprocessinginabox.eu\/pl\/wp-json\/wp\/v2\/media?parent=2064"}],"curies":[{"name":"wp","href":"https:\/\/api.w.org\/{rel}","templated":true}]}}