{"id":2395,"date":"2019-12-27T09:37:00","date_gmt":"2019-12-27T08:37:00","guid":{"rendered":"http:\/\/www.fox-foodprocessinginabox.eu\/?page_id=2395"},"modified":"2020-04-07T14:48:46","modified_gmt":"2020-04-07T12:48:46","slug":"wizje-i-modele-biznesowe","status":"publish","type":"page","link":"https:\/\/www.fox-foodprocessinginabox.eu\/pl\/badania\/wizje-i-modele-biznesowe\/","title":{"rendered":"Wizje i modele biznesowe"},"content":{"rendered":"<div class=\"fusion-fullwidth fullwidth-box fusion-builder-row-1 nonhundred-percent-fullwidth non-hundred-percent-height-scrolling\" style=\"background-color: rgba(255,255,255,0);background-position: center center;background-repeat: no-repeat;padding-top:0px;padding-right:0px;padding-bottom:0px;padding-left:0px;margin-bottom: 0px;margin-top: 0px;border-width: 0px 0px 0px 0px;border-color:#eae9e9;border-style:solid;\" ><div class=\"fusion-builder-row fusion-row\"><div class=\"fusion-layout-column fusion_builder_column fusion-builder-column-0 fusion_builder_column_1_1 1_1 fusion-one-full fusion-column-first fusion-column-last\" style=\"margin-top:0px;margin-bottom:20px;\"><div class=\"fusion-column-wrapper fusion-flex-column-wrapper-legacy\" style=\"background-position:left top;background-repeat:no-repeat;-webkit-background-size:cover;-moz-background-size:cover;-o-background-size:cover;background-size:cover;padding: 0px 0px 0px 0px;\"><div class=\"fusion-text fusion-text-1\"><p id=\"E1425\"><strong><span id=\"E1426\" class=\"qowt-font6-TimesNewRoman\">Cel<\/span><\/strong><\/p>\n<ul>\n<li id=\"E1427\"><span id=\"E1428\" class=\"qowt-font6-TimesNewRoman\">Prognozowanie i opracowanie modelu biznesowego w ramach projektu FOX ma na celu:<\/span><\/li>\n<li id=\"E1429\" class=\"qowt-li-13_0 qowt-list\"><span id=\"E1430\">Identyfikacj\u0119 i analiz\u0119 trend\u00f3w wp\u0142ywaj\u0105cych na system innowacji \u017cywno\u015bci w przysz\u0142o\u015bci<\/span><\/li>\n<li id=\"E1431\" class=\"qowt-li-13_0 qowt-list\"><span id=\"E1432\">Opracowanie scenariuszy warunk\u00f3w ramowych systemu innowacji \u017cywno\u015bci<\/span><\/li>\n<li id=\"E1433\" class=\"qowt-li-13_0 qowt-list\"><span id=\"E1434\">Opracowanie konkretnych przysz\u0142ych scenariuszy dla ka\u017cdego cyklu \u017cywno\u015bciowego<\/span><\/li>\n<li id=\"E1435\" class=\"qowt-li-13_0 qowt-list\"><span id=\"E1436\">Identyfikacj\u0119 element\u00f3w modelu biznesowego dla<\/span><span id=\"E1437\"> uproszczonych<\/span><span id=\"E1438\"> technologii przetwarzania \u017cywno\u015bci<\/span><span id=\"E1439\"> na<\/span><span id=\"E1440\">, odpowiednich dla r\u00f3\u017cnych rodzaj\u00f3w technologii i kontekstu spo\u0142eczno-gospodarczego<\/span><\/li>\n<li id=\"E1441\" class=\"qowt-li-13_0 qowt-list\"><span id=\"E1442\">Sprawdzanie s\u0142uszno\u015bci okre\u015blonych modeli biznesowych w kontek\u015bcie r\u00f3\u017cnych przysz\u0142ych za\u0142o\u017ce\u0144<\/span><\/li>\n<\/ul>\n<p id=\"E1443\"><strong><span id=\"E1444\" class=\"qowt-font6-TimesNewRoman\">Scenariusze na przysz\u0142o\u015b\u0107 dla sektora spo\u017cywczego i cykl\u00f3w \u017cywno\u015bciowych<\/span><\/strong><\/p>\n<p id=\"E1445\"><span id=\"E1446\" class=\"qowt-font6-TimesNewRoman\">Zidentyfikowane trendy s\u0105 wska\u017anikami zmian. Zostan\u0105 one wykorzystane do opracowania ramowych scenariuszy na przysz\u0142o\u015b\u0107, opisuj\u0105cych r\u00f3\u017cne potencjalne mo\u017cliwo\u015bci dla sektora spo\u017cywczego w 2035 r. Scenariusze te b\u0119d\u0105 s\u0142u\u017cy\u0107 dostosowaniu innych pakiet\u00f3w prac do przysz\u0142ych wymaga\u0144 w sektorze spo\u017cywczym.<\/span><\/p>\n<p id=\"E1447\"><span id=\"E1448\" class=\"qowt-font6-TimesNewRoman\">Dla ka\u017cdego z czterech cykl\u00f3w \u017cywno\u015bciowych FOX zostan\u0105 opracowane szczeg\u00f3\u0142owe scenariusze regionalne podczas warsztat\u00f3w z udzia\u0142em ekspert\u00f3w wewn\u0119trznych i zewn\u0119trznych oraz odpowiednich zainteresowanych stron. Zbierze si\u0119 oko\u0142o 20 ekspert\u00f3w z ka\u017cdego regionu cyklu \u017cywno\u015bciowego, 5-10 ekspert\u00f3w wewn\u0119trznych i 10-15 ekspert\u00f3w z odpowiednich region\u00f3w. Warsztaty odb\u0119d\u0105 si\u0119 na marginesie lokalnych wydarze\u0144 i konferencji dotycz\u0105cych \u017cywno\u015bci, aby zmaksymalizowa\u0107 zaanga\u017cowanie lokalnych ekspert\u00f3w.<\/span><\/p>\n<p id=\"E1449\"><strong><span id=\"E1450\" class=\"qowt-font6-TimesNewRoman\">Modele biznesowe<\/span><\/strong><\/p>\n<p id=\"E1451\"><span id=\"E1452\" class=\"qowt-font6-TimesNewRoman\">Warto\u015b\u0107 dodana generowana przez<\/span><span id=\"E1453\" class=\"qowt-font6-TimesNewRoman\"> uproszczone<\/span><span id=\"E1454\" class=\"qowt-font6-TimesNewRoman\"> technologie przetwarzania \u017cywno\u015bci<\/span><span id=\"E1455\" class=\"qowt-font6-TimesNewRoman\"> <\/span><span id=\"E1456\" class=\"qowt-font6-TimesNewRoman\">jest korzystna dla rolnik\u00f3w. Aby zmaksymalizowa\u0107 d\u0142ugowieczno\u015b\u0107 cyklu \u017cywno\u015bciowego dla rolnik\u00f3w, nale\u017cy zastosowa\u0107 lub opracowa\u0107 odpowiednie modele biznesowe.<\/span><\/p>\n<p id=\"E1457\"><span id=\"E1458\" class=\"qowt-font6-TimesNewRoman\">Silny model biznesowy dotyczy nie tylko tworzenia i dystrybucji warto\u015bci dodanej, ale tak\u017ce podzia\u0142u ryzyka i zarz\u0105dzania zwi\u0105zanych z r\u00f3\u017cnymi prawami w\u0142asno\u015bci.<\/span><\/p>\n<p id=\"E1459\"><strong><span id=\"E1460\" class=\"qowt-font6-TimesNewRoman\">Partnerzy projektu<\/span><\/strong><\/p>\n<p id=\"E1461\"><a id=\"E1462\" contenteditable=\"false\" href=\"https:\/\/www.fox-foodprocessinginabox.eu\/portfolio-items\/partner022\/?portfolioCats=10%2C7%2C8%2C13%2C9%2C6%2C12%2C11%2C14\" target=\"_blank\" rel=\"noopener noreferrer\"><span id=\"E1463\" class=\"qowt-font6-TimesNewRoman\">Fraunhofer ISI<\/span><\/a><span id=\"E1464\" class=\"qowt-font6-TimesNewRoman\">\u00a0i\u00a0<\/span><a id=\"E1465\" contenteditable=\"false\" href=\"https:\/\/www.fox-foodprocessinginabox.eu\/portfolio-items\/partner023\/?portfolioCats=10%2C7%2C8%2C13%2C9%2C6%2C12%2C11%2C14\" target=\"_blank\" rel=\"noopener noreferrer\"><span id=\"E1466\" class=\"qowt-font6-TimesNewRoman\">KU Leuven<\/span><\/a><\/p>\n<p id=\"E1467\"><span id=\"E1468\" class=\"qowt-font6-TimesNewRoman\">Wszyscy inni partnerzy projektu s\u0105 zaanga\u017cowani w ten pakiet roboczy i wezm\u0105 udzia\u0142 w warsztatach.<\/span><\/p>\n<\/div><div class=\"fusion-clearfix\"><\/div><\/div><\/div><\/div><\/div>\n","protected":false},"excerpt":{"rendered":"","protected":false},"author":1,"featured_media":0,"parent":2388,"menu_order":0,"comment_status":"closed","ping_status":"closed","template":"","meta":{"footnotes":""},"class_list":["post-2395","page","type-page","status-publish","hentry"],"yoast_head":"<!-- This site is optimized with the Yoast SEO plugin v26.4 - https:\/\/yoast.com\/wordpress\/plugins\/seo\/ -->\n<title>Wizje i modele biznesowe - FOX<\/title>\n<meta name=\"robots\" content=\"index, follow, max-snippet:-1, max-image-preview:large, max-video-preview:-1\" \/>\n<link rel=\"canonical\" href=\"https:\/\/www.fox-foodprocessinginabox.eu\/pl\/badania\/wizje-i-modele-biznesowe\/\" \/>\n<meta property=\"og:locale\" content=\"pl_PL\" \/>\n<meta property=\"og:type\" content=\"article\" \/>\n<meta property=\"og:title\" content=\"Wizje i modele biznesowe - FOX\" \/>\n<meta property=\"og:url\" content=\"https:\/\/www.fox-foodprocessinginabox.eu\/pl\/badania\/wizje-i-modele-biznesowe\/\" \/>\n<meta property=\"og:site_name\" content=\"FOX\" \/>\n<meta property=\"article:modified_time\" content=\"2020-04-07T12:48:46+00:00\" \/>\n<meta name=\"twitter:card\" content=\"summary_large_image\" \/>\n<meta name=\"twitter:label1\" content=\"Szacowany czas czytania\" \/>\n\t<meta name=\"twitter:data1\" content=\"3 minuty\" \/>\n<script type=\"application\/ld+json\" class=\"yoast-schema-graph\">{\"@context\":\"https:\/\/schema.org\",\"@graph\":[{\"@type\":\"WebPage\",\"@id\":\"https:\/\/www.fox-foodprocessinginabox.eu\/pl\/badania\/wizje-i-modele-biznesowe\/\",\"url\":\"https:\/\/www.fox-foodprocessinginabox.eu\/pl\/badania\/wizje-i-modele-biznesowe\/\",\"name\":\"Wizje i modele biznesowe - FOX\",\"isPartOf\":{\"@id\":\"https:\/\/www.fox-foodprocessinginabox.eu\/cs\/#website\"},\"datePublished\":\"2019-12-27T08:37:00+00:00\",\"dateModified\":\"2020-04-07T12:48:46+00:00\",\"breadcrumb\":{\"@id\":\"https:\/\/www.fox-foodprocessinginabox.eu\/pl\/badania\/wizje-i-modele-biznesowe\/#breadcrumb\"},\"inLanguage\":\"pl-PL\",\"potentialAction\":[{\"@type\":\"ReadAction\",\"target\":[\"https:\/\/www.fox-foodprocessinginabox.eu\/pl\/badania\/wizje-i-modele-biznesowe\/\"]}]},{\"@type\":\"BreadcrumbList\",\"@id\":\"https:\/\/www.fox-foodprocessinginabox.eu\/pl\/badania\/wizje-i-modele-biznesowe\/#breadcrumb\",\"itemListElement\":[{\"@type\":\"ListItem\",\"position\":1,\"name\":\"Home\",\"item\":\"https:\/\/www.fox-foodprocessinginabox.eu\/pl\/\"},{\"@type\":\"ListItem\",\"position\":2,\"name\":\"Badania\",\"item\":\"https:\/\/www.fox-foodprocessinginabox.eu\/pl\/badania\/\"},{\"@type\":\"ListItem\",\"position\":3,\"name\":\"Wizje i modele biznesowe\"}]},{\"@type\":\"WebSite\",\"@id\":\"https:\/\/www.fox-foodprocessinginabox.eu\/cs\/#website\",\"url\":\"https:\/\/www.fox-foodprocessinginabox.eu\/cs\/\",\"name\":\"FOX\",\"description\":\"Food processing in a Box\",\"potentialAction\":[{\"@type\":\"SearchAction\",\"target\":{\"@type\":\"EntryPoint\",\"urlTemplate\":\"https:\/\/www.fox-foodprocessinginabox.eu\/cs\/?s={search_term_string}\"},\"query-input\":{\"@type\":\"PropertyValueSpecification\",\"valueRequired\":true,\"valueName\":\"search_term_string\"}}],\"inLanguage\":\"pl-PL\"}]}<\/script>\n<!-- \/ Yoast SEO plugin. -->","yoast_head_json":{"title":"Wizje i modele biznesowe - FOX","robots":{"index":"index","follow":"follow","max-snippet":"max-snippet:-1","max-image-preview":"max-image-preview:large","max-video-preview":"max-video-preview:-1"},"canonical":"https:\/\/www.fox-foodprocessinginabox.eu\/pl\/badania\/wizje-i-modele-biznesowe\/","og_locale":"pl_PL","og_type":"article","og_title":"Wizje i modele biznesowe - FOX","og_url":"https:\/\/www.fox-foodprocessinginabox.eu\/pl\/badania\/wizje-i-modele-biznesowe\/","og_site_name":"FOX","article_modified_time":"2020-04-07T12:48:46+00:00","twitter_card":"summary_large_image","twitter_misc":{"Szacowany czas czytania":"3 minuty"},"schema":{"@context":"https:\/\/schema.org","@graph":[{"@type":"WebPage","@id":"https:\/\/www.fox-foodprocessinginabox.eu\/pl\/badania\/wizje-i-modele-biznesowe\/","url":"https:\/\/www.fox-foodprocessinginabox.eu\/pl\/badania\/wizje-i-modele-biznesowe\/","name":"Wizje i modele biznesowe - FOX","isPartOf":{"@id":"https:\/\/www.fox-foodprocessinginabox.eu\/cs\/#website"},"datePublished":"2019-12-27T08:37:00+00:00","dateModified":"2020-04-07T12:48:46+00:00","breadcrumb":{"@id":"https:\/\/www.fox-foodprocessinginabox.eu\/pl\/badania\/wizje-i-modele-biznesowe\/#breadcrumb"},"inLanguage":"pl-PL","potentialAction":[{"@type":"ReadAction","target":["https:\/\/www.fox-foodprocessinginabox.eu\/pl\/badania\/wizje-i-modele-biznesowe\/"]}]},{"@type":"BreadcrumbList","@id":"https:\/\/www.fox-foodprocessinginabox.eu\/pl\/badania\/wizje-i-modele-biznesowe\/#breadcrumb","itemListElement":[{"@type":"ListItem","position":1,"name":"Home","item":"https:\/\/www.fox-foodprocessinginabox.eu\/pl\/"},{"@type":"ListItem","position":2,"name":"Badania","item":"https:\/\/www.fox-foodprocessinginabox.eu\/pl\/badania\/"},{"@type":"ListItem","position":3,"name":"Wizje i modele biznesowe"}]},{"@type":"WebSite","@id":"https:\/\/www.fox-foodprocessinginabox.eu\/cs\/#website","url":"https:\/\/www.fox-foodprocessinginabox.eu\/cs\/","name":"FOX","description":"Food processing in a Box","potentialAction":[{"@type":"SearchAction","target":{"@type":"EntryPoint","urlTemplate":"https:\/\/www.fox-foodprocessinginabox.eu\/cs\/?s={search_term_string}"},"query-input":{"@type":"PropertyValueSpecification","valueRequired":true,"valueName":"search_term_string"}}],"inLanguage":"pl-PL"}]}},"_links":{"self":[{"href":"https:\/\/www.fox-foodprocessinginabox.eu\/pl\/wp-json\/wp\/v2\/pages\/2395","targetHints":{"allow":["GET"]}}],"collection":[{"href":"https:\/\/www.fox-foodprocessinginabox.eu\/pl\/wp-json\/wp\/v2\/pages"}],"about":[{"href":"https:\/\/www.fox-foodprocessinginabox.eu\/pl\/wp-json\/wp\/v2\/types\/page"}],"author":[{"embeddable":true,"href":"https:\/\/www.fox-foodprocessinginabox.eu\/pl\/wp-json\/wp\/v2\/users\/1"}],"replies":[{"embeddable":true,"href":"https:\/\/www.fox-foodprocessinginabox.eu\/pl\/wp-json\/wp\/v2\/comments?post=2395"}],"version-history":[{"count":2,"href":"https:\/\/www.fox-foodprocessinginabox.eu\/pl\/wp-json\/wp\/v2\/pages\/2395\/revisions"}],"predecessor-version":[{"id":2397,"href":"https:\/\/www.fox-foodprocessinginabox.eu\/pl\/wp-json\/wp\/v2\/pages\/2395\/revisions\/2397"}],"up":[{"embeddable":true,"href":"https:\/\/www.fox-foodprocessinginabox.eu\/pl\/wp-json\/wp\/v2\/pages\/2388"}],"wp:attachment":[{"href":"https:\/\/www.fox-foodprocessinginabox.eu\/pl\/wp-json\/wp\/v2\/media?parent=2395"}],"curies":[{"name":"wp","href":"https:\/\/api.w.org\/{rel}","templated":true}]}}