{"id":2398,"date":"2019-12-27T09:38:47","date_gmt":"2019-12-27T08:38:47","guid":{"rendered":"http:\/\/www.fox-foodprocessinginabox.eu\/?page_id=2398"},"modified":"2020-04-07T15:02:10","modified_gmt":"2020-04-07T13:02:10","slug":"zaangazowanie-konsumentow","status":"publish","type":"page","link":"https:\/\/www.fox-foodprocessinginabox.eu\/pl\/badania\/zaangazowanie-konsumentow\/","title":{"rendered":"Zaanga\u017cowanie konsument\u00f3w"},"content":{"rendered":"<div class=\"fusion-fullwidth fullwidth-box fusion-builder-row-1 nonhundred-percent-fullwidth non-hundred-percent-height-scrolling\" style=\"background-color: rgba(255,255,255,0);background-position: center center;background-repeat: no-repeat;padding-top:0px;padding-right:0px;padding-bottom:0px;padding-left:0px;margin-bottom: 0px;margin-top: 0px;border-width: 0px 0px 0px 0px;border-color:#eae9e9;border-style:solid;\" ><div class=\"fusion-builder-row fusion-row\"><div class=\"fusion-layout-column fusion_builder_column fusion-builder-column-0 fusion_builder_column_1_1 1_1 fusion-one-full fusion-column-first fusion-column-last\" style=\"margin-top:0px;margin-bottom:20px;\"><div class=\"fusion-column-wrapper fusion-flex-column-wrapper-legacy\" style=\"background-position:left top;background-repeat:no-repeat;-webkit-background-size:cover;-moz-background-size:cover;-o-background-size:cover;background-size:cover;padding: 0px 0px 0px 0px;\"><div class=\"fusion-text fusion-text-1\"><p id=\"E1472\"><strong><span id=\"E1473\" class=\"qowt-font6-TimesNewRoman\">Cel<\/span><\/strong><\/p>\n<p id=\"E1474\"><span id=\"E1475\" class=\"qowt-font6-TimesNewRoman\">Zadanie zwi\u0105zane z zaanga\u017cowaniem konsument\u00f3w ma na celu zapewnienie, \u017ce rozw\u00f3j cykl\u00f3w \u017cywno\u015bciowych odbywa si\u0119 w spos\u00f3b ukierunkowany na konsumenta. Konsumenci b\u0119d\u0105 zaanga\u017cowani w rozw\u00f3j cykl\u00f3w \u017cywno\u015bciowych poprzez ustanowione linie komunikacyjne z lokalnymi dostawcami cyklu \u017cywno\u015bciowego.<\/span><\/p>\n<p id=\"E1476\"><span id=\"E1477\" class=\"qowt-font6-TimesNewRoman\">Aby zaanga\u017cowa\u0107 lokalnych konsument\u00f3w w cykle \u017cywno\u015bciowe, nale\u017cy zbada\u0107 dwa aspekty:<\/span><\/p>\n<ul>\n<li id=\"E1478\" class=\"qowt-li-11_0 qowt-list\"><span id=\"E1479\">Jakie s\u0105 obecne warto\u015bci konsumenckie, postawy i zachowania zakupowe?<\/span><\/li>\n<li id=\"E1480\" class=\"qowt-li-11_0 qowt-list\"><span id=\"E1481\">Jaka jest motywacja i zdolno\u015b\u0107 lokalnych konsument\u00f3w do anga\u017cowania si\u0119 w rozw\u00f3j regionalnego cyklu \u017cywno\u015bciowego?<\/span><\/li>\n<\/ul>\n<p id=\"E1482\"><strong><span id=\"E1483\" class=\"qowt-font6-TimesNewRoman\">Zachowanie przy zakupie \u017cywno\u015bci<\/span><\/strong><\/p>\n<p id=\"E1484\"><span id=\"E1485\" class=\"qowt-font6-TimesNewRoman\">Warto\u015bci i postawy zwi\u0105zane z wyborem \u017cywno\u015bci przez konsument\u00f3w owoc\u00f3w i warzyw to:<\/span><\/p>\n<ul>\n<li id=\"E1486\" class=\"qowt-li-3_0 qowt-list\"><span id=\"E1487\">Troska o zr\u00f3wnowa\u017cony rozw\u00f3j<\/span><\/li>\n<li id=\"E1488\" class=\"qowt-li-3_0 qowt-list\"><span id=\"E1489\">Pragnienie autentyczno\u015bci<\/span><\/li>\n<li id=\"E1490\" class=\"qowt-li-3_0 qowt-list\"><span id=\"E1491\">Zaufanie do \u0142a\u0144cucha \u017cywno\u015bci<\/span><\/li>\n<li id=\"E1492\" class=\"qowt-li-3_0 qowt-list\"><span id=\"E1493\">\u015awiadomo\u015b\u0107 zdrowotna<\/span><\/li>\n<li id=\"E1494\" class=\"qowt-li-3_0 qowt-list\"><span id=\"E1495\">Styl \u017cycia zwi\u0105zany z jedzeniem<\/span><\/li>\n<\/ul>\n<p id=\"E1496\"><span id=\"E1497\" class=\"qowt-font6-TimesNewRoman\">Ankieta online zmapuje warto\u015bci, postawy konsument\u00f3w i zbada zmiany zachowa\u0144 zakupowych w czasie. Wyniki pozwol\u0105 uzyska\u0107 wgl\u0105d w potencja\u0142 lokalnego zaanga\u017cowania konsument\u00f3w w dzia\u0142ania zwi\u0105zane z produkcj\u0105 \u017cywno\u015bci przy u\u017cyciu nowoczesnych technologii zlokalizowanych i zostan\u0105 rozpowszechnione w regionach partnerskich.<\/span><\/p>\n<p id=\"E1498\"><strong><span id=\"E1499\" class=\"qowt-font6-TimesNewRoman\">FOXLINK<\/span><\/strong><\/p>\n<p><span id=\"E1501\" class=\"qowt-font6-TimesNewRoman\">Aplikacja FOXLINK b\u0119dzie s\u0142u\u017cy\u0107 jako platforma komunikacyjna mi\u0119dzy konsumentami oraz mi\u0119dzy konsumentami a dostawcami. Aplikacja b\u0119dzie mia\u0142a zindywidualizowane <\/span><\/p>\n<p><span class=\"qowt-font6-TimesNewRoman\">profile i b\u0119dzie dostarcza\u0107 informacji na temat technologii produkcji, wp\u0142ywu na zdrowie, \u015brodowisko i \u017cycie na wsi zwi\u0105zanych z cyklem \u017cywno\u015bciowym.<\/span><\/p>\n<p id=\"E1502\"><span id=\"E1503\" class=\"qowt-font6-TimesNewRoman\">Aplikacja b\u0119dzie dost\u0119pna na smartfony i tablety oraz b\u0119dzie powi\u0105zana z innymi kana\u0142ami komunikacji, takimi jak Facebook i Twitter. Ostateczna aplikacja b\u0119dzie dost\u0119pna we wszystkich j\u0119zykach sze\u015bciu region\u00f3w cyklu \u017cywno\u015bciowego (czeski, holenderski, francuski, niemiecki, polski, hiszpa\u0144ski).<\/span><\/p>\n<p id=\"E1504\"><strong><span id=\"E1505\" class=\"qowt-font6-TimesNewRoman\">Partnerzy projektu<\/span><\/strong><\/p>\n<p id=\"E1506\"><span id=\"E1507\" class=\"qowt-font6-TimesNewRoman\">Partnerami projektu w\u0142\u0105czonymi w zaanga\u017cowanie konsument\u00f3w s\u0105 AU, AINIA, WULS-SGGW, EUFIC, CTCPA, KOB, FOODTECH i AGRO CR.<\/span><\/p>\n<\/div><div class=\"fusion-clearfix\"><\/div><\/div><\/div><\/div><\/div>\n","protected":false},"excerpt":{"rendered":"","protected":false},"author":1,"featured_media":0,"parent":2388,"menu_order":0,"comment_status":"closed","ping_status":"closed","template":"","meta":{"footnotes":""},"class_list":["post-2398","page","type-page","status-publish","hentry"],"yoast_head":"<!-- This site is optimized with the Yoast SEO plugin v26.4 - https:\/\/yoast.com\/wordpress\/plugins\/seo\/ -->\n<title>Zaanga\u017cowanie konsument\u00f3w - FOX<\/title>\n<meta name=\"robots\" content=\"index, follow, max-snippet:-1, max-image-preview:large, max-video-preview:-1\" \/>\n<link rel=\"canonical\" href=\"https:\/\/www.fox-foodprocessinginabox.eu\/pl\/badania\/zaangazowanie-konsumentow\/\" \/>\n<meta property=\"og:locale\" content=\"pl_PL\" \/>\n<meta property=\"og:type\" content=\"article\" \/>\n<meta property=\"og:title\" content=\"Zaanga\u017cowanie konsument\u00f3w - FOX\" \/>\n<meta property=\"og:url\" content=\"https:\/\/www.fox-foodprocessinginabox.eu\/pl\/badania\/zaangazowanie-konsumentow\/\" \/>\n<meta property=\"og:site_name\" content=\"FOX\" \/>\n<meta property=\"article:modified_time\" content=\"2020-04-07T13:02:10+00:00\" \/>\n<meta name=\"twitter:card\" content=\"summary_large_image\" \/>\n<meta name=\"twitter:label1\" content=\"Szacowany czas czytania\" \/>\n\t<meta name=\"twitter:data1\" content=\"3 minuty\" \/>\n<script type=\"application\/ld+json\" class=\"yoast-schema-graph\">{\"@context\":\"https:\/\/schema.org\",\"@graph\":[{\"@type\":\"WebPage\",\"@id\":\"https:\/\/www.fox-foodprocessinginabox.eu\/pl\/badania\/zaangazowanie-konsumentow\/\",\"url\":\"https:\/\/www.fox-foodprocessinginabox.eu\/pl\/badania\/zaangazowanie-konsumentow\/\",\"name\":\"Zaanga\u017cowanie konsument\u00f3w - FOX\",\"isPartOf\":{\"@id\":\"https:\/\/www.fox-foodprocessinginabox.eu\/cs\/#website\"},\"datePublished\":\"2019-12-27T08:38:47+00:00\",\"dateModified\":\"2020-04-07T13:02:10+00:00\",\"breadcrumb\":{\"@id\":\"https:\/\/www.fox-foodprocessinginabox.eu\/pl\/badania\/zaangazowanie-konsumentow\/#breadcrumb\"},\"inLanguage\":\"pl-PL\",\"potentialAction\":[{\"@type\":\"ReadAction\",\"target\":[\"https:\/\/www.fox-foodprocessinginabox.eu\/pl\/badania\/zaangazowanie-konsumentow\/\"]}]},{\"@type\":\"BreadcrumbList\",\"@id\":\"https:\/\/www.fox-foodprocessinginabox.eu\/pl\/badania\/zaangazowanie-konsumentow\/#breadcrumb\",\"itemListElement\":[{\"@type\":\"ListItem\",\"position\":1,\"name\":\"Home\",\"item\":\"https:\/\/www.fox-foodprocessinginabox.eu\/pl\/\"},{\"@type\":\"ListItem\",\"position\":2,\"name\":\"Badania\",\"item\":\"https:\/\/www.fox-foodprocessinginabox.eu\/pl\/badania\/\"},{\"@type\":\"ListItem\",\"position\":3,\"name\":\"Zaanga\u017cowanie konsument\u00f3w\"}]},{\"@type\":\"WebSite\",\"@id\":\"https:\/\/www.fox-foodprocessinginabox.eu\/cs\/#website\",\"url\":\"https:\/\/www.fox-foodprocessinginabox.eu\/cs\/\",\"name\":\"FOX\",\"description\":\"Food processing in a Box\",\"potentialAction\":[{\"@type\":\"SearchAction\",\"target\":{\"@type\":\"EntryPoint\",\"urlTemplate\":\"https:\/\/www.fox-foodprocessinginabox.eu\/cs\/?s={search_term_string}\"},\"query-input\":{\"@type\":\"PropertyValueSpecification\",\"valueRequired\":true,\"valueName\":\"search_term_string\"}}],\"inLanguage\":\"pl-PL\"}]}<\/script>\n<!-- \/ Yoast SEO plugin. -->","yoast_head_json":{"title":"Zaanga\u017cowanie konsument\u00f3w - FOX","robots":{"index":"index","follow":"follow","max-snippet":"max-snippet:-1","max-image-preview":"max-image-preview:large","max-video-preview":"max-video-preview:-1"},"canonical":"https:\/\/www.fox-foodprocessinginabox.eu\/pl\/badania\/zaangazowanie-konsumentow\/","og_locale":"pl_PL","og_type":"article","og_title":"Zaanga\u017cowanie konsument\u00f3w - FOX","og_url":"https:\/\/www.fox-foodprocessinginabox.eu\/pl\/badania\/zaangazowanie-konsumentow\/","og_site_name":"FOX","article_modified_time":"2020-04-07T13:02:10+00:00","twitter_card":"summary_large_image","twitter_misc":{"Szacowany czas czytania":"3 minuty"},"schema":{"@context":"https:\/\/schema.org","@graph":[{"@type":"WebPage","@id":"https:\/\/www.fox-foodprocessinginabox.eu\/pl\/badania\/zaangazowanie-konsumentow\/","url":"https:\/\/www.fox-foodprocessinginabox.eu\/pl\/badania\/zaangazowanie-konsumentow\/","name":"Zaanga\u017cowanie konsument\u00f3w - FOX","isPartOf":{"@id":"https:\/\/www.fox-foodprocessinginabox.eu\/cs\/#website"},"datePublished":"2019-12-27T08:38:47+00:00","dateModified":"2020-04-07T13:02:10+00:00","breadcrumb":{"@id":"https:\/\/www.fox-foodprocessinginabox.eu\/pl\/badania\/zaangazowanie-konsumentow\/#breadcrumb"},"inLanguage":"pl-PL","potentialAction":[{"@type":"ReadAction","target":["https:\/\/www.fox-foodprocessinginabox.eu\/pl\/badania\/zaangazowanie-konsumentow\/"]}]},{"@type":"BreadcrumbList","@id":"https:\/\/www.fox-foodprocessinginabox.eu\/pl\/badania\/zaangazowanie-konsumentow\/#breadcrumb","itemListElement":[{"@type":"ListItem","position":1,"name":"Home","item":"https:\/\/www.fox-foodprocessinginabox.eu\/pl\/"},{"@type":"ListItem","position":2,"name":"Badania","item":"https:\/\/www.fox-foodprocessinginabox.eu\/pl\/badania\/"},{"@type":"ListItem","position":3,"name":"Zaanga\u017cowanie konsument\u00f3w"}]},{"@type":"WebSite","@id":"https:\/\/www.fox-foodprocessinginabox.eu\/cs\/#website","url":"https:\/\/www.fox-foodprocessinginabox.eu\/cs\/","name":"FOX","description":"Food processing in a Box","potentialAction":[{"@type":"SearchAction","target":{"@type":"EntryPoint","urlTemplate":"https:\/\/www.fox-foodprocessinginabox.eu\/cs\/?s={search_term_string}"},"query-input":{"@type":"PropertyValueSpecification","valueRequired":true,"valueName":"search_term_string"}}],"inLanguage":"pl-PL"}]}},"_links":{"self":[{"href":"https:\/\/www.fox-foodprocessinginabox.eu\/pl\/wp-json\/wp\/v2\/pages\/2398","targetHints":{"allow":["GET"]}}],"collection":[{"href":"https:\/\/www.fox-foodprocessinginabox.eu\/pl\/wp-json\/wp\/v2\/pages"}],"about":[{"href":"https:\/\/www.fox-foodprocessinginabox.eu\/pl\/wp-json\/wp\/v2\/types\/page"}],"author":[{"embeddable":true,"href":"https:\/\/www.fox-foodprocessinginabox.eu\/pl\/wp-json\/wp\/v2\/users\/1"}],"replies":[{"embeddable":true,"href":"https:\/\/www.fox-foodprocessinginabox.eu\/pl\/wp-json\/wp\/v2\/comments?post=2398"}],"version-history":[{"count":2,"href":"https:\/\/www.fox-foodprocessinginabox.eu\/pl\/wp-json\/wp\/v2\/pages\/2398\/revisions"}],"predecessor-version":[{"id":2400,"href":"https:\/\/www.fox-foodprocessinginabox.eu\/pl\/wp-json\/wp\/v2\/pages\/2398\/revisions\/2400"}],"up":[{"embeddable":true,"href":"https:\/\/www.fox-foodprocessinginabox.eu\/pl\/wp-json\/wp\/v2\/pages\/2388"}],"wp:attachment":[{"href":"https:\/\/www.fox-foodprocessinginabox.eu\/pl\/wp-json\/wp\/v2\/media?parent=2398"}],"curies":[{"name":"wp","href":"https:\/\/api.w.org\/{rel}","templated":true}]}}