{"id":2401,"date":"2019-12-27T09:39:56","date_gmt":"2019-12-27T08:39:56","guid":{"rendered":"http:\/\/www.fox-foodprocessinginabox.eu\/?page_id=2401"},"modified":"2020-04-07T15:02:05","modified_gmt":"2020-04-07T13:02:05","slug":"wplyw-na-zrownowazony-rozwoj-i-zdrowie","status":"publish","type":"page","link":"https:\/\/www.fox-foodprocessinginabox.eu\/pl\/badania\/wplyw-na-zrownowazony-rozwoj-i-zdrowie\/","title":{"rendered":"Wp\u0142yw na zr\u00f3wnowa\u017cony rozw\u00f3j i zdrowie"},"content":{"rendered":"<div class=\"fusion-fullwidth fullwidth-box fusion-builder-row-1 nonhundred-percent-fullwidth non-hundred-percent-height-scrolling\" style=\"background-color: rgba(255,255,255,0);background-position: center center;background-repeat: no-repeat;padding-top:0px;padding-right:0px;padding-bottom:0px;padding-left:0px;margin-bottom: 0px;margin-top: 0px;border-width: 0px 0px 0px 0px;border-color:#eae9e9;border-style:solid;\" ><div class=\"fusion-builder-row fusion-row\"><div class=\"fusion-layout-column fusion_builder_column fusion-builder-column-0 fusion_builder_column_1_1 1_1 fusion-one-full fusion-column-first fusion-column-last\" style=\"margin-top:0px;margin-bottom:20px;\"><div class=\"fusion-column-wrapper fusion-flex-column-wrapper-legacy\" style=\"background-position:left top;background-repeat:no-repeat;-webkit-background-size:cover;-moz-background-size:cover;-o-background-size:cover;background-size:cover;padding: 0px 0px 0px 0px;\"><div class=\"fusion-text fusion-text-1\"><p id=\"E1511\"><strong><span id=\"E1512\" class=\"qowt-font6-TimesNewRoman\">Cel<\/span><\/strong><\/p>\n<p id=\"E1513\"><span id=\"E1514\" class=\"qowt-font6-TimesNewRoman\">Zadanie ma na celu ocen\u0119 trzech r\u00f3\u017cnych skutk\u00f3w czterech modelowych podej\u015b\u0107 regionalnych FOX:<\/span><\/p>\n<ul>\n<li id=\"E1515\" class=\"qowt-li-7_0 qowt-list\"><span id=\"E1516\">Wp\u0142yw na \u015brodowisko<\/span><\/li>\n<\/ul>\n<p id=\"E1517\"><span id=\"E1518\" class=\"qowt-font6-TimesNewRoman\">Analiza cyklu \u017cycia (LCA) b\u0119dzie przeprowadzana i dostosowywana w trakcie ca\u0142ego projektu. <\/span><span id=\"E1519\" class=\"qowt-font6-TimesNewRoman\">Wp\u0142yw na \u015brodowisko<\/span><span id=\"E1520\" class=\"qowt-font6-TimesNewRoman\"> b\u0119dzie oceniany zgodnie z Mi\u0119dzynarodowymi Referencyjnymi Danymi Cyklu \u017bycia, metod\u0105 opisan\u0105 w przewodniku dotycz\u0105cym \u015bladu \u015brodowiskowego produktu (PEF), kt\u00f3ry s\u0142u\u017cy jako zharmonizowana europejska metoda wp\u0142ywu na \u015brodowisko.<\/span><\/p>\n<ul>\n<li id=\"E1521\" class=\"qowt-li-2_0 qowt-list\"><span id=\"E1522\">Wp\u0142yw spo\u0142eczno-gospodarczy<\/span><\/li>\n<\/ul>\n<p id=\"E1523\"><span id=\"E1524\" class=\"qowt-font6-TimesNewRoman\">Zostan\u0105 wygenerowane dane o lokalnych mo\u017cliwo\u015bciach zatrudnienia i kosztach cyklu \u017cycia oraz por\u00f3wnanie bardziej tradycyjnych<\/span><span id=\"E1525\" class=\"qowt-font6-TimesNewRoman\"> z\u0142o\u017conych<\/span><span id=\"E1526\" class=\"qowt-font6-TimesNewRoman\"> technologii przetwarzania.<\/span><\/p>\n<ul>\n<li id=\"E1527\" class=\"qowt-li-1_0 qowt-list\"><span id=\"E1528\">Wp\u0142yw na zdrowie<\/span><\/li>\n<\/ul>\n<p id=\"E1529\"><span id=\"E1530\" class=\"qowt-font6-TimesNewRoman\">Warto\u015b\u0107 od\u017cywcza \u017cywno\u015bci przetworzonej przez FOX zostanie ustalona poprzez ocen\u0119 systemu Nutriscore i por\u00f3wnanie sk\u0142adu produktu z podobn\u0105 \u017cywno\u015bci\u0105 wytwarzan\u0105 przy u\u017cyciu innych technologii.<\/span><\/p>\n<p id=\"E1531\"><strong><span id=\"E1532\" class=\"qowt-font6-TimesNewRoman\">Partnerzy projektu<\/span><\/strong><\/p>\n<p id=\"E1533\"><span id=\"E1534\" class=\"qowt-font6-TimesNewRoman\">Partnerami projektu zaanga\u017cowanymi w badania wp\u0142ywu podej\u015bcia FOX na zr\u00f3wnowa\u017cony rozw\u00f3j i zdrowie s\u0105 KU LEUVEN, DIL, WR, AU, WULS-SGGW i NUTRIS.<\/span><\/p>\n<\/div><div class=\"fusion-clearfix\"><\/div><\/div><\/div><\/div><\/div>\n","protected":false},"excerpt":{"rendered":"","protected":false},"author":1,"featured_media":0,"parent":2388,"menu_order":0,"comment_status":"closed","ping_status":"closed","template":"","meta":{"footnotes":""},"class_list":["post-2401","page","type-page","status-publish","hentry"],"yoast_head":"<!-- This site is optimized with the Yoast SEO plugin v26.4 - https:\/\/yoast.com\/wordpress\/plugins\/seo\/ -->\n<title>Wp\u0142yw na zr\u00f3wnowa\u017cony rozw\u00f3j i zdrowie - FOX<\/title>\n<meta name=\"robots\" content=\"index, follow, max-snippet:-1, max-image-preview:large, max-video-preview:-1\" \/>\n<link rel=\"canonical\" href=\"https:\/\/www.fox-foodprocessinginabox.eu\/pl\/badania\/wplyw-na-zrownowazony-rozwoj-i-zdrowie\/\" \/>\n<meta property=\"og:locale\" content=\"pl_PL\" \/>\n<meta property=\"og:type\" content=\"article\" \/>\n<meta property=\"og:title\" content=\"Wp\u0142yw na zr\u00f3wnowa\u017cony rozw\u00f3j i zdrowie - FOX\" \/>\n<meta property=\"og:url\" content=\"https:\/\/www.fox-foodprocessinginabox.eu\/pl\/badania\/wplyw-na-zrownowazony-rozwoj-i-zdrowie\/\" \/>\n<meta property=\"og:site_name\" content=\"FOX\" \/>\n<meta property=\"article:modified_time\" content=\"2020-04-07T13:02:05+00:00\" \/>\n<meta name=\"twitter:card\" content=\"summary_large_image\" \/>\n<meta name=\"twitter:label1\" content=\"Szacowany czas czytania\" \/>\n\t<meta name=\"twitter:data1\" content=\"2 minuty\" \/>\n<script type=\"application\/ld+json\" class=\"yoast-schema-graph\">{\"@context\":\"https:\/\/schema.org\",\"@graph\":[{\"@type\":\"WebPage\",\"@id\":\"https:\/\/www.fox-foodprocessinginabox.eu\/pl\/badania\/wplyw-na-zrownowazony-rozwoj-i-zdrowie\/\",\"url\":\"https:\/\/www.fox-foodprocessinginabox.eu\/pl\/badania\/wplyw-na-zrownowazony-rozwoj-i-zdrowie\/\",\"name\":\"Wp\u0142yw na zr\u00f3wnowa\u017cony rozw\u00f3j i zdrowie - FOX\",\"isPartOf\":{\"@id\":\"https:\/\/www.fox-foodprocessinginabox.eu\/cs\/#website\"},\"datePublished\":\"2019-12-27T08:39:56+00:00\",\"dateModified\":\"2020-04-07T13:02:05+00:00\",\"breadcrumb\":{\"@id\":\"https:\/\/www.fox-foodprocessinginabox.eu\/pl\/badania\/wplyw-na-zrownowazony-rozwoj-i-zdrowie\/#breadcrumb\"},\"inLanguage\":\"pl-PL\",\"potentialAction\":[{\"@type\":\"ReadAction\",\"target\":[\"https:\/\/www.fox-foodprocessinginabox.eu\/pl\/badania\/wplyw-na-zrownowazony-rozwoj-i-zdrowie\/\"]}]},{\"@type\":\"BreadcrumbList\",\"@id\":\"https:\/\/www.fox-foodprocessinginabox.eu\/pl\/badania\/wplyw-na-zrownowazony-rozwoj-i-zdrowie\/#breadcrumb\",\"itemListElement\":[{\"@type\":\"ListItem\",\"position\":1,\"name\":\"Home\",\"item\":\"https:\/\/www.fox-foodprocessinginabox.eu\/pl\/\"},{\"@type\":\"ListItem\",\"position\":2,\"name\":\"Badania\",\"item\":\"https:\/\/www.fox-foodprocessinginabox.eu\/pl\/badania\/\"},{\"@type\":\"ListItem\",\"position\":3,\"name\":\"Wp\u0142yw na zr\u00f3wnowa\u017cony rozw\u00f3j i zdrowie\"}]},{\"@type\":\"WebSite\",\"@id\":\"https:\/\/www.fox-foodprocessinginabox.eu\/cs\/#website\",\"url\":\"https:\/\/www.fox-foodprocessinginabox.eu\/cs\/\",\"name\":\"FOX\",\"description\":\"Food processing in a Box\",\"potentialAction\":[{\"@type\":\"SearchAction\",\"target\":{\"@type\":\"EntryPoint\",\"urlTemplate\":\"https:\/\/www.fox-foodprocessinginabox.eu\/cs\/?s={search_term_string}\"},\"query-input\":{\"@type\":\"PropertyValueSpecification\",\"valueRequired\":true,\"valueName\":\"search_term_string\"}}],\"inLanguage\":\"pl-PL\"}]}<\/script>\n<!-- \/ Yoast SEO plugin. -->","yoast_head_json":{"title":"Wp\u0142yw na zr\u00f3wnowa\u017cony rozw\u00f3j i zdrowie - FOX","robots":{"index":"index","follow":"follow","max-snippet":"max-snippet:-1","max-image-preview":"max-image-preview:large","max-video-preview":"max-video-preview:-1"},"canonical":"https:\/\/www.fox-foodprocessinginabox.eu\/pl\/badania\/wplyw-na-zrownowazony-rozwoj-i-zdrowie\/","og_locale":"pl_PL","og_type":"article","og_title":"Wp\u0142yw na zr\u00f3wnowa\u017cony rozw\u00f3j i zdrowie - FOX","og_url":"https:\/\/www.fox-foodprocessinginabox.eu\/pl\/badania\/wplyw-na-zrownowazony-rozwoj-i-zdrowie\/","og_site_name":"FOX","article_modified_time":"2020-04-07T13:02:05+00:00","twitter_card":"summary_large_image","twitter_misc":{"Szacowany czas czytania":"2 minuty"},"schema":{"@context":"https:\/\/schema.org","@graph":[{"@type":"WebPage","@id":"https:\/\/www.fox-foodprocessinginabox.eu\/pl\/badania\/wplyw-na-zrownowazony-rozwoj-i-zdrowie\/","url":"https:\/\/www.fox-foodprocessinginabox.eu\/pl\/badania\/wplyw-na-zrownowazony-rozwoj-i-zdrowie\/","name":"Wp\u0142yw na zr\u00f3wnowa\u017cony rozw\u00f3j i zdrowie - FOX","isPartOf":{"@id":"https:\/\/www.fox-foodprocessinginabox.eu\/cs\/#website"},"datePublished":"2019-12-27T08:39:56+00:00","dateModified":"2020-04-07T13:02:05+00:00","breadcrumb":{"@id":"https:\/\/www.fox-foodprocessinginabox.eu\/pl\/badania\/wplyw-na-zrownowazony-rozwoj-i-zdrowie\/#breadcrumb"},"inLanguage":"pl-PL","potentialAction":[{"@type":"ReadAction","target":["https:\/\/www.fox-foodprocessinginabox.eu\/pl\/badania\/wplyw-na-zrownowazony-rozwoj-i-zdrowie\/"]}]},{"@type":"BreadcrumbList","@id":"https:\/\/www.fox-foodprocessinginabox.eu\/pl\/badania\/wplyw-na-zrownowazony-rozwoj-i-zdrowie\/#breadcrumb","itemListElement":[{"@type":"ListItem","position":1,"name":"Home","item":"https:\/\/www.fox-foodprocessinginabox.eu\/pl\/"},{"@type":"ListItem","position":2,"name":"Badania","item":"https:\/\/www.fox-foodprocessinginabox.eu\/pl\/badania\/"},{"@type":"ListItem","position":3,"name":"Wp\u0142yw na zr\u00f3wnowa\u017cony rozw\u00f3j i zdrowie"}]},{"@type":"WebSite","@id":"https:\/\/www.fox-foodprocessinginabox.eu\/cs\/#website","url":"https:\/\/www.fox-foodprocessinginabox.eu\/cs\/","name":"FOX","description":"Food processing in a Box","potentialAction":[{"@type":"SearchAction","target":{"@type":"EntryPoint","urlTemplate":"https:\/\/www.fox-foodprocessinginabox.eu\/cs\/?s={search_term_string}"},"query-input":{"@type":"PropertyValueSpecification","valueRequired":true,"valueName":"search_term_string"}}],"inLanguage":"pl-PL"}]}},"_links":{"self":[{"href":"https:\/\/www.fox-foodprocessinginabox.eu\/pl\/wp-json\/wp\/v2\/pages\/2401","targetHints":{"allow":["GET"]}}],"collection":[{"href":"https:\/\/www.fox-foodprocessinginabox.eu\/pl\/wp-json\/wp\/v2\/pages"}],"about":[{"href":"https:\/\/www.fox-foodprocessinginabox.eu\/pl\/wp-json\/wp\/v2\/types\/page"}],"author":[{"embeddable":true,"href":"https:\/\/www.fox-foodprocessinginabox.eu\/pl\/wp-json\/wp\/v2\/users\/1"}],"replies":[{"embeddable":true,"href":"https:\/\/www.fox-foodprocessinginabox.eu\/pl\/wp-json\/wp\/v2\/comments?post=2401"}],"version-history":[{"count":2,"href":"https:\/\/www.fox-foodprocessinginabox.eu\/pl\/wp-json\/wp\/v2\/pages\/2401\/revisions"}],"predecessor-version":[{"id":2403,"href":"https:\/\/www.fox-foodprocessinginabox.eu\/pl\/wp-json\/wp\/v2\/pages\/2401\/revisions\/2403"}],"up":[{"embeddable":true,"href":"https:\/\/www.fox-foodprocessinginabox.eu\/pl\/wp-json\/wp\/v2\/pages\/2388"}],"wp:attachment":[{"href":"https:\/\/www.fox-foodprocessinginabox.eu\/pl\/wp-json\/wp\/v2\/media?parent=2401"}],"curies":[{"name":"wp","href":"https:\/\/api.w.org\/{rel}","templated":true}]}}