{"id":2404,"date":"2019-12-27T09:41:01","date_gmt":"2019-12-27T08:41:01","guid":{"rendered":"http:\/\/www.fox-foodprocessinginabox.eu\/?page_id=2404"},"modified":"2022-04-26T15:41:41","modified_gmt":"2022-04-26T13:41:41","slug":"zasoby","status":"publish","type":"page","link":"https:\/\/www.fox-foodprocessinginabox.eu\/pl\/badania\/zasoby\/","title":{"rendered":"Zasoby"},"content":{"rendered":"<div class=\"fusion-fullwidth fullwidth-box fusion-builder-row-1 nonhundred-percent-fullwidth non-hundred-percent-height-scrolling\" style=\"background-color: rgba(255,255,255,0);background-position: center center;background-repeat: no-repeat;padding-top:0px;padding-right:0px;padding-bottom:0px;padding-left:0px;margin-bottom: 0px;margin-top: 0px;border-width: 0px 0px 0px 0px;border-color:#eae9e9;border-style:solid;\" ><div class=\"fusion-builder-row fusion-row\"><div class=\"fusion-layout-column fusion_builder_column fusion-builder-column-0 fusion_builder_column_1_1 1_1 fusion-one-full fusion-column-first fusion-column-last\" style=\"margin-top:0px;margin-bottom:20px;\"><div class=\"fusion-column-wrapper fusion-flex-column-wrapper-legacy\" style=\"background-position:left top;background-repeat:no-repeat;-webkit-background-size:cover;-moz-background-size:cover;-o-background-size:cover;background-size:cover;padding: 0px 0px 0px 0px;\"><style type=\"text\/css\">#accordion-2404-1 .fusion-panel:hover{ border-color: #e0dede } #accordion-2404-1 .fusion-panel { border-color:#e0dede; }.fusion-accordian  #accordion-2404-1 .panel-title a .fa-fusion-box{ color: #ffffff;}.fusion-accordian  #accordion-2404-1 .panel-title a .fa-fusion-box:before{ font-size: 13px; width: 13px;}.fusion-accordian  #accordion-2404-1 .panel-title a{font-size:26px;line-height:1.5;color:#333333;font-family:\"Antic Slab\";font-weight:400;}.fusion-accordian  #accordion-2404-1 .toggle-content{font-size:15px;color:#000000;font-family:\"PT Sans\";font-weight:400;}.fusion-accordian  #accordion-2404-1 .fa-fusion-box { background-color: #333333;border-color: #333333;}.fusion-accordian  #accordion-2404-1 .panel-title a:not(.active):hover, #accordion-2404-1 .fusion-toggle-boxed-mode:hover .panel-title a { color: #a0ce4e;}.fusion-accordian  #accordion-2404-1 .panel-title .active .fa-fusion-box,.fusion-accordian  #accordion-2404-1 .panel-title a:not(.active):hover .fa-fusion-box { background-color: #a0ce4e!important;border-color: #a0ce4e!important;}<\/style><div class=\"accordian fusion-accordian\"><div class=\"panel-group\" id=\"accordion-2404-1\"><style type=\"text\/css\">.fusion-accordian  #accordion-2404-1 .panel-7b07f1410d486006f .panel-title a{}.fusion-accordian  #accordion-2404-1 .panel-7b07f1410d486006f .toggle-content{}<\/style><div class=\"fusion-panel panel-default panel-7b07f1410d486006f\"><div class=\"panel-heading\"><h4 class=\"panel-title toggle\" id=\"toggle_7b07f1410d486006f\"><a aria-expanded=\"false\" aria-controls=\"7b07f1410d486006f\" role=\"button\" data-toggle=\"collapse\" data-parent=\"#accordion-2404-1\" data-target=\"#7b07f1410d486006f\" href=\"#7b07f1410d486006f\"><span class=\"fusion-toggle-icon-wrapper\" aria-hidden=\"true\"><i class=\"fa-fusion-box active-icon awb-icon-minus\" aria-hidden=\"true\"><\/i><i class=\"fa-fusion-box inactive-icon awb-icon-plus\" aria-hidden=\"true\"><\/i><\/span><span class=\"fusion-toggle-heading\">ULOTKA<\/span><\/a><\/h4><\/div><div id=\"7b07f1410d486006f\" class=\"panel-collapse collapse \" araia-labelledby=\"toggle_7b07f1410d486006f\"><div class=\"panel-body toggle-content fusion-clearfix\">\n<p><img decoding=\"async\" class=\"lazyload alignnone wp-image-5667\" src=\"data:image\/svg+xml,%3Csvg%20xmlns%3D%27http%3A%2F%2Fwww.w3.org%2F2000%2Fsvg%27%20width%3D%27451%27%20height%3D%27331%27%20viewBox%3D%270%200%20451%20331%27%3E%3Crect%20width%3D%27451%27%20height%3D%27331%27%20fill-opacity%3D%220%22%2F%3E%3C%2Fsvg%3E\" data-orig-src=\"http:\/\/www.fox-foodprocessinginabox.eu\/wp-content\/uploads\/2020\/10\/FOX_Flyer_Box_1.png\" alt=\"\" width=\"451\" height=\"331\" \/><\/p>\n<p><a href=\"https:\/\/www.fox-foodprocessinginabox.eu\/wp-content\/uploads\/2022\/03\/FOX_Leaflet_01032022.pdf\" target=\"_blank\" rel=\"noopener noreferrer\">Pobierz ulotk\u0119 FOX tutaj<\/a><\/p>\n<\/div><\/div><\/div><style type=\"text\/css\">.fusion-accordian  #accordion-2404-1 .panel-caf0b3646e2e50c6f .panel-title a{}.fusion-accordian  #accordion-2404-1 .panel-caf0b3646e2e50c6f .toggle-content{}<\/style><div class=\"fusion-panel panel-default panel-caf0b3646e2e50c6f\"><div class=\"panel-heading\"><h4 class=\"panel-title toggle\" id=\"toggle_caf0b3646e2e50c6f\"><a aria-expanded=\"false\" aria-controls=\"caf0b3646e2e50c6f\" role=\"button\" data-toggle=\"collapse\" data-parent=\"#accordion-2404-1\" data-target=\"#caf0b3646e2e50c6f\" href=\"#caf0b3646e2e50c6f\"><span class=\"fusion-toggle-icon-wrapper\" aria-hidden=\"true\"><i class=\"fa-fusion-box active-icon awb-icon-minus\" aria-hidden=\"true\"><\/i><i class=\"fa-fusion-box inactive-icon awb-icon-plus\" aria-hidden=\"true\"><\/i><\/span><span class=\"fusion-toggle-heading\">BROSZURA<\/span><\/a><\/h4><\/div><div id=\"caf0b3646e2e50c6f\" class=\"panel-collapse collapse \" araia-labelledby=\"toggle_caf0b3646e2e50c6f\"><div class=\"panel-body toggle-content fusion-clearfix\">\n<ul>\n<li>\n<p class=\"title-heading-left fusion-responsive-typography-calculated\" data-fontsize=\"34\" data-lineheight=\"47.6px\"><a href=\"https:\/\/www.fox-foodprocessinginabox.eu\/wp-content\/uploads\/2019\/11\/50-trends-influencing-Europes-food-sector.pdf\" target=\"_blank\" rel=\"noopener noreferrer\">50 trends influencing Europe\u2019s food sector by 2035 &#8211; by Fraunhofer<\/a><\/p>\n<\/li>\n<li><a href=\"https:\/\/www.isi.fraunhofer.de\/content\/dam\/isi\/dokumente\/ccv\/2020\/Fox_Scenario_Brochure.pdf\" target=\"_blank\" rel=\"noopener noreferrer\">FOX Scenario Brochure 2020 &#8211; by Fraunhofer<\/a><\/li>\n<\/ul>\n<\/div><\/div><\/div><style type=\"text\/css\">.fusion-accordian  #accordion-2404-1 .panel-a1edd4e266158606b .panel-title a{}.fusion-accordian  #accordion-2404-1 .panel-a1edd4e266158606b .toggle-content{}<\/style><div class=\"fusion-panel panel-default panel-a1edd4e266158606b\"><div class=\"panel-heading\"><h4 class=\"panel-title toggle\" id=\"toggle_a1edd4e266158606b\"><a aria-expanded=\"false\" aria-controls=\"a1edd4e266158606b\" role=\"button\" data-toggle=\"collapse\" data-parent=\"#accordion-2404-1\" data-target=\"#a1edd4e266158606b\" href=\"#a1edd4e266158606b\"><span class=\"fusion-toggle-icon-wrapper\" aria-hidden=\"true\"><i class=\"fa-fusion-box active-icon awb-icon-minus\" aria-hidden=\"true\"><\/i><i class=\"fa-fusion-box inactive-icon awb-icon-plus\" aria-hidden=\"true\"><\/i><\/span><span class=\"fusion-toggle-heading\">INFOGRAPHIC<\/span><\/a><\/h4><\/div><div id=\"a1edd4e266158606b\" class=\"panel-collapse collapse \" araia-labelledby=\"toggle_a1edd4e266158606b\"><div class=\"panel-body toggle-content fusion-clearfix\">\n<p><img decoding=\"async\" class=\"lazyload alignnone wp-image-7080 size-full\" src=\"data:image\/svg+xml,%3Csvg%20xmlns%3D%27http%3A%2F%2Fwww.w3.org%2F2000%2Fsvg%27%20width%3D%275000%27%20height%3D%272813%27%20viewBox%3D%270%200%205000%202813%27%3E%3Crect%20width%3D%275000%27%20height%3D%272813%27%20fill-opacity%3D%220%22%2F%3E%3C%2Fsvg%3E\" data-orig-src=\"http:\/\/www.fox-foodprocessinginabox.eu\/wp-content\/uploads\/2021\/04\/1-final-PL-300dpi.jpg\" alt=\"\" width=\"5000\" height=\"2813\" \/><\/p>\n<h2 style=\"text-align: center;\"><span style=\"text-decoration: underline;\"><a href=\"http:\/\/www.fox-foodprocessinginabox.eu\/wp-content\/uploads\/2021\/04\/1-final-PL-300dpi.pdf\" target=\"_blank\" rel=\"noopener noreferrer\">Pobierz infografik\u0119 o Cykl \u017cywno\u015bciowy 1<\/a><\/span><img decoding=\"async\" class=\"lazyload alignnone size-full wp-image-8127\" style=\"font-size: 16px;\" src=\"data:image\/svg+xml,%3Csvg%20xmlns%3D%27http%3A%2F%2Fwww.w3.org%2F2000%2Fsvg%27%20width%3D%275000%27%20height%3D%272708%27%20viewBox%3D%270%200%205000%202708%27%3E%3Crect%20width%3D%275000%27%20height%3D%272708%27%20fill-opacity%3D%220%22%2F%3E%3C%2Fsvg%3E\" data-orig-src=\"http:\/\/www.fox-foodprocessinginabox.eu\/wp-content\/uploads\/2021\/06\/FC2-final-PL-300dpi.jpg\" alt=\"\" width=\"5000\" height=\"2708\" \/><\/h2>\n<h2 style=\"text-align: center;\"><span style=\"text-decoration: underline;\"><a href=\"http:\/\/www.fox-foodprocessinginabox.eu\/wp-content\/uploads\/2021\/06\/FC2-final-PL-300dpi.pdf\" target=\"_blank\" rel=\"noopener noreferrer\">Pobierz infografik\u0119 o Cykl \u017cywno\u015bciowy 2<\/a><\/span><\/h2>\n<p><a href=\"http:\/\/www.fox-foodprocessinginabox.eu\/wp-content\/uploads\/2021\/10\/FC3-PL.jpg\"><img decoding=\"async\" class=\"lazyload alignnone size-full wp-image-9135\" src=\"data:image\/svg+xml,%3Csvg%20xmlns%3D%27http%3A%2F%2Fwww.w3.org%2F2000%2Fsvg%27%20width%3D%275000%27%20height%3D%272708%27%20viewBox%3D%270%200%205000%202708%27%3E%3Crect%20width%3D%275000%27%20height%3D%272708%27%20fill-opacity%3D%220%22%2F%3E%3C%2Fsvg%3E\" data-orig-src=\"http:\/\/www.fox-foodprocessinginabox.eu\/wp-content\/uploads\/2021\/10\/FC3-PL.jpg\" alt=\"\" width=\"5000\" height=\"2708\" \/><\/a><\/p>\n<h2 style=\"text-align: center;\"><span style=\"text-decoration: underline;\"><a href=\"http:\/\/www.fox-foodprocessinginabox.eu\/wp-content\/uploads\/2021\/10\/FC3-PL.pdf\" target=\"_blank\" rel=\"noopener noreferrer\">Pobierz infografik\u0119 o Cykl \u017cywno\u015bciowy 3<\/a><\/span><\/h2>\n<p><img decoding=\"async\" class=\"lazyload alignnone size-full wp-image-8890\" src=\"data:image\/svg+xml,%3Csvg%20xmlns%3D%27http%3A%2F%2Fwww.w3.org%2F2000%2Fsvg%27%20width%3D%275000%27%20height%3D%272708%27%20viewBox%3D%270%200%205000%202708%27%3E%3Crect%20width%3D%275000%27%20height%3D%272708%27%20fill-opacity%3D%220%22%2F%3E%3C%2Fsvg%3E\" data-orig-src=\"http:\/\/www.fox-foodprocessinginabox.eu\/wp-content\/uploads\/2021\/09\/FC4-PL.jpg\" alt=\"\" width=\"5000\" height=\"2708\" \/><\/p>\n<h2 style=\"text-align: center;\"><span style=\"text-decoration: underline;\"><a href=\"http:\/\/www.fox-foodprocessinginabox.eu\/wp-content\/uploads\/2021\/09\/FC4-PL.pdf\" target=\"_blank\" rel=\"noopener noreferrer\">Pobierz infografik\u0119 o Cykl \u017cywno\u015bciowy 4<\/a><\/span><\/h2>\n<p><img decoding=\"async\" class=\"lazyload alignnone size-full wp-image-5016\" src=\"data:image\/svg+xml,%3Csvg%20xmlns%3D%27http%3A%2F%2Fwww.w3.org%2F2000%2Fsvg%27%20width%3D%271200%27%20height%3D%27601%27%20viewBox%3D%270%200%201200%20601%27%3E%3Crect%20width%3D%271200%27%20height%3D%27601%27%20fill-opacity%3D%220%22%2F%3E%3C%2Fsvg%3E\" data-orig-src=\"http:\/\/www.fox-foodprocessinginabox.eu\/wp-content\/uploads\/2020\/07\/FOX_PEF_EUFIC.png\" alt=\"\" width=\"1200\" height=\"601\" \/><\/p>\n<\/div><\/div><\/div><style type=\"text\/css\">.fusion-accordian  #accordion-2404-1 .panel-5fc59d1c7dd78f340 .panel-title a{}.fusion-accordian  #accordion-2404-1 .panel-5fc59d1c7dd78f340 .toggle-content{}<\/style><div class=\"fusion-panel panel-default panel-5fc59d1c7dd78f340\"><div class=\"panel-heading\"><h4 class=\"panel-title toggle\" id=\"toggle_5fc59d1c7dd78f340\"><a aria-expanded=\"false\" aria-controls=\"5fc59d1c7dd78f340\" role=\"button\" data-toggle=\"collapse\" data-parent=\"#accordion-2404-1\" data-target=\"#5fc59d1c7dd78f340\" href=\"#5fc59d1c7dd78f340\"><span class=\"fusion-toggle-icon-wrapper\" aria-hidden=\"true\"><i class=\"fa-fusion-box active-icon awb-icon-minus\" aria-hidden=\"true\"><\/i><i class=\"fa-fusion-box inactive-icon awb-icon-plus\" aria-hidden=\"true\"><\/i><\/span><span class=\"fusion-toggle-heading\">FOXLINK APP<\/span><\/a><\/h4><\/div><div id=\"5fc59d1c7dd78f340\" class=\"panel-collapse collapse \" araia-labelledby=\"toggle_5fc59d1c7dd78f340\"><div class=\"panel-body toggle-content fusion-clearfix\">\n<p id=\"E1566\"><span id=\"E1567\" class=\"qowt-font6-TimesNewRoman\">Aplikacja FOXLINK b\u0119dzie s\u0142u\u017cy\u0107 jako platforma komunikacyjna mi\u0119dzy konsumentami oraz mi\u0119dzy konsumentami a dostawcami. Aplikacja b\u0119dzie mia\u0142a zindywidualizowane profile i b\u0119dzie dostarcza\u0107 informacji na temat technologii produkcji, wp\u0142ywu na zdrowie, \u015brodowisko i \u017cycie na wsi zwi\u0105zanych z cyklem \u017cywno\u015bciowym.<\/span><\/p>\n<p id=\"E1568\"><span id=\"E1569\" class=\"qowt-font6-TimesNewRoman\">Aplikacja b\u0119dzie dost\u0119pna na smartfony i tablety oraz b\u0119dzie powi\u0105zana z innymi kana\u0142ami komunikacji, takimi jak Facebook i Twitter. Ostateczna aplikacja b\u0119dzie dost\u0119pna we <\/span><span id=\"E1570\" class=\"qowt-font6-TimesNewRoman\">wszystkich j\u0119zykach sze\u015bciu region\u00f3w cyklu \u017cywno\u015bciowego (czeski, holenderski, francuski, niemiecki, polski, hiszpa\u0144ski).<\/span><\/p>\n<p id=\"E1572\"><span style=\"text-decoration: underline;\"><a href=\"https:\/\/foxlink.app\/\">Pobierz aplikacj\u0119 ju\u017c teraz.<\/a><\/span><\/p>\n<\/div><\/div><\/div><style type=\"text\/css\">.fusion-accordian  #accordion-2404-1 .panel-bb6775bf5a11e0602 .panel-title a{}.fusion-accordian  #accordion-2404-1 .panel-bb6775bf5a11e0602 .toggle-content{}<\/style><div class=\"fusion-panel panel-default panel-bb6775bf5a11e0602\"><div class=\"panel-heading\"><h4 class=\"panel-title toggle\" id=\"toggle_bb6775bf5a11e0602\"><a aria-expanded=\"false\" aria-controls=\"bb6775bf5a11e0602\" role=\"button\" data-toggle=\"collapse\" data-parent=\"#accordion-2404-1\" data-target=\"#bb6775bf5a11e0602\" href=\"#bb6775bf5a11e0602\"><span class=\"fusion-toggle-icon-wrapper\" aria-hidden=\"true\"><i class=\"fa-fusion-box active-icon awb-icon-minus\" aria-hidden=\"true\"><\/i><i class=\"fa-fusion-box inactive-icon awb-icon-plus\" aria-hidden=\"true\"><\/i><\/span><span class=\"fusion-toggle-heading\">Skrzynka narz\u0119dziowa FOXCOMM<\/span><\/a><\/h4><\/div><div id=\"bb6775bf5a11e0602\" class=\"panel-collapse collapse \" araia-labelledby=\"toggle_bb6775bf5a11e0602\"><div class=\"panel-body toggle-content fusion-clearfix\">\n<p id=\"E1595\"><span id=\"E1596\" class=\"qowt-font11-PTSans\">Zestaw narz\u0119dzi FOXCOMM zapewni ka\u017cdemu regionowi partnerskiemu FOX mo\u017cliwo\u015b\u0107 maksymalnego rozpowszechnienia wynik\u00f3w projektu.<\/span><\/p>\n<p id=\"E1597\"><span id=\"E1598\" class=\"qowt-font11-PTSans\">Wi\u0119cej informacji ju\u017c wkr\u00f3tce.<\/span><\/p>\n<\/div><\/div><\/div><style type=\"text\/css\">.fusion-accordian  #accordion-2404-1 .panel-8003b5522b7d06e2f .panel-title a{}.fusion-accordian  #accordion-2404-1 .panel-8003b5522b7d06e2f .toggle-content{}<\/style><div class=\"fusion-panel panel-default panel-8003b5522b7d06e2f\"><div class=\"panel-heading\"><h4 class=\"panel-title toggle\" id=\"toggle_8003b5522b7d06e2f\"><a aria-expanded=\"false\" aria-controls=\"8003b5522b7d06e2f\" role=\"button\" data-toggle=\"collapse\" data-parent=\"#accordion-2404-1\" data-target=\"#8003b5522b7d06e2f\" href=\"#8003b5522b7d06e2f\"><span class=\"fusion-toggle-icon-wrapper\" aria-hidden=\"true\"><i class=\"fa-fusion-box active-icon awb-icon-minus\" aria-hidden=\"true\"><\/i><i class=\"fa-fusion-box inactive-icon awb-icon-plus\" aria-hidden=\"true\"><\/i><\/span><span class=\"fusion-toggle-heading\">FILMY<\/span><\/a><\/h4><\/div><div id=\"8003b5522b7d06e2f\" class=\"panel-collapse collapse \" araia-labelledby=\"toggle_8003b5522b7d06e2f\"><div class=\"panel-body toggle-content fusion-clearfix\">\n<p class=\"title style-scope ytd-video-primary-info-renderer\">Dried fruit and vegetable snacks &#8211; Low-temperature drying methods at SGGW<\/p>\n<p><iframe title=\"YouTube video player\" src=\"https:\/\/www.youtube.com\/embed\/dHb1OgEN1QQ\" width=\"560\" height=\"315\" frameborder=\"0\" allowfullscreen=\"allowfullscreen\"><\/iframe><\/p>\n<p class=\"entry-title fusion-responsive-typography-calculated\" data-fontsize=\"18\" data-lineheight=\"normal\">Food Circle 3 virtual container unit<\/p>\n<p><iframe title=\"YouTube video player\" src=\"https:\/\/www.youtube.com\/embed\/DmgCApXSpHk\" width=\"560\" height=\"315\" frameborder=\"0\" allowfullscreen=\"allowfullscreen\"><\/iframe><\/p>\n<p class=\"title style-scope ytd-video-primary-info-renderer\">Behind the scenes of FOX partner KOB<\/p>\n<p><iframe title=\"YouTube video player\" src=\"https:\/\/www.youtube.com\/embed\/xj6pYt0rCgs\" width=\"560\" height=\"315\" frameborder=\"0\" allowfullscreen=\"allowfullscreen\"><\/iframe><\/p>\n<p class=\"title style-scope ytd-video-primary-info-renderer\">Future scenarios and LCA in the food and agricultural sector &#8211; FOX at the LCA event<\/p>\n<p class=\"title style-scope ytd-video-primary-info-renderer\"><iframe title=\"YouTube video player\" src=\"https:\/\/www.youtube.com\/embed\/dmx3wVUeGP8\" width=\"560\" height=\"315\" frameborder=\"0\" allowfullscreen=\"allowfullscreen\"><\/iframe><\/p>\n<\/div><\/div><\/div><\/div><\/div><div class=\"fusion-clearfix\"><\/div><\/div><\/div><\/div><\/div>\n","protected":false},"excerpt":{"rendered":"","protected":false},"author":1,"featured_media":0,"parent":2388,"menu_order":0,"comment_status":"closed","ping_status":"closed","template":"","meta":{"footnotes":""},"class_list":["post-2404","page","type-page","status-publish","hentry"],"yoast_head":"<!-- This site is optimized with the Yoast SEO plugin v26.4 - https:\/\/yoast.com\/wordpress\/plugins\/seo\/ -->\n<title>Zasoby - FOX<\/title>\n<meta name=\"robots\" content=\"index, follow, max-snippet:-1, max-image-preview:large, max-video-preview:-1\" \/>\n<link rel=\"canonical\" href=\"https:\/\/www.fox-foodprocessinginabox.eu\/pl\/badania\/zasoby\/\" \/>\n<meta property=\"og:locale\" content=\"pl_PL\" \/>\n<meta property=\"og:type\" content=\"article\" \/>\n<meta property=\"og:title\" content=\"Zasoby - FOX\" \/>\n<meta property=\"og:url\" content=\"https:\/\/www.fox-foodprocessinginabox.eu\/pl\/badania\/zasoby\/\" \/>\n<meta property=\"og:site_name\" content=\"FOX\" \/>\n<meta property=\"article:modified_time\" content=\"2022-04-26T13:41:41+00:00\" \/>\n<meta property=\"og:image\" content=\"http:\/\/www.fox-foodprocessinginabox.eu\/wp-content\/uploads\/2020\/10\/FOX_Flyer_Box_1.png\" \/>\n<meta name=\"twitter:card\" content=\"summary_large_image\" \/>\n<meta name=\"twitter:label1\" content=\"Szacowany czas czytania\" \/>\n\t<meta name=\"twitter:data1\" content=\"3 minuty\" \/>\n<script type=\"application\/ld+json\" class=\"yoast-schema-graph\">{\"@context\":\"https:\/\/schema.org\",\"@graph\":[{\"@type\":\"WebPage\",\"@id\":\"https:\/\/www.fox-foodprocessinginabox.eu\/pl\/badania\/zasoby\/\",\"url\":\"https:\/\/www.fox-foodprocessinginabox.eu\/pl\/badania\/zasoby\/\",\"name\":\"Zasoby - FOX\",\"isPartOf\":{\"@id\":\"https:\/\/www.fox-foodprocessinginabox.eu\/cs\/#website\"},\"primaryImageOfPage\":{\"@id\":\"https:\/\/www.fox-foodprocessinginabox.eu\/pl\/badania\/zasoby\/#primaryimage\"},\"image\":{\"@id\":\"https:\/\/www.fox-foodprocessinginabox.eu\/pl\/badania\/zasoby\/#primaryimage\"},\"thumbnailUrl\":\"http:\/\/www.fox-foodprocessinginabox.eu\/wp-content\/uploads\/2020\/10\/FOX_Flyer_Box_1.png\",\"datePublished\":\"2019-12-27T08:41:01+00:00\",\"dateModified\":\"2022-04-26T13:41:41+00:00\",\"breadcrumb\":{\"@id\":\"https:\/\/www.fox-foodprocessinginabox.eu\/pl\/badania\/zasoby\/#breadcrumb\"},\"inLanguage\":\"pl-PL\",\"potentialAction\":[{\"@type\":\"ReadAction\",\"target\":[\"https:\/\/www.fox-foodprocessinginabox.eu\/pl\/badania\/zasoby\/\"]}]},{\"@type\":\"ImageObject\",\"inLanguage\":\"pl-PL\",\"@id\":\"https:\/\/www.fox-foodprocessinginabox.eu\/pl\/badania\/zasoby\/#primaryimage\",\"url\":\"http:\/\/www.fox-foodprocessinginabox.eu\/wp-content\/uploads\/2020\/10\/FOX_Flyer_Box_1.png\",\"contentUrl\":\"http:\/\/www.fox-foodprocessinginabox.eu\/wp-content\/uploads\/2020\/10\/FOX_Flyer_Box_1.png\"},{\"@type\":\"BreadcrumbList\",\"@id\":\"https:\/\/www.fox-foodprocessinginabox.eu\/pl\/badania\/zasoby\/#breadcrumb\",\"itemListElement\":[{\"@type\":\"ListItem\",\"position\":1,\"name\":\"Home\",\"item\":\"https:\/\/www.fox-foodprocessinginabox.eu\/pl\/\"},{\"@type\":\"ListItem\",\"position\":2,\"name\":\"Badania\",\"item\":\"https:\/\/www.fox-foodprocessinginabox.eu\/pl\/badania\/\"},{\"@type\":\"ListItem\",\"position\":3,\"name\":\"Zasoby\"}]},{\"@type\":\"WebSite\",\"@id\":\"https:\/\/www.fox-foodprocessinginabox.eu\/cs\/#website\",\"url\":\"https:\/\/www.fox-foodprocessinginabox.eu\/cs\/\",\"name\":\"FOX\",\"description\":\"Food processing in a Box\",\"potentialAction\":[{\"@type\":\"SearchAction\",\"target\":{\"@type\":\"EntryPoint\",\"urlTemplate\":\"https:\/\/www.fox-foodprocessinginabox.eu\/cs\/?s={search_term_string}\"},\"query-input\":{\"@type\":\"PropertyValueSpecification\",\"valueRequired\":true,\"valueName\":\"search_term_string\"}}],\"inLanguage\":\"pl-PL\"}]}<\/script>\n<!-- \/ Yoast SEO plugin. -->","yoast_head_json":{"title":"Zasoby - FOX","robots":{"index":"index","follow":"follow","max-snippet":"max-snippet:-1","max-image-preview":"max-image-preview:large","max-video-preview":"max-video-preview:-1"},"canonical":"https:\/\/www.fox-foodprocessinginabox.eu\/pl\/badania\/zasoby\/","og_locale":"pl_PL","og_type":"article","og_title":"Zasoby - FOX","og_url":"https:\/\/www.fox-foodprocessinginabox.eu\/pl\/badania\/zasoby\/","og_site_name":"FOX","article_modified_time":"2022-04-26T13:41:41+00:00","og_image":[{"url":"http:\/\/www.fox-foodprocessinginabox.eu\/wp-content\/uploads\/2020\/10\/FOX_Flyer_Box_1.png","type":"","width":"","height":""}],"twitter_card":"summary_large_image","twitter_misc":{"Szacowany czas czytania":"3 minuty"},"schema":{"@context":"https:\/\/schema.org","@graph":[{"@type":"WebPage","@id":"https:\/\/www.fox-foodprocessinginabox.eu\/pl\/badania\/zasoby\/","url":"https:\/\/www.fox-foodprocessinginabox.eu\/pl\/badania\/zasoby\/","name":"Zasoby - FOX","isPartOf":{"@id":"https:\/\/www.fox-foodprocessinginabox.eu\/cs\/#website"},"primaryImageOfPage":{"@id":"https:\/\/www.fox-foodprocessinginabox.eu\/pl\/badania\/zasoby\/#primaryimage"},"image":{"@id":"https:\/\/www.fox-foodprocessinginabox.eu\/pl\/badania\/zasoby\/#primaryimage"},"thumbnailUrl":"http:\/\/www.fox-foodprocessinginabox.eu\/wp-content\/uploads\/2020\/10\/FOX_Flyer_Box_1.png","datePublished":"2019-12-27T08:41:01+00:00","dateModified":"2022-04-26T13:41:41+00:00","breadcrumb":{"@id":"https:\/\/www.fox-foodprocessinginabox.eu\/pl\/badania\/zasoby\/#breadcrumb"},"inLanguage":"pl-PL","potentialAction":[{"@type":"ReadAction","target":["https:\/\/www.fox-foodprocessinginabox.eu\/pl\/badania\/zasoby\/"]}]},{"@type":"ImageObject","inLanguage":"pl-PL","@id":"https:\/\/www.fox-foodprocessinginabox.eu\/pl\/badania\/zasoby\/#primaryimage","url":"http:\/\/www.fox-foodprocessinginabox.eu\/wp-content\/uploads\/2020\/10\/FOX_Flyer_Box_1.png","contentUrl":"http:\/\/www.fox-foodprocessinginabox.eu\/wp-content\/uploads\/2020\/10\/FOX_Flyer_Box_1.png"},{"@type":"BreadcrumbList","@id":"https:\/\/www.fox-foodprocessinginabox.eu\/pl\/badania\/zasoby\/#breadcrumb","itemListElement":[{"@type":"ListItem","position":1,"name":"Home","item":"https:\/\/www.fox-foodprocessinginabox.eu\/pl\/"},{"@type":"ListItem","position":2,"name":"Badania","item":"https:\/\/www.fox-foodprocessinginabox.eu\/pl\/badania\/"},{"@type":"ListItem","position":3,"name":"Zasoby"}]},{"@type":"WebSite","@id":"https:\/\/www.fox-foodprocessinginabox.eu\/cs\/#website","url":"https:\/\/www.fox-foodprocessinginabox.eu\/cs\/","name":"FOX","description":"Food processing in a Box","potentialAction":[{"@type":"SearchAction","target":{"@type":"EntryPoint","urlTemplate":"https:\/\/www.fox-foodprocessinginabox.eu\/cs\/?s={search_term_string}"},"query-input":{"@type":"PropertyValueSpecification","valueRequired":true,"valueName":"search_term_string"}}],"inLanguage":"pl-PL"}]}},"_links":{"self":[{"href":"https:\/\/www.fox-foodprocessinginabox.eu\/pl\/wp-json\/wp\/v2\/pages\/2404","targetHints":{"allow":["GET"]}}],"collection":[{"href":"https:\/\/www.fox-foodprocessinginabox.eu\/pl\/wp-json\/wp\/v2\/pages"}],"about":[{"href":"https:\/\/www.fox-foodprocessinginabox.eu\/pl\/wp-json\/wp\/v2\/types\/page"}],"author":[{"embeddable":true,"href":"https:\/\/www.fox-foodprocessinginabox.eu\/pl\/wp-json\/wp\/v2\/users\/1"}],"replies":[{"embeddable":true,"href":"https:\/\/www.fox-foodprocessinginabox.eu\/pl\/wp-json\/wp\/v2\/comments?post=2404"}],"version-history":[{"count":16,"href":"https:\/\/www.fox-foodprocessinginabox.eu\/pl\/wp-json\/wp\/v2\/pages\/2404\/revisions"}],"predecessor-version":[{"id":11588,"href":"https:\/\/www.fox-foodprocessinginabox.eu\/pl\/wp-json\/wp\/v2\/pages\/2404\/revisions\/11588"}],"up":[{"embeddable":true,"href":"https:\/\/www.fox-foodprocessinginabox.eu\/pl\/wp-json\/wp\/v2\/pages\/2388"}],"wp:attachment":[{"href":"https:\/\/www.fox-foodprocessinginabox.eu\/pl\/wp-json\/wp\/v2\/media?parent=2404"}],"curies":[{"name":"wp","href":"https:\/\/api.w.org\/{rel}","templated":true}]}}