{"id":2958,"date":"2020-01-21T17:19:10","date_gmt":"2020-01-21T16:19:10","guid":{"rendered":"http:\/\/www.fox-foodprocessinginabox.eu\/?page_id=2958"},"modified":"2020-01-21T17:19:10","modified_gmt":"2020-01-21T16:19:10","slug":"oswiadczenie-o-ochronie-prywatnosci","status":"publish","type":"page","link":"https:\/\/www.fox-foodprocessinginabox.eu\/pl\/oswiadczenie-o-ochronie-prywatnosci\/","title":{"rendered":"O\u015bwiadczenie o ochronie prywatno\u015bci"},"content":{"rendered":"<div class=\"fusion-fullwidth fullwidth-box fusion-builder-row-1 nonhundred-percent-fullwidth non-hundred-percent-height-scrolling\" style=\"background-color: rgba(255,255,255,0);background-position: center center;background-repeat: no-repeat;padding-top:0px;padding-right:0px;padding-bottom:0px;padding-left:0px;margin-bottom: 0px;margin-top: 0px;border-width: 0px 0px 0px 0px;border-color:#eae9e9;border-style:solid;\" ><div class=\"fusion-builder-row fusion-row\"><div class=\"fusion-layout-column fusion_builder_column fusion-builder-column-0 fusion_builder_column_1_1 1_1 fusion-one-full fusion-column-first fusion-column-last\" style=\"margin-top:0px;margin-bottom:20px;\"><div class=\"fusion-column-wrapper fusion-flex-column-wrapper-legacy\" style=\"background-position:left top;background-repeat:no-repeat;-webkit-background-size:cover;-moz-background-size:cover;-o-background-size:cover;background-size:cover;padding: 0px 0px 0px 0px;\"><div class=\"fusion-text fusion-text-1\"><h1>O\u015bwiadczenie o ochronie prywatno\u015bci<\/h1>\n<h2>\u00a0Fox &#8211; Przetwarzanie \u017cywno\u015bci w pude\u0142ku<\/h2>\n<ol>\n<li><strong> Jakie rodzaje danych osobowych b\u0119d\u0105 gromadzone?<\/strong><\/li>\n<\/ol>\n<p>Rodzaje danych, w tym dane osobowe, kt\u00f3re mog\u0105 by\u0107 przetwarzane, s\u0105 nast\u0119puj\u0105ce:<\/p>\n<ul>\n<li>imi\u0119 i nazwisko osoby,<\/li>\n<li>nazwa organizacji,<\/li>\n<li>nazwa u\u017cytkownika i has\u0142o,<\/li>\n<li>adres e-mail,<\/li>\n<li>p\u0142e\u0107,<\/li>\n<li>posty na Twitterze, opinie, komentarze, zdj\u0119cia, filmy<\/li>\n<li>Adres IP, dane przegl\u0105darki, informacje o urz\u0105dzeniu<\/li>\n<\/ul>\n<ol start=\"2\">\n<li><strong> Do jakich cel\u00f3w b\u0119d\u0105 wykorzystywane dane osobowe?<\/strong><\/li>\n<\/ol>\n<p>Gromadzenie, a nast\u0119pnie przetwarzanie danych osobowych jest niezb\u0119dne do nast\u0119puj\u0105cych cel\u00f3w:<\/p>\n<ul>\n<li>w celu aktualizacji tre\u015bci na stronie internetowej FOX i\/lub platformach spo\u0142eczno\u015bciowych FOX<\/li>\n<li>w celu wys\u0142ania naszego biuletynu<\/li>\n<li>w celu wys\u0142ania okre\u015blonych informacji zwi\u0105zanych z cz\u0142onkostwem w IG-SSFP<\/li>\n<li>w celu umo\u017cliwienia interakcji na stronie internetowej (np. komentarze, funkcja udost\u0119pniania)<\/li>\n<li>w celu \u0142atwej komunikacji z Tob\u0105<\/li>\n<\/ul>\n<ol start=\"3\">\n<li><strong> Jaka jest prawna podstawa przetwarzania?<\/strong><\/li>\n<\/ol>\n<p>Osoby, kt\u00f3rych dane dotycz\u0105, proszone s\u0105 o podanie swoich danych osobowych za po\u015brednictwem formularza online.<\/p>\n<p>Podstaw\u0119 prawn\u0105 niniejszej operacji przetwarzania stanowi zgoda.<\/p>\n<p>Mo\u017cesz wycofa\u0107 swoj\u0105 zgod\u0119 w dowolnym momencie pisz\u0105c na nast\u0119puj\u0105cy adres: <u>info@fox-foodprocessinginabox.eu<\/u><\/p>\n<ol start=\"4\">\n<li><strong> Kto jest odpowiedzialny za przetwarzanie danych?<\/strong><\/li>\n<\/ol>\n<p>Administratorem niniejszej operacji przetwarzania jest koordynator projektu FOX \u201eDIL Deutsches Institut f\u00fcr Lebensmitteltechnik e.V.\u201d.<\/p>\n<ol start=\"5\">\n<li><strong> Kim s\u0105 odbiorcy danych osobowych?<\/strong><\/li>\n<\/ol>\n<p>Dane osobowe b\u0119d\u0105 przetwarzane wy\u0142\u0105cznie przez partnera projektu \u201eEUFIC\u201d, pe\u0142ni\u0105cego rol\u0119 Procesora danych.<\/p>\n<ol start=\"6\">\n<li><strong> Interakcje w mediach spo\u0142eczno\u015bciowych<\/strong><\/li>\n<\/ol>\n<p>Strona internetowa FOX integruje interakcje z mediami spo\u0142eczno\u015bciowymi, umo\u017cliwiaj\u0105c udost\u0119pnianie tre\u015bci FOX na platformach medi\u00f3w spo\u0142eczno\u015bciowych i innych powi\u0105zanych dzia\u0142a\u0144. Korzystaj\u0105c z tych interakcji, Twoje dane osobowe mog\u0105 by\u0107 udost\u0119pniane szerokiemu gronu odbiorc\u00f3w, w tym w niekt\u00f3rych przypadkach osobom, kt\u00f3re nie s\u0105 zalogowane w wybranych mediach spo\u0142eczno\u015bciowych.<\/p>\n<p>Do odpowiednich przepis\u00f3w dotycz\u0105cych ochrony danych w mediach spo\u0142eczno\u015bciowych zintegrowanych ze stron\u0105 FOX mo\u017cna uzyska\u0107 dost\u0119p pod nast\u0119puj\u0105cymi linkami:<\/p>\n<ul>\n<li><a href=\"https:\/\/www.facebook.com\/about\/privacy\/;\">Facebook<\/a><\/li>\n<li><a href=\"https:\/\/help.instagram.com\/519522125107875\">Instagram<\/a><\/li>\n<li><a href=\"https:\/\/twitter.com\/privacy?lang=en;\">Twitter<\/a><\/li>\n<li><a href=\"https:\/\/www.linkedin.com\/legal\/privacy-policy;\">LinkedIn<\/a><\/li>\n<li><a href=\"https:\/\/www.reddit.com\/\">Reddit<\/a><\/li>\n<li><a href=\"https:\/\/policies.google.com\/privacy?hl=en\">Google +<\/a><\/li>\n<li><a href=\"https:\/\/www.tumblr.com\/privacy\">Tumblr<\/a><\/li>\n<li><a href=\"https:\/\/policy.pinterest.com\/en\/privacy-policy\">Pinterest<\/a><\/li>\n<li><a href=\"https:\/\/vk.com\/privacy\">VK<\/a><\/li>\n<li><a href=\"https:\/\/www.whatsapp.com\/legal\/\">WhatsApp<\/a><\/li>\n<\/ul>\n<ol start=\"7\">\n<li><strong> Czy dane osobowe b\u0119d\u0105 przekazywane do kraj\u00f3w spoza Europejskiego Obszaru Gospodarczego bez odpowiedniego poziomu ochrony danych?<\/strong><\/li>\n<\/ol>\n<p>Gromadzenie i przetwarzanie danych osobowych odbywa si\u0119 za po\u015brednictwem platformy \u201eMailChimp\u201d dostarczanej przez ameryka\u0144sk\u0105 firm\u0119 Rocket Science Group LLC. Odpowiednie zabezpieczenia zosta\u0142y przyj\u0119te zgodnie z wymogami prawa (SCC, Privacy Shield).<\/p>\n<ol start=\"8\">\n<li><strong> Jak d\u0142ugo b\u0119d\u0105 przechowywane dane osobowe?<\/strong><\/li>\n<\/ol>\n<p>Wszystkie dane zostan\u0105 usuni\u0119te na koniec okresu projektu FOX (listopad 2023 r.)<\/p>\n<ol start=\"9\">\n<li><strong> Jak b\u0119d\u0105 chronione dane osobowe?<\/strong><\/li>\n<\/ol>\n<p>Informacje s\u0105 przechowywane na serwerze chronionym has\u0142em. Tylko upowa\u017cnione osoby mog\u0105 uzyska\u0107 dost\u0119p do informacji.<\/p>\n<ol start=\"10\">\n<li><strong> Z kim mog\u0119 si\u0119 skontaktowa\u0107, je\u015bli mam pytanie lub skarg\u0119?<\/strong><\/li>\n<\/ol>\n<p><strong>Koordynator projektu: DIL Deutsches Institut f\u00fcr Lebensmitteltechnik e.V.<\/strong><\/p>\n<p><strong>Dr Kerstin Lienemann<\/strong>: <u>K.Lienemann@dil-ev.de<\/u><\/p>\n<p><strong>Partner projektu<\/strong>: EUFIC<\/p>\n<p><strong>Raymond Gemen<\/strong>: <u>raymond.gemen@eufic.org<\/u><\/p>\n<\/div><div class=\"fusion-clearfix\"><\/div><\/div><\/div><\/div><\/div>\n","protected":false},"excerpt":{"rendered":"","protected":false},"author":2,"featured_media":0,"parent":0,"menu_order":0,"comment_status":"closed","ping_status":"closed","template":"","meta":{"footnotes":""},"class_list":["post-2958","page","type-page","status-publish","hentry"],"yoast_head":"<!-- This site is optimized with the Yoast SEO plugin v26.4 - https:\/\/yoast.com\/wordpress\/plugins\/seo\/ -->\n<title>O\u015bwiadczenie o ochronie prywatno\u015bci - FOX<\/title>\n<meta name=\"robots\" content=\"index, follow, max-snippet:-1, max-image-preview:large, max-video-preview:-1\" \/>\n<link rel=\"canonical\" href=\"https:\/\/www.fox-foodprocessinginabox.eu\/pl\/oswiadczenie-o-ochronie-prywatnosci\/\" \/>\n<meta property=\"og:locale\" content=\"pl_PL\" \/>\n<meta property=\"og:type\" content=\"article\" \/>\n<meta property=\"og:title\" content=\"O\u015bwiadczenie o ochronie prywatno\u015bci - FOX\" \/>\n<meta property=\"og:url\" content=\"https:\/\/www.fox-foodprocessinginabox.eu\/pl\/oswiadczenie-o-ochronie-prywatnosci\/\" \/>\n<meta property=\"og:site_name\" content=\"FOX\" \/>\n<meta name=\"twitter:card\" content=\"summary_large_image\" \/>\n<meta name=\"twitter:label1\" content=\"Szacowany czas czytania\" \/>\n\t<meta name=\"twitter:data1\" content=\"4 minuty\" \/>\n<script type=\"application\/ld+json\" class=\"yoast-schema-graph\">{\"@context\":\"https:\/\/schema.org\",\"@graph\":[{\"@type\":\"WebPage\",\"@id\":\"https:\/\/www.fox-foodprocessinginabox.eu\/pl\/oswiadczenie-o-ochronie-prywatnosci\/\",\"url\":\"https:\/\/www.fox-foodprocessinginabox.eu\/pl\/oswiadczenie-o-ochronie-prywatnosci\/\",\"name\":\"O\u015bwiadczenie o ochronie prywatno\u015bci - FOX\",\"isPartOf\":{\"@id\":\"https:\/\/www.fox-foodprocessinginabox.eu\/cs\/#website\"},\"datePublished\":\"2020-01-21T16:19:10+00:00\",\"breadcrumb\":{\"@id\":\"https:\/\/www.fox-foodprocessinginabox.eu\/pl\/oswiadczenie-o-ochronie-prywatnosci\/#breadcrumb\"},\"inLanguage\":\"pl-PL\",\"potentialAction\":[{\"@type\":\"ReadAction\",\"target\":[\"https:\/\/www.fox-foodprocessinginabox.eu\/pl\/oswiadczenie-o-ochronie-prywatnosci\/\"]}]},{\"@type\":\"BreadcrumbList\",\"@id\":\"https:\/\/www.fox-foodprocessinginabox.eu\/pl\/oswiadczenie-o-ochronie-prywatnosci\/#breadcrumb\",\"itemListElement\":[{\"@type\":\"ListItem\",\"position\":1,\"name\":\"Home\",\"item\":\"https:\/\/www.fox-foodprocessinginabox.eu\/pl\/\"},{\"@type\":\"ListItem\",\"position\":2,\"name\":\"O\u015bwiadczenie o ochronie prywatno\u015bci\"}]},{\"@type\":\"WebSite\",\"@id\":\"https:\/\/www.fox-foodprocessinginabox.eu\/cs\/#website\",\"url\":\"https:\/\/www.fox-foodprocessinginabox.eu\/cs\/\",\"name\":\"FOX\",\"description\":\"Food processing in a Box\",\"potentialAction\":[{\"@type\":\"SearchAction\",\"target\":{\"@type\":\"EntryPoint\",\"urlTemplate\":\"https:\/\/www.fox-foodprocessinginabox.eu\/cs\/?s={search_term_string}\"},\"query-input\":{\"@type\":\"PropertyValueSpecification\",\"valueRequired\":true,\"valueName\":\"search_term_string\"}}],\"inLanguage\":\"pl-PL\"}]}<\/script>\n<!-- \/ Yoast SEO plugin. -->","yoast_head_json":{"title":"O\u015bwiadczenie o ochronie prywatno\u015bci - FOX","robots":{"index":"index","follow":"follow","max-snippet":"max-snippet:-1","max-image-preview":"max-image-preview:large","max-video-preview":"max-video-preview:-1"},"canonical":"https:\/\/www.fox-foodprocessinginabox.eu\/pl\/oswiadczenie-o-ochronie-prywatnosci\/","og_locale":"pl_PL","og_type":"article","og_title":"O\u015bwiadczenie o ochronie prywatno\u015bci - FOX","og_url":"https:\/\/www.fox-foodprocessinginabox.eu\/pl\/oswiadczenie-o-ochronie-prywatnosci\/","og_site_name":"FOX","twitter_card":"summary_large_image","twitter_misc":{"Szacowany czas czytania":"4 minuty"},"schema":{"@context":"https:\/\/schema.org","@graph":[{"@type":"WebPage","@id":"https:\/\/www.fox-foodprocessinginabox.eu\/pl\/oswiadczenie-o-ochronie-prywatnosci\/","url":"https:\/\/www.fox-foodprocessinginabox.eu\/pl\/oswiadczenie-o-ochronie-prywatnosci\/","name":"O\u015bwiadczenie o ochronie prywatno\u015bci - FOX","isPartOf":{"@id":"https:\/\/www.fox-foodprocessinginabox.eu\/cs\/#website"},"datePublished":"2020-01-21T16:19:10+00:00","breadcrumb":{"@id":"https:\/\/www.fox-foodprocessinginabox.eu\/pl\/oswiadczenie-o-ochronie-prywatnosci\/#breadcrumb"},"inLanguage":"pl-PL","potentialAction":[{"@type":"ReadAction","target":["https:\/\/www.fox-foodprocessinginabox.eu\/pl\/oswiadczenie-o-ochronie-prywatnosci\/"]}]},{"@type":"BreadcrumbList","@id":"https:\/\/www.fox-foodprocessinginabox.eu\/pl\/oswiadczenie-o-ochronie-prywatnosci\/#breadcrumb","itemListElement":[{"@type":"ListItem","position":1,"name":"Home","item":"https:\/\/www.fox-foodprocessinginabox.eu\/pl\/"},{"@type":"ListItem","position":2,"name":"O\u015bwiadczenie o ochronie prywatno\u015bci"}]},{"@type":"WebSite","@id":"https:\/\/www.fox-foodprocessinginabox.eu\/cs\/#website","url":"https:\/\/www.fox-foodprocessinginabox.eu\/cs\/","name":"FOX","description":"Food processing in a Box","potentialAction":[{"@type":"SearchAction","target":{"@type":"EntryPoint","urlTemplate":"https:\/\/www.fox-foodprocessinginabox.eu\/cs\/?s={search_term_string}"},"query-input":{"@type":"PropertyValueSpecification","valueRequired":true,"valueName":"search_term_string"}}],"inLanguage":"pl-PL"}]}},"_links":{"self":[{"href":"https:\/\/www.fox-foodprocessinginabox.eu\/pl\/wp-json\/wp\/v2\/pages\/2958","targetHints":{"allow":["GET"]}}],"collection":[{"href":"https:\/\/www.fox-foodprocessinginabox.eu\/pl\/wp-json\/wp\/v2\/pages"}],"about":[{"href":"https:\/\/www.fox-foodprocessinginabox.eu\/pl\/wp-json\/wp\/v2\/types\/page"}],"author":[{"embeddable":true,"href":"https:\/\/www.fox-foodprocessinginabox.eu\/pl\/wp-json\/wp\/v2\/users\/2"}],"replies":[{"embeddable":true,"href":"https:\/\/www.fox-foodprocessinginabox.eu\/pl\/wp-json\/wp\/v2\/comments?post=2958"}],"version-history":[{"count":2,"href":"https:\/\/www.fox-foodprocessinginabox.eu\/pl\/wp-json\/wp\/v2\/pages\/2958\/revisions"}],"predecessor-version":[{"id":2960,"href":"https:\/\/www.fox-foodprocessinginabox.eu\/pl\/wp-json\/wp\/v2\/pages\/2958\/revisions\/2960"}],"wp:attachment":[{"href":"https:\/\/www.fox-foodprocessinginabox.eu\/pl\/wp-json\/wp\/v2\/media?parent=2958"}],"curies":[{"name":"wp","href":"https:\/\/api.w.org\/{rel}","templated":true}]}}